{"id":1436,"date":"2015-05-08T11:36:34","date_gmt":"2015-05-08T11:36:34","guid":{"rendered":"http:\/\/www.cataloniaaqua.com\/comprar-spas\/spa-exterior-interior\/aqualife5\/"},"modified":"2023-01-23T17:19:49","modified_gmt":"2023-01-23T16:19:49","slug":"aqualife5","status":"publish","type":"page","link":"https:\/\/www.cataloniaaqua.com\/ca\/comprar-aquavia-spa-cat\/spa-exterior-interior\/aqualife5\/","title":{"rendered":"Aqualife 5"},"content":{"rendered":"<div class=\"wpb-content-wrapper\">[vc_row][vc_column]\n<div class=\"slider-simple shortcode-photo-slider owl-carousel dt-owl-carousel-init photoSlider\" data-width=\"680\" data-height=\"390\" data-autoslide=\"5000\" data-paused=\"false\" style=\"width: 100%\" data-img-mode=\"fill\">\n\t<div class=\"slide-item\">\n\t\t<img loading=\"lazy\" decoding=\"async\" class=\"preload-me aspect\" src=\"https:\/\/www.cataloniaaqua.com\/wp-content\/uploads\/2015\/05\/comprar-spa-aqualife5.jpg\" srcset=\"https:\/\/www.cataloniaaqua.com\/wp-content\/uploads\/2015\/05\/comprar-spa-aqualife5.jpg 870w\" style=\"--ratio: 870 \/ 499\" sizes=\"auto, (max-width: 870px) 100vw, 870px\" width=\"870\" height=\"499\"  alt=\"Comprar spa hidromassatge Aqualife 5\"  \/>\n\t\t<div class=\"slider-post-caption\">\n\t\t\t<div class=\"slider-post-inner\">\n\t\t\t\t<h4>Comprar spa hidromassatge Aqualife 5<\/h4>\n\t\t\t\t<p>Comprar spa hidromassatge Aqualife 5<\/p>\n\n\t\t\t<\/div>\n\t\t<\/div><\/div>\n\t<div class=\"slide-item\">\n\t\t<img loading=\"lazy\" decoding=\"async\" class=\"preload-me aspect\" src=\"https:\/\/www.cataloniaaqua.com\/wp-content\/uploads\/2015\/05\/comprar-spa-aqualife-5.jpg\" srcset=\"https:\/\/www.cataloniaaqua.com\/wp-content\/uploads\/2015\/05\/comprar-spa-aqualife-5.jpg 870w\" style=\"--ratio: 870 \/ 499\" sizes=\"auto, (max-width: 870px) 100vw, 870px\" width=\"870\" height=\"499\"  alt=\"Comprar spa interior o exterior Aqualife 5\"  \/>\n\t\t<div class=\"slider-post-caption\">\n\t\t\t<div class=\"slider-post-inner\">\n\t\t\t\t<h4>Comprar spa interior o exterior Aqualife 5<\/h4>\n\t\t\t\t<p>Comprar spa interior o exterior Aqualife 5<\/p>\n\n\t\t\t<\/div>\n\t\t<\/div><\/div>\n\t<div class=\"slide-item\">\n\t\t<img loading=\"lazy\" decoding=\"async\" class=\"preload-me aspect\" src=\"https:\/\/www.cataloniaaqua.com\/wp-content\/uploads\/2015\/05\/comprar-spa-aqualife5-cataloniaaqua.jpg\" srcset=\"https:\/\/www.cataloniaaqua.com\/wp-content\/uploads\/2015\/05\/comprar-spa-aqualife5-cataloniaaqua.jpg 870w\" style=\"--ratio: 870 \/ 499\" sizes=\"auto, (max-width: 870px) 100vw, 870px\" width=\"870\" height=\"499\"  alt=\"Comprar spa Aqualife 5\"  \/>\n\t\t<div class=\"slider-post-caption\">\n\t\t\t<div class=\"slider-post-inner\">\n\t\t\t\t<h4>Comprar spa Aqualife 5<\/h4>\n\t\t\t\t<p>Comprar spa Aqualife 5<\/p>\n\n\t\t\t<\/div>\n\t\t<\/div><\/div>\n\t<div class=\"slide-item\">\n\t\t<img loading=\"lazy\" decoding=\"async\" class=\"preload-me aspect\" src=\"https:\/\/www.cataloniaaqua.com\/wp-content\/uploads\/2015\/05\/comprar-spa-hidromasaje-aqualife5.jpg\" srcset=\"https:\/\/www.cataloniaaqua.com\/wp-content\/uploads\/2015\/05\/comprar-spa-hidromasaje-aqualife5.jpg 870w\" style=\"--ratio: 870 \/ 499\" sizes=\"auto, (max-width: 870px) 100vw, 870px\" width=\"870\" height=\"499\"  alt=\"Comprar spa interior o exterior Aqualife 5\"  \/>\n\t\t<div class=\"slider-post-caption\">\n\t\t\t<div class=\"slider-post-inner\">\n\t\t\t\t<h4>Comprar spa interior o exterior Aqualife 5<\/h4>\n\t\t\t\t<p>Comprar spa interior o exterior Aqualife 5<\/p>\n\n\t\t\t<\/div>\n\t\t<\/div><\/div>\n\t<div class=\"slide-item\">\n\t\t<img loading=\"lazy\" decoding=\"async\" class=\"preload-me aspect\" src=\"https:\/\/www.cataloniaaqua.com\/wp-content\/uploads\/2015\/05\/comprar-spa-hidromasaje-aqualife-5.jpg\" srcset=\"https:\/\/www.cataloniaaqua.com\/wp-content\/uploads\/2015\/05\/comprar-spa-hidromasaje-aqualife-5.jpg 870w\" style=\"--ratio: 870 \/ 499\" sizes=\"auto, (max-width: 870px) 100vw, 870px\" width=\"870\" height=\"499\"  alt=\"Comprar spa hidromassatge Aqualife 5\"  \/>\n\t\t<div class=\"slider-post-caption\">\n\t\t\t<div class=\"slider-post-inner\">\n\t\t\t\t<h4>Comprar spa hidromassatge Aqualife 5<\/h4>\n\t\t\t\t<p>Comprar spa hidromassatge Aqualife 5<\/p>\n\n\t\t\t<\/div>\n\t\t<\/div><\/div>\n\t<div class=\"slide-item\">\n\t\t<img loading=\"lazy\" decoding=\"async\" class=\"preload-me aspect\" src=\"https:\/\/www.cataloniaaqua.com\/wp-content\/uploads\/2015\/05\/jacuzzi-terraza-aqualife5.jpg\" srcset=\"https:\/\/www.cataloniaaqua.com\/wp-content\/uploads\/2015\/05\/jacuzzi-terraza-aqualife5.jpg 738w\" style=\"--ratio: 738 \/ 334\" sizes=\"auto, (max-width: 738px) 100vw, 738px\" width=\"738\" height=\"334\"  alt=\"\"  \/>\n\t\t<div class=\"slider-post-caption\">\n\t\t\t<div class=\"slider-post-inner\">\n\t\t\t\t<h4>jacuzzi-terraza-aqualife5<\/h4>\n\t\t\t<\/div>\n\t\t<\/div><\/div>\n\t<div class=\"slide-item\">\n\t\t<img loading=\"lazy\" decoding=\"async\" class=\"preload-me aspect\" src=\"https:\/\/www.cataloniaaqua.com\/wp-content\/uploads\/2015\/05\/spa-jacuzzi-exterior-aqualife5.jpg\" srcset=\"https:\/\/www.cataloniaaqua.com\/wp-content\/uploads\/2015\/05\/spa-jacuzzi-exterior-aqualife5.jpg 870w\" style=\"--ratio: 870 \/ 499\" sizes=\"auto, (max-width: 870px) 100vw, 870px\" width=\"870\" height=\"499\"  alt=\"\"  \/>\n\t\t<div class=\"slider-post-caption\">\n\t\t\t<div class=\"slider-post-inner\">\n\t\t\t\t<h4>spa-jacuzzi-exterior-aqualife5<\/h4>\n\t\t\t<\/div>\n\t\t<\/div><\/div>\n\t<div class=\"slide-item\">\n\t\t<img loading=\"lazy\" decoding=\"async\" class=\"preload-me aspect\" src=\"https:\/\/www.cataloniaaqua.com\/wp-content\/uploads\/2015\/05\/spas-aqualife5.jpg\" srcset=\"https:\/\/www.cataloniaaqua.com\/wp-content\/uploads\/2015\/05\/spas-aqualife5.jpg 870w\" style=\"--ratio: 870 \/ 499\" sizes=\"auto, (max-width: 870px) 100vw, 870px\" width=\"870\" height=\"499\"  alt=\"\"  \/>\n\t\t<div class=\"slider-post-caption\">\n\t\t\t<div class=\"slider-post-inner\">\n\t\t\t\t<h4>spas-aqualife5<\/h4>\n\t\t\t<\/div>\n\t\t<\/div><\/div><\/div>[vc_raw_html]\n<p>JTNDZGl2JTIwY2xhc3MlM0QlMjJ0cC1iYW5uZXJzaGFkb3clMjB0cC1zaGFkb3cyJTIwc29tYnJhcnMlMjIlM0UlM0MlMkZkaXYlM0U=<\/p>\n[\/vc_raw_html][vc_empty_space][\/vc_column][\/vc_row][vc_row][vc_column][vc_column_text]\n<h2>Spa Aqualife 5<\/h2>\n<p>El <strong>spa Aqualife 5<\/strong> com la resta dels <strong>spas d\u2019AquaVia Spa es fabrica a Cervera<\/strong>. \u00c9s tracta docs d\u2019un <strong>spa de fabricaci\u00f3 100% nacional<\/strong>, amb totes les avantatges que aix\u00f2 suposa pel comprador.<\/p>\n<p>El spa Aqualife 5 s\u2019ha dissenyat pensant en els millors materials, un cost de manteniment \u00f2ptim i la <strong>millor relaci\u00f3 qualitat\/preu<\/strong>, per aconseguir que els usuaris dels spas Aqualife gaudeixin de totes les avantatges d\u2019un <strong>spa a casa<\/strong> amb uns costos de consum molt redu\u00efts.<\/p>\n<p><strong>SERVEI A TOTA ESPANYA<\/strong><\/p>\n[\/vc_column_text][vc_accordion active_tab=&#8221;false&#8221;][vc_accordion_tab title=&#8221;Info&#8221;][vc_column_text]\n[\/vc_column_text][\/vc_accordion_tab][\/vc_accordion][\/vc_column][\/vc_row][vc_row][vc_column][vc_single_image image=&#8221;7303&#8243; img_size=&#8221;full&#8221; alignment=&#8221;center&#8221;][\/vc_column][\/vc_row][vc_row][vc_column][vc_tabs interval=&#8221;0&#8243;][vc_tab title=&#8221;Circuits&#8221; tab_id=&#8221;fcaea0c7-9e32-5332c-1168&#8243;][vc_row_inner][vc_column_inner][vc_column_text]<div class=\"omsc-accordion\">\n<div class=\"omsc-toggle omsc-expanded\"><div class=\"omsc-toggle-title\">Posicions<\/div><div class=\"omsc-toggle-inner\" style=\"display:block\">\n<a class=\"dt-single-image\" href=\"https:\/\/www.cataloniaaqua.com\/wp-content\/uploads\/2015\/05\/aqualife5-spa-hidromasaje.jpg\" data-dt-img-description=\"\"><img loading=\"lazy\" decoding=\"async\" class=\"alignnone size-full wp-image-7576\" src=\"https:\/\/www.cataloniaaqua.com\/wp-content\/uploads\/2015\/05\/aqualife5-spa-hidromasaje.jpg\" alt=\"aqualife5-spa-hidromasaje\" width=\"704\" height=\"330\" srcset=\"https:\/\/www.cataloniaaqua.com\/wp-content\/uploads\/2015\/05\/aqualife5-spa-hidromasaje.jpg 704w, https:\/\/www.cataloniaaqua.com\/wp-content\/uploads\/2015\/05\/aqualife5-spa-hidromasaje-300x141.jpg 300w\" sizes=\"auto, (max-width: 704px) 100vw, 704px\" \/><\/a><br \/>\n<\/div><\/div>\n<div class=\"omsc-toggle\"><div class=\"omsc-toggle-title\">Posici\u00f3 1<\/div><div class=\"omsc-toggle-inner\">\n<p><a class=\"dt-single-image\" href=\"https:\/\/www.cataloniaaqua.com\/wp-content\/uploads\/2015\/05\/aqualfie5-jacuzzis-spas-1.jpg\" data-dt-img-description=\"\"><img loading=\"lazy\" decoding=\"async\" class=\"alignnone size-full wp-image-7579\" src=\"https:\/\/www.cataloniaaqua.com\/wp-content\/uploads\/2015\/05\/aqualfie5-jacuzzis-spas-1.jpg\" alt=\"aqualfie5-jacuzzis-spas-1\" width=\"678\" height=\"220\" srcset=\"https:\/\/www.cataloniaaqua.com\/wp-content\/uploads\/2015\/05\/aqualfie5-jacuzzis-spas-1.jpg 678w, https:\/\/www.cataloniaaqua.com\/wp-content\/uploads\/2015\/05\/aqualfie5-jacuzzis-spas-1-300x97.jpg 300w\" sizes=\"auto, (max-width: 678px) 100vw, 678px\" \/><\/a><\/p>\n<\/div><\/div>\n<div class=\"omsc-toggle\"><div class=\"omsc-toggle-title\">Posici\u00f3 2<\/div><div class=\"omsc-toggle-inner\">\n<p><a class=\"dt-single-image\" href=\"https:\/\/www.cataloniaaqua.com\/wp-content\/uploads\/2015\/05\/aqualfie5-jacuzzis-spas-2.jpg\" data-dt-img-description=\"\"><img loading=\"lazy\" decoding=\"async\" class=\"alignnone size-full wp-image-7582\" src=\"https:\/\/www.cataloniaaqua.com\/wp-content\/uploads\/2015\/05\/aqualfie5-jacuzzis-spas-2.jpg\" alt=\"aqualfie5-jacuzzis-spas-2\" width=\"678\" height=\"322\" srcset=\"https:\/\/www.cataloniaaqua.com\/wp-content\/uploads\/2015\/05\/aqualfie5-jacuzzis-spas-2.jpg 678w, https:\/\/www.cataloniaaqua.com\/wp-content\/uploads\/2015\/05\/aqualfie5-jacuzzis-spas-2-300x142.jpg 300w\" sizes=\"auto, (max-width: 678px) 100vw, 678px\" \/><\/a><\/p>\n<\/div><\/div>\n<div class=\"omsc-toggle\"><div class=\"omsc-toggle-title\">Posici\u00f3 3<\/div><div class=\"omsc-toggle-inner\">\n<p><a class=\"dt-single-image\" href=\"https:\/\/www.cataloniaaqua.com\/wp-content\/uploads\/2015\/05\/aqualfie5-jacuzzis-spas-3.jpg\" data-dt-img-description=\"\"><img loading=\"lazy\" decoding=\"async\" class=\"alignnone size-full wp-image-7585\" src=\"https:\/\/www.cataloniaaqua.com\/wp-content\/uploads\/2015\/05\/aqualfie5-jacuzzis-spas-3.jpg\" alt=\"aqualfie5-jacuzzis-spas-3\" width=\"678\" height=\"339\" srcset=\"https:\/\/www.cataloniaaqua.com\/wp-content\/uploads\/2015\/05\/aqualfie5-jacuzzis-spas-3.jpg 678w, https:\/\/www.cataloniaaqua.com\/wp-content\/uploads\/2015\/05\/aqualfie5-jacuzzis-spas-3-300x150.jpg 300w\" sizes=\"auto, (max-width: 678px) 100vw, 678px\" \/><\/a><\/p>\n<\/div><\/div>\n<div class=\"omsc-toggle\"><div class=\"omsc-toggle-title\">Posici\u00f3 4<\/div><div class=\"omsc-toggle-inner\">\n<p><a class=\"dt-single-image\" href=\"https:\/\/www.cataloniaaqua.com\/wp-content\/uploads\/2015\/05\/aqualfie5-jacuzzis-spas-4.jpg\" data-dt-img-description=\"\"><img loading=\"lazy\" decoding=\"async\" class=\"alignnone size-full wp-image-7588\" src=\"https:\/\/www.cataloniaaqua.com\/wp-content\/uploads\/2015\/05\/aqualfie5-jacuzzis-spas-4.jpg\" alt=\"aqualfie5-jacuzzis-spas-4\" width=\"678\" height=\"320\" srcset=\"https:\/\/www.cataloniaaqua.com\/wp-content\/uploads\/2015\/05\/aqualfie5-jacuzzis-spas-4.jpg 678w, https:\/\/www.cataloniaaqua.com\/wp-content\/uploads\/2015\/05\/aqualfie5-jacuzzis-spas-4-300x142.jpg 300w\" sizes=\"auto, (max-width: 678px) 100vw, 678px\" \/><\/a><\/p>\n<\/div><\/div>\n<div class=\"omsc-toggle\"><div class=\"omsc-toggle-title\">Posici\u00f3 5<\/div><div class=\"omsc-toggle-inner\">\n<a class=\"dt-single-image\" href=\"https:\/\/www.cataloniaaqua.com\/wp-content\/uploads\/2015\/05\/aqualfie5-jacuzzis-spas-5.jpg\" data-dt-img-description=\"\"><img loading=\"lazy\" decoding=\"async\" class=\"alignnone size-full wp-image-7591\" src=\"https:\/\/www.cataloniaaqua.com\/wp-content\/uploads\/2015\/05\/aqualfie5-jacuzzis-spas-5.jpg\" alt=\"aqualfie5-jacuzzis-spas-5\" width=\"678\" height=\"234\" srcset=\"https:\/\/www.cataloniaaqua.com\/wp-content\/uploads\/2015\/05\/aqualfie5-jacuzzis-spas-5.jpg 678w, https:\/\/www.cataloniaaqua.com\/wp-content\/uploads\/2015\/05\/aqualfie5-jacuzzis-spas-5-300x104.jpg 300w\" sizes=\"auto, (max-width: 678px) 100vw, 678px\" \/><\/a><br \/>\n<\/div><\/div>\n<\/div>[\/vc_column_text][\/vc_column_inner][\/vc_row_inner][\/vc_tab][vc_tab title=&#8221;Prestacions&#8221; tab_id=&#8221;3819c923-fee0-2332c-1168&#8243;][vc_single_image image=&#8221;7597&#8243; img_size=&#8221;full&#8221;][\/vc_tab][vc_tab title=&#8221;Caracter\u00edstiques&#8221; tab_id=&#8221;1428999164043-2-5332c-1168&#8243;][vc_single_image image=&#8221;7600&#8243; img_size=&#8221;full&#8221;][vc_single_image image=&#8221;7603&#8243; img_size=&#8221;full&#8221;][vc_single_image image=&#8221;7606&#8243; img_size=&#8221;full&#8221;][\/vc_tab][vc_tab title=&#8221;Acabats&#8221; tab_id=&#8221;1428999192252-3-8332c-1168&#8243;][vc_column_text]\n<h3>Colors de l\u2019acr\u00edlic<\/h3>\n[\/vc_column_text][vc_single_image image=&#8221;13013&#8243; img_size=&#8221;full&#8221;][vc_column_text]\n<h3>Acabats del moble<\/h3>\n[\/vc_column_text][vc_single_image image=&#8221;13017&#8243; img_size=&#8221;full&#8221;][\/vc_tab][vc_tab title=&#8221;Accessoris&#8221; tab_id=&#8221;1428999253035-4-6332c-1168&#8243;][vc_single_image image=&#8221;7612&#8243; img_size=&#8221;full&#8221;][\/vc_tab][vc_tab title=&#8221;Documentaci\u00f3&#8221; tab_id=&#8221;1428999293099-5-6332c-1168&#8243;][vc_column_text]<table class=\"omsc-custom-table omsc-style-1\"><tr><td>Document amb les especificacions t\u00e8cniques i les opcions disponibles.<\/td><td><a href=\"\/wp-content\/uploads\/pdfs\/especificaciones\/comprar-jacuzzi-aqualife-5.pdf\" target=\"_blank\" rel=\"noopener noreferrer\"><img decoding=\"async\" src=\"https:\/\/www.cataloniaaqua.com\/wp-content\/uploads\/2018\/06\/pdf.png\" alt=\"PDF\" \/><\/a><\/td><\/tr><tr><td>Pl\u00e0nols t\u00e8cnics amb la disposici\u00f3 dels jets i dimensions del spa.<\/td><td><a href=\"\/wp-content\/uploads\/pdfs\/planos\/comprar-spa-aqualife-5.pdf\" target=\"_blank\" rel=\"noopener noreferrer\"><img decoding=\"async\" src=\"https:\/\/www.cataloniaaqua.com\/wp-content\/uploads\/2018\/06\/pdf.png\" alt=\"PDF\" \/><\/a><\/td><\/tr><tr><td>Manual d&#8217;Instal\u00b7laci\u00f3 i Manual d&#8217;Instruccions.<\/td><td><a href=\"https:\/\/www.cataloniaaqua.com\/wp-content\/uploads\/pdfs\/manual-instalacion-manual-instrucciones-spas-swimspas.pdf\" target=\"_blank\" rel=\"noopener noreferrer\"><img decoding=\"async\" src=\"https:\/\/www.cataloniaaqua.com\/wp-content\/uploads\/2018\/06\/pdf.png\" alt=\"PDF\" \/><\/a><\/td><\/tr><tr><td>Certificat de Garantia.<\/td><td><a href=\"\/wp-content\/uploads\/pdfs\/garantia\/garantias.pdf\" target=\"_blank\" rel=\"noopener noreferrer\"><img decoding=\"async\" src=\"https:\/\/www.cataloniaaqua.com\/wp-content\/uploads\/2018\/06\/pdf.png\" alt=\"PDF\" \/><\/a><\/td><\/tr><\/table>[\/vc_column_text][\/vc_tab][\/vc_tabs][\/vc_column][\/vc_row][vc_row margin_top=&#8221;32px&#8221; margin_bottom=&#8221;0&#8243;][vc_column][vc_raw_html]JTVCYndfc3Bhc19yZWxhYyU1RA==[\/vc_raw_html][\/vc_column][\/vc_row][vc_row][vc_column][vc_empty_space][\/vc_column][\/vc_row]\n<\/div>","protected":false},"excerpt":{"rendered":"<p>[vc_row][vc_column][vc_raw_html] JTNDZGl2JTIwY2xhc3MlM0QlMjJ0cC1iYW5uZXJzaGFkb3clMjB0cC1zaGFkb3cyJTIwc29tYnJhcnMlMjIlM0UlM0MlMkZkaXYlM0U= [\/vc_raw_html][vc_empty_space][\/vc_column][\/vc_row][vc_row][vc_column][vc_column_text] Spa Aqualife 5 El spa Aqualife 5 com la resta dels spas d\u2019AquaVia Spa es fabrica a Cervera. \u00c9s tracta docs d\u2019un spa de fabricaci\u00f3 100% nacional, amb totes les avantatges que aix\u00f2 suposa pel comprador. El spa Aqualife 5 s\u2019ha dissenyat pensant en els millors materials, un cost de manteniment \u00f2ptim&hellip;<\/p>\n","protected":false},"author":3,"featured_media":3060,"parent":43,"menu_order":0,"comment_status":"closed","ping_status":"closed","template":"","meta":{"_acf_changed":false,"footnotes":""},"class_list":["post-1436","page","type-page","status-publish","has-post-thumbnail","hentry","description-off"],"acf":[],"yoast_head":"<!-- This site is optimized with the Yoast SEO plugin v27.2 - https:\/\/yoast.com\/product\/yoast-seo-wordpress\/ -->\n<title>Venda \/ Comprar Spa Aqualife 5<\/title>\n<meta name=\"description\" content=\"Est\u00e0s Pensant en Comprar un Spa Exterior o Interior? Coneixes el nou Spa Aqualife 5 de Aquavia Spas. Informa&#039;t!\" \/>\n<meta name=\"robots\" content=\"index, follow, max-snippet:-1, max-image-preview:large, max-video-preview:-1\" \/>\n<link rel=\"canonical\" href=\"https:\/\/www.cataloniaaqua.com\/ca\/comprar-aquavia-spa-cat\/spa-exterior-interior\/aqualife5\/\" \/>\n<meta property=\"og:locale\" content=\"ca_ES\" \/>\n<meta property=\"og:type\" content=\"article\" \/>\n<meta property=\"og:title\" content=\"Venda \/ Comprar Spa Aqualife 5\" \/>\n<meta property=\"og:description\" content=\"Est\u00e0s Pensant en Comprar un Spa Exterior o Interior? Coneixes el nou Spa Aqualife 5 de Aquavia Spas. Informa&#039;t!\" \/>\n<meta property=\"og:url\" content=\"https:\/\/www.cataloniaaqua.com\/ca\/comprar-aquavia-spa-cat\/spa-exterior-interior\/aqualife5\/\" \/>\n<meta property=\"og:site_name\" content=\"Aquagrup Spas\" \/>\n<meta property=\"article:modified_time\" content=\"2023-01-23T16:19:49+00:00\" \/>\n<meta property=\"og:image\" content=\"https:\/\/www.cataloniaaqua.com\/wp-content\/uploads\/2015\/05\/aqualife5_imag.destacada.jpg\" \/>\n\t<meta property=\"og:image:width\" content=\"450\" \/>\n\t<meta property=\"og:image:height\" content=\"450\" \/>\n\t<meta property=\"og:image:type\" content=\"image\/jpeg\" \/>\n<meta name=\"twitter:label1\" content=\"Est. reading time\" \/>\n\t<meta name=\"twitter:data1\" content=\"3 minutes\" \/>\n<script type=\"application\/ld+json\" class=\"yoast-schema-graph\">{\"@context\":\"https:\/\/schema.org\",\"@graph\":[{\"@type\":\"WebPage\",\"@id\":\"https:\/\/www.cataloniaaqua.com\/ca\/comprar-aquavia-spa-cat\/spa-exterior-interior\/aqualife5\/\",\"url\":\"https:\/\/www.cataloniaaqua.com\/ca\/comprar-aquavia-spa-cat\/spa-exterior-interior\/aqualife5\/\",\"name\":\"Venda \/ Comprar Spa Aqualife 5\",\"isPartOf\":{\"@id\":\"https:\/\/www.cataloniaaqua.com\/ca\/#website\"},\"primaryImageOfPage\":{\"@id\":\"https:\/\/www.cataloniaaqua.com\/ca\/comprar-aquavia-spa-cat\/spa-exterior-interior\/aqualife5\/#primaryimage\"},\"image\":{\"@id\":\"https:\/\/www.cataloniaaqua.com\/ca\/comprar-aquavia-spa-cat\/spa-exterior-interior\/aqualife5\/#primaryimage\"},\"thumbnailUrl\":\"https:\/\/www.cataloniaaqua.com\/wp-content\/uploads\/2015\/05\/aqualife5_imag.destacada.jpg\",\"datePublished\":\"2015-05-08T11:36:34+00:00\",\"dateModified\":\"2023-01-23T16:19:49+00:00\",\"description\":\"Est\u00e0s Pensant en Comprar un Spa Exterior o Interior? Coneixes el nou Spa Aqualife 5 de Aquavia Spas. Informa't!\",\"breadcrumb\":{\"@id\":\"https:\/\/www.cataloniaaqua.com\/ca\/comprar-aquavia-spa-cat\/spa-exterior-interior\/aqualife5\/#breadcrumb\"},\"inLanguage\":\"ca-ES\",\"potentialAction\":[{\"@type\":\"ReadAction\",\"target\":[\"https:\/\/www.cataloniaaqua.com\/ca\/comprar-aquavia-spa-cat\/spa-exterior-interior\/aqualife5\/\"]}]},{\"@type\":\"ImageObject\",\"inLanguage\":\"ca-ES\",\"@id\":\"https:\/\/www.cataloniaaqua.com\/ca\/comprar-aquavia-spa-cat\/spa-exterior-interior\/aqualife5\/#primaryimage\",\"url\":\"https:\/\/www.cataloniaaqua.com\/wp-content\/uploads\/2015\/05\/aqualife5_imag.destacada.jpg\",\"contentUrl\":\"https:\/\/www.cataloniaaqua.com\/wp-content\/uploads\/2015\/05\/aqualife5_imag.destacada.jpg\",\"width\":450,\"height\":450},{\"@type\":\"BreadcrumbList\",\"@id\":\"https:\/\/www.cataloniaaqua.com\/ca\/comprar-aquavia-spa-cat\/spa-exterior-interior\/aqualife5\/#breadcrumb\",\"itemListElement\":[{\"@type\":\"ListItem\",\"position\":1,\"name\":\"Jacuzzi Spa y Cubierta de Piscina\",\"item\":\"https:\/\/www.cataloniaaqua.com\/ca\/\"},{\"@type\":\"ListItem\",\"position\":2,\"name\":\"Comprar Aquavia Spa\u00ae\",\"item\":\"https:\/\/www.cataloniaaqua.com\/ca\/comprar-aquavia-spa-cat\/\"},{\"@type\":\"ListItem\",\"position\":3,\"name\":\"Spa Exterior Interior Aquavia Spa\u00ae\",\"item\":\"https:\/\/www.cataloniaaqua.com\/ca\/comprar-aquavia-spa-cat\/spa-exterior-interior\/\"},{\"@type\":\"ListItem\",\"position\":4,\"name\":\"Aqualife 5\"}]},{\"@type\":\"WebSite\",\"@id\":\"https:\/\/www.cataloniaaqua.com\/ca\/#website\",\"url\":\"https:\/\/www.cataloniaaqua.com\/ca\/\",\"name\":\"Aquagrup Spas\",\"description\":\"Spas y Swim Spas Aquavia y Jacuzzi\",\"publisher\":{\"@id\":\"https:\/\/www.cataloniaaqua.com\/ca\/#organization\"},\"alternateName\":\"Aquagrup\",\"potentialAction\":[{\"@type\":\"SearchAction\",\"target\":{\"@type\":\"EntryPoint\",\"urlTemplate\":\"https:\/\/www.cataloniaaqua.com\/ca\/?s={search_term_string}\"},\"query-input\":{\"@type\":\"PropertyValueSpecification\",\"valueRequired\":true,\"valueName\":\"search_term_string\"}}],\"inLanguage\":\"ca-ES\"},{\"@type\":\"Organization\",\"@id\":\"https:\/\/www.cataloniaaqua.com\/ca\/#organization\",\"name\":\"Aquagrup Spas\",\"alternateName\":\"Aquagrup\",\"url\":\"https:\/\/www.cataloniaaqua.com\/ca\/\",\"logo\":{\"@type\":\"ImageObject\",\"inLanguage\":\"ca-ES\",\"@id\":\"https:\/\/www.cataloniaaqua.com\/ca\/#\/schema\/logo\/image\/\",\"url\":\"https:\/\/www.cataloniaaqua.com\/wp-content\/uploads\/2024\/01\/aquagrup-spas.jpg\",\"contentUrl\":\"https:\/\/www.cataloniaaqua.com\/wp-content\/uploads\/2024\/01\/aquagrup-spas.jpg\",\"width\":696,\"height\":693,\"caption\":\"Aquagrup Spas\"},\"image\":{\"@id\":\"https:\/\/www.cataloniaaqua.com\/ca\/#\/schema\/logo\/image\/\"}}]}<\/script>\n<!-- \/ Yoast SEO plugin. -->","yoast_head_json":{"title":"Venda \/ Comprar Spa Aqualife 5","description":"Est\u00e0s Pensant en Comprar un Spa Exterior o Interior? Coneixes el nou Spa Aqualife 5 de Aquavia Spas. Informa't!","robots":{"index":"index","follow":"follow","max-snippet":"max-snippet:-1","max-image-preview":"max-image-preview:large","max-video-preview":"max-video-preview:-1"},"canonical":"https:\/\/www.cataloniaaqua.com\/ca\/comprar-aquavia-spa-cat\/spa-exterior-interior\/aqualife5\/","og_locale":"ca_ES","og_type":"article","og_title":"Venda \/ Comprar Spa Aqualife 5","og_description":"Est\u00e0s Pensant en Comprar un Spa Exterior o Interior? Coneixes el nou Spa Aqualife 5 de Aquavia Spas. Informa't!","og_url":"https:\/\/www.cataloniaaqua.com\/ca\/comprar-aquavia-spa-cat\/spa-exterior-interior\/aqualife5\/","og_site_name":"Aquagrup Spas","article_modified_time":"2023-01-23T16:19:49+00:00","og_image":[{"width":450,"height":450,"url":"https:\/\/www.cataloniaaqua.com\/wp-content\/uploads\/2015\/05\/aqualife5_imag.destacada.jpg","type":"image\/jpeg"}],"twitter_misc":{"Est. reading time":"3 minutes"},"schema":{"@context":"https:\/\/schema.org","@graph":[{"@type":"WebPage","@id":"https:\/\/www.cataloniaaqua.com\/ca\/comprar-aquavia-spa-cat\/spa-exterior-interior\/aqualife5\/","url":"https:\/\/www.cataloniaaqua.com\/ca\/comprar-aquavia-spa-cat\/spa-exterior-interior\/aqualife5\/","name":"Venda \/ Comprar Spa Aqualife 5","isPartOf":{"@id":"https:\/\/www.cataloniaaqua.com\/ca\/#website"},"primaryImageOfPage":{"@id":"https:\/\/www.cataloniaaqua.com\/ca\/comprar-aquavia-spa-cat\/spa-exterior-interior\/aqualife5\/#primaryimage"},"image":{"@id":"https:\/\/www.cataloniaaqua.com\/ca\/comprar-aquavia-spa-cat\/spa-exterior-interior\/aqualife5\/#primaryimage"},"thumbnailUrl":"https:\/\/www.cataloniaaqua.com\/wp-content\/uploads\/2015\/05\/aqualife5_imag.destacada.jpg","datePublished":"2015-05-08T11:36:34+00:00","dateModified":"2023-01-23T16:19:49+00:00","description":"Est\u00e0s Pensant en Comprar un Spa Exterior o Interior? Coneixes el nou Spa Aqualife 5 de Aquavia Spas. Informa't!","breadcrumb":{"@id":"https:\/\/www.cataloniaaqua.com\/ca\/comprar-aquavia-spa-cat\/spa-exterior-interior\/aqualife5\/#breadcrumb"},"inLanguage":"ca-ES","potentialAction":[{"@type":"ReadAction","target":["https:\/\/www.cataloniaaqua.com\/ca\/comprar-aquavia-spa-cat\/spa-exterior-interior\/aqualife5\/"]}]},{"@type":"ImageObject","inLanguage":"ca-ES","@id":"https:\/\/www.cataloniaaqua.com\/ca\/comprar-aquavia-spa-cat\/spa-exterior-interior\/aqualife5\/#primaryimage","url":"https:\/\/www.cataloniaaqua.com\/wp-content\/uploads\/2015\/05\/aqualife5_imag.destacada.jpg","contentUrl":"https:\/\/www.cataloniaaqua.com\/wp-content\/uploads\/2015\/05\/aqualife5_imag.destacada.jpg","width":450,"height":450},{"@type":"BreadcrumbList","@id":"https:\/\/www.cataloniaaqua.com\/ca\/comprar-aquavia-spa-cat\/spa-exterior-interior\/aqualife5\/#breadcrumb","itemListElement":[{"@type":"ListItem","position":1,"name":"Jacuzzi Spa y Cubierta de Piscina","item":"https:\/\/www.cataloniaaqua.com\/ca\/"},{"@type":"ListItem","position":2,"name":"Comprar Aquavia Spa\u00ae","item":"https:\/\/www.cataloniaaqua.com\/ca\/comprar-aquavia-spa-cat\/"},{"@type":"ListItem","position":3,"name":"Spa Exterior Interior Aquavia Spa\u00ae","item":"https:\/\/www.cataloniaaqua.com\/ca\/comprar-aquavia-spa-cat\/spa-exterior-interior\/"},{"@type":"ListItem","position":4,"name":"Aqualife 5"}]},{"@type":"WebSite","@id":"https:\/\/www.cataloniaaqua.com\/ca\/#website","url":"https:\/\/www.cataloniaaqua.com\/ca\/","name":"Aquagrup Spas","description":"Spas y Swim Spas Aquavia y Jacuzzi","publisher":{"@id":"https:\/\/www.cataloniaaqua.com\/ca\/#organization"},"alternateName":"Aquagrup","potentialAction":[{"@type":"SearchAction","target":{"@type":"EntryPoint","urlTemplate":"https:\/\/www.cataloniaaqua.com\/ca\/?s={search_term_string}"},"query-input":{"@type":"PropertyValueSpecification","valueRequired":true,"valueName":"search_term_string"}}],"inLanguage":"ca-ES"},{"@type":"Organization","@id":"https:\/\/www.cataloniaaqua.com\/ca\/#organization","name":"Aquagrup Spas","alternateName":"Aquagrup","url":"https:\/\/www.cataloniaaqua.com\/ca\/","logo":{"@type":"ImageObject","inLanguage":"ca-ES","@id":"https:\/\/www.cataloniaaqua.com\/ca\/#\/schema\/logo\/image\/","url":"https:\/\/www.cataloniaaqua.com\/wp-content\/uploads\/2024\/01\/aquagrup-spas.jpg","contentUrl":"https:\/\/www.cataloniaaqua.com\/wp-content\/uploads\/2024\/01\/aquagrup-spas.jpg","width":696,"height":693,"caption":"Aquagrup Spas"},"image":{"@id":"https:\/\/www.cataloniaaqua.com\/ca\/#\/schema\/logo\/image\/"}}]}},"_links":{"self":[{"href":"https:\/\/www.cataloniaaqua.com\/ca\/wp-json\/wp\/v2\/pages\/1436","targetHints":{"allow":["GET"]}}],"collection":[{"href":"https:\/\/www.cataloniaaqua.com\/ca\/wp-json\/wp\/v2\/pages"}],"about":[{"href":"https:\/\/www.cataloniaaqua.com\/ca\/wp-json\/wp\/v2\/types\/page"}],"author":[{"embeddable":true,"href":"https:\/\/www.cataloniaaqua.com\/ca\/wp-json\/wp\/v2\/users\/3"}],"replies":[{"embeddable":true,"href":"https:\/\/www.cataloniaaqua.com\/ca\/wp-json\/wp\/v2\/comments?post=1436"}],"version-history":[{"count":0,"href":"https:\/\/www.cataloniaaqua.com\/ca\/wp-json\/wp\/v2\/pages\/1436\/revisions"}],"up":[{"embeddable":true,"href":"https:\/\/www.cataloniaaqua.com\/ca\/wp-json\/wp\/v2\/pages\/43"}],"wp:featuredmedia":[{"embeddable":true,"href":"https:\/\/www.cataloniaaqua.com\/ca\/wp-json\/wp\/v2\/media\/3060"}],"wp:attachment":[{"href":"https:\/\/www.cataloniaaqua.com\/ca\/wp-json\/wp\/v2\/media?parent=1436"}],"curies":[{"name":"wp","href":"https:\/\/api.w.org\/{rel}","templated":true}]}}