{"id":14535,"date":"2019-03-01T12:01:16","date_gmt":"2019-03-01T12:01:16","guid":{"rendered":"https:\/\/www.cataloniaaqua.com\/?page_id=14535"},"modified":"2023-01-23T17:08:55","modified_gmt":"2023-01-23T16:08:55","slug":"home","status":"publish","type":"page","link":"https:\/\/www.cataloniaaqua.com\/ca\/comprar-aquavia-spa-cat\/spa-exterior-interior\/home\/","title":{"rendered":"Home"},"content":{"rendered":"<div class=\"wpb-content-wrapper\">[vc_row][vc_column]\n<div class=\"slider-simple shortcode-photo-slider owl-carousel dt-owl-carousel-init photoSlider\" data-width=\"870\" data-height=\"410\" data-autoslide=\"5000\" data-paused=\"false\" style=\"width: 100%\" data-img-mode=\"fill\">\n\t<div class=\"slide-item\">\n\t\t<img loading=\"lazy\" decoding=\"async\" class=\"preload-me aspect\" src=\"https:\/\/www.cataloniaaqua.com\/wp-content\/uploads\/2019\/02\/comprar-spa-hidromasaje-home.jpg\" srcset=\"https:\/\/www.cataloniaaqua.com\/wp-content\/uploads\/2019\/02\/comprar-spa-hidromasaje-home.jpg 870w\" style=\"--ratio: 870 \/ 410\" sizes=\"auto, (max-width: 870px) 100vw, 870px\" width=\"870\" height=\"410\"  alt=\"Comprar Spa Home per interior\"  \/>\n\t\t<div class=\"slider-post-caption\">\n\t\t\t<div class=\"slider-post-inner\">\n\t\t\t\t<h4>Comprar Spa Home per interior<\/h4>\n\t\t\t\t<p>Comprar Spa Home per interior<\/p>\n\n\t\t\t<\/div>\n\t\t<\/div><\/div>\n\t<div class=\"slide-item\">\n\t\t<img loading=\"lazy\" decoding=\"async\" class=\"preload-me aspect\" src=\"https:\/\/www.cataloniaaqua.com\/wp-content\/uploads\/2019\/02\/comprar-spa-home-hidromasaje.jpg\" srcset=\"https:\/\/www.cataloniaaqua.com\/wp-content\/uploads\/2019\/02\/comprar-spa-home-hidromasaje.jpg 870w\" style=\"--ratio: 870 \/ 410\" sizes=\"auto, (max-width: 870px) 100vw, 870px\" width=\"870\" height=\"410\"  alt=\"Comprar Spa Home hidromassatge elegant\"  \/>\n\t\t<div class=\"slider-post-caption\">\n\t\t\t<div class=\"slider-post-inner\">\n\t\t\t\t<h4>Comprar Spa Home hidromassatge elegant<\/h4>\n\t\t\t\t<p>Comprar Spa Home hidromassatge elegant<\/p>\n\n\t\t\t<\/div>\n\t\t<\/div><\/div>\n\t<div class=\"slide-item\">\n\t\t<img loading=\"lazy\" decoding=\"async\" class=\"preload-me aspect\" src=\"https:\/\/www.cataloniaaqua.com\/wp-content\/uploads\/2019\/02\/comprar-spa-home-hidromasaje-privado.jpg\" srcset=\"https:\/\/www.cataloniaaqua.com\/wp-content\/uploads\/2019\/02\/comprar-spa-home-hidromasaje-privado.jpg 870w\" style=\"--ratio: 870 \/ 410\" sizes=\"auto, (max-width: 870px) 100vw, 870px\" width=\"870\" height=\"410\"  alt=\"Comprar Spa Home per hotels i suites\"  \/>\n\t\t<div class=\"slider-post-caption\">\n\t\t\t<div class=\"slider-post-inner\">\n\t\t\t\t<h4>Comprar Spa Home per hotels i suites<\/h4>\n\t\t\t\t<p>Comprar Spa Home per hotels i suites<\/p>\n\n\t\t\t<\/div>\n\t\t<\/div><\/div>\n\t<div class=\"slide-item\">\n\t\t<img loading=\"lazy\" decoding=\"async\" class=\"preload-me aspect\" src=\"https:\/\/www.cataloniaaqua.com\/wp-content\/uploads\/2019\/02\/comprar-spa-hidromasaje-privado-home.jpg\" srcset=\"https:\/\/www.cataloniaaqua.com\/wp-content\/uploads\/2019\/02\/comprar-spa-hidromasaje-privado-home.jpg 870w\" style=\"--ratio: 870 \/ 410\" sizes=\"auto, (max-width: 870px) 100vw, 870px\" width=\"870\" height=\"410\"  alt=\"Comprar Spa Home de disseny i minimalista\"  \/>\n\t\t<div class=\"slider-post-caption\">\n\t\t\t<div class=\"slider-post-inner\">\n\t\t\t\t<h4>Comprar Spa Home de disseny i minimalista<\/h4>\n\t\t\t\t<p>Comprar Spa Home de disseny i minimalista<\/p>\n\n\t\t\t<\/div>\n\t\t<\/div><\/div><\/div>[vc_raw_html]\n<p>JTNDZGl2JTIwY2xhc3MlM0QlMjJ0cC1iYW5uZXJzaGFkb3clMjB0cC1zaGFkb3cyJTIwc29tYnJhcnMlMjIlM0UlM0MlMkZkaXYlM0U=<\/p>\n[\/vc_raw_html][vc_empty_space][\/vc_column][\/vc_row][vc_row][vc_column][vc_column_text]\n<h2>Spa Home<\/h2>\n<p>El nou <strong>Spa Home<\/strong> \u00e9s un hidromassatge minimalista i atractiu, pensat per a <strong>parelles<\/strong> i orientat a habitacions superiors d&#8217;<strong>hotel<\/strong> i a <strong>habitatges particulars<\/strong>.<\/p>\n<p>El seu disseny permet quatre posicions diferents a les seves 2 tumbones.<\/p>\n<p>Els 20 jets del spa ofereixen un <strong>hidromassatge a tota l&#8217;esquena<\/strong>, des de les cervicals fins les lumbars, amb diferents caracter\u00edstiques a cada una de les seves posicions. Els 8 tubs d&#8217;aire creen les bombolles necess\u00e0ries per a un <strong>extraordinari massatge<\/strong>, que activa la circulaci\u00f3 sangu\u00ednia, amb efectes positius tant en q\u00fcesti\u00f3 de relaxaci\u00f3 com de recuperaci\u00f3 muscular.<\/p>\n<p>El Home Spa t\u00e9 cuatro punts LED per a crear un <strong>ambient visual singular, acollidor, \u00fanic<\/strong>, que pot controlar-se a trav\u00e9s d&#8217;un display t\u00e0ctil de cristall.<\/p>\n<p><strong>SERVEI A TOTA ESPANYA<\/strong>[\/vc_column_text][vc_accordion active_tab=&#8221;false&#8221;][vc_accordion_tab title=&#8221;Info&#8221;][vc_column_text]\n[\/vc_column_text][\/vc_accordion_tab][\/vc_accordion][\/vc_column][\/vc_row][vc_row][vc_column][vc_single_image image=&#8221;14508&#8243; img_size=&#8221;full&#8221; alignment=&#8221;center&#8221;][\/vc_column][\/vc_row][vc_row][vc_column][vc_tabs interval=&#8221;0&#8243;][vc_tab title=&#8221;Circuits&#8221; tab_id=&#8221;fcaea0c7-9e32-5332c-11688d6c-18e6&#8243;][vc_row_inner][vc_column_inner][vc_column_text]<div class=\"omsc-accordion\">\n<div class=\"omsc-toggle omsc-expanded\"><div class=\"omsc-toggle-title\">Posicions<\/div><div class=\"omsc-toggle-inner\" style=\"display:block\">\n<img loading=\"lazy\" decoding=\"async\" class=\"size-full wp-image-14500\" src=\"https:\/\/www.cataloniaaqua.com\/wp-content\/uploads\/2019\/02\/spa-home-circuitos.jpg\" alt=\"Spa Home - circuits i posicions\" width=\"650\" height=\"305\" srcset=\"https:\/\/www.cataloniaaqua.com\/wp-content\/uploads\/2019\/02\/spa-home-circuitos.jpg 650w, https:\/\/www.cataloniaaqua.com\/wp-content\/uploads\/2019\/02\/spa-home-circuitos-300x141.jpg 300w\" sizes=\"auto, (max-width: 650px) 100vw, 650px\" \/><br \/>\n<\/div><\/div>\n<\/div>[\/vc_column_text][\/vc_column_inner][\/vc_row_inner][\/vc_tab][vc_tab title=&#8221;Prestacions&#8221; tab_id=&#8221;3819c923-fee0-2332c-11688d6c-18e6&#8243;][vc_single_image image=&#8221;14504&#8243; img_size=&#8221;full&#8221;][\/vc_tab][vc_tab title=&#8221;Caracter\u00edstiques&#8221; tab_id=&#8221;1428999164043-2-5332c-11688d6c-18e6&#8243;][vc_single_image image=&#8221;14492&#8243; img_size=&#8221;full&#8221;][\/vc_tab][vc_tab title=&#8221;Acabats&#8221; tab_id=&#8221;1428999192252-3-8332c-11688d6c-18e6&#8243;][vc_column_text]\n<h3>Colors de l&#8217;acr\u00edlic<\/h3>\n[\/vc_column_text][vc_single_image image=&#8221;14484&#8243; img_size=&#8221;full&#8221;][vc_column_text]\n<h3>Acabats del moble<\/h3>\n[\/vc_column_text][vc_single_image image=&#8221;14488&#8243; img_size=&#8221;full&#8221;][\/vc_tab][vc_tab title=&#8221;Accessoris&#8221; tab_id=&#8221;1428999253035-4-6332c-11688d6c-18e6&#8243;][vc_single_image image=&#8221;14516&#8243; img_size=&#8221;full&#8221;][\/vc_tab][vc_tab title=&#8221;Documentaci\u00f3&#8221; tab_id=&#8221;1428999293099-5-6332c-11688d6c-18e6&#8243;][vc_column_text]<table class=\"omsc-custom-table omsc-style-1\"><tr><td>Document amb les especificacions t\u00e8cniques i les opcions disponibles.<\/td><td><a href=\"\/wp-content\/uploads\/pdfs\/especificaciones\/comprar-spa-home.pdf\" target=\"_blank\" rel=\"noopener noreferrer\"><img decoding=\"async\" src=\"https:\/\/www.cataloniaaqua.com\/wp-content\/uploads\/2015\/09\/icono_pdf-e1442845684923.png\" alt=\"icono-pdf\" \/><\/a><\/td><\/tr><tr><td>Pl\u00e0nols t\u00e8cnics amb la disposici\u00f3 dels jets i dimensions del spa.<\/td><td><a href=\"\/wp-content\/uploads\/pdfs\/planos\/home.pdf\" target=\"_blank\" rel=\"noopener noreferrer\"><img decoding=\"async\" src=\"https:\/\/www.cataloniaaqua.com\/wp-content\/uploads\/2015\/09\/icono_pdf-e1442845684923.png\" alt=\"icono-pdf\" \/><\/a><\/td><\/tr><tr><td>Manual d&#8217;Instal\u00b7laci\u00f3 i Manual d&#8217;Instruccions.<\/td><td><a href=\"https:\/\/www.cataloniaaqua.com\/wp-content\/uploads\/pdfs\/manual-instalacion-manual-instrucciones-spas-swimspas.pdf\" target=\"_blank\" rel=\"noopener noreferrer\"><img decoding=\"async\" src=\"\/wp-content\/uploads\/2015\/09\/icono_pdf-e1442845684923.png\" alt=\"icono-pdf\" \/><\/a><\/td><\/tr><tr><td>Certificat de Garantia.<\/td><td><a href=\"\/wp-content\/uploads\/pdfs\/garantia\/garantias.pdf\" target=\"_blank\" rel=\"noopener noreferrer\"><img decoding=\"async\" src=\"https:\/\/www.cataloniaaqua.com\/wp-content\/uploads\/2015\/09\/icono_pdf-e1442845684923.png\" alt=\"icono-pdf\" \/><\/a><\/td><\/tr><\/table>[\/vc_column_text][\/vc_tab][\/vc_tabs][\/vc_column][\/vc_row][vc_row margin_top=&#8221;32px&#8221; margin_bottom=&#8221;0&#8243;][vc_column][vc_empty_space][vc_custom_heading text=&#8221;Spas relacionats&#8221; font_container=&#8221;tag:h3|text_align:left|line_height:32px&#8221; google_fonts=&#8221;font_family:PT%20Sans%3Aregular%2Citalic%2C700%2C700italic|font_style:400%20regular%3A400%3Anormal&#8221;][vc_basic_grid post_type=&#8221;ids&#8221; style=&#8221;lazy&#8221; items_per_page=&#8221;3&#8243; item=&#8221;basicGrid_SlideFromLeft&#8221; grid_id=&#8221;vc_gid:1600934529202-00db76aa-7ff6-4&#8243; include=&#8221;14389, 1552, 1291&#8243;][\/vc_column][\/vc_row][vc_row][vc_column][vc_empty_space][\/vc_column][\/vc_row]\n<\/div>","protected":false},"excerpt":{"rendered":"<p>[vc_row][vc_column][vc_raw_html] JTNDZGl2JTIwY2xhc3MlM0QlMjJ0cC1iYW5uZXJzaGFkb3clMjB0cC1zaGFkb3cyJTIwc29tYnJhcnMlMjIlM0UlM0MlMkZkaXYlM0U= [\/vc_raw_html][vc_empty_space][\/vc_column][\/vc_row][vc_row][vc_column][vc_column_text] Spa Home El nou Spa Home \u00e9s un hidromassatge minimalista i atractiu, pensat per a parelles i orientat a habitacions superiors d&#8217;hotel i a habitatges particulars. El seu disseny permet quatre posicions diferents a les seves 2 tumbones. Els 20 jets del spa ofereixen un hidromassatge a tota l&#8217;esquena, des de les&hellip;<\/p>\n","protected":false},"author":3,"featured_media":14528,"parent":43,"menu_order":0,"comment_status":"closed","ping_status":"closed","template":"","meta":{"_acf_changed":false,"footnotes":""},"class_list":["post-14535","page","type-page","status-publish","has-post-thumbnail","hentry","description-off"],"acf":[],"yoast_head":"<!-- This site is optimized with the Yoast SEO plugin v27.2 - https:\/\/yoast.com\/product\/yoast-seo-wordpress\/ -->\n<title>Venda \/ Comprar Spa Home<\/title>\n<meta name=\"description\" content=\"Est\u00e0s Pensant en Comprar un Spa d&#039;alta gama? Coneixes l&#039;exclusiu Spa Home. Exclusiu, elegant i amb les millors prestacions. Informa-te&#039;n!\" \/>\n<meta name=\"robots\" content=\"index, follow, max-snippet:-1, max-image-preview:large, max-video-preview:-1\" \/>\n<link rel=\"canonical\" href=\"https:\/\/www.cataloniaaqua.com\/ca\/comprar-aquavia-spa-cat\/spa-exterior-interior\/home\/\" \/>\n<meta property=\"og:locale\" content=\"ca_ES\" \/>\n<meta property=\"og:type\" content=\"article\" \/>\n<meta property=\"og:title\" content=\"Venda \/ Comprar Spa Home\" \/>\n<meta property=\"og:description\" content=\"Est\u00e0s Pensant en Comprar un Spa d&#039;alta gama? Coneixes l&#039;exclusiu Spa Home. Exclusiu, elegant i amb les millors prestacions. Informa-te&#039;n!\" \/>\n<meta property=\"og:url\" content=\"https:\/\/www.cataloniaaqua.com\/ca\/comprar-aquavia-spa-cat\/spa-exterior-interior\/home\/\" \/>\n<meta property=\"og:site_name\" content=\"Aquagrup Spas\" \/>\n<meta property=\"article:modified_time\" content=\"2023-01-23T16:08:55+00:00\" \/>\n<meta property=\"og:image\" content=\"https:\/\/www.cataloniaaqua.com\/wp-content\/uploads\/2019\/02\/comprar-spa-moderno-home-1.jpg\" \/>\n\t<meta property=\"og:image:width\" content=\"450\" \/>\n\t<meta property=\"og:image:height\" content=\"450\" \/>\n\t<meta property=\"og:image:type\" content=\"image\/jpeg\" \/>\n<meta name=\"twitter:label1\" content=\"Est. reading time\" \/>\n\t<meta name=\"twitter:data1\" content=\"3 minutes\" \/>\n<script type=\"application\/ld+json\" class=\"yoast-schema-graph\">{\"@context\":\"https:\/\/schema.org\",\"@graph\":[{\"@type\":\"WebPage\",\"@id\":\"https:\/\/www.cataloniaaqua.com\/ca\/comprar-aquavia-spa-cat\/spa-exterior-interior\/home\/\",\"url\":\"https:\/\/www.cataloniaaqua.com\/ca\/comprar-aquavia-spa-cat\/spa-exterior-interior\/home\/\",\"name\":\"Venda \/ Comprar Spa Home\",\"isPartOf\":{\"@id\":\"https:\/\/www.cataloniaaqua.com\/ca\/#website\"},\"primaryImageOfPage\":{\"@id\":\"https:\/\/www.cataloniaaqua.com\/ca\/comprar-aquavia-spa-cat\/spa-exterior-interior\/home\/#primaryimage\"},\"image\":{\"@id\":\"https:\/\/www.cataloniaaqua.com\/ca\/comprar-aquavia-spa-cat\/spa-exterior-interior\/home\/#primaryimage\"},\"thumbnailUrl\":\"https:\/\/www.cataloniaaqua.com\/wp-content\/uploads\/2019\/02\/comprar-spa-moderno-home-1.jpg\",\"datePublished\":\"2019-03-01T12:01:16+00:00\",\"dateModified\":\"2023-01-23T16:08:55+00:00\",\"description\":\"Est\u00e0s Pensant en Comprar un Spa d'alta gama? Coneixes l'exclusiu Spa Home. Exclusiu, elegant i amb les millors prestacions. Informa-te'n!\",\"breadcrumb\":{\"@id\":\"https:\/\/www.cataloniaaqua.com\/ca\/comprar-aquavia-spa-cat\/spa-exterior-interior\/home\/#breadcrumb\"},\"inLanguage\":\"ca-ES\",\"potentialAction\":[{\"@type\":\"ReadAction\",\"target\":[\"https:\/\/www.cataloniaaqua.com\/ca\/comprar-aquavia-spa-cat\/spa-exterior-interior\/home\/\"]}]},{\"@type\":\"ImageObject\",\"inLanguage\":\"ca-ES\",\"@id\":\"https:\/\/www.cataloniaaqua.com\/ca\/comprar-aquavia-spa-cat\/spa-exterior-interior\/home\/#primaryimage\",\"url\":\"https:\/\/www.cataloniaaqua.com\/wp-content\/uploads\/2019\/02\/comprar-spa-moderno-home-1.jpg\",\"contentUrl\":\"https:\/\/www.cataloniaaqua.com\/wp-content\/uploads\/2019\/02\/comprar-spa-moderno-home-1.jpg\",\"width\":450,\"height\":450,\"caption\":\"Comprar Spa Home\"},{\"@type\":\"BreadcrumbList\",\"@id\":\"https:\/\/www.cataloniaaqua.com\/ca\/comprar-aquavia-spa-cat\/spa-exterior-interior\/home\/#breadcrumb\",\"itemListElement\":[{\"@type\":\"ListItem\",\"position\":1,\"name\":\"Jacuzzi Spa y Cubierta de Piscina\",\"item\":\"https:\/\/www.cataloniaaqua.com\/ca\/\"},{\"@type\":\"ListItem\",\"position\":2,\"name\":\"Comprar Aquavia Spa\u00ae\",\"item\":\"https:\/\/www.cataloniaaqua.com\/ca\/comprar-aquavia-spa-cat\/\"},{\"@type\":\"ListItem\",\"position\":3,\"name\":\"Spa Exterior Interior Aquavia Spa\u00ae\",\"item\":\"https:\/\/www.cataloniaaqua.com\/ca\/comprar-aquavia-spa-cat\/spa-exterior-interior\/\"},{\"@type\":\"ListItem\",\"position\":4,\"name\":\"Home\"}]},{\"@type\":\"WebSite\",\"@id\":\"https:\/\/www.cataloniaaqua.com\/ca\/#website\",\"url\":\"https:\/\/www.cataloniaaqua.com\/ca\/\",\"name\":\"Aquagrup Spas\",\"description\":\"Spas y Swim Spas Aquavia y Jacuzzi\",\"publisher\":{\"@id\":\"https:\/\/www.cataloniaaqua.com\/ca\/#organization\"},\"alternateName\":\"Aquagrup\",\"potentialAction\":[{\"@type\":\"SearchAction\",\"target\":{\"@type\":\"EntryPoint\",\"urlTemplate\":\"https:\/\/www.cataloniaaqua.com\/ca\/?s={search_term_string}\"},\"query-input\":{\"@type\":\"PropertyValueSpecification\",\"valueRequired\":true,\"valueName\":\"search_term_string\"}}],\"inLanguage\":\"ca-ES\"},{\"@type\":\"Organization\",\"@id\":\"https:\/\/www.cataloniaaqua.com\/ca\/#organization\",\"name\":\"Aquagrup Spas\",\"alternateName\":\"Aquagrup\",\"url\":\"https:\/\/www.cataloniaaqua.com\/ca\/\",\"logo\":{\"@type\":\"ImageObject\",\"inLanguage\":\"ca-ES\",\"@id\":\"https:\/\/www.cataloniaaqua.com\/ca\/#\/schema\/logo\/image\/\",\"url\":\"https:\/\/www.cataloniaaqua.com\/wp-content\/uploads\/2024\/01\/aquagrup-spas.jpg\",\"contentUrl\":\"https:\/\/www.cataloniaaqua.com\/wp-content\/uploads\/2024\/01\/aquagrup-spas.jpg\",\"width\":696,\"height\":693,\"caption\":\"Aquagrup Spas\"},\"image\":{\"@id\":\"https:\/\/www.cataloniaaqua.com\/ca\/#\/schema\/logo\/image\/\"}}]}<\/script>\n<!-- \/ Yoast SEO plugin. -->","yoast_head_json":{"title":"Venda \/ Comprar Spa Home","description":"Est\u00e0s Pensant en Comprar un Spa d'alta gama? Coneixes l'exclusiu Spa Home. Exclusiu, elegant i amb les millors prestacions. Informa-te'n!","robots":{"index":"index","follow":"follow","max-snippet":"max-snippet:-1","max-image-preview":"max-image-preview:large","max-video-preview":"max-video-preview:-1"},"canonical":"https:\/\/www.cataloniaaqua.com\/ca\/comprar-aquavia-spa-cat\/spa-exterior-interior\/home\/","og_locale":"ca_ES","og_type":"article","og_title":"Venda \/ Comprar Spa Home","og_description":"Est\u00e0s Pensant en Comprar un Spa d'alta gama? Coneixes l'exclusiu Spa Home. Exclusiu, elegant i amb les millors prestacions. Informa-te'n!","og_url":"https:\/\/www.cataloniaaqua.com\/ca\/comprar-aquavia-spa-cat\/spa-exterior-interior\/home\/","og_site_name":"Aquagrup Spas","article_modified_time":"2023-01-23T16:08:55+00:00","og_image":[{"width":450,"height":450,"url":"https:\/\/www.cataloniaaqua.com\/wp-content\/uploads\/2019\/02\/comprar-spa-moderno-home-1.jpg","type":"image\/jpeg"}],"twitter_misc":{"Est. reading time":"3 minutes"},"schema":{"@context":"https:\/\/schema.org","@graph":[{"@type":"WebPage","@id":"https:\/\/www.cataloniaaqua.com\/ca\/comprar-aquavia-spa-cat\/spa-exterior-interior\/home\/","url":"https:\/\/www.cataloniaaqua.com\/ca\/comprar-aquavia-spa-cat\/spa-exterior-interior\/home\/","name":"Venda \/ Comprar Spa Home","isPartOf":{"@id":"https:\/\/www.cataloniaaqua.com\/ca\/#website"},"primaryImageOfPage":{"@id":"https:\/\/www.cataloniaaqua.com\/ca\/comprar-aquavia-spa-cat\/spa-exterior-interior\/home\/#primaryimage"},"image":{"@id":"https:\/\/www.cataloniaaqua.com\/ca\/comprar-aquavia-spa-cat\/spa-exterior-interior\/home\/#primaryimage"},"thumbnailUrl":"https:\/\/www.cataloniaaqua.com\/wp-content\/uploads\/2019\/02\/comprar-spa-moderno-home-1.jpg","datePublished":"2019-03-01T12:01:16+00:00","dateModified":"2023-01-23T16:08:55+00:00","description":"Est\u00e0s Pensant en Comprar un Spa d'alta gama? Coneixes l'exclusiu Spa Home. Exclusiu, elegant i amb les millors prestacions. Informa-te'n!","breadcrumb":{"@id":"https:\/\/www.cataloniaaqua.com\/ca\/comprar-aquavia-spa-cat\/spa-exterior-interior\/home\/#breadcrumb"},"inLanguage":"ca-ES","potentialAction":[{"@type":"ReadAction","target":["https:\/\/www.cataloniaaqua.com\/ca\/comprar-aquavia-spa-cat\/spa-exterior-interior\/home\/"]}]},{"@type":"ImageObject","inLanguage":"ca-ES","@id":"https:\/\/www.cataloniaaqua.com\/ca\/comprar-aquavia-spa-cat\/spa-exterior-interior\/home\/#primaryimage","url":"https:\/\/www.cataloniaaqua.com\/wp-content\/uploads\/2019\/02\/comprar-spa-moderno-home-1.jpg","contentUrl":"https:\/\/www.cataloniaaqua.com\/wp-content\/uploads\/2019\/02\/comprar-spa-moderno-home-1.jpg","width":450,"height":450,"caption":"Comprar Spa Home"},{"@type":"BreadcrumbList","@id":"https:\/\/www.cataloniaaqua.com\/ca\/comprar-aquavia-spa-cat\/spa-exterior-interior\/home\/#breadcrumb","itemListElement":[{"@type":"ListItem","position":1,"name":"Jacuzzi Spa y Cubierta de Piscina","item":"https:\/\/www.cataloniaaqua.com\/ca\/"},{"@type":"ListItem","position":2,"name":"Comprar Aquavia Spa\u00ae","item":"https:\/\/www.cataloniaaqua.com\/ca\/comprar-aquavia-spa-cat\/"},{"@type":"ListItem","position":3,"name":"Spa Exterior Interior Aquavia Spa\u00ae","item":"https:\/\/www.cataloniaaqua.com\/ca\/comprar-aquavia-spa-cat\/spa-exterior-interior\/"},{"@type":"ListItem","position":4,"name":"Home"}]},{"@type":"WebSite","@id":"https:\/\/www.cataloniaaqua.com\/ca\/#website","url":"https:\/\/www.cataloniaaqua.com\/ca\/","name":"Aquagrup Spas","description":"Spas y Swim Spas Aquavia y Jacuzzi","publisher":{"@id":"https:\/\/www.cataloniaaqua.com\/ca\/#organization"},"alternateName":"Aquagrup","potentialAction":[{"@type":"SearchAction","target":{"@type":"EntryPoint","urlTemplate":"https:\/\/www.cataloniaaqua.com\/ca\/?s={search_term_string}"},"query-input":{"@type":"PropertyValueSpecification","valueRequired":true,"valueName":"search_term_string"}}],"inLanguage":"ca-ES"},{"@type":"Organization","@id":"https:\/\/www.cataloniaaqua.com\/ca\/#organization","name":"Aquagrup Spas","alternateName":"Aquagrup","url":"https:\/\/www.cataloniaaqua.com\/ca\/","logo":{"@type":"ImageObject","inLanguage":"ca-ES","@id":"https:\/\/www.cataloniaaqua.com\/ca\/#\/schema\/logo\/image\/","url":"https:\/\/www.cataloniaaqua.com\/wp-content\/uploads\/2024\/01\/aquagrup-spas.jpg","contentUrl":"https:\/\/www.cataloniaaqua.com\/wp-content\/uploads\/2024\/01\/aquagrup-spas.jpg","width":696,"height":693,"caption":"Aquagrup Spas"},"image":{"@id":"https:\/\/www.cataloniaaqua.com\/ca\/#\/schema\/logo\/image\/"}}]}},"_links":{"self":[{"href":"https:\/\/www.cataloniaaqua.com\/ca\/wp-json\/wp\/v2\/pages\/14535","targetHints":{"allow":["GET"]}}],"collection":[{"href":"https:\/\/www.cataloniaaqua.com\/ca\/wp-json\/wp\/v2\/pages"}],"about":[{"href":"https:\/\/www.cataloniaaqua.com\/ca\/wp-json\/wp\/v2\/types\/page"}],"author":[{"embeddable":true,"href":"https:\/\/www.cataloniaaqua.com\/ca\/wp-json\/wp\/v2\/users\/3"}],"replies":[{"embeddable":true,"href":"https:\/\/www.cataloniaaqua.com\/ca\/wp-json\/wp\/v2\/comments?post=14535"}],"version-history":[{"count":0,"href":"https:\/\/www.cataloniaaqua.com\/ca\/wp-json\/wp\/v2\/pages\/14535\/revisions"}],"up":[{"embeddable":true,"href":"https:\/\/www.cataloniaaqua.com\/ca\/wp-json\/wp\/v2\/pages\/43"}],"wp:featuredmedia":[{"embeddable":true,"href":"https:\/\/www.cataloniaaqua.com\/ca\/wp-json\/wp\/v2\/media\/14528"}],"wp:attachment":[{"href":"https:\/\/www.cataloniaaqua.com\/ca\/wp-json\/wp\/v2\/media?parent=14535"}],"curies":[{"name":"wp","href":"https:\/\/api.w.org\/{rel}","templated":true}]}}