{"id":1469,"date":"2015-05-11T11:39:42","date_gmt":"2015-05-11T11:39:42","guid":{"rendered":"http:\/\/www.cataloniaaqua.com\/comprar-spas\/spa-exterior-interior\/sundown\/"},"modified":"2023-01-23T17:18:05","modified_gmt":"2023-01-23T16:18:05","slug":"sundown","status":"publish","type":"page","link":"https:\/\/www.cataloniaaqua.com\/ca\/comprar-aquavia-spa-cat\/spa-exterior-interior\/sundown\/","title":{"rendered":"Sundown"},"content":{"rendered":"<div class=\"wpb-content-wrapper\">[vc_row][vc_column]\n<div class=\"slider-simple shortcode-photo-slider owl-carousel dt-owl-carousel-init photoSlider\" data-width=\"680\" data-height=\"390\" data-autoslide=\"5000\" data-paused=\"false\" style=\"width: 100%\" data-img-mode=\"fill\">\n\t<div class=\"slide-item\">\n\t\t<img loading=\"lazy\" decoding=\"async\" class=\"preload-me aspect\" src=\"https:\/\/www.cataloniaaqua.com\/wp-content\/uploads\/2015\/05\/spa-redondo-empotrable.jpg\" srcset=\"https:\/\/www.cataloniaaqua.com\/wp-content\/uploads\/2015\/05\/spa-redondo-empotrable.jpg 738w\" style=\"--ratio: 738 \/ 334\" sizes=\"auto, (max-width: 738px) 100vw, 738px\" width=\"738\" height=\"334\"  alt=\"\"  \/>\n\t\t<div class=\"slider-post-caption\">\n\t\t\t<div class=\"slider-post-inner\">\n\t\t\t\t<h4>spa-redondo-empotrable<\/h4>\n\t\t\t<\/div>\n\t\t<\/div><\/div>\n\t<div class=\"slide-item\">\n\t\t<img loading=\"lazy\" decoding=\"async\" class=\"preload-me aspect\" src=\"https:\/\/www.cataloniaaqua.com\/wp-content\/uploads\/2015\/05\/spa-redondo.jpg\" srcset=\"https:\/\/www.cataloniaaqua.com\/wp-content\/uploads\/2015\/05\/spa-redondo.jpg 738w\" style=\"--ratio: 738 \/ 334\" sizes=\"auto, (max-width: 738px) 100vw, 738px\" width=\"738\" height=\"334\"  alt=\"\"  \/>\n\t\t<div class=\"slider-post-caption\">\n\t\t\t<div class=\"slider-post-inner\">\n\t\t\t\t<h4>spa-redondo<\/h4>\n\t\t\t<\/div>\n\t\t<\/div><\/div>\n\t<div class=\"slide-item\">\n\t\t<img loading=\"lazy\" decoding=\"async\" class=\"preload-me aspect\" src=\"https:\/\/www.cataloniaaqua.com\/wp-content\/uploads\/2015\/05\/spa-circular-mueble.jpg\" srcset=\"https:\/\/www.cataloniaaqua.com\/wp-content\/uploads\/2015\/05\/spa-circular-mueble.jpg 738w\" style=\"--ratio: 738 \/ 334\" sizes=\"auto, (max-width: 738px) 100vw, 738px\" width=\"738\" height=\"334\"  alt=\"\"  \/>\n\t\t<div class=\"slider-post-caption\">\n\t\t\t<div class=\"slider-post-inner\">\n\t\t\t\t<h4>spa-circular-mueble<\/h4>\n\t\t\t<\/div>\n\t\t<\/div><\/div>\n\t<div class=\"slide-item\">\n\t\t<img loading=\"lazy\" decoding=\"async\" class=\"preload-me aspect\" src=\"https:\/\/www.cataloniaaqua.com\/wp-content\/uploads\/2015\/05\/spa-circular.jpg\" srcset=\"https:\/\/www.cataloniaaqua.com\/wp-content\/uploads\/2015\/05\/spa-circular.jpg 738w\" style=\"--ratio: 738 \/ 334\" sizes=\"auto, (max-width: 738px) 100vw, 738px\" width=\"738\" height=\"334\"  alt=\"\"  \/>\n\t\t<div class=\"slider-post-caption\">\n\t\t\t<div class=\"slider-post-inner\">\n\t\t\t\t<h4>spa-circular<\/h4>\n\t\t\t<\/div>\n\t\t<\/div><\/div><\/div>[vc_raw_html]\n<p>JTNDZGl2JTIwY2xhc3MlM0QlMjJ0cC1iYW5uZXJzaGFkb3clMjB0cC1zaGFkb3cyJTIwc29tYnJhcnMlMjIlM0UlM0MlMkZkaXYlM0U=<\/p>\n[\/vc_raw_html][vc_empty_space][\/vc_column][\/vc_row][vc_row][vc_column][vc_column_text]\n<h2>Spas Sundown i Round 2<\/h2>\n<p>Els spas circulars Sundown i Round 2, han sigut dissenyats fent servir l\u2019\u00faltima tecnologia per a oferir els millor resultats amb un disseny actual i modern. Amb\u00a0 2 m. de di\u00e0metre, es converteix en un spa ideal per que es puguin relaxar fins a cinc persones i \u00e9s una soluci\u00f3 ideal per a beneficiar-se de les avantatges de tenir un gran spa a casa seva i per a tota la fam\u00edlia.<\/p>\n<p>El spa Sundown i el Spa Round 2 s\u00f3n spas encastables d\u2019exterior aptes per a instal\u00b7lar en superf\u00edcie amb moble.<\/p>\n<p><strong>SERVEI A TOTA ESPANYA<\/strong><\/p>\n[\/vc_column_text][vc_accordion active_tab=&#8221;false&#8221;][vc_accordion_tab title=&#8221;Info&#8221;][vc_column_text]\n[\/vc_column_text][\/vc_accordion_tab][\/vc_accordion][\/vc_column][\/vc_row][vc_row][vc_column][vc_tabs interval=&#8221;0&#8243;][vc_tab title=&#8221;Circuits&#8221; tab_id=&#8221;fcaea0c7-9e32-5332c-1168c95e-423f&#8221;][vc_row_inner][vc_column_inner][vc_column_text]<div class=\"omsc-accordion\">\n<div class=\"omsc-toggle omsc-expanded\"><div class=\"omsc-toggle-title\">Posicions<\/div><div class=\"omsc-toggle-inner\" style=\"display:block\">\n<a class=\"dt-single-image\" href=\"https:\/\/www.cataloniaaqua.com\/wp-content\/uploads\/2015\/05\/sundown-spa-hidromasaje.jpg\" data-dt-img-description=\"\"><img loading=\"lazy\" decoding=\"async\" class=\"alignnone wp-image-7696 size-full\" src=\"https:\/\/www.cataloniaaqua.com\/wp-content\/uploads\/2015\/05\/sundown-spa-hidromasaje.jpg\" alt=\"\" width=\"704\" height=\"335\" srcset=\"https:\/\/www.cataloniaaqua.com\/wp-content\/uploads\/2015\/05\/sundown-spa-hidromasaje.jpg 704w, https:\/\/www.cataloniaaqua.com\/wp-content\/uploads\/2015\/05\/sundown-spa-hidromasaje-300x143.jpg 300w\" sizes=\"auto, (max-width: 704px) 100vw, 704px\" \/><\/a><br \/>\n<\/div><\/div>\n<div class=\"omsc-toggle\"><div class=\"omsc-toggle-title\">Posici\u00f3 1<\/div><div class=\"omsc-toggle-inner\">\n<p><a class=\"dt-single-image\" href=\"https:\/\/www.cataloniaaqua.com\/wp-content\/uploads\/2015\/05\/sundown-jacuzzis-spas-1.jpg\" data-dt-img-description=\"\"><img loading=\"lazy\" decoding=\"async\" class=\"alignnone wp-image-7699 size-full\" src=\"https:\/\/www.cataloniaaqua.com\/wp-content\/uploads\/2015\/05\/sundown-jacuzzis-spas-1.jpg\" alt=\"\" width=\"678\" height=\"243\" srcset=\"https:\/\/www.cataloniaaqua.com\/wp-content\/uploads\/2015\/05\/sundown-jacuzzis-spas-1.jpg 678w, https:\/\/www.cataloniaaqua.com\/wp-content\/uploads\/2015\/05\/sundown-jacuzzis-spas-1-300x108.jpg 300w\" sizes=\"auto, (max-width: 678px) 100vw, 678px\" \/><\/a><\/p>\n<\/div><\/div>\n<div class=\"omsc-toggle\"><div class=\"omsc-toggle-title\">Posici\u00f3 2<\/div><div class=\"omsc-toggle-inner\">\n<p><a class=\"dt-single-image\" href=\"https:\/\/www.cataloniaaqua.com\/wp-content\/uploads\/2015\/05\/sundown-jacuzzis-spas-2.jpg\" data-dt-img-description=\"\"><img loading=\"lazy\" decoding=\"async\" class=\"alignnone wp-image-7702 size-full\" src=\"https:\/\/www.cataloniaaqua.com\/wp-content\/uploads\/2015\/05\/sundown-jacuzzis-spas-2.jpg\" alt=\"\" width=\"678\" height=\"361\" srcset=\"https:\/\/www.cataloniaaqua.com\/wp-content\/uploads\/2015\/05\/sundown-jacuzzis-spas-2.jpg 678w, https:\/\/www.cataloniaaqua.com\/wp-content\/uploads\/2015\/05\/sundown-jacuzzis-spas-2-300x160.jpg 300w\" sizes=\"auto, (max-width: 678px) 100vw, 678px\" \/><\/a><\/p>\n<\/div><\/div>\n<div class=\"omsc-toggle\"><div class=\"omsc-toggle-title\">Posici\u00f3 3<\/div><div class=\"omsc-toggle-inner\">\n<p><a class=\"dt-single-image\" href=\"https:\/\/www.cataloniaaqua.com\/wp-content\/uploads\/2015\/05\/aqualfie5-jacuzzis-spas-3.jpg\" data-dt-img-description=\"\"><img loading=\"lazy\" decoding=\"async\" class=\"alignnone size-full wp-image-7585\" src=\"https:\/\/www.cataloniaaqua.com\/wp-content\/uploads\/2015\/05\/aqualfie5-jacuzzis-spas-3.jpg\" alt=\"aqualfie5-jacuzzis-spas-3\" width=\"678\" height=\"339\" srcset=\"https:\/\/www.cataloniaaqua.com\/wp-content\/uploads\/2015\/05\/aqualfie5-jacuzzis-spas-3.jpg 678w, https:\/\/www.cataloniaaqua.com\/wp-content\/uploads\/2015\/05\/aqualfie5-jacuzzis-spas-3-300x150.jpg 300w\" sizes=\"auto, (max-width: 678px) 100vw, 678px\" \/><\/a><\/p>\n<\/div><\/div>\n<div class=\"omsc-toggle\"><div class=\"omsc-toggle-title\">Posici\u00f3 4<\/div><div class=\"omsc-toggle-inner\">\n<p><a class=\"dt-single-image\" href=\"https:\/\/www.cataloniaaqua.com\/wp-content\/uploads\/2015\/05\/aqualfie5-jacuzzis-spas-4.jpg\" data-dt-img-description=\"\"><img loading=\"lazy\" decoding=\"async\" class=\"alignnone size-full wp-image-7588\" src=\"https:\/\/www.cataloniaaqua.com\/wp-content\/uploads\/2015\/05\/aqualfie5-jacuzzis-spas-4.jpg\" alt=\"aqualfie5-jacuzzis-spas-4\" width=\"678\" height=\"320\" srcset=\"https:\/\/www.cataloniaaqua.com\/wp-content\/uploads\/2015\/05\/aqualfie5-jacuzzis-spas-4.jpg 678w, https:\/\/www.cataloniaaqua.com\/wp-content\/uploads\/2015\/05\/aqualfie5-jacuzzis-spas-4-300x142.jpg 300w\" sizes=\"auto, (max-width: 678px) 100vw, 678px\" \/><\/a><\/p>\n<\/div><\/div>\n<div class=\"omsc-toggle\"><div class=\"omsc-toggle-title\">Posici\u00f3 5<\/div><div class=\"omsc-toggle-inner\">\n<a class=\"dt-single-image\" href=\"https:\/\/www.cataloniaaqua.com\/wp-content\/uploads\/2015\/05\/sundown-jacuzzis-spas-5.jpg\" data-dt-img-description=\"\"><img loading=\"lazy\" decoding=\"async\" class=\"alignnone wp-image-7711 size-full\" src=\"https:\/\/www.cataloniaaqua.com\/wp-content\/uploads\/2015\/05\/sundown-jacuzzis-spas-5.jpg\" alt=\"\" width=\"678\" height=\"296\" srcset=\"https:\/\/www.cataloniaaqua.com\/wp-content\/uploads\/2015\/05\/sundown-jacuzzis-spas-5.jpg 678w, https:\/\/www.cataloniaaqua.com\/wp-content\/uploads\/2015\/05\/sundown-jacuzzis-spas-5-300x131.jpg 300w\" sizes=\"auto, (max-width: 678px) 100vw, 678px\" \/><\/a><br \/>\n<\/div><\/div>\n<\/div>[\/vc_column_text][\/vc_column_inner][\/vc_row_inner][\/vc_tab][vc_tab title=&#8221;Prestacions&#8221; tab_id=&#8221;3819c923-fee0-2332c-1168c95e-423f&#8221;][vc_single_image image=&#8221;7714&#8243; img_size=&#8221;full&#8221;][\/vc_tab][vc_tab title=&#8221;Caracter\u00edstiques&#8221; tab_id=&#8221;1428999164043-2-5332c-1168c95e-423f&#8221;][vc_single_image image=&#8221;7717&#8243; img_size=&#8221;full&#8221;][vc_single_image image=&#8221;7720&#8243; img_size=&#8221;full&#8221;][vc_single_image image=&#8221;7723&#8243; img_size=&#8221;full&#8221;][\/vc_tab][vc_tab title=&#8221;Acabats&#8221; tab_id=&#8221;1428999192252-3-8332c-1168c95e-423f&#8221;][vc_column_text]\n<h3>Colors de l\u2019acr\u00edlic<\/h3>\n[\/vc_column_text][vc_single_image image=&#8221;13066&#8243; img_size=&#8221;full&#8221;][vc_column_text]\n<h3>Acabats del moble<\/h3>\n[\/vc_column_text][vc_single_image image=&#8221;13070&#8243; img_size=&#8221;full&#8221;][\/vc_tab][vc_tab title=&#8221;Accessoris&#8221; tab_id=&#8221;1428999253035-4-6332c-1168c95e-423f&#8221;][vc_single_image image=&#8221;7732&#8243; img_size=&#8221;full&#8221;][\/vc_tab][vc_tab title=&#8221;Documentaci\u00f3&#8221; tab_id=&#8221;1428999293099-5-6332c-1168c95e-423f&#8221;][vc_column_text]<table class=\"omsc-custom-table omsc-style-1\"><tr><td>Document amb les especificacions t\u00e8cniques i les opcions disponibles.<\/td><td><a href=\"\/wp-content\/uploads\/pdfs\/especificaciones\/comprar-spa-sundown.pdf\" target=\"_blank\" rel=\"noopener noreferrer\"><img decoding=\"async\" src=\"https:\/\/www.cataloniaaqua.com\/wp-content\/uploads\/2018\/06\/pdf.png\" alt=\"PDF\" \/><\/a><\/td><\/tr><tr><td>Pl\u00e0nols t\u00e8cnics amb la disposici\u00f3 dels jets i dimensions del spa.<\/td><td><a href=\"\/wp-content\/uploads\/pdfs\/planos\/sundown.pdf\" target=\"_blank\" rel=\"noopener noreferrer\"><img decoding=\"async\" src=\"https:\/\/www.cataloniaaqua.com\/wp-content\/uploads\/2018\/06\/pdf.png\" alt=\"PDF\" \/><\/a><\/td><\/tr><tr><td>Manual d&#8217;Instal\u00b7laci\u00f3 i Manual d&#8217;Instruccions.<\/td><td><a href=\"https:\/\/www.cataloniaaqua.com\/wp-content\/uploads\/pdfs\/manual-instalacion-manual-instrucciones-spas-swimspas.pdf\" target=\"_blank\" rel=\"noopener noreferrer\"><img decoding=\"async\" src=\"https:\/\/www.cataloniaaqua.com\/wp-content\/uploads\/2018\/06\/pdf.png\" alt=\"PDF\" \/><\/a><\/td><\/tr><tr><td>Certificat de Garantia.<\/td><td><a href=\"\/wp-content\/uploads\/pdfs\/garantia\/garantias.pdf\" target=\"_blank\" rel=\"noopener noreferrer\"><img decoding=\"async\" src=\"https:\/\/www.cataloniaaqua.com\/wp-content\/uploads\/2018\/06\/pdf.png\" alt=\"PDF\" \/><\/a><\/td><\/tr><\/table>[\/vc_column_text][\/vc_tab][\/vc_tabs][\/vc_column][\/vc_row][vc_row margin_top=&#8221;32px&#8221; margin_bottom=&#8221;0&#8243;][vc_column][vc_raw_html]JTVCYndfc3Bhc19yZWxhYyU1RA==[\/vc_raw_html][\/vc_column][\/vc_row][vc_row][vc_column][vc_empty_space][\/vc_column][\/vc_row]\n<\/div>","protected":false},"excerpt":{"rendered":"<p>[vc_row][vc_column][vc_raw_html] JTNDZGl2JTIwY2xhc3MlM0QlMjJ0cC1iYW5uZXJzaGFkb3clMjB0cC1zaGFkb3cyJTIwc29tYnJhcnMlMjIlM0UlM0MlMkZkaXYlM0U= [\/vc_raw_html][vc_empty_space][\/vc_column][\/vc_row][vc_row][vc_column][vc_column_text] Spas Sundown i Round 2 Els spas circulars Sundown i Round 2, han sigut dissenyats fent servir l\u2019\u00faltima tecnologia per a oferir els millor resultats amb un disseny actual i modern. Amb\u00a0 2 m. de di\u00e0metre, es converteix en un spa ideal per que es puguin relaxar fins a cinc persones i&hellip;<\/p>\n","protected":false},"author":3,"featured_media":1025,"parent":43,"menu_order":0,"comment_status":"closed","ping_status":"closed","template":"","meta":{"_acf_changed":false,"footnotes":""},"class_list":["post-1469","page","type-page","status-publish","has-post-thumbnail","hentry","description-off"],"acf":[],"yoast_head":"<!-- This site is optimized with the Yoast SEO plugin v27.2 - https:\/\/yoast.com\/product\/yoast-seo-wordpress\/ -->\n<title>Venda \/ Comprar Spa Rod\u00f3 Sundown i Round 2<\/title>\n<meta name=\"description\" content=\"Est\u00e0s Pensant en Comprar un Spa Exterior o Interior? Coneixes els nou Spas Rodons Sundown i Round 2 de Aquavia Spa. Informa&#039;t!\" \/>\n<meta name=\"robots\" content=\"index, follow, max-snippet:-1, max-image-preview:large, max-video-preview:-1\" \/>\n<link rel=\"canonical\" href=\"https:\/\/www.cataloniaaqua.com\/ca\/comprar-aquavia-spa-cat\/spa-exterior-interior\/sundown\/\" \/>\n<meta property=\"og:locale\" content=\"ca_ES\" \/>\n<meta property=\"og:type\" content=\"article\" \/>\n<meta property=\"og:title\" content=\"Venda \/ Comprar Spa Rod\u00f3 Sundown i Round 2\" \/>\n<meta property=\"og:description\" content=\"Est\u00e0s Pensant en Comprar un Spa Exterior o Interior? Coneixes els nou Spas Rodons Sundown i Round 2 de Aquavia Spa. Informa&#039;t!\" \/>\n<meta property=\"og:url\" content=\"https:\/\/www.cataloniaaqua.com\/ca\/comprar-aquavia-spa-cat\/spa-exterior-interior\/sundown\/\" \/>\n<meta property=\"og:site_name\" content=\"Aquagrup Spas\" \/>\n<meta property=\"article:modified_time\" content=\"2023-01-23T16:18:05+00:00\" \/>\n<meta property=\"og:image\" content=\"https:\/\/www.cataloniaaqua.com\/wp-content\/uploads\/2015\/04\/sundown_menu.jpg\" \/>\n\t<meta property=\"og:image:width\" content=\"450\" \/>\n\t<meta property=\"og:image:height\" content=\"450\" \/>\n\t<meta property=\"og:image:type\" content=\"image\/jpeg\" \/>\n<meta name=\"twitter:label1\" content=\"Est. reading time\" \/>\n\t<meta name=\"twitter:data1\" content=\"3 minutes\" \/>\n<script type=\"application\/ld+json\" class=\"yoast-schema-graph\">{\"@context\":\"https:\/\/schema.org\",\"@graph\":[{\"@type\":\"WebPage\",\"@id\":\"https:\/\/www.cataloniaaqua.com\/ca\/comprar-aquavia-spa-cat\/spa-exterior-interior\/sundown\/\",\"url\":\"https:\/\/www.cataloniaaqua.com\/ca\/comprar-aquavia-spa-cat\/spa-exterior-interior\/sundown\/\",\"name\":\"Venda \/ Comprar Spa Rod\u00f3 Sundown i Round 2\",\"isPartOf\":{\"@id\":\"https:\/\/www.cataloniaaqua.com\/ca\/#website\"},\"primaryImageOfPage\":{\"@id\":\"https:\/\/www.cataloniaaqua.com\/ca\/comprar-aquavia-spa-cat\/spa-exterior-interior\/sundown\/#primaryimage\"},\"image\":{\"@id\":\"https:\/\/www.cataloniaaqua.com\/ca\/comprar-aquavia-spa-cat\/spa-exterior-interior\/sundown\/#primaryimage\"},\"thumbnailUrl\":\"https:\/\/www.cataloniaaqua.com\/wp-content\/uploads\/2015\/04\/sundown_menu.jpg\",\"datePublished\":\"2015-05-11T11:39:42+00:00\",\"dateModified\":\"2023-01-23T16:18:05+00:00\",\"description\":\"Est\u00e0s Pensant en Comprar un Spa Exterior o Interior? Coneixes els nou Spas Rodons Sundown i Round 2 de Aquavia Spa. Informa't!\",\"breadcrumb\":{\"@id\":\"https:\/\/www.cataloniaaqua.com\/ca\/comprar-aquavia-spa-cat\/spa-exterior-interior\/sundown\/#breadcrumb\"},\"inLanguage\":\"ca-ES\",\"potentialAction\":[{\"@type\":\"ReadAction\",\"target\":[\"https:\/\/www.cataloniaaqua.com\/ca\/comprar-aquavia-spa-cat\/spa-exterior-interior\/sundown\/\"]}]},{\"@type\":\"ImageObject\",\"inLanguage\":\"ca-ES\",\"@id\":\"https:\/\/www.cataloniaaqua.com\/ca\/comprar-aquavia-spa-cat\/spa-exterior-interior\/sundown\/#primaryimage\",\"url\":\"https:\/\/www.cataloniaaqua.com\/wp-content\/uploads\/2015\/04\/sundown_menu.jpg\",\"contentUrl\":\"https:\/\/www.cataloniaaqua.com\/wp-content\/uploads\/2015\/04\/sundown_menu.jpg\",\"width\":450,\"height\":450},{\"@type\":\"BreadcrumbList\",\"@id\":\"https:\/\/www.cataloniaaqua.com\/ca\/comprar-aquavia-spa-cat\/spa-exterior-interior\/sundown\/#breadcrumb\",\"itemListElement\":[{\"@type\":\"ListItem\",\"position\":1,\"name\":\"Jacuzzi Spa y Cubierta de Piscina\",\"item\":\"https:\/\/www.cataloniaaqua.com\/ca\/\"},{\"@type\":\"ListItem\",\"position\":2,\"name\":\"Comprar Aquavia Spa\u00ae\",\"item\":\"https:\/\/www.cataloniaaqua.com\/ca\/comprar-aquavia-spa-cat\/\"},{\"@type\":\"ListItem\",\"position\":3,\"name\":\"Spa Exterior Interior Aquavia Spa\u00ae\",\"item\":\"https:\/\/www.cataloniaaqua.com\/ca\/comprar-aquavia-spa-cat\/spa-exterior-interior\/\"},{\"@type\":\"ListItem\",\"position\":4,\"name\":\"Sundown\"}]},{\"@type\":\"WebSite\",\"@id\":\"https:\/\/www.cataloniaaqua.com\/ca\/#website\",\"url\":\"https:\/\/www.cataloniaaqua.com\/ca\/\",\"name\":\"Aquagrup Spas\",\"description\":\"Spas y Swim Spas Aquavia y Jacuzzi\",\"publisher\":{\"@id\":\"https:\/\/www.cataloniaaqua.com\/ca\/#organization\"},\"alternateName\":\"Aquagrup\",\"potentialAction\":[{\"@type\":\"SearchAction\",\"target\":{\"@type\":\"EntryPoint\",\"urlTemplate\":\"https:\/\/www.cataloniaaqua.com\/ca\/?s={search_term_string}\"},\"query-input\":{\"@type\":\"PropertyValueSpecification\",\"valueRequired\":true,\"valueName\":\"search_term_string\"}}],\"inLanguage\":\"ca-ES\"},{\"@type\":\"Organization\",\"@id\":\"https:\/\/www.cataloniaaqua.com\/ca\/#organization\",\"name\":\"Aquagrup Spas\",\"alternateName\":\"Aquagrup\",\"url\":\"https:\/\/www.cataloniaaqua.com\/ca\/\",\"logo\":{\"@type\":\"ImageObject\",\"inLanguage\":\"ca-ES\",\"@id\":\"https:\/\/www.cataloniaaqua.com\/ca\/#\/schema\/logo\/image\/\",\"url\":\"https:\/\/www.cataloniaaqua.com\/wp-content\/uploads\/2024\/01\/aquagrup-spas.jpg\",\"contentUrl\":\"https:\/\/www.cataloniaaqua.com\/wp-content\/uploads\/2024\/01\/aquagrup-spas.jpg\",\"width\":696,\"height\":693,\"caption\":\"Aquagrup Spas\"},\"image\":{\"@id\":\"https:\/\/www.cataloniaaqua.com\/ca\/#\/schema\/logo\/image\/\"}}]}<\/script>\n<!-- \/ Yoast SEO plugin. -->","yoast_head_json":{"title":"Venda \/ Comprar Spa Rod\u00f3 Sundown i Round 2","description":"Est\u00e0s Pensant en Comprar un Spa Exterior o Interior? Coneixes els nou Spas Rodons Sundown i Round 2 de Aquavia Spa. Informa't!","robots":{"index":"index","follow":"follow","max-snippet":"max-snippet:-1","max-image-preview":"max-image-preview:large","max-video-preview":"max-video-preview:-1"},"canonical":"https:\/\/www.cataloniaaqua.com\/ca\/comprar-aquavia-spa-cat\/spa-exterior-interior\/sundown\/","og_locale":"ca_ES","og_type":"article","og_title":"Venda \/ Comprar Spa Rod\u00f3 Sundown i Round 2","og_description":"Est\u00e0s Pensant en Comprar un Spa Exterior o Interior? Coneixes els nou Spas Rodons Sundown i Round 2 de Aquavia Spa. Informa't!","og_url":"https:\/\/www.cataloniaaqua.com\/ca\/comprar-aquavia-spa-cat\/spa-exterior-interior\/sundown\/","og_site_name":"Aquagrup Spas","article_modified_time":"2023-01-23T16:18:05+00:00","og_image":[{"width":450,"height":450,"url":"https:\/\/www.cataloniaaqua.com\/wp-content\/uploads\/2015\/04\/sundown_menu.jpg","type":"image\/jpeg"}],"twitter_misc":{"Est. reading time":"3 minutes"},"schema":{"@context":"https:\/\/schema.org","@graph":[{"@type":"WebPage","@id":"https:\/\/www.cataloniaaqua.com\/ca\/comprar-aquavia-spa-cat\/spa-exterior-interior\/sundown\/","url":"https:\/\/www.cataloniaaqua.com\/ca\/comprar-aquavia-spa-cat\/spa-exterior-interior\/sundown\/","name":"Venda \/ Comprar Spa Rod\u00f3 Sundown i Round 2","isPartOf":{"@id":"https:\/\/www.cataloniaaqua.com\/ca\/#website"},"primaryImageOfPage":{"@id":"https:\/\/www.cataloniaaqua.com\/ca\/comprar-aquavia-spa-cat\/spa-exterior-interior\/sundown\/#primaryimage"},"image":{"@id":"https:\/\/www.cataloniaaqua.com\/ca\/comprar-aquavia-spa-cat\/spa-exterior-interior\/sundown\/#primaryimage"},"thumbnailUrl":"https:\/\/www.cataloniaaqua.com\/wp-content\/uploads\/2015\/04\/sundown_menu.jpg","datePublished":"2015-05-11T11:39:42+00:00","dateModified":"2023-01-23T16:18:05+00:00","description":"Est\u00e0s Pensant en Comprar un Spa Exterior o Interior? Coneixes els nou Spas Rodons Sundown i Round 2 de Aquavia Spa. Informa't!","breadcrumb":{"@id":"https:\/\/www.cataloniaaqua.com\/ca\/comprar-aquavia-spa-cat\/spa-exterior-interior\/sundown\/#breadcrumb"},"inLanguage":"ca-ES","potentialAction":[{"@type":"ReadAction","target":["https:\/\/www.cataloniaaqua.com\/ca\/comprar-aquavia-spa-cat\/spa-exterior-interior\/sundown\/"]}]},{"@type":"ImageObject","inLanguage":"ca-ES","@id":"https:\/\/www.cataloniaaqua.com\/ca\/comprar-aquavia-spa-cat\/spa-exterior-interior\/sundown\/#primaryimage","url":"https:\/\/www.cataloniaaqua.com\/wp-content\/uploads\/2015\/04\/sundown_menu.jpg","contentUrl":"https:\/\/www.cataloniaaqua.com\/wp-content\/uploads\/2015\/04\/sundown_menu.jpg","width":450,"height":450},{"@type":"BreadcrumbList","@id":"https:\/\/www.cataloniaaqua.com\/ca\/comprar-aquavia-spa-cat\/spa-exterior-interior\/sundown\/#breadcrumb","itemListElement":[{"@type":"ListItem","position":1,"name":"Jacuzzi Spa y Cubierta de Piscina","item":"https:\/\/www.cataloniaaqua.com\/ca\/"},{"@type":"ListItem","position":2,"name":"Comprar Aquavia Spa\u00ae","item":"https:\/\/www.cataloniaaqua.com\/ca\/comprar-aquavia-spa-cat\/"},{"@type":"ListItem","position":3,"name":"Spa Exterior Interior Aquavia Spa\u00ae","item":"https:\/\/www.cataloniaaqua.com\/ca\/comprar-aquavia-spa-cat\/spa-exterior-interior\/"},{"@type":"ListItem","position":4,"name":"Sundown"}]},{"@type":"WebSite","@id":"https:\/\/www.cataloniaaqua.com\/ca\/#website","url":"https:\/\/www.cataloniaaqua.com\/ca\/","name":"Aquagrup Spas","description":"Spas y Swim Spas Aquavia y Jacuzzi","publisher":{"@id":"https:\/\/www.cataloniaaqua.com\/ca\/#organization"},"alternateName":"Aquagrup","potentialAction":[{"@type":"SearchAction","target":{"@type":"EntryPoint","urlTemplate":"https:\/\/www.cataloniaaqua.com\/ca\/?s={search_term_string}"},"query-input":{"@type":"PropertyValueSpecification","valueRequired":true,"valueName":"search_term_string"}}],"inLanguage":"ca-ES"},{"@type":"Organization","@id":"https:\/\/www.cataloniaaqua.com\/ca\/#organization","name":"Aquagrup Spas","alternateName":"Aquagrup","url":"https:\/\/www.cataloniaaqua.com\/ca\/","logo":{"@type":"ImageObject","inLanguage":"ca-ES","@id":"https:\/\/www.cataloniaaqua.com\/ca\/#\/schema\/logo\/image\/","url":"https:\/\/www.cataloniaaqua.com\/wp-content\/uploads\/2024\/01\/aquagrup-spas.jpg","contentUrl":"https:\/\/www.cataloniaaqua.com\/wp-content\/uploads\/2024\/01\/aquagrup-spas.jpg","width":696,"height":693,"caption":"Aquagrup Spas"},"image":{"@id":"https:\/\/www.cataloniaaqua.com\/ca\/#\/schema\/logo\/image\/"}}]}},"_links":{"self":[{"href":"https:\/\/www.cataloniaaqua.com\/ca\/wp-json\/wp\/v2\/pages\/1469","targetHints":{"allow":["GET"]}}],"collection":[{"href":"https:\/\/www.cataloniaaqua.com\/ca\/wp-json\/wp\/v2\/pages"}],"about":[{"href":"https:\/\/www.cataloniaaqua.com\/ca\/wp-json\/wp\/v2\/types\/page"}],"author":[{"embeddable":true,"href":"https:\/\/www.cataloniaaqua.com\/ca\/wp-json\/wp\/v2\/users\/3"}],"replies":[{"embeddable":true,"href":"https:\/\/www.cataloniaaqua.com\/ca\/wp-json\/wp\/v2\/comments?post=1469"}],"version-history":[{"count":0,"href":"https:\/\/www.cataloniaaqua.com\/ca\/wp-json\/wp\/v2\/pages\/1469\/revisions"}],"up":[{"embeddable":true,"href":"https:\/\/www.cataloniaaqua.com\/ca\/wp-json\/wp\/v2\/pages\/43"}],"wp:featuredmedia":[{"embeddable":true,"href":"https:\/\/www.cataloniaaqua.com\/ca\/wp-json\/wp\/v2\/media\/1025"}],"wp:attachment":[{"href":"https:\/\/www.cataloniaaqua.com\/ca\/wp-json\/wp\/v2\/media?parent=1469"}],"curies":[{"name":"wp","href":"https:\/\/api.w.org\/{rel}","templated":true}]}}