{"id":1666,"date":"2015-04-20T11:20:59","date_gmt":"2015-04-20T11:20:59","guid":{"rendered":"http:\/\/www.cataloniaaqua.com\/comprar-spas\/spas-acero-inoxidable\/"},"modified":"2025-07-14T15:17:14","modified_gmt":"2025-07-14T13:17:14","slug":"spa-acer-inoxidable","status":"publish","type":"page","link":"https:\/\/www.cataloniaaqua.com\/ca\/comprar-spas\/spa-acer-inoxidable\/","title":{"rendered":"Spas d&#8217;Acer Inoxidable Aquavia Spa\u00ae"},"content":{"rendered":"<div class=\"wpb-content-wrapper\">[vc_row][vc_column][vc_column_text css=&#8221;&#8221;][vc_row_inner margin_top=\"0\" margin_bottom=\"20px\"][\/vc_row_inner][vc_row_inner margin_top=\"0\" margin_bottom=\"20px\"][vc_column_inner width=\"1\/2\"]<div class=\"bw_wri\"><div class=\"bw_fi\">[vc_single_image image=\"61505\" img_size=\"full\" alignment=\"center\" onclick=\"custom_link\" link=\"https:\/\/www.cataloniaaqua.com\/ca\/comprar-spas\/acer-inoxidable\/orbion-inox-6-persones\/\"]<\/div><div class=\"bw_si\">[vc_single_image image=\"61501\" img_size=\"full\" alignment=\"center\" onclick=\"custom_link\" link=\"https:\/\/www.cataloniaaqua.com\/ca\/comprar-spas\/acer-inoxidable\/orbion-inox-6-persones\/\"]<\/div><\/div>[vc_column_text]<h3><a href=\"https:\/\/www.cataloniaaqua.com\/ca\/comprar-spas\/acer-inoxidable\/orbion-inox-6-persones\/\">Spa Orbion (6 places)<\/a><\/h3>El spa desbordant d'acer inoxidable Orbion destaca pel seu disseny circular i la qualitat excepcional dels seus materials. Aquest exclusiu spa rod\u00f3 d'acer inoxidable ofereix una experi\u00e8ncia de relaxaci\u00f3 \u00fanica gr\u00e0cies als seus 6 llocs de massatge, 12 jets d'hidromassatge i 18 broquetes d'aire, que creen una sensaci\u00f3 envolupant de bombolles.\r\nSERVEI A TOTA ESPANYA[\/vc_column_text][\/vc_column_inner][vc_column_inner width=\"1\/2\"]<div class=\"bw_wri\"><div class=\"bw_fi\">[vc_single_image image=\"61509\" img_size=\"full\" alignment=\"center\" onclick=\"custom_link\" link=\"https:\/\/www.cataloniaaqua.com\/ca\/comprar-spas\/acer-inoxidable\/innovibe-6-persones-inox\/\"]<\/div><div class=\"bw_si\">[vc_single_image image=\"61513\" img_size=\"full\" alignment=\"center\" onclick=\"custom_link\" link=\"https:\/\/www.cataloniaaqua.com\/ca\/comprar-spas\/acer-inoxidable\/innovibe-6-persones-inox\/\"]<\/div><\/div>[vc_column_text]<h3><a href=\"https:\/\/www.cataloniaaqua.com\/ca\/comprar-spas\/acer-inoxidable\/innovibe-6-persones-inox\/\">Spa Acer Inoxidable InnoVibe 6 (6 places)<\/a><\/h3>L'InnoVibe 6 ofereix un spa d'hidromassatge d'acer inoxidable europeu per a 6 persones (284\u00d7221\u00d7120 cm) amb sistema desbordant, 34 jets, 16 broquetes d'aire, tecnologia Relax Impact, cromoter\u00e0pia LED, estructura met\u00e0l\u00b7lica galvanitzada anticorrosi\u00f3 i pulsadors piezoel\u00e8ctrics. Dissenyat i fabricat a Espanya com la resta de productes Aquavia Spa\u00ae.\r\nSERVEI A TOTA ESPANYA[\/vc_column_text][\/vc_column_inner][\/vc_row_inner][vc_row_inner margin_top=\"0\" margin_bottom=\"20px\"][vc_column_inner width=\"1\/2\"]<div class=\"bw_wri\"><div class=\"bw_fi\">[vc_single_image image=\"61521\" img_size=\"full\" alignment=\"center\" onclick=\"custom_link\" link=\"https:\/\/www.cataloniaaqua.com\/ca\/comprar-spas\/acer-inoxidable\/innovibe-8-persones-inox\/\"]<\/div><div class=\"bw_si\">[vc_single_image image=\"61521\" img_size=\"full\" alignment=\"center\" onclick=\"custom_link\" link=\"https:\/\/www.cataloniaaqua.com\/ca\/comprar-spas\/acer-inoxidable\/innovibe-8-persones-inox\/\"]<\/div><\/div>[vc_column_text]<h3><a href=\"https:\/\/www.cataloniaaqua.com\/ca\/comprar-spas\/acer-inoxidable\/innovibe-8-persones-inox\/\">Spa d\u2019Acer Inoxidable InnoVibe 8 (8 places)<\/a><\/h3>El spa desbordant d'acer inoxidable InnoVibe 8 destaca pel seu gran disseny rectangular i la qualitat excepcional dels seus materials. Aquest exclusiu spa d'acer inoxidable ofereix una experi\u00e8ncia de relaxaci\u00f3 \u00fanica gr\u00e0cies als seus 6 llocs de massatge, 12 jets d'hidromassatge i 18 broquetes d'aire, que creen una sensaci\u00f3 envolupant de bombolles.\r\nSERVEI A TOTA ESPANYA[\/vc_column_text][\/vc_column_inner][vc_column_inner width=\"1\/2\"]<div class=\"bw_wri\"><div class=\"bw_fi\">[vc_single_image image=\"61529\" img_size=\"full\" alignment=\"center\" onclick=\"custom_link\" link=\"https:\/\/www.cataloniaaqua.com\/ca\/comprar-spas\/acer-inoxidable\/innovibe-10-persones-inox\/\"]<\/div><div class=\"bw_si\">[vc_single_image image=\"61525\" img_size=\"full\" alignment=\"center\" onclick=\"custom_link\" link=\"https:\/\/www.cataloniaaqua.com\/ca\/comprar-spas\/acer-inoxidable\/innovibe-10-persones-inox\/\"]<\/div><\/div>[vc_column_text]<h3><a href=\"https:\/\/www.cataloniaaqua.com\/ca\/comprar-spas\/acer-inoxidable\/innovibe-10-persones-inox\/\">Spa Acer Inoxidable InnoVibe 10 (10 places)<\/a><\/h3>El spa InnoVibe 10 \u00e9s un spa d'hidromassatge d'acer inoxidable europeu amb capacitat per a 10 persones (411 \u00d7 221 \u00d7 120 cm) amb sistema desbordant, 56 jets, 24 injeccions d'aire, tecnologia Relax Impact, cromoter\u00e0pia LED, estructura met\u00e0l\u00b7lica anticorrosi\u00f3 i acabats personalitzables. Aquest jacuzzi es pot instal\u00b7lar en superf\u00edcie o empotrat tant en un jard\u00ed, una terrassa com a la coberta d'un vaixell.\r\nSERVEI A TOTA ESPANYA\r\n<div id=\"_tcx-axcpzhnrfr\" class=\"_tc_offscreeneded\"><\/div>\r\n<div id=\"_tcx-7a6h9nnzpo5\" class=\"_tc_offscreeneded\"><\/div>[\/vc_column_text][\/vc_column_inner][\/vc_row_inner][vc_row_inner margin_top=\"0\" margin_bottom=\"20px\"][vc_column_inner width=\"1\/2\"]<div class=\"bw_wri\"><div class=\"bw_fi\">[vc_single_image image=\"61497\" img_size=\"full\" alignment=\"center\" onclick=\"custom_link\" link=\"https:\/\/www.cataloniaaqua.com\/ca\/comprar-spas\/acer-inoxidable\/lineon-inox-4-persones\/\"]<\/div><div class=\"bw_si\">[vc_single_image image=\"61493\" img_size=\"full\" alignment=\"center\" onclick=\"custom_link\" link=\"https:\/\/www.cataloniaaqua.com\/ca\/comprar-spas\/acer-inoxidable\/lineon-inox-4-persones\/\"]<\/div><\/div>[vc_column_text]<h3><a href=\"https:\/\/www.cataloniaaqua.com\/ca\/comprar-spas\/acer-inoxidable\/lineon-inox-4-persones\/\">Spa Lineon (4 places)<\/a><\/h3>El spa desbordant d'acer inoxidable Lineon d'Aquavia Spa\u00ae destaca pel seu gran disseny rectangular i la qualitat excepcional dels seus materials. Aquest exclusiu spa d'acer inoxidable ofereix una experi\u00e8ncia de relaxaci\u00f3 \u00fanica gr\u00e0cies als seus 4 llocs de massatge, 12 jets d'hidromassatge i 18 broquetes d'aire, que creen una sensaci\u00f3 envolupant de bombolles.\r\nSERVEI A TOTA ESPANYA[\/vc_column_text][\/vc_column_inner][vc_column_inner width=\"1\/2\"]<div class=\"bw_wri\"><div class=\"bw_fi\">[vc_single_image image=\"61478\" img_size=\"full\" alignment=\"center\" onclick=\"custom_link\" link=\"https:\/\/www.cataloniaaqua.com\/ca\/comprar-spas\/acer-inoxidable\/elegant-inox-4-persones\/\"]<\/div><div class=\"bw_si\">[vc_single_image image=\"61482\" img_size=\"full\" alignment=\"center\" onclick=\"custom_link\" link=\"https:\/\/www.cataloniaaqua.com\/ca\/comprar-spas\/acer-inoxidable\/elegant-inox-4-persones\/\"]<\/div><\/div>[vc_column_text]<h3><a href=\"https:\/\/www.cataloniaaqua.com\/ca\/comprar-spas\/acer-inoxidable\/elegant-inox-4-persones\/\">Spa Elegant (4 places)<\/a><\/h3>El spa desbordant Elegant d'Acer Inoxidable \u00e9s un spa quadrat, elegant i capa\u00e7 de satisfer als m\u00e9s exigents. Els spas d'acer inoxidable formen part d'una nova etapa de desenvolupament, amb nous i ambiciosos spas. Equipat amb la tecnologia m\u00e9s avan\u00e7ada, continua oferint confort, eleg\u00e0ncia i excel\u00b7lents beneficis.\r\n\r\nSERVEI A TOTA ESPANYA[\/vc_column_text][\/vc_column_inner][\/vc_row_inner][\/vc_column_text][\/vc_column][\/vc_row][vc_row el_class=&#8221;hidden&#8221;][vc_column width=&#8221;1\/2&#8243;][vc_single_image image=&#8221;7300&#8243; img_size=&#8221;full&#8221; onclick=&#8221;custom_link&#8221; link=&#8221;\/ca\/comprar-spas\/spas-acer-inoxidable\/elegant-inox\/&#8221;][vc_column_text]\n<h2><a href=\"\/ca\/comprar-spas\/spas-acer-inoxidable\/elegant-inox\/\">Spa Desbordant Elegant Inox<\/a><\/h2>\n<p>El <strong>spa desbordant Elegant d\u2019Acer Inoxidable<\/strong> \u00e9s un spa distingit, elegant i capa\u00e7 de satisfer als m\u00e9s exigents. Els <strong>spas d\u2019acer inoxidable<\/strong> formant part d\u2019una emocionant etapa de desenvolupament, amb nous i ambiciosos <strong>spas<\/strong>. Equipat amb la tecnologia m\u00e9s avan\u00e7ada, segueix oferint confort, eleg\u00e0ncia i excel\u2022lents beneficis.<\/p>\n<p><strong>SERVEI A TOTA ESPANYA<\/strong>[\/vc_column_text][\/vc_column][vc_column width=&#8221;1\/2&#8243;][vc_single_image image=&#8221;10279&#8243; img_size=&#8221;full&#8221; onclick=&#8221;custom_link&#8221; link=&#8221;http:\/\/www.cataloniaaqua.com\/ca\/comprar-spas\/spas-acer-inoxidable\/mercurio\/&#8221;][vc_column_text]\n<h2><a href=\"http:\/\/www.cataloniaaqua.com\/ca\/comprar-spas\/spas-acer-inoxidable\/mercurio\/\">Spa Desbordant Mercurio Inox<\/a><\/h2>\n<p>El <strong>spa desbordant Mercurio\u00a0d\u2019Acer Inoxidable<\/strong> \u00e9s un spa elegant i exclusiu. Ofereix un circuit d&#8217;<strong>hidromassatge per a 4 persones<\/strong> (2 tumbones i 2 seients).<\/p>\n<p><strong>SERVEI A TOTA ESPANYA<\/strong>[\/vc_column_text][\/vc_column][\/vc_row][vc_row el_class=&#8221;hidden&#8221;][vc_column width=&#8221;1\/2&#8243;][vc_single_image image=&#8221;10318&#8243; img_size=&#8221;full&#8221; onclick=&#8221;custom_link&#8221; link=&#8221;http:\/\/www.cataloniaaqua.com\/ca\/comprar-spas\/spas-acer-inoxidable\/vulcano-inox\/&#8221;][vc_column_text]\n<h2><a href=\"http:\/\/www.cataloniaaqua.com\/ca\/comprar-spas\/spas-acer-inoxidable\/vulcano-inox\/\">Spa Desbordant circular Vulcano Inox<\/a><\/h2>\n<p>El <strong>spa circular desbordant Vulcano\u00a0d\u2019Acer Inoxidable<\/strong> \u00e9s un spa elegant de grans dimensions. Ofereix <strong>6 posicions d&#8217;hidromassatge<\/strong>.<\/p>\n<p><strong>SERVEI A TOTA ESPANYA<\/strong>[\/vc_column_text][\/vc_column][vc_column width=&#8221;1\/2&#8243;][vc_column_text]\n[\/vc_column_text][\/vc_column][\/vc_row]\n<div id=\"_tcx-ojpbrro0dac\" class=\"_tc_offscreeneded\"><\/div>\n<div id=\"_tcx-ef69o2o65cq\" class=\"_tc_offscreeneded\"><\/div>\n<\/div>","protected":false},"excerpt":{"rendered":"<p>[vc_row][vc_column][vc_column_text css=&#8221;&#8221;][\/vc_column_text][\/vc_column][\/vc_row][vc_row el_class=&#8221;hidden&#8221;][vc_column width=&#8221;1\/2&#8243;][vc_single_image image=&#8221;7300&#8243; img_size=&#8221;full&#8221; onclick=&#8221;custom_link&#8221; link=&#8221;\/ca\/comprar-spas\/spas-acer-inoxidable\/elegant-inox\/&#8221;][vc_column_text] Spa Desbordant Elegant Inox El spa desbordant Elegant d\u2019Acer Inoxidable \u00e9s un spa distingit, elegant i capa\u00e7 de satisfer als m\u00e9s exigents. Els spas d\u2019acer inoxidable formant part d\u2019una emocionant etapa de desenvolupament, amb nous i ambiciosos spas. Equipat amb la tecnologia m\u00e9s avan\u00e7ada, segueix oferint confort,&hellip;<\/p>\n","protected":false},"author":3,"featured_media":10279,"parent":42,"menu_order":0,"comment_status":"closed","ping_status":"closed","template":"","meta":{"_acf_changed":false,"footnotes":""},"class_list":["post-1666","page","type-page","status-publish","has-post-thumbnail","hentry","description-off"],"acf":[],"yoast_head":"<!-- This site is optimized with the Yoast SEO plugin v27.2 - https:\/\/yoast.com\/product\/yoast-seo-wordpress\/ -->\n<title>Comprar Spa d&#039;Acer Inoxidable Exterior | Aquagrup \u00ae Spas Inox<\/title>\n<meta name=\"description\" content=\"Est\u00e0s pensant a comprar un spa desbordant? Descobreix el nou Spa d\u2019Acer Inoxidable Elegant Inox d\u2019Aquavia Spas. Informa\u2019t a Aquagrup!\" \/>\n<meta name=\"robots\" content=\"index, follow, max-snippet:-1, max-image-preview:large, max-video-preview:-1\" \/>\n<link rel=\"canonical\" href=\"https:\/\/www.cataloniaaqua.com\/ca\/comprar-spas\/spa-acer-inoxidable\/\" \/>\n<meta property=\"og:locale\" content=\"ca_ES\" \/>\n<meta property=\"og:type\" content=\"article\" \/>\n<meta property=\"og:title\" content=\"Comprar Spa d&#039;Acer Inoxidable Exterior | Aquagrup \u00ae Spas Inox\" \/>\n<meta property=\"og:description\" content=\"Est\u00e0s pensant a comprar un spa desbordant? Descobreix el nou Spa d\u2019Acer Inoxidable Elegant Inox d\u2019Aquavia Spas. Informa\u2019t a Aquagrup!\" \/>\n<meta property=\"og:url\" content=\"https:\/\/www.cataloniaaqua.com\/ca\/comprar-spas\/spa-acer-inoxidable\/\" \/>\n<meta property=\"og:site_name\" content=\"Aquagrup Spas\" \/>\n<meta property=\"article:modified_time\" content=\"2025-07-14T13:17:14+00:00\" \/>\n<meta property=\"og:image\" content=\"https:\/\/www.cataloniaaqua.com\/wp-content\/uploads\/2016\/09\/comprar-spa-inox-mercurio-cataloniaaqua.jpg\" \/>\n\t<meta property=\"og:image:width\" content=\"450\" \/>\n\t<meta property=\"og:image:height\" content=\"450\" \/>\n\t<meta property=\"og:image:type\" content=\"image\/jpeg\" \/>\n<meta name=\"twitter:label1\" content=\"Est. reading time\" \/>\n\t<meta name=\"twitter:data1\" content=\"1 minute\" \/>\n<script type=\"application\/ld+json\" class=\"yoast-schema-graph\">{\"@context\":\"https:\/\/schema.org\",\"@graph\":[{\"@type\":\"WebPage\",\"@id\":\"https:\/\/www.cataloniaaqua.com\/ca\/comprar-spas\/spa-acer-inoxidable\/\",\"url\":\"https:\/\/www.cataloniaaqua.com\/ca\/comprar-spas\/spa-acer-inoxidable\/\",\"name\":\"Comprar Spa d'Acer Inoxidable Exterior | Aquagrup \u00ae Spas Inox\",\"isPartOf\":{\"@id\":\"https:\/\/www.cataloniaaqua.com\/ca\/#website\"},\"primaryImageOfPage\":{\"@id\":\"https:\/\/www.cataloniaaqua.com\/ca\/comprar-spas\/spa-acer-inoxidable\/#primaryimage\"},\"image\":{\"@id\":\"https:\/\/www.cataloniaaqua.com\/ca\/comprar-spas\/spa-acer-inoxidable\/#primaryimage\"},\"thumbnailUrl\":\"https:\/\/www.cataloniaaqua.com\/wp-content\/uploads\/2016\/09\/comprar-spa-inox-mercurio-cataloniaaqua.jpg\",\"datePublished\":\"2015-04-20T11:20:59+00:00\",\"dateModified\":\"2025-07-14T13:17:14+00:00\",\"description\":\"Est\u00e0s pensant a comprar un spa desbordant? Descobreix el nou Spa d\u2019Acer Inoxidable Elegant Inox d\u2019Aquavia Spas. Informa\u2019t a Aquagrup!\",\"breadcrumb\":{\"@id\":\"https:\/\/www.cataloniaaqua.com\/ca\/comprar-spas\/spa-acer-inoxidable\/#breadcrumb\"},\"inLanguage\":\"ca-ES\",\"potentialAction\":[{\"@type\":\"ReadAction\",\"target\":[\"https:\/\/www.cataloniaaqua.com\/ca\/comprar-spas\/spa-acer-inoxidable\/\"]}]},{\"@type\":\"ImageObject\",\"inLanguage\":\"ca-ES\",\"@id\":\"https:\/\/www.cataloniaaqua.com\/ca\/comprar-spas\/spa-acer-inoxidable\/#primaryimage\",\"url\":\"https:\/\/www.cataloniaaqua.com\/wp-content\/uploads\/2016\/09\/comprar-spa-inox-mercurio-cataloniaaqua.jpg\",\"contentUrl\":\"https:\/\/www.cataloniaaqua.com\/wp-content\/uploads\/2016\/09\/comprar-spa-inox-mercurio-cataloniaaqua.jpg\",\"width\":450,\"height\":450,\"caption\":\"Comprar jacuzzi inoxidable Mercurio\"},{\"@type\":\"BreadcrumbList\",\"@id\":\"https:\/\/www.cataloniaaqua.com\/ca\/comprar-spas\/spa-acer-inoxidable\/#breadcrumb\",\"itemListElement\":[{\"@type\":\"ListItem\",\"position\":1,\"name\":\"Jacuzzi Spa y Cubierta de Piscina\",\"item\":\"https:\/\/www.cataloniaaqua.com\/ca\/\"},{\"@type\":\"ListItem\",\"position\":2,\"name\":\"Comprar Spas Jacuzzi\u00ae i Aquavia Spa\u00ae\",\"item\":\"https:\/\/www.cataloniaaqua.com\/ca\/comprar-spas\/\"},{\"@type\":\"ListItem\",\"position\":3,\"name\":\"Spas d&#8217;Acer Inoxidable Aquavia Spa\u00ae\"}]},{\"@type\":\"WebSite\",\"@id\":\"https:\/\/www.cataloniaaqua.com\/ca\/#website\",\"url\":\"https:\/\/www.cataloniaaqua.com\/ca\/\",\"name\":\"Aquagrup Spas\",\"description\":\"Spas y Swim Spas Aquavia y Jacuzzi\",\"publisher\":{\"@id\":\"https:\/\/www.cataloniaaqua.com\/ca\/#organization\"},\"alternateName\":\"Aquagrup\",\"potentialAction\":[{\"@type\":\"SearchAction\",\"target\":{\"@type\":\"EntryPoint\",\"urlTemplate\":\"https:\/\/www.cataloniaaqua.com\/ca\/?s={search_term_string}\"},\"query-input\":{\"@type\":\"PropertyValueSpecification\",\"valueRequired\":true,\"valueName\":\"search_term_string\"}}],\"inLanguage\":\"ca-ES\"},{\"@type\":\"Organization\",\"@id\":\"https:\/\/www.cataloniaaqua.com\/ca\/#organization\",\"name\":\"Aquagrup Spas\",\"alternateName\":\"Aquagrup\",\"url\":\"https:\/\/www.cataloniaaqua.com\/ca\/\",\"logo\":{\"@type\":\"ImageObject\",\"inLanguage\":\"ca-ES\",\"@id\":\"https:\/\/www.cataloniaaqua.com\/ca\/#\/schema\/logo\/image\/\",\"url\":\"https:\/\/www.cataloniaaqua.com\/wp-content\/uploads\/2024\/01\/aquagrup-spas.jpg\",\"contentUrl\":\"https:\/\/www.cataloniaaqua.com\/wp-content\/uploads\/2024\/01\/aquagrup-spas.jpg\",\"width\":696,\"height\":693,\"caption\":\"Aquagrup Spas\"},\"image\":{\"@id\":\"https:\/\/www.cataloniaaqua.com\/ca\/#\/schema\/logo\/image\/\"}}]}<\/script>\n<!-- \/ Yoast SEO plugin. -->","yoast_head_json":{"title":"Comprar Spa d'Acer Inoxidable Exterior | Aquagrup \u00ae Spas Inox","description":"Est\u00e0s pensant a comprar un spa desbordant? Descobreix el nou Spa d\u2019Acer Inoxidable Elegant Inox d\u2019Aquavia Spas. Informa\u2019t a Aquagrup!","robots":{"index":"index","follow":"follow","max-snippet":"max-snippet:-1","max-image-preview":"max-image-preview:large","max-video-preview":"max-video-preview:-1"},"canonical":"https:\/\/www.cataloniaaqua.com\/ca\/comprar-spas\/spa-acer-inoxidable\/","og_locale":"ca_ES","og_type":"article","og_title":"Comprar Spa d'Acer Inoxidable Exterior | Aquagrup \u00ae Spas Inox","og_description":"Est\u00e0s pensant a comprar un spa desbordant? Descobreix el nou Spa d\u2019Acer Inoxidable Elegant Inox d\u2019Aquavia Spas. Informa\u2019t a Aquagrup!","og_url":"https:\/\/www.cataloniaaqua.com\/ca\/comprar-spas\/spa-acer-inoxidable\/","og_site_name":"Aquagrup Spas","article_modified_time":"2025-07-14T13:17:14+00:00","og_image":[{"width":450,"height":450,"url":"https:\/\/www.cataloniaaqua.com\/wp-content\/uploads\/2016\/09\/comprar-spa-inox-mercurio-cataloniaaqua.jpg","type":"image\/jpeg"}],"twitter_misc":{"Est. reading time":"1 minute"},"schema":{"@context":"https:\/\/schema.org","@graph":[{"@type":"WebPage","@id":"https:\/\/www.cataloniaaqua.com\/ca\/comprar-spas\/spa-acer-inoxidable\/","url":"https:\/\/www.cataloniaaqua.com\/ca\/comprar-spas\/spa-acer-inoxidable\/","name":"Comprar Spa d'Acer Inoxidable Exterior | Aquagrup \u00ae Spas Inox","isPartOf":{"@id":"https:\/\/www.cataloniaaqua.com\/ca\/#website"},"primaryImageOfPage":{"@id":"https:\/\/www.cataloniaaqua.com\/ca\/comprar-spas\/spa-acer-inoxidable\/#primaryimage"},"image":{"@id":"https:\/\/www.cataloniaaqua.com\/ca\/comprar-spas\/spa-acer-inoxidable\/#primaryimage"},"thumbnailUrl":"https:\/\/www.cataloniaaqua.com\/wp-content\/uploads\/2016\/09\/comprar-spa-inox-mercurio-cataloniaaqua.jpg","datePublished":"2015-04-20T11:20:59+00:00","dateModified":"2025-07-14T13:17:14+00:00","description":"Est\u00e0s pensant a comprar un spa desbordant? Descobreix el nou Spa d\u2019Acer Inoxidable Elegant Inox d\u2019Aquavia Spas. Informa\u2019t a Aquagrup!","breadcrumb":{"@id":"https:\/\/www.cataloniaaqua.com\/ca\/comprar-spas\/spa-acer-inoxidable\/#breadcrumb"},"inLanguage":"ca-ES","potentialAction":[{"@type":"ReadAction","target":["https:\/\/www.cataloniaaqua.com\/ca\/comprar-spas\/spa-acer-inoxidable\/"]}]},{"@type":"ImageObject","inLanguage":"ca-ES","@id":"https:\/\/www.cataloniaaqua.com\/ca\/comprar-spas\/spa-acer-inoxidable\/#primaryimage","url":"https:\/\/www.cataloniaaqua.com\/wp-content\/uploads\/2016\/09\/comprar-spa-inox-mercurio-cataloniaaqua.jpg","contentUrl":"https:\/\/www.cataloniaaqua.com\/wp-content\/uploads\/2016\/09\/comprar-spa-inox-mercurio-cataloniaaqua.jpg","width":450,"height":450,"caption":"Comprar jacuzzi inoxidable Mercurio"},{"@type":"BreadcrumbList","@id":"https:\/\/www.cataloniaaqua.com\/ca\/comprar-spas\/spa-acer-inoxidable\/#breadcrumb","itemListElement":[{"@type":"ListItem","position":1,"name":"Jacuzzi Spa y Cubierta de Piscina","item":"https:\/\/www.cataloniaaqua.com\/ca\/"},{"@type":"ListItem","position":2,"name":"Comprar Spas Jacuzzi\u00ae i Aquavia Spa\u00ae","item":"https:\/\/www.cataloniaaqua.com\/ca\/comprar-spas\/"},{"@type":"ListItem","position":3,"name":"Spas d&#8217;Acer Inoxidable Aquavia Spa\u00ae"}]},{"@type":"WebSite","@id":"https:\/\/www.cataloniaaqua.com\/ca\/#website","url":"https:\/\/www.cataloniaaqua.com\/ca\/","name":"Aquagrup Spas","description":"Spas y Swim Spas Aquavia y Jacuzzi","publisher":{"@id":"https:\/\/www.cataloniaaqua.com\/ca\/#organization"},"alternateName":"Aquagrup","potentialAction":[{"@type":"SearchAction","target":{"@type":"EntryPoint","urlTemplate":"https:\/\/www.cataloniaaqua.com\/ca\/?s={search_term_string}"},"query-input":{"@type":"PropertyValueSpecification","valueRequired":true,"valueName":"search_term_string"}}],"inLanguage":"ca-ES"},{"@type":"Organization","@id":"https:\/\/www.cataloniaaqua.com\/ca\/#organization","name":"Aquagrup Spas","alternateName":"Aquagrup","url":"https:\/\/www.cataloniaaqua.com\/ca\/","logo":{"@type":"ImageObject","inLanguage":"ca-ES","@id":"https:\/\/www.cataloniaaqua.com\/ca\/#\/schema\/logo\/image\/","url":"https:\/\/www.cataloniaaqua.com\/wp-content\/uploads\/2024\/01\/aquagrup-spas.jpg","contentUrl":"https:\/\/www.cataloniaaqua.com\/wp-content\/uploads\/2024\/01\/aquagrup-spas.jpg","width":696,"height":693,"caption":"Aquagrup Spas"},"image":{"@id":"https:\/\/www.cataloniaaqua.com\/ca\/#\/schema\/logo\/image\/"}}]}},"_links":{"self":[{"href":"https:\/\/www.cataloniaaqua.com\/ca\/wp-json\/wp\/v2\/pages\/1666","targetHints":{"allow":["GET"]}}],"collection":[{"href":"https:\/\/www.cataloniaaqua.com\/ca\/wp-json\/wp\/v2\/pages"}],"about":[{"href":"https:\/\/www.cataloniaaqua.com\/ca\/wp-json\/wp\/v2\/types\/page"}],"author":[{"embeddable":true,"href":"https:\/\/www.cataloniaaqua.com\/ca\/wp-json\/wp\/v2\/users\/3"}],"replies":[{"embeddable":true,"href":"https:\/\/www.cataloniaaqua.com\/ca\/wp-json\/wp\/v2\/comments?post=1666"}],"version-history":[{"count":0,"href":"https:\/\/www.cataloniaaqua.com\/ca\/wp-json\/wp\/v2\/pages\/1666\/revisions"}],"up":[{"embeddable":true,"href":"https:\/\/www.cataloniaaqua.com\/ca\/wp-json\/wp\/v2\/pages\/42"}],"wp:featuredmedia":[{"embeddable":true,"href":"https:\/\/www.cataloniaaqua.com\/ca\/wp-json\/wp\/v2\/media\/10279"}],"wp:attachment":[{"href":"https:\/\/www.cataloniaaqua.com\/ca\/wp-json\/wp\/v2\/media?parent=1666"}],"curies":[{"name":"wp","href":"https:\/\/api.w.org\/{rel}","templated":true}]}}