{"id":18270,"date":"2019-09-20T17:42:56","date_gmt":"2019-09-20T15:42:56","guid":{"rendered":"https:\/\/www.cataloniaaqua.com\/?page_id=18270"},"modified":"2023-01-23T17:21:37","modified_gmt":"2023-01-23T16:21:37","slug":"pulse","status":"publish","type":"page","link":"https:\/\/www.cataloniaaqua.com\/ca\/comprar-aquavia-spa-cat\/spa-exterior-interior\/pulse\/","title":{"rendered":"Pulse"},"content":{"rendered":"<div class=\"wpb-content-wrapper\">[vc_row][vc_column]\n<div class=\"slider-simple shortcode-photo-slider owl-carousel dt-owl-carousel-init photoSlider\" data-width=\"680\" data-height=\"390\" data-autoslide=\"5000\" data-paused=\"false\" style=\"width: 100%\" data-img-mode=\"fill\">\n\t<div class=\"slide-item\">\n\t\t<img loading=\"lazy\" decoding=\"async\" class=\"preload-me aspect\" src=\"https:\/\/www.cataloniaaqua.com\/wp-content\/uploads\/2020\/07\/comprar-spa-hidromasaje-pulse.jpg\" srcset=\"https:\/\/www.cataloniaaqua.com\/wp-content\/uploads\/2020\/07\/comprar-spa-hidromasaje-pulse.jpg 900w\" style=\"--ratio: 900 \/ 516\" sizes=\"auto, (max-width: 900px) 100vw, 900px\" width=\"900\" height=\"516\"  alt=\"Comprar spa hidromassatge Pulse\"  \/>\n\t\t<div class=\"slider-post-caption\">\n\t\t\t<div class=\"slider-post-inner\">\n\t\t\t\t<h4>Comprar spa hidromassatge Pulse<\/h4>\n\t\t\t\t<p>Comprar spa hidromassatge Pulse<\/p>\n\n\t\t\t<\/div>\n\t\t<\/div><\/div>\n\t<div class=\"slide-item\">\n\t\t<img loading=\"lazy\" decoding=\"async\" class=\"preload-me aspect\" src=\"https:\/\/www.cataloniaaqua.com\/wp-content\/uploads\/2020\/07\/comprar-spa-pulse.jpg\" srcset=\"https:\/\/www.cataloniaaqua.com\/wp-content\/uploads\/2020\/07\/comprar-spa-pulse.jpg 900w\" style=\"--ratio: 900 \/ 516\" sizes=\"auto, (max-width: 900px) 100vw, 900px\" width=\"900\" height=\"516\"  alt=\"Comprar spa Pulse\"  \/>\n\t\t<div class=\"slider-post-caption\">\n\t\t\t<div class=\"slider-post-inner\">\n\t\t\t\t<h4>Comprar spa Pulse<\/h4>\n\t\t\t\t<p>Comprar spa Pulse<\/p>\n\n\t\t\t<\/div>\n\t\t<\/div><\/div>\n\t<div class=\"slide-item\">\n\t\t<img loading=\"lazy\" decoding=\"async\" class=\"preload-me aspect\" src=\"https:\/\/www.cataloniaaqua.com\/wp-content\/uploads\/2019\/09\/spa-pulse.jpg\" srcset=\"https:\/\/www.cataloniaaqua.com\/wp-content\/uploads\/2019\/09\/spa-pulse.jpg 738w\" style=\"--ratio: 738 \/ 334\" sizes=\"auto, (max-width: 738px) 100vw, 738px\" width=\"738\" height=\"334\"  alt=\"Comprar Spa Pulse\"  \/>\n\t\t<div class=\"slider-post-caption\">\n\t\t\t<div class=\"slider-post-inner\">\n\t\t\t\t<h4>Comprar Spa Pulse<\/h4>\n\t\t\t\t<p>Comprar Spa Pulse<\/p>\n\n\t\t\t<\/div>\n\t\t<\/div><\/div>\n\t<div class=\"slide-item\">\n\t\t<img loading=\"lazy\" decoding=\"async\" class=\"preload-me aspect\" src=\"https:\/\/www.cataloniaaqua.com\/wp-content\/uploads\/2020\/07\/comprar-hidromasaje-spa-pulse.jpg\" srcset=\"https:\/\/www.cataloniaaqua.com\/wp-content\/uploads\/2020\/07\/comprar-hidromasaje-spa-pulse.jpg 900w\" style=\"--ratio: 900 \/ 516\" sizes=\"auto, (max-width: 900px) 100vw, 900px\" width=\"900\" height=\"516\"  alt=\"Comprar hidromassatge spa Pulse\"  \/>\n\t\t<div class=\"slider-post-caption\">\n\t\t\t<div class=\"slider-post-inner\">\n\t\t\t\t<h4>Comprar hidromassatge spa Pulse<\/h4>\n\t\t\t\t<p>Comprar hidromassatge spa Pulse<\/p>\n\n\t\t\t<\/div>\n\t\t<\/div><\/div>\n\t<div class=\"slide-item\">\n\t\t<img loading=\"lazy\" decoding=\"async\" class=\"preload-me aspect\" src=\"https:\/\/www.cataloniaaqua.com\/wp-content\/uploads\/2019\/09\/comprar-spa-pulse-hidromasaje-1.jpg\" srcset=\"https:\/\/www.cataloniaaqua.com\/wp-content\/uploads\/2019\/09\/comprar-spa-pulse-hidromasaje-1.jpg 738w\" style=\"--ratio: 738 \/ 334\" sizes=\"auto, (max-width: 738px) 100vw, 738px\" width=\"738\" height=\"334\"  alt=\"Comprar Spa Pulse\"  \/>\n\t\t<div class=\"slider-post-caption\">\n\t\t\t<div class=\"slider-post-inner\">\n\t\t\t\t<h4>Comprar Spa Pulse<\/h4>\n\t\t\t\t<p>Comprar Spa Pulse<\/p>\n\n\t\t\t<\/div>\n\t\t<\/div><\/div>\n\t<div class=\"slide-item\">\n\t\t<img loading=\"lazy\" decoding=\"async\" class=\"preload-me aspect\" src=\"https:\/\/www.cataloniaaqua.com\/wp-content\/uploads\/2019\/09\/comprar-hidromasaje-spa-pulse-1.jpg\" srcset=\"https:\/\/www.cataloniaaqua.com\/wp-content\/uploads\/2019\/09\/comprar-hidromasaje-spa-pulse-1.jpg 738w\" style=\"--ratio: 738 \/ 334\" sizes=\"auto, (max-width: 738px) 100vw, 738px\" width=\"738\" height=\"334\"  alt=\"\"  \/>\n\t\t<div class=\"slider-post-caption\">\n\t\t\t<div class=\"slider-post-inner\">\n\t\t\t\t<h4>comprar-hidromasaje-spa-pulse<\/h4>\n\t\t\t<\/div>\n\t\t<\/div><\/div><\/div>[vc_raw_html]\n<p>JTNDZGl2JTIwY2xhc3MlM0QlMjJ0cC1iYW5uZXJzaGFkb3clMjB0cC1zaGFkb3cyJTIwc29tYnJhcnMlMjIlM0UlM0MlMkZkaXYlM0U=<\/p>\n[\/vc_raw_html][vc_empty_space][\/vc_column][\/vc_row][vc_row][vc_column][vc_column_text]\n<h2>Spa Pulse<\/h2>\n<p>El\u00a0<strong>spa Pulse<\/strong> \u00e9s un spa de dimensions 216 x 216 x 90 cm i capacitat per a 6 persones, pensant per a ser molt eficient i minimitzar el cost de manteniment.<\/p>\n<p>Tots els nostres spas s\u00f3n de\u00a0<strong>fabricaci\u00f3 Europea<\/strong>, compleixen amb tots els requisits de qualitat\u00a0<strong>d\u2019Aquavia Spa<\/strong>: qualitat, disseny i garantia. Per altra banda, est\u00e0 disponible en tots els models l\u2019opci\u00f3 EcoSpa. Un sistema testat que permet economitzar el consum d\u2019energia necessari per al\u00a0<strong>manteniment del seu spa<\/strong>.<\/p>\n<p><strong>SERVEI A TOTA ESPANYA<\/strong>[\/vc_column_text][vc_accordion active_tab=&#8221;false&#8221;][vc_accordion_tab title=&#8221;Info&#8221;][vc_column_text]\n[\/vc_column_text][\/vc_accordion_tab][\/vc_accordion][\/vc_column][\/vc_row][vc_row][vc_column][vc_single_image image=&#8221;18279&#8243; img_size=&#8221;full&#8221; alignment=&#8221;center&#8221;][\/vc_column][\/vc_row][vc_row][vc_column][vc_tabs interval=&#8221;0&#8243;][vc_tab title=&#8221;Circuits&#8221; tab_id=&#8221;fcaea0c7-9e32-5332c-11681fee-4fa3&#8243;][vc_row_inner][vc_column_inner][vc_column_text]<a class=\"dt-single-image\" href=\"https:\/\/www.cataloniaaqua.com\/wp-content\/uploads\/2019\/09\/spa-pulse-circuitos.jpg\" data-dt-img-description=\"\"><br \/>\n<img loading=\"lazy\" decoding=\"async\" class=\"alignnone wp-image-18287 size-full\" src=\"https:\/\/www.cataloniaaqua.com\/wp-content\/uploads\/2019\/09\/spa-pulse-circuitos.jpg\" alt=\"Spa Pulse circuits\" width=\"704\" height=\"326\" srcset=\"https:\/\/www.cataloniaaqua.com\/wp-content\/uploads\/2019\/09\/spa-pulse-circuitos.jpg 704w, https:\/\/www.cataloniaaqua.com\/wp-content\/uploads\/2019\/09\/spa-pulse-circuitos-300x139.jpg 300w\" sizes=\"auto, (max-width: 704px) 100vw, 704px\" \/><br \/>\n<\/a>[\/vc_column_text][\/vc_column_inner][\/vc_row_inner][\/vc_tab][vc_tab title=&#8221;Prestacions&#8221; tab_id=&#8221;3819c923-fee0-2332c-11681fee-4fa3&#8243;][vc_single_image image=&#8221;18327&#8243; img_size=&#8221;full&#8221;][\/vc_tab][vc_tab title=&#8221;Caracter\u00edstiques&#8221; tab_id=&#8221;1428999164043-2-5332c-11681fee-4fa3&#8243;][vc_single_image image=&#8221;18322&#8243; img_size=&#8221;full&#8221;][\/vc_tab][vc_tab title=&#8221;Acabats&#8221; tab_id=&#8221;1428999192252-3-8332c-11681fee-4fa3&#8243;][vc_column_text]\n<h3>Colors de l\u2019acr\u00edlic<\/h3>\n[\/vc_column_text][vc_single_image image=&#8221;18295&#8243; img_size=&#8221;full&#8221;][vc_column_text]\n<h3>Acabats del moble<\/h3>\n[\/vc_column_text][vc_single_image image=&#8221;18299&#8243; img_size=&#8221;full&#8221;][\/vc_tab][vc_tab title=&#8221;Accessoris&#8221; tab_id=&#8221;1428999253035-4-6332c-11681fee-4fa3&#8243;][vc_single_image image=&#8221;18333&#8243; img_size=&#8221;full&#8221;][\/vc_tab][vc_tab title=&#8221;Documentaci\u00f3&#8221; tab_id=&#8221;1428999293099-5-6332c-11681fee-4fa3&#8243;][vc_column_text]<table class=\"omsc-custom-table omsc-style-1\"><tr><td>Document amb les especificacions t\u00e8cniques i les opcions disponibles.<\/td><td><a href=\"\/wp-content\/uploads\/pdfs\/especificaciones\/comprar-jacuzzi-pulse.pdf\" target=\"_blank\" rel=\"noopener noreferrer\"><img decoding=\"async\" title=\"Ficha t\u00e9cnica spa Aqualife 6\" src=\"\/wp-content\/uploads\/2015\/09\/icono_pdf-e1442845684923.png\" alt=\"Ficha t\u00e9cnica spa Aqualife 6\" \/><\/a><\/td><\/tr><tr><td>Pl\u00e0nols t\u00e8cnics amb la disposici\u00f3 dels jets i dimensions del spa.<\/td><td><a href=\"\/wp-content\/uploads\/pdfs\/planos\/spa-pulse.pdf\" target=\"_blank\" rel=\"noopener noreferrer\"><img decoding=\"async\" src=\"\/wp-content\/uploads\/2015\/09\/icono_pdf-e1442845684923.png\" alt=\"icono-pdf\" \/><\/a><\/td><\/tr><tr><td>Manual d&#8217;Instal\u00b7laci\u00f3 i Manual d&#8217;Instruccions.<\/td><td><a href=\"https:\/\/www.cataloniaaqua.com\/wp-content\/uploads\/pdfs\/manual-instalacion-manual-instrucciones-spas-swimspas.pdf\" target=\"_blank\" rel=\"noopener noreferrer\"><img decoding=\"async\" src=\"https:\/\/www.cataloniaaqua.com\/wp-content\/uploads\/2018\/06\/pdf.png\" alt=\"PDF\" \/><\/a><\/td><\/tr><tr><td>Certificat de Garantia.<\/td><td><a href=\"\/wp-content\/uploads\/pdfs\/garantia\/garantias.pdf\" target=\"_blank\" rel=\"noopener noreferrer\"><img decoding=\"async\" src=\"\/wp-content\/uploads\/2015\/09\/icono_pdf-e1442845684923.png\" alt=\"icono-pdf\" \/><\/a><\/td><\/tr><\/table>[\/vc_column_text][\/vc_tab][\/vc_tabs][\/vc_column][\/vc_row][vc_row margin_top=&#8221;32px&#8221; margin_bottom=&#8221;0&#8243;][vc_column][vc_raw_html]JTVCYndfc3Bhc19yZWxhYyU1RA==[\/vc_raw_html][\/vc_column][\/vc_row][vc_row][vc_column][vc_empty_space][\/vc_column][\/vc_row]\n<\/div>","protected":false},"excerpt":{"rendered":"<p>[vc_row][vc_column][vc_raw_html] JTNDZGl2JTIwY2xhc3MlM0QlMjJ0cC1iYW5uZXJzaGFkb3clMjB0cC1zaGFkb3cyJTIwc29tYnJhcnMlMjIlM0UlM0MlMkZkaXYlM0U= [\/vc_raw_html][vc_empty_space][\/vc_column][\/vc_row][vc_row][vc_column][vc_column_text] Spa Pulse El\u00a0spa Pulse \u00e9s un spa de dimensions 216 x 216 x 90 cm i capacitat per a 6 persones, pensant per a ser molt eficient i minimitzar el cost de manteniment. Tots els nostres spas s\u00f3n de\u00a0fabricaci\u00f3 Europea, compleixen amb tots els requisits de qualitat\u00a0d\u2019Aquavia Spa: qualitat, disseny i garantia.&hellip;<\/p>\n","protected":false},"author":3,"featured_media":18283,"parent":43,"menu_order":0,"comment_status":"closed","ping_status":"closed","template":"","meta":{"_acf_changed":false,"footnotes":""},"class_list":["post-18270","page","type-page","status-publish","has-post-thumbnail","hentry","description-off"],"acf":[],"yoast_head":"<!-- This site is optimized with the Yoast SEO plugin v27.2 - https:\/\/yoast.com\/product\/yoast-seo-wordpress\/ -->\n<title>Spa Exterior Pulse<\/title>\n<meta name=\"description\" content=\"Est\u00e0s Pensant en Comprar un Spa Exterior o Interior? Coneixes el nou Spa Pulse de Aquavia Spas. Informa&#039;t!\" \/>\n<meta name=\"robots\" content=\"index, follow, max-snippet:-1, max-image-preview:large, max-video-preview:-1\" \/>\n<link rel=\"canonical\" href=\"https:\/\/www.cataloniaaqua.com\/ca\/comprar-aquavia-spa-cat\/spa-exterior-interior\/pulse\/\" \/>\n<meta property=\"og:locale\" content=\"ca_ES\" \/>\n<meta property=\"og:type\" content=\"article\" \/>\n<meta property=\"og:title\" content=\"Spa Exterior Pulse\" \/>\n<meta property=\"og:description\" content=\"Est\u00e0s Pensant en Comprar un Spa Exterior o Interior? Coneixes el nou Spa Pulse de Aquavia Spas. Informa&#039;t!\" \/>\n<meta property=\"og:url\" content=\"https:\/\/www.cataloniaaqua.com\/ca\/comprar-aquavia-spa-cat\/spa-exterior-interior\/pulse\/\" \/>\n<meta property=\"og:site_name\" content=\"Aquagrup Spas\" \/>\n<meta property=\"article:modified_time\" content=\"2023-01-23T16:21:37+00:00\" \/>\n<meta property=\"og:image\" content=\"https:\/\/www.cataloniaaqua.com\/wp-content\/uploads\/2019\/09\/spa-pulse-dest.jpg\" \/>\n\t<meta property=\"og:image:width\" content=\"450\" \/>\n\t<meta property=\"og:image:height\" content=\"450\" \/>\n\t<meta property=\"og:image:type\" content=\"image\/jpeg\" \/>\n<meta name=\"twitter:label1\" content=\"Est. reading time\" \/>\n\t<meta name=\"twitter:data1\" content=\"2 minutes\" \/>\n<script type=\"application\/ld+json\" class=\"yoast-schema-graph\">{\"@context\":\"https:\/\/schema.org\",\"@graph\":[{\"@type\":\"WebPage\",\"@id\":\"https:\/\/www.cataloniaaqua.com\/ca\/comprar-aquavia-spa-cat\/spa-exterior-interior\/pulse\/\",\"url\":\"https:\/\/www.cataloniaaqua.com\/ca\/comprar-aquavia-spa-cat\/spa-exterior-interior\/pulse\/\",\"name\":\"Spa Exterior Pulse\",\"isPartOf\":{\"@id\":\"https:\/\/www.cataloniaaqua.com\/ca\/#website\"},\"primaryImageOfPage\":{\"@id\":\"https:\/\/www.cataloniaaqua.com\/ca\/comprar-aquavia-spa-cat\/spa-exterior-interior\/pulse\/#primaryimage\"},\"image\":{\"@id\":\"https:\/\/www.cataloniaaqua.com\/ca\/comprar-aquavia-spa-cat\/spa-exterior-interior\/pulse\/#primaryimage\"},\"thumbnailUrl\":\"https:\/\/www.cataloniaaqua.com\/wp-content\/uploads\/2019\/09\/spa-pulse-dest.jpg\",\"datePublished\":\"2019-09-20T15:42:56+00:00\",\"dateModified\":\"2023-01-23T16:21:37+00:00\",\"description\":\"Est\u00e0s Pensant en Comprar un Spa Exterior o Interior? Coneixes el nou Spa Pulse de Aquavia Spas. Informa't!\",\"breadcrumb\":{\"@id\":\"https:\/\/www.cataloniaaqua.com\/ca\/comprar-aquavia-spa-cat\/spa-exterior-interior\/pulse\/#breadcrumb\"},\"inLanguage\":\"ca-ES\",\"potentialAction\":[{\"@type\":\"ReadAction\",\"target\":[\"https:\/\/www.cataloniaaqua.com\/ca\/comprar-aquavia-spa-cat\/spa-exterior-interior\/pulse\/\"]}]},{\"@type\":\"ImageObject\",\"inLanguage\":\"ca-ES\",\"@id\":\"https:\/\/www.cataloniaaqua.com\/ca\/comprar-aquavia-spa-cat\/spa-exterior-interior\/pulse\/#primaryimage\",\"url\":\"https:\/\/www.cataloniaaqua.com\/wp-content\/uploads\/2019\/09\/spa-pulse-dest.jpg\",\"contentUrl\":\"https:\/\/www.cataloniaaqua.com\/wp-content\/uploads\/2019\/09\/spa-pulse-dest.jpg\",\"width\":450,\"height\":450,\"caption\":\"Comprar Spa Pulse\"},{\"@type\":\"BreadcrumbList\",\"@id\":\"https:\/\/www.cataloniaaqua.com\/ca\/comprar-aquavia-spa-cat\/spa-exterior-interior\/pulse\/#breadcrumb\",\"itemListElement\":[{\"@type\":\"ListItem\",\"position\":1,\"name\":\"Jacuzzi Spa y Cubierta de Piscina\",\"item\":\"https:\/\/www.cataloniaaqua.com\/ca\/\"},{\"@type\":\"ListItem\",\"position\":2,\"name\":\"Comprar Aquavia Spa\u00ae\",\"item\":\"https:\/\/www.cataloniaaqua.com\/ca\/comprar-aquavia-spa-cat\/\"},{\"@type\":\"ListItem\",\"position\":3,\"name\":\"Spa Exterior Interior Aquavia Spa\u00ae\",\"item\":\"https:\/\/www.cataloniaaqua.com\/ca\/comprar-aquavia-spa-cat\/spa-exterior-interior\/\"},{\"@type\":\"ListItem\",\"position\":4,\"name\":\"Pulse\"}]},{\"@type\":\"WebSite\",\"@id\":\"https:\/\/www.cataloniaaqua.com\/ca\/#website\",\"url\":\"https:\/\/www.cataloniaaqua.com\/ca\/\",\"name\":\"Aquagrup Spas\",\"description\":\"Spas y Swim Spas Aquavia y Jacuzzi\",\"publisher\":{\"@id\":\"https:\/\/www.cataloniaaqua.com\/ca\/#organization\"},\"alternateName\":\"Aquagrup\",\"potentialAction\":[{\"@type\":\"SearchAction\",\"target\":{\"@type\":\"EntryPoint\",\"urlTemplate\":\"https:\/\/www.cataloniaaqua.com\/ca\/?s={search_term_string}\"},\"query-input\":{\"@type\":\"PropertyValueSpecification\",\"valueRequired\":true,\"valueName\":\"search_term_string\"}}],\"inLanguage\":\"ca-ES\"},{\"@type\":\"Organization\",\"@id\":\"https:\/\/www.cataloniaaqua.com\/ca\/#organization\",\"name\":\"Aquagrup Spas\",\"alternateName\":\"Aquagrup\",\"url\":\"https:\/\/www.cataloniaaqua.com\/ca\/\",\"logo\":{\"@type\":\"ImageObject\",\"inLanguage\":\"ca-ES\",\"@id\":\"https:\/\/www.cataloniaaqua.com\/ca\/#\/schema\/logo\/image\/\",\"url\":\"https:\/\/www.cataloniaaqua.com\/wp-content\/uploads\/2024\/01\/aquagrup-spas.jpg\",\"contentUrl\":\"https:\/\/www.cataloniaaqua.com\/wp-content\/uploads\/2024\/01\/aquagrup-spas.jpg\",\"width\":696,\"height\":693,\"caption\":\"Aquagrup Spas\"},\"image\":{\"@id\":\"https:\/\/www.cataloniaaqua.com\/ca\/#\/schema\/logo\/image\/\"}}]}<\/script>\n<!-- \/ Yoast SEO plugin. -->","yoast_head_json":{"title":"Spa Exterior Pulse","description":"Est\u00e0s Pensant en Comprar un Spa Exterior o Interior? Coneixes el nou Spa Pulse de Aquavia Spas. Informa't!","robots":{"index":"index","follow":"follow","max-snippet":"max-snippet:-1","max-image-preview":"max-image-preview:large","max-video-preview":"max-video-preview:-1"},"canonical":"https:\/\/www.cataloniaaqua.com\/ca\/comprar-aquavia-spa-cat\/spa-exterior-interior\/pulse\/","og_locale":"ca_ES","og_type":"article","og_title":"Spa Exterior Pulse","og_description":"Est\u00e0s Pensant en Comprar un Spa Exterior o Interior? Coneixes el nou Spa Pulse de Aquavia Spas. Informa't!","og_url":"https:\/\/www.cataloniaaqua.com\/ca\/comprar-aquavia-spa-cat\/spa-exterior-interior\/pulse\/","og_site_name":"Aquagrup Spas","article_modified_time":"2023-01-23T16:21:37+00:00","og_image":[{"width":450,"height":450,"url":"https:\/\/www.cataloniaaqua.com\/wp-content\/uploads\/2019\/09\/spa-pulse-dest.jpg","type":"image\/jpeg"}],"twitter_misc":{"Est. reading time":"2 minutes"},"schema":{"@context":"https:\/\/schema.org","@graph":[{"@type":"WebPage","@id":"https:\/\/www.cataloniaaqua.com\/ca\/comprar-aquavia-spa-cat\/spa-exterior-interior\/pulse\/","url":"https:\/\/www.cataloniaaqua.com\/ca\/comprar-aquavia-spa-cat\/spa-exterior-interior\/pulse\/","name":"Spa Exterior Pulse","isPartOf":{"@id":"https:\/\/www.cataloniaaqua.com\/ca\/#website"},"primaryImageOfPage":{"@id":"https:\/\/www.cataloniaaqua.com\/ca\/comprar-aquavia-spa-cat\/spa-exterior-interior\/pulse\/#primaryimage"},"image":{"@id":"https:\/\/www.cataloniaaqua.com\/ca\/comprar-aquavia-spa-cat\/spa-exterior-interior\/pulse\/#primaryimage"},"thumbnailUrl":"https:\/\/www.cataloniaaqua.com\/wp-content\/uploads\/2019\/09\/spa-pulse-dest.jpg","datePublished":"2019-09-20T15:42:56+00:00","dateModified":"2023-01-23T16:21:37+00:00","description":"Est\u00e0s Pensant en Comprar un Spa Exterior o Interior? Coneixes el nou Spa Pulse de Aquavia Spas. Informa't!","breadcrumb":{"@id":"https:\/\/www.cataloniaaqua.com\/ca\/comprar-aquavia-spa-cat\/spa-exterior-interior\/pulse\/#breadcrumb"},"inLanguage":"ca-ES","potentialAction":[{"@type":"ReadAction","target":["https:\/\/www.cataloniaaqua.com\/ca\/comprar-aquavia-spa-cat\/spa-exterior-interior\/pulse\/"]}]},{"@type":"ImageObject","inLanguage":"ca-ES","@id":"https:\/\/www.cataloniaaqua.com\/ca\/comprar-aquavia-spa-cat\/spa-exterior-interior\/pulse\/#primaryimage","url":"https:\/\/www.cataloniaaqua.com\/wp-content\/uploads\/2019\/09\/spa-pulse-dest.jpg","contentUrl":"https:\/\/www.cataloniaaqua.com\/wp-content\/uploads\/2019\/09\/spa-pulse-dest.jpg","width":450,"height":450,"caption":"Comprar Spa Pulse"},{"@type":"BreadcrumbList","@id":"https:\/\/www.cataloniaaqua.com\/ca\/comprar-aquavia-spa-cat\/spa-exterior-interior\/pulse\/#breadcrumb","itemListElement":[{"@type":"ListItem","position":1,"name":"Jacuzzi Spa y Cubierta de Piscina","item":"https:\/\/www.cataloniaaqua.com\/ca\/"},{"@type":"ListItem","position":2,"name":"Comprar Aquavia Spa\u00ae","item":"https:\/\/www.cataloniaaqua.com\/ca\/comprar-aquavia-spa-cat\/"},{"@type":"ListItem","position":3,"name":"Spa Exterior Interior Aquavia Spa\u00ae","item":"https:\/\/www.cataloniaaqua.com\/ca\/comprar-aquavia-spa-cat\/spa-exterior-interior\/"},{"@type":"ListItem","position":4,"name":"Pulse"}]},{"@type":"WebSite","@id":"https:\/\/www.cataloniaaqua.com\/ca\/#website","url":"https:\/\/www.cataloniaaqua.com\/ca\/","name":"Aquagrup Spas","description":"Spas y Swim Spas Aquavia y Jacuzzi","publisher":{"@id":"https:\/\/www.cataloniaaqua.com\/ca\/#organization"},"alternateName":"Aquagrup","potentialAction":[{"@type":"SearchAction","target":{"@type":"EntryPoint","urlTemplate":"https:\/\/www.cataloniaaqua.com\/ca\/?s={search_term_string}"},"query-input":{"@type":"PropertyValueSpecification","valueRequired":true,"valueName":"search_term_string"}}],"inLanguage":"ca-ES"},{"@type":"Organization","@id":"https:\/\/www.cataloniaaqua.com\/ca\/#organization","name":"Aquagrup Spas","alternateName":"Aquagrup","url":"https:\/\/www.cataloniaaqua.com\/ca\/","logo":{"@type":"ImageObject","inLanguage":"ca-ES","@id":"https:\/\/www.cataloniaaqua.com\/ca\/#\/schema\/logo\/image\/","url":"https:\/\/www.cataloniaaqua.com\/wp-content\/uploads\/2024\/01\/aquagrup-spas.jpg","contentUrl":"https:\/\/www.cataloniaaqua.com\/wp-content\/uploads\/2024\/01\/aquagrup-spas.jpg","width":696,"height":693,"caption":"Aquagrup Spas"},"image":{"@id":"https:\/\/www.cataloniaaqua.com\/ca\/#\/schema\/logo\/image\/"}}]}},"_links":{"self":[{"href":"https:\/\/www.cataloniaaqua.com\/ca\/wp-json\/wp\/v2\/pages\/18270","targetHints":{"allow":["GET"]}}],"collection":[{"href":"https:\/\/www.cataloniaaqua.com\/ca\/wp-json\/wp\/v2\/pages"}],"about":[{"href":"https:\/\/www.cataloniaaqua.com\/ca\/wp-json\/wp\/v2\/types\/page"}],"author":[{"embeddable":true,"href":"https:\/\/www.cataloniaaqua.com\/ca\/wp-json\/wp\/v2\/users\/3"}],"replies":[{"embeddable":true,"href":"https:\/\/www.cataloniaaqua.com\/ca\/wp-json\/wp\/v2\/comments?post=18270"}],"version-history":[{"count":0,"href":"https:\/\/www.cataloniaaqua.com\/ca\/wp-json\/wp\/v2\/pages\/18270\/revisions"}],"up":[{"embeddable":true,"href":"https:\/\/www.cataloniaaqua.com\/ca\/wp-json\/wp\/v2\/pages\/43"}],"wp:featuredmedia":[{"embeddable":true,"href":"https:\/\/www.cataloniaaqua.com\/ca\/wp-json\/wp\/v2\/media\/18283"}],"wp:attachment":[{"href":"https:\/\/www.cataloniaaqua.com\/ca\/wp-json\/wp\/v2\/media?parent=18270"}],"curies":[{"name":"wp","href":"https:\/\/api.w.org\/{rel}","templated":true}]}}