{"id":31324,"date":"2021-12-30T13:27:48","date_gmt":"2021-12-30T12:27:48","guid":{"rendered":"https:\/\/www.cataloniaaqua.com\/?page_id=31324"},"modified":"2025-07-12T18:42:38","modified_gmt":"2025-07-12T16:42:38","slug":"comprar-aquavia-spa-cat","status":"publish","type":"page","link":"https:\/\/www.cataloniaaqua.com\/ca\/comprar-aquavia-spa-cat\/","title":{"rendered":"Comprar Aquavia Spa\u00ae"},"content":{"rendered":"<div class=\"wpb-content-wrapper\">[vc_row][vc_column width=&#8221;1\/2&#8243;][vc_single_image image=&#8221;31333&#8243; img_size=&#8221;full&#8221; alignment=&#8221;center&#8221; onclick=&#8221;custom_link&#8221; css=&#8221;.vc_custom_1640867237237{padding-right: 0px !important;padding-left: 0px !important;}&#8221; link=&#8221;\/ca\/comprar-spas\/spa-exterior-interior\/&#8221; el_class=&#8221;imgboxbw&#8221;][vc_column_text el_class=&#8221;boxbw2&#8243;]\n<h2 style=\"text-align: center;\"><a href=\"\/ca\/comprar-spas\/spa-exterior-interior\/\">Spas d&#8217;\u00fas Privat<\/a><\/h2>\n<p>Gaudeixi de les <strong>sensacions<\/strong> <strong>beneficis<\/strong> d\u2019un<strong> Spa a la seva llar<\/strong>. <strong>Relaxi\u2019s<\/strong> <strong>Spa d\u2019Interior o Exterior<\/strong> sense sortir de <strong>casa seva<\/strong>.[\/vc_column_text][\/vc_column][vc_column width=&#8221;1\/2&#8243;][vc_single_image image=&#8221;7783&#8243; img_size=&#8221;full&#8221; alignment=&#8221;center&#8221; onclick=&#8221;custom_link&#8221; link=&#8221;\/ca\/comprar-spas\/spas-desbordants-publics\/&#8221; el_class=&#8221;imgboxbw&#8221;][vc_column_text el_class=&#8221;boxbw2&#8243;]\n<h2 style=\"text-align: center;\"><a href=\"\/ca\/comprar-spas\/spas-desbordants-publics\/\">Spas Desbordants<\/a><\/h2>\n<p>Gaudeixi del <strong>beneficis<\/strong> d\u2019un <strong>Spa<\/strong> sense renunciar a l\u2019<strong>amplitud<\/strong>, l\u2019<strong>eleg\u00e0ncia<\/strong> i el <strong>disseny<\/strong>, que li aportar\u00e0 un <strong>Spa Desbordant<\/strong>.[\/vc_column_text][\/vc_column][\/vc_row][vc_row][vc_column width=&#8221;1\/2&#8243;][vc_single_image image=&#8221;12186&#8243; img_size=&#8221;full&#8221; alignment=&#8221;center&#8221; onclick=&#8221;custom_link&#8221; link=&#8221;\/ca\/comprar-spas\/swimspas\/&#8221; el_class=&#8221;imgboxbw&#8221;][vc_column_text el_class=&#8221;boxbw&#8221;]\n<h2 style=\"text-align: center;\"><a href=\"\/ca\/comprar-spas\/swimspas\/\">Swim Spa Aquavia\u00ae<\/a><\/h2>\n<p>En un <strong>Swimspa<\/strong> podr\u00e0 <strong>nedar contra corrent<\/strong> i <strong>relaxar-se<\/strong>, ja que combina tots els <strong>beneficis d&#8217;un spa<\/strong> i els d&#8217;una <strong>piscina<\/strong>, amb els seus <strong>jets de massatge<\/strong> i la seva <strong>dolls d&#8217;aigua contracorrent<\/strong>.[\/vc_column_text][\/vc_column][vc_column width=&#8221;1\/2&#8243;][vc_single_image image=&#8221;61473&#8243; img_size=&#8221;full&#8221; alignment=&#8221;center&#8221; onclick=&#8221;custom_link&#8221; css=&#8221;&#8221; link=&#8221;\/ca\/comprar-spas\/spa-acer-inoxidable\/&#8221; el_class=&#8221;imgboxbw&#8221;][vc_column_text css=&#8221;&#8221; el_class=&#8221;boxbw2&#8243;]\n<h2 style=\"text-align: center;\"><a href=\"https:\/\/www.cataloniaaqua.com\/ca\/comprar-spas\/spa-acer-inoxidable\/\">Spas d\u00b4acer inoxidable<\/a><\/h2>\n<p><strong>Spas d\u2019acer inoxidable<\/strong> d\u2019alta resist\u00e8ncia per a \u00fas privat o comercial, de gran qualitat i eleg\u00e0ncia. <strong>Els spas d\u2019inox simplifiquen les tasques de manteniment i conservaci\u00f3 de les superf\u00edcies<\/strong>.[\/vc_column_text][\/vc_column][\/vc_row][vc_row][vc_column][vc_column_text]<strong>Aquagrup<\/strong>\u00ae, distribu\u00efdor oficial de spas <strong>Aquavia spa<\/strong>\u00ae! Descobreixi el luxe i la sensaci\u00f3 de benestar en els nostres exclusius <strong>showrooms de Barcelona i Madrid<\/strong>. Els nostres spas ofereixen la millor qualitat i benestar, transformant la seva llar en un oasi privat. Deixi&#8217;ns sorprendre&#8217;l amb la millor tecnologia i el disseny espectacular de <strong>Aquavia<\/strong>\u00ae. Seleccioni la gamma que millor s&#8217;ajusti a les seves necessitats i comenci a gaudir del plaer i el benestar que es mereix![\/vc_column_text][\/vc_column][\/vc_row]\n<\/div>","protected":false},"excerpt":{"rendered":"<p>[vc_row][vc_column width=&#8221;1\/2&#8243;][vc_single_image image=&#8221;31333&#8243; img_size=&#8221;full&#8221; alignment=&#8221;center&#8221; onclick=&#8221;custom_link&#8221; css=&#8221;.vc_custom_1640867237237{padding-right: 0px !important;padding-left: 0px !important;}&#8221; link=&#8221;\/ca\/comprar-spas\/spa-exterior-interior\/&#8221; el_class=&#8221;imgboxbw&#8221;][vc_column_text el_class=&#8221;boxbw2&#8243;] Spas d&#8217;\u00fas Privat Gaudeixi de les sensacions beneficis d\u2019un Spa a la seva llar. Relaxi\u2019s Spa d\u2019Interior o Exterior sense sortir de casa seva.[\/vc_column_text][\/vc_column][vc_column width=&#8221;1\/2&#8243;][vc_single_image image=&#8221;7783&#8243; img_size=&#8221;full&#8221; alignment=&#8221;center&#8221; onclick=&#8221;custom_link&#8221; link=&#8221;\/ca\/comprar-spas\/spas-desbordants-publics\/&#8221; el_class=&#8221;imgboxbw&#8221;][vc_column_text el_class=&#8221;boxbw2&#8243;] Spas Desbordants Gaudeixi del beneficis d\u2019un Spa sense renunciar&hellip;<\/p>\n","protected":false},"author":3,"featured_media":31329,"parent":0,"menu_order":0,"comment_status":"closed","ping_status":"closed","template":"","meta":{"_acf_changed":false,"footnotes":""},"class_list":["post-31324","page","type-page","status-publish","has-post-thumbnail","hentry","description-off"],"acf":[],"yoast_head":"<!-- This site is optimized with the Yoast SEO plugin v27.2 - https:\/\/yoast.com\/product\/yoast-seo-wordpress\/ -->\n<title>Comprar Aquavia Spa\u00ae d&#039;Exterior i Interior - Aquagrup\u00ae Spas<\/title>\n<meta name=\"description\" content=\"Est\u00e0 Pensant en Comprar un Spa d&#039;Exterior o Interior? \u2b50 Descobreixi Aquavia Spa\u00ae, el Major Fabricant de Spas Europeu \u2b50 Informi&#039;s Aqu\u00ed!\" \/>\n<meta name=\"robots\" content=\"index, follow, max-snippet:-1, max-image-preview:large, max-video-preview:-1\" \/>\n<link rel=\"canonical\" href=\"https:\/\/www.cataloniaaqua.com\/ca\/comprar-aquavia-spa-cat\/\" \/>\n<meta property=\"og:locale\" content=\"ca_ES\" \/>\n<meta property=\"og:type\" content=\"article\" \/>\n<meta property=\"og:title\" content=\"Comprar Aquavia Spa\u00ae d&#039;Exterior i Interior - Aquagrup\u00ae Spas\" \/>\n<meta property=\"og:description\" content=\"Est\u00e0 Pensant en Comprar un Spa d&#039;Exterior o Interior? \u2b50 Descobreixi Aquavia Spa\u00ae, el Major Fabricant de Spas Europeu \u2b50 Informi&#039;s Aqu\u00ed!\" \/>\n<meta property=\"og:url\" content=\"https:\/\/www.cataloniaaqua.com\/ca\/comprar-aquavia-spa-cat\/\" \/>\n<meta property=\"og:site_name\" content=\"Aquagrup Spas\" \/>\n<meta property=\"article:modified_time\" content=\"2025-07-12T16:42:38+00:00\" \/>\n<meta property=\"og:image\" content=\"https:\/\/www.cataloniaaqua.com\/wp-content\/uploads\/2021\/12\/comprar-aquavia-spas.jpg\" \/>\n\t<meta property=\"og:image:width\" content=\"450\" \/>\n\t<meta property=\"og:image:height\" content=\"345\" \/>\n\t<meta property=\"og:image:type\" content=\"image\/jpeg\" \/>\n<meta name=\"twitter:label1\" content=\"Est. reading time\" \/>\n\t<meta name=\"twitter:data1\" content=\"3 minutes\" \/>\n<script type=\"application\/ld+json\" class=\"yoast-schema-graph\">{\"@context\":\"https:\/\/schema.org\",\"@graph\":[{\"@type\":\"WebPage\",\"@id\":\"https:\/\/www.cataloniaaqua.com\/ca\/comprar-aquavia-spa-cat\/\",\"url\":\"https:\/\/www.cataloniaaqua.com\/ca\/comprar-aquavia-spa-cat\/\",\"name\":\"Comprar Aquavia Spa\u00ae d'Exterior i Interior - Aquagrup\u00ae Spas\",\"isPartOf\":{\"@id\":\"https:\/\/www.cataloniaaqua.com\/ca\/#website\"},\"primaryImageOfPage\":{\"@id\":\"https:\/\/www.cataloniaaqua.com\/ca\/comprar-aquavia-spa-cat\/#primaryimage\"},\"image\":{\"@id\":\"https:\/\/www.cataloniaaqua.com\/ca\/comprar-aquavia-spa-cat\/#primaryimage\"},\"thumbnailUrl\":\"https:\/\/www.cataloniaaqua.com\/wp-content\/uploads\/2021\/12\/comprar-aquavia-spas.jpg\",\"datePublished\":\"2021-12-30T12:27:48+00:00\",\"dateModified\":\"2025-07-12T16:42:38+00:00\",\"description\":\"Est\u00e0 Pensant en Comprar un Spa d'Exterior o Interior? \u2b50 Descobreixi Aquavia Spa\u00ae, el Major Fabricant de Spas Europeu \u2b50 Informi's Aqu\u00ed!\",\"breadcrumb\":{\"@id\":\"https:\/\/www.cataloniaaqua.com\/ca\/comprar-aquavia-spa-cat\/#breadcrumb\"},\"inLanguage\":\"ca-ES\",\"potentialAction\":[{\"@type\":\"ReadAction\",\"target\":[\"https:\/\/www.cataloniaaqua.com\/ca\/comprar-aquavia-spa-cat\/\"]}]},{\"@type\":\"ImageObject\",\"inLanguage\":\"ca-ES\",\"@id\":\"https:\/\/www.cataloniaaqua.com\/ca\/comprar-aquavia-spa-cat\/#primaryimage\",\"url\":\"https:\/\/www.cataloniaaqua.com\/wp-content\/uploads\/2021\/12\/comprar-aquavia-spas.jpg\",\"contentUrl\":\"https:\/\/www.cataloniaaqua.com\/wp-content\/uploads\/2021\/12\/comprar-aquavia-spas.jpg\",\"width\":450,\"height\":345,\"caption\":\"Comprar Spa Aquavia\"},{\"@type\":\"BreadcrumbList\",\"@id\":\"https:\/\/www.cataloniaaqua.com\/ca\/comprar-aquavia-spa-cat\/#breadcrumb\",\"itemListElement\":[{\"@type\":\"ListItem\",\"position\":1,\"name\":\"Jacuzzi Spa y Cubierta de Piscina\",\"item\":\"https:\/\/www.cataloniaaqua.com\/ca\/\"},{\"@type\":\"ListItem\",\"position\":2,\"name\":\"Comprar Aquavia Spa\u00ae\"}]},{\"@type\":\"WebSite\",\"@id\":\"https:\/\/www.cataloniaaqua.com\/ca\/#website\",\"url\":\"https:\/\/www.cataloniaaqua.com\/ca\/\",\"name\":\"Aquagrup Spas\",\"description\":\"Spas y Swim Spas Aquavia y Jacuzzi\",\"publisher\":{\"@id\":\"https:\/\/www.cataloniaaqua.com\/ca\/#organization\"},\"alternateName\":\"Aquagrup\",\"potentialAction\":[{\"@type\":\"SearchAction\",\"target\":{\"@type\":\"EntryPoint\",\"urlTemplate\":\"https:\/\/www.cataloniaaqua.com\/ca\/?s={search_term_string}\"},\"query-input\":{\"@type\":\"PropertyValueSpecification\",\"valueRequired\":true,\"valueName\":\"search_term_string\"}}],\"inLanguage\":\"ca-ES\"},{\"@type\":\"Organization\",\"@id\":\"https:\/\/www.cataloniaaqua.com\/ca\/#organization\",\"name\":\"Aquagrup Spas\",\"alternateName\":\"Aquagrup\",\"url\":\"https:\/\/www.cataloniaaqua.com\/ca\/\",\"logo\":{\"@type\":\"ImageObject\",\"inLanguage\":\"ca-ES\",\"@id\":\"https:\/\/www.cataloniaaqua.com\/ca\/#\/schema\/logo\/image\/\",\"url\":\"https:\/\/www.cataloniaaqua.com\/wp-content\/uploads\/2024\/01\/aquagrup-spas.jpg\",\"contentUrl\":\"https:\/\/www.cataloniaaqua.com\/wp-content\/uploads\/2024\/01\/aquagrup-spas.jpg\",\"width\":696,\"height\":693,\"caption\":\"Aquagrup Spas\"},\"image\":{\"@id\":\"https:\/\/www.cataloniaaqua.com\/ca\/#\/schema\/logo\/image\/\"}}]}<\/script>\n<!-- \/ Yoast SEO plugin. -->","yoast_head_json":{"title":"Comprar Aquavia Spa\u00ae d'Exterior i Interior - Aquagrup\u00ae Spas","description":"Est\u00e0 Pensant en Comprar un Spa d'Exterior o Interior? \u2b50 Descobreixi Aquavia Spa\u00ae, el Major Fabricant de Spas Europeu \u2b50 Informi's Aqu\u00ed!","robots":{"index":"index","follow":"follow","max-snippet":"max-snippet:-1","max-image-preview":"max-image-preview:large","max-video-preview":"max-video-preview:-1"},"canonical":"https:\/\/www.cataloniaaqua.com\/ca\/comprar-aquavia-spa-cat\/","og_locale":"ca_ES","og_type":"article","og_title":"Comprar Aquavia Spa\u00ae d'Exterior i Interior - Aquagrup\u00ae Spas","og_description":"Est\u00e0 Pensant en Comprar un Spa d'Exterior o Interior? \u2b50 Descobreixi Aquavia Spa\u00ae, el Major Fabricant de Spas Europeu \u2b50 Informi's Aqu\u00ed!","og_url":"https:\/\/www.cataloniaaqua.com\/ca\/comprar-aquavia-spa-cat\/","og_site_name":"Aquagrup Spas","article_modified_time":"2025-07-12T16:42:38+00:00","og_image":[{"width":450,"height":345,"url":"https:\/\/www.cataloniaaqua.com\/wp-content\/uploads\/2021\/12\/comprar-aquavia-spas.jpg","type":"image\/jpeg"}],"twitter_misc":{"Est. reading time":"3 minutes"},"schema":{"@context":"https:\/\/schema.org","@graph":[{"@type":"WebPage","@id":"https:\/\/www.cataloniaaqua.com\/ca\/comprar-aquavia-spa-cat\/","url":"https:\/\/www.cataloniaaqua.com\/ca\/comprar-aquavia-spa-cat\/","name":"Comprar Aquavia Spa\u00ae d'Exterior i Interior - Aquagrup\u00ae Spas","isPartOf":{"@id":"https:\/\/www.cataloniaaqua.com\/ca\/#website"},"primaryImageOfPage":{"@id":"https:\/\/www.cataloniaaqua.com\/ca\/comprar-aquavia-spa-cat\/#primaryimage"},"image":{"@id":"https:\/\/www.cataloniaaqua.com\/ca\/comprar-aquavia-spa-cat\/#primaryimage"},"thumbnailUrl":"https:\/\/www.cataloniaaqua.com\/wp-content\/uploads\/2021\/12\/comprar-aquavia-spas.jpg","datePublished":"2021-12-30T12:27:48+00:00","dateModified":"2025-07-12T16:42:38+00:00","description":"Est\u00e0 Pensant en Comprar un Spa d'Exterior o Interior? \u2b50 Descobreixi Aquavia Spa\u00ae, el Major Fabricant de Spas Europeu \u2b50 Informi's Aqu\u00ed!","breadcrumb":{"@id":"https:\/\/www.cataloniaaqua.com\/ca\/comprar-aquavia-spa-cat\/#breadcrumb"},"inLanguage":"ca-ES","potentialAction":[{"@type":"ReadAction","target":["https:\/\/www.cataloniaaqua.com\/ca\/comprar-aquavia-spa-cat\/"]}]},{"@type":"ImageObject","inLanguage":"ca-ES","@id":"https:\/\/www.cataloniaaqua.com\/ca\/comprar-aquavia-spa-cat\/#primaryimage","url":"https:\/\/www.cataloniaaqua.com\/wp-content\/uploads\/2021\/12\/comprar-aquavia-spas.jpg","contentUrl":"https:\/\/www.cataloniaaqua.com\/wp-content\/uploads\/2021\/12\/comprar-aquavia-spas.jpg","width":450,"height":345,"caption":"Comprar Spa Aquavia"},{"@type":"BreadcrumbList","@id":"https:\/\/www.cataloniaaqua.com\/ca\/comprar-aquavia-spa-cat\/#breadcrumb","itemListElement":[{"@type":"ListItem","position":1,"name":"Jacuzzi Spa y Cubierta de Piscina","item":"https:\/\/www.cataloniaaqua.com\/ca\/"},{"@type":"ListItem","position":2,"name":"Comprar Aquavia Spa\u00ae"}]},{"@type":"WebSite","@id":"https:\/\/www.cataloniaaqua.com\/ca\/#website","url":"https:\/\/www.cataloniaaqua.com\/ca\/","name":"Aquagrup Spas","description":"Spas y Swim Spas Aquavia y Jacuzzi","publisher":{"@id":"https:\/\/www.cataloniaaqua.com\/ca\/#organization"},"alternateName":"Aquagrup","potentialAction":[{"@type":"SearchAction","target":{"@type":"EntryPoint","urlTemplate":"https:\/\/www.cataloniaaqua.com\/ca\/?s={search_term_string}"},"query-input":{"@type":"PropertyValueSpecification","valueRequired":true,"valueName":"search_term_string"}}],"inLanguage":"ca-ES"},{"@type":"Organization","@id":"https:\/\/www.cataloniaaqua.com\/ca\/#organization","name":"Aquagrup Spas","alternateName":"Aquagrup","url":"https:\/\/www.cataloniaaqua.com\/ca\/","logo":{"@type":"ImageObject","inLanguage":"ca-ES","@id":"https:\/\/www.cataloniaaqua.com\/ca\/#\/schema\/logo\/image\/","url":"https:\/\/www.cataloniaaqua.com\/wp-content\/uploads\/2024\/01\/aquagrup-spas.jpg","contentUrl":"https:\/\/www.cataloniaaqua.com\/wp-content\/uploads\/2024\/01\/aquagrup-spas.jpg","width":696,"height":693,"caption":"Aquagrup Spas"},"image":{"@id":"https:\/\/www.cataloniaaqua.com\/ca\/#\/schema\/logo\/image\/"}}]}},"_links":{"self":[{"href":"https:\/\/www.cataloniaaqua.com\/ca\/wp-json\/wp\/v2\/pages\/31324","targetHints":{"allow":["GET"]}}],"collection":[{"href":"https:\/\/www.cataloniaaqua.com\/ca\/wp-json\/wp\/v2\/pages"}],"about":[{"href":"https:\/\/www.cataloniaaqua.com\/ca\/wp-json\/wp\/v2\/types\/page"}],"author":[{"embeddable":true,"href":"https:\/\/www.cataloniaaqua.com\/ca\/wp-json\/wp\/v2\/users\/3"}],"replies":[{"embeddable":true,"href":"https:\/\/www.cataloniaaqua.com\/ca\/wp-json\/wp\/v2\/comments?post=31324"}],"version-history":[{"count":0,"href":"https:\/\/www.cataloniaaqua.com\/ca\/wp-json\/wp\/v2\/pages\/31324\/revisions"}],"wp:featuredmedia":[{"embeddable":true,"href":"https:\/\/www.cataloniaaqua.com\/ca\/wp-json\/wp\/v2\/media\/31329"}],"wp:attachment":[{"href":"https:\/\/www.cataloniaaqua.com\/ca\/wp-json\/wp\/v2\/media?parent=31324"}],"curies":[{"name":"wp","href":"https:\/\/api.w.org\/{rel}","templated":true}]}}