{"id":31344,"date":"2021-12-30T14:07:53","date_gmt":"2021-12-30T13:07:53","guid":{"rendered":"https:\/\/www.cataloniaaqua.com\/?page_id=31344"},"modified":"2024-12-12T13:43:51","modified_gmt":"2024-12-12T12:43:51","slug":"desbordants-us-public","status":"publish","type":"page","link":"https:\/\/www.cataloniaaqua.com\/ca\/comprar-jacuzzi\/desbordants-us-public\/","title":{"rendered":"Jacuzzi\u00ae desbordants d&#8217;\u00fas p\u00fablic"},"content":{"rendered":"<div class=\"wpb-content-wrapper\">[vc_row][vc_column][vc_column_text css=&#8221;&#8221;]\n<h2>Jacuzzi\u00ae per a espais de p\u00fablica concurr\u00e8ncia<\/h2>\n<p><strong>Jacuzzi\u00ae<\/strong> <strong>spas desbordants d&#8217;\u00fas p\u00fablic<\/strong> \u00e9s l&#8217;elecci\u00f3 perfecta per a <strong>gimnasos<\/strong>, <strong>centres wellness<\/strong>, <strong>hotels<\/strong>, <strong>cases rurals<\/strong> i <strong>clubs socials<\/strong>. Dissenyats per a espais de <strong>p\u00fablica concurr\u00e8ncia<\/strong>, garanteixen una experi\u00e8ncia d&#8217;hidroter\u00e0pia superior, complint amb les normatives sanit\u00e0ries i de seguretat vigents. A <strong>Aquagrup<\/strong>, oferim models que combinen innovaci\u00f3 i qualitat, assegurant el benestar i la satisfacci\u00f3 dels usuaris en cada sessi\u00f3 d&#8217;<strong>hidromassatge<\/strong>.[\/vc_column_text][vc_column_text][vc_row_inner margin_top=\"0\" margin_bottom=\"20px\"][\/vc_row_inner][vc_row_inner margin_top=\"0\" margin_bottom=\"20px\"][vc_column_inner width=\"1\/2\"]<div class=\"bw_wri\"><div class=\"bw_fi\">[vc_single_image image=\"32837\" img_size=\"full\" alignment=\"center\" onclick=\"custom_link\" link=\"https:\/\/www.cataloniaaqua.com\/ca\/comprar-jacuzzi\/desbordants-us-public\/jacuzzi-desbordante-alimia-experience\/\"]<\/div><div class=\"bw_si\">[vc_single_image image=\"17878\" img_size=\"full\" alignment=\"center\" onclick=\"custom_link\" link=\"https:\/\/www.cataloniaaqua.com\/ca\/comprar-jacuzzi\/desbordants-us-public\/jacuzzi-desbordante-alimia-experience\/\"]<\/div><\/div>[vc_column_text]<h3><a href=\"https:\/\/www.cataloniaaqua.com\/ca\/comprar-jacuzzi\/desbordants-us-public\/jacuzzi-desbordante-alimia-experience\/\">Jacuzzi \u00ae desbordant Alimia Pro (8 places)<\/a><\/h3>El Spa desbordant Jacuzzi\u00ae Alimia Pro \u00e9s un spa circular, espai\u00f3s i confortable. Compta amb capacitat per a 8 persones.[\/vc_column_text][\/vc_column_inner][vc_column_inner width=\"1\/2\"]<div class=\"bw_wri\"><div class=\"bw_fi\">[vc_single_image image=\"32598\" img_size=\"full\" alignment=\"center\" onclick=\"custom_link\" link=\"https:\/\/www.cataloniaaqua.com\/ca\/comprar-jacuzzi\/desbordants-us-public\/spa-desbordante-sienna-experience\/\"]<\/div><div class=\"bw_si\">[vc_single_image image=\"32593\" img_size=\"full\" alignment=\"center\" onclick=\"custom_link\" link=\"https:\/\/www.cataloniaaqua.com\/ca\/comprar-jacuzzi\/desbordants-us-public\/spa-desbordante-sienna-experience\/\"]<\/div><\/div>[vc_column_text]<h3><a href=\"https:\/\/www.cataloniaaqua.com\/ca\/comprar-jacuzzi\/desbordants-us-public\/spa-desbordante-sienna-experience\/\">Jacuzzi \u00ae desbordant Sienna Pro (6 - 7 places)<\/a><\/h3>L\u00b4spa desbordant Jacuzzi\u00ae Sienna Pro \u00e9s una piscina d\u00b4hidromassatge amb reixeta cont\u00ednua amb grans prestacions. Amb seients ergon\u00f2mics per a 6-7 persones.[\/vc_column_text][\/vc_column_inner][\/vc_row_inner][vc_row_inner margin_top=\"0\" margin_bottom=\"20px\"][vc_column_inner width=\"1\/2\"]<div class=\"bw_wri\"><div class=\"bw_fi\">[vc_single_image image=\"32602\" img_size=\"full\" alignment=\"center\" onclick=\"custom_link\" link=\"https:\/\/www.cataloniaaqua.com\/ca\/comprar-jacuzzi\/desbordants-us-public\/spa-virtus\/\"]<\/div><div class=\"bw_si\">[vc_single_image image=\"32260\" img_size=\"full\" alignment=\"center\" onclick=\"custom_link\" link=\"https:\/\/www.cataloniaaqua.com\/ca\/comprar-jacuzzi\/desbordants-us-public\/spa-virtus\/\"]<\/div><\/div>[vc_column_text]<h3><a href=\"https:\/\/www.cataloniaaqua.com\/ca\/comprar-jacuzzi\/desbordants-us-public\/spa-virtus\/\">Jacuzzi \u00ae desbordant Virtus Pro (6 - 7 places)<\/a><\/h3>L\u00b4spa desbordant Jacuzzi\u00ae Virtus Pro \u00e9s l\u00b4spa perfecte per compartir un moment de benestar amb hidroter\u00e0pia i gaudir. Compte amb capacitat de 6 - 7 persones.[\/vc_column_text][\/vc_column_inner][vc_column_inner width=\"1\/2\"]<div class=\"bw_wri\"><div class=\"bw_fi\">[vc_single_image image=\"32614\" img_size=\"full\" alignment=\"center\" onclick=\"custom_link\" link=\"https:\/\/www.cataloniaaqua.com\/ca\/comprar-jacuzzi\/desbordants-us-public\/spa-desbordante-virginia-experience\/\"]<\/div><div class=\"bw_si\">[vc_single_image image=\"32605\" img_size=\"full\" alignment=\"center\" onclick=\"custom_link\" link=\"https:\/\/www.cataloniaaqua.com\/ca\/comprar-jacuzzi\/desbordants-us-public\/spa-desbordante-virginia-experience\/\"]<\/div><\/div>[vc_column_text]<h3><a href=\"https:\/\/www.cataloniaaqua.com\/ca\/comprar-jacuzzi\/desbordants-us-public\/spa-desbordante-virginia-experience\/\">Jacuzzi \u00ae desbordant Virginia Pro (6 -7  places)<\/a><\/h3>El Spa desbordant Jacuzzi\u00ae Virginia Pro \u00e9s inimitable, combina l'excel\u00b7l\u00e8ncia t\u00e8cnica dels spas professionals amb el confort inimitable. Compte amb 7 seients, un reclinat.[\/vc_column_text][\/vc_column_inner][\/vc_row_inner][vc_row_inner margin_top=\"0\" margin_bottom=\"20px\"][vc_column_inner width=\"1\/2\"]<div class=\"bw_wri\"><div class=\"bw_fi\">[vc_single_image image=\"32618\" img_size=\"full\" alignment=\"center\" onclick=\"custom_link\" link=\"https:\/\/www.cataloniaaqua.com\/ca\/comprar-jacuzzi\/desbordants-us-public\/spa-desbordante-enjoy\/\"]<\/div><div class=\"bw_si\">[vc_single_image image=\"32256\" img_size=\"full\" alignment=\"center\" onclick=\"custom_link\" link=\"https:\/\/www.cataloniaaqua.com\/ca\/comprar-jacuzzi\/desbordants-us-public\/spa-desbordante-enjoy\/\"]<\/div><\/div>[vc_column_text]<h3><a href=\"https:\/\/www.cataloniaaqua.com\/ca\/comprar-jacuzzi\/desbordants-us-public\/spa-desbordante-enjoy\/\">Jacuzzi \u00ae desbordant Enjoy (6 places)<\/a><\/h3>Els Spas desbordants Jacuzzi\u00ae Enjoy estan dissenyats per a hotels petits i mitjans i spas de dia. T\u00e9 capacitat per a 6 persones.[\/vc_column_text][\/vc_column_inner][\/vc_row_inner][\/vc_column_text][\/vc_column][\/vc_row]\n<\/div>","protected":false},"excerpt":{"rendered":"<p>[vc_row][vc_column][vc_column_text css=&#8221;&#8221;] Jacuzzi\u00ae per a espais de p\u00fablica concurr\u00e8ncia Jacuzzi\u00ae spas desbordants d&#8217;\u00fas p\u00fablic \u00e9s l&#8217;elecci\u00f3 perfecta per a gimnasos, centres wellness, hotels, cases rurals i clubs socials. Dissenyats per a espais de p\u00fablica concurr\u00e8ncia, garanteixen una experi\u00e8ncia d&#8217;hidroter\u00e0pia superior, complint amb les normatives sanit\u00e0ries i de seguretat vigents. A Aquagrup, oferim models que combinen&hellip;<\/p>\n","protected":false},"author":3,"featured_media":31314,"parent":31297,"menu_order":0,"comment_status":"closed","ping_status":"closed","template":"","meta":{"_acf_changed":false,"footnotes":""},"class_list":["post-31344","page","type-page","status-publish","has-post-thumbnail","hentry","description-off"],"acf":[],"yoast_head":"<!-- This site is optimized with the Yoast SEO plugin v27.2 - https:\/\/yoast.com\/product\/yoast-seo-wordpress\/ -->\n<title>Venda \/ Comprar Jacuzzi Desbordants \u00das P\u00fablic<\/title>\n<meta name=\"description\" content=\"Est\u00e0s Pensant en Comprar un Jacuzzi d&#039;Exterior o Interior? Descobreix els Jacuzzi desbordants. Informa&#039;t!\" \/>\n<meta name=\"robots\" content=\"index, follow, max-snippet:-1, max-image-preview:large, max-video-preview:-1\" \/>\n<link rel=\"canonical\" href=\"https:\/\/www.cataloniaaqua.com\/ca\/comprar-jacuzzi\/desbordants-us-public\/\" \/>\n<meta property=\"og:locale\" content=\"ca_ES\" \/>\n<meta property=\"og:type\" content=\"article\" \/>\n<meta property=\"og:title\" content=\"Venda \/ Comprar Jacuzzi Desbordants \u00das P\u00fablic\" \/>\n<meta property=\"og:description\" content=\"Est\u00e0s Pensant en Comprar un Jacuzzi d&#039;Exterior o Interior? Descobreix els Jacuzzi desbordants. Informa&#039;t!\" \/>\n<meta property=\"og:url\" content=\"https:\/\/www.cataloniaaqua.com\/ca\/comprar-jacuzzi\/desbordants-us-public\/\" \/>\n<meta property=\"og:site_name\" content=\"Aquagrup Spas\" \/>\n<meta property=\"article:modified_time\" content=\"2024-12-12T12:43:51+00:00\" \/>\n<meta property=\"og:image\" content=\"https:\/\/www.cataloniaaqua.com\/wp-content\/uploads\/2021\/12\/comprar-jacuzzi-uso-publico.jpg\" \/>\n\t<meta property=\"og:image:width\" content=\"450\" \/>\n\t<meta property=\"og:image:height\" content=\"345\" \/>\n\t<meta property=\"og:image:type\" content=\"image\/jpeg\" \/>\n<meta name=\"twitter:label1\" content=\"Est. reading time\" \/>\n\t<meta name=\"twitter:data1\" content=\"1 minute\" \/>\n<script type=\"application\/ld+json\" class=\"yoast-schema-graph\">{\"@context\":\"https:\/\/schema.org\",\"@graph\":[{\"@type\":\"WebPage\",\"@id\":\"https:\/\/www.cataloniaaqua.com\/ca\/comprar-jacuzzi\/desbordants-us-public\/\",\"url\":\"https:\/\/www.cataloniaaqua.com\/ca\/comprar-jacuzzi\/desbordants-us-public\/\",\"name\":\"Venda \/ Comprar Jacuzzi Desbordants \u00das P\u00fablic\",\"isPartOf\":{\"@id\":\"https:\/\/www.cataloniaaqua.com\/ca\/#website\"},\"primaryImageOfPage\":{\"@id\":\"https:\/\/www.cataloniaaqua.com\/ca\/comprar-jacuzzi\/desbordants-us-public\/#primaryimage\"},\"image\":{\"@id\":\"https:\/\/www.cataloniaaqua.com\/ca\/comprar-jacuzzi\/desbordants-us-public\/#primaryimage\"},\"thumbnailUrl\":\"https:\/\/www.cataloniaaqua.com\/wp-content\/uploads\/2021\/12\/comprar-jacuzzi-uso-publico.jpg\",\"datePublished\":\"2021-12-30T13:07:53+00:00\",\"dateModified\":\"2024-12-12T12:43:51+00:00\",\"description\":\"Est\u00e0s Pensant en Comprar un Jacuzzi d'Exterior o Interior? Descobreix els Jacuzzi desbordants. Informa't!\",\"breadcrumb\":{\"@id\":\"https:\/\/www.cataloniaaqua.com\/ca\/comprar-jacuzzi\/desbordants-us-public\/#breadcrumb\"},\"inLanguage\":\"ca-ES\",\"potentialAction\":[{\"@type\":\"ReadAction\",\"target\":[\"https:\/\/www.cataloniaaqua.com\/ca\/comprar-jacuzzi\/desbordants-us-public\/\"]}]},{\"@type\":\"ImageObject\",\"inLanguage\":\"ca-ES\",\"@id\":\"https:\/\/www.cataloniaaqua.com\/ca\/comprar-jacuzzi\/desbordants-us-public\/#primaryimage\",\"url\":\"https:\/\/www.cataloniaaqua.com\/wp-content\/uploads\/2021\/12\/comprar-jacuzzi-uso-publico.jpg\",\"contentUrl\":\"https:\/\/www.cataloniaaqua.com\/wp-content\/uploads\/2021\/12\/comprar-jacuzzi-uso-publico.jpg\",\"width\":450,\"height\":345,\"caption\":\"Comprar Jacuzzi \u00fas p\u00fablic desbordant\"},{\"@type\":\"BreadcrumbList\",\"@id\":\"https:\/\/www.cataloniaaqua.com\/ca\/comprar-jacuzzi\/desbordants-us-public\/#breadcrumb\",\"itemListElement\":[{\"@type\":\"ListItem\",\"position\":1,\"name\":\"Jacuzzi Spa y Cubierta de Piscina\",\"item\":\"https:\/\/www.cataloniaaqua.com\/ca\/\"},{\"@type\":\"ListItem\",\"position\":2,\"name\":\"Comprar Jacuzzi\u00ae Spa\",\"item\":\"https:\/\/www.cataloniaaqua.com\/ca\/comprar-jacuzzi\/\"},{\"@type\":\"ListItem\",\"position\":3,\"name\":\"Jacuzzi\u00ae desbordants d&#8217;\u00fas p\u00fablic\"}]},{\"@type\":\"WebSite\",\"@id\":\"https:\/\/www.cataloniaaqua.com\/ca\/#website\",\"url\":\"https:\/\/www.cataloniaaqua.com\/ca\/\",\"name\":\"Aquagrup Spas\",\"description\":\"Spas y Swim Spas Aquavia y Jacuzzi\",\"publisher\":{\"@id\":\"https:\/\/www.cataloniaaqua.com\/ca\/#organization\"},\"alternateName\":\"Aquagrup\",\"potentialAction\":[{\"@type\":\"SearchAction\",\"target\":{\"@type\":\"EntryPoint\",\"urlTemplate\":\"https:\/\/www.cataloniaaqua.com\/ca\/?s={search_term_string}\"},\"query-input\":{\"@type\":\"PropertyValueSpecification\",\"valueRequired\":true,\"valueName\":\"search_term_string\"}}],\"inLanguage\":\"ca-ES\"},{\"@type\":\"Organization\",\"@id\":\"https:\/\/www.cataloniaaqua.com\/ca\/#organization\",\"name\":\"Aquagrup Spas\",\"alternateName\":\"Aquagrup\",\"url\":\"https:\/\/www.cataloniaaqua.com\/ca\/\",\"logo\":{\"@type\":\"ImageObject\",\"inLanguage\":\"ca-ES\",\"@id\":\"https:\/\/www.cataloniaaqua.com\/ca\/#\/schema\/logo\/image\/\",\"url\":\"https:\/\/www.cataloniaaqua.com\/wp-content\/uploads\/2024\/01\/aquagrup-spas.jpg\",\"contentUrl\":\"https:\/\/www.cataloniaaqua.com\/wp-content\/uploads\/2024\/01\/aquagrup-spas.jpg\",\"width\":696,\"height\":693,\"caption\":\"Aquagrup Spas\"},\"image\":{\"@id\":\"https:\/\/www.cataloniaaqua.com\/ca\/#\/schema\/logo\/image\/\"}}]}<\/script>\n<!-- \/ Yoast SEO plugin. -->","yoast_head_json":{"title":"Venda \/ Comprar Jacuzzi Desbordants \u00das P\u00fablic","description":"Est\u00e0s Pensant en Comprar un Jacuzzi d'Exterior o Interior? Descobreix els Jacuzzi desbordants. Informa't!","robots":{"index":"index","follow":"follow","max-snippet":"max-snippet:-1","max-image-preview":"max-image-preview:large","max-video-preview":"max-video-preview:-1"},"canonical":"https:\/\/www.cataloniaaqua.com\/ca\/comprar-jacuzzi\/desbordants-us-public\/","og_locale":"ca_ES","og_type":"article","og_title":"Venda \/ Comprar Jacuzzi Desbordants \u00das P\u00fablic","og_description":"Est\u00e0s Pensant en Comprar un Jacuzzi d'Exterior o Interior? Descobreix els Jacuzzi desbordants. Informa't!","og_url":"https:\/\/www.cataloniaaqua.com\/ca\/comprar-jacuzzi\/desbordants-us-public\/","og_site_name":"Aquagrup Spas","article_modified_time":"2024-12-12T12:43:51+00:00","og_image":[{"width":450,"height":345,"url":"https:\/\/www.cataloniaaqua.com\/wp-content\/uploads\/2021\/12\/comprar-jacuzzi-uso-publico.jpg","type":"image\/jpeg"}],"twitter_misc":{"Est. reading time":"1 minute"},"schema":{"@context":"https:\/\/schema.org","@graph":[{"@type":"WebPage","@id":"https:\/\/www.cataloniaaqua.com\/ca\/comprar-jacuzzi\/desbordants-us-public\/","url":"https:\/\/www.cataloniaaqua.com\/ca\/comprar-jacuzzi\/desbordants-us-public\/","name":"Venda \/ Comprar Jacuzzi Desbordants \u00das P\u00fablic","isPartOf":{"@id":"https:\/\/www.cataloniaaqua.com\/ca\/#website"},"primaryImageOfPage":{"@id":"https:\/\/www.cataloniaaqua.com\/ca\/comprar-jacuzzi\/desbordants-us-public\/#primaryimage"},"image":{"@id":"https:\/\/www.cataloniaaqua.com\/ca\/comprar-jacuzzi\/desbordants-us-public\/#primaryimage"},"thumbnailUrl":"https:\/\/www.cataloniaaqua.com\/wp-content\/uploads\/2021\/12\/comprar-jacuzzi-uso-publico.jpg","datePublished":"2021-12-30T13:07:53+00:00","dateModified":"2024-12-12T12:43:51+00:00","description":"Est\u00e0s Pensant en Comprar un Jacuzzi d'Exterior o Interior? Descobreix els Jacuzzi desbordants. Informa't!","breadcrumb":{"@id":"https:\/\/www.cataloniaaqua.com\/ca\/comprar-jacuzzi\/desbordants-us-public\/#breadcrumb"},"inLanguage":"ca-ES","potentialAction":[{"@type":"ReadAction","target":["https:\/\/www.cataloniaaqua.com\/ca\/comprar-jacuzzi\/desbordants-us-public\/"]}]},{"@type":"ImageObject","inLanguage":"ca-ES","@id":"https:\/\/www.cataloniaaqua.com\/ca\/comprar-jacuzzi\/desbordants-us-public\/#primaryimage","url":"https:\/\/www.cataloniaaqua.com\/wp-content\/uploads\/2021\/12\/comprar-jacuzzi-uso-publico.jpg","contentUrl":"https:\/\/www.cataloniaaqua.com\/wp-content\/uploads\/2021\/12\/comprar-jacuzzi-uso-publico.jpg","width":450,"height":345,"caption":"Comprar Jacuzzi \u00fas p\u00fablic desbordant"},{"@type":"BreadcrumbList","@id":"https:\/\/www.cataloniaaqua.com\/ca\/comprar-jacuzzi\/desbordants-us-public\/#breadcrumb","itemListElement":[{"@type":"ListItem","position":1,"name":"Jacuzzi Spa y Cubierta de Piscina","item":"https:\/\/www.cataloniaaqua.com\/ca\/"},{"@type":"ListItem","position":2,"name":"Comprar Jacuzzi\u00ae Spa","item":"https:\/\/www.cataloniaaqua.com\/ca\/comprar-jacuzzi\/"},{"@type":"ListItem","position":3,"name":"Jacuzzi\u00ae desbordants d&#8217;\u00fas p\u00fablic"}]},{"@type":"WebSite","@id":"https:\/\/www.cataloniaaqua.com\/ca\/#website","url":"https:\/\/www.cataloniaaqua.com\/ca\/","name":"Aquagrup Spas","description":"Spas y Swim Spas Aquavia y Jacuzzi","publisher":{"@id":"https:\/\/www.cataloniaaqua.com\/ca\/#organization"},"alternateName":"Aquagrup","potentialAction":[{"@type":"SearchAction","target":{"@type":"EntryPoint","urlTemplate":"https:\/\/www.cataloniaaqua.com\/ca\/?s={search_term_string}"},"query-input":{"@type":"PropertyValueSpecification","valueRequired":true,"valueName":"search_term_string"}}],"inLanguage":"ca-ES"},{"@type":"Organization","@id":"https:\/\/www.cataloniaaqua.com\/ca\/#organization","name":"Aquagrup Spas","alternateName":"Aquagrup","url":"https:\/\/www.cataloniaaqua.com\/ca\/","logo":{"@type":"ImageObject","inLanguage":"ca-ES","@id":"https:\/\/www.cataloniaaqua.com\/ca\/#\/schema\/logo\/image\/","url":"https:\/\/www.cataloniaaqua.com\/wp-content\/uploads\/2024\/01\/aquagrup-spas.jpg","contentUrl":"https:\/\/www.cataloniaaqua.com\/wp-content\/uploads\/2024\/01\/aquagrup-spas.jpg","width":696,"height":693,"caption":"Aquagrup Spas"},"image":{"@id":"https:\/\/www.cataloniaaqua.com\/ca\/#\/schema\/logo\/image\/"}}]}},"_links":{"self":[{"href":"https:\/\/www.cataloniaaqua.com\/ca\/wp-json\/wp\/v2\/pages\/31344","targetHints":{"allow":["GET"]}}],"collection":[{"href":"https:\/\/www.cataloniaaqua.com\/ca\/wp-json\/wp\/v2\/pages"}],"about":[{"href":"https:\/\/www.cataloniaaqua.com\/ca\/wp-json\/wp\/v2\/types\/page"}],"author":[{"embeddable":true,"href":"https:\/\/www.cataloniaaqua.com\/ca\/wp-json\/wp\/v2\/users\/3"}],"replies":[{"embeddable":true,"href":"https:\/\/www.cataloniaaqua.com\/ca\/wp-json\/wp\/v2\/comments?post=31344"}],"version-history":[{"count":0,"href":"https:\/\/www.cataloniaaqua.com\/ca\/wp-json\/wp\/v2\/pages\/31344\/revisions"}],"up":[{"embeddable":true,"href":"https:\/\/www.cataloniaaqua.com\/ca\/wp-json\/wp\/v2\/pages\/31297"}],"wp:featuredmedia":[{"embeddable":true,"href":"https:\/\/www.cataloniaaqua.com\/ca\/wp-json\/wp\/v2\/media\/31314"}],"wp:attachment":[{"href":"https:\/\/www.cataloniaaqua.com\/ca\/wp-json\/wp\/v2\/media?parent=31344"}],"curies":[{"name":"wp","href":"https:\/\/api.w.org\/{rel}","templated":true}]}}