{"id":31374,"date":"2021-12-30T14:36:37","date_gmt":"2021-12-30T13:36:37","guid":{"rendered":"https:\/\/www.cataloniaaqua.com\/?page_id=31374"},"modified":"2024-12-12T13:52:26","modified_gmt":"2024-12-12T12:52:26","slug":"swimspas","status":"publish","type":"page","link":"https:\/\/www.cataloniaaqua.com\/ca\/comprar-jacuzzi\/swimspas\/","title":{"rendered":"Swim Spa Jacuzzi\u00ae"},"content":{"rendered":"<div class=\"wpb-content-wrapper\">[vc_row][vc_column][vc_column_text css=&#8221;&#8221;]\n<h2>Swim Spa Jacuzzi\u00ae hidromassatge i nataci\u00f3 contracorrent<\/h2>\n<p>Swimspas Jacuzzi\u00ae, la soluci\u00f3 ideal per a qui busca combinar activitat f\u00edsica i relaxaci\u00f3 en un \u00fanic espai. Dissenyats per oferir <strong>nataci\u00f3 contracorrent<\/strong> i <strong>zones de hidromassatge<\/strong>, aquests sistemes destaquen per la seva versatilitat i alt rendiment. Aquagrup oferim swimspas adaptats a qualsevol necessitat, ideals tant per a interiors com per a exteriors. Una opci\u00f3 perfecta per gaudir de benestar, entrenament i moments de descans sense sortir de casa.[\/vc_column_text][vc_column_text][vc_row_inner margin_top=\"0\" margin_bottom=\"20px\"][\/vc_row_inner][vc_row_inner margin_top=\"0\" margin_bottom=\"20px\"][vc_column_inner width=\"1\/2\"]<div class=\"bw_wri\"><div class=\"bw_fi\">[vc_single_image image=\"32624\" img_size=\"full\" alignment=\"center\" onclick=\"custom_link\" link=\"https:\/\/www.cataloniaaqua.com\/ca\/comprar-jacuzzi\/swimspas-ca\/swim-spa-jacuzzi-j16-poweractive\/\"]<\/div><div class=\"bw_si\">[vc_single_image image=\"31713\" img_size=\"full\" alignment=\"center\" onclick=\"custom_link\" link=\"https:\/\/www.cataloniaaqua.com\/ca\/comprar-jacuzzi\/swimspas-ca\/swim-spa-jacuzzi-j16-poweractive\/\"]<\/div><\/div>[vc_column_text]<h3><a href=\"https:\/\/www.cataloniaaqua.com\/ca\/comprar-jacuzzi\/swimspas-ca\/swim-spa-jacuzzi-j16-poweractive\/\">Swim Spa Jacuzzi \u00ae J-16 PowerActive\u2122<\/a><\/h3>El Swim Spa Jacuzzi\u00ae J-16 PowerActive\u2122 ofereix un corrent d\u00b4aigua per proporcionar una gran experi\u00e8ncia de nataci\u00f3. \u00c9s adequat tant per a principiants com per als m\u00e9s experimentats. Compte amb quatre seients de disseny ergon\u00f2mic incloent un seient de refredament.\r\nVENDA, INSTAL\u00b7LACI\u00d3 I SERVEI T\u00c8CNIC A TOTA ESPANYA\r\n[\/vc_column_text][\/vc_column_inner][vc_column_inner width=\"1\/2\"]<div class=\"bw_wri\"><div class=\"bw_fi\">[vc_single_image image=\"32628\" img_size=\"full\" alignment=\"center\" onclick=\"custom_link\" link=\"https:\/\/www.cataloniaaqua.com\/ca\/comprar-jacuzzi\/swimspas-ca\/swim-spa-jacuzzi-j16-powerpro\/\"]<\/div><div class=\"bw_si\">[vc_single_image image=\"31757\" img_size=\"full\" alignment=\"center\" onclick=\"custom_link\" link=\"https:\/\/www.cataloniaaqua.com\/ca\/comprar-jacuzzi\/swimspas-ca\/swim-spa-jacuzzi-j16-powerpro\/\"]<\/div><\/div>[vc_column_text]<h3><a href=\"https:\/\/www.cataloniaaqua.com\/ca\/comprar-jacuzzi\/swimspas-ca\/swim-spa-jacuzzi-j16-powerpro\/\">Swim Spa Jacuzzi \u00ae J-16 PowerPro\u2122<\/a><\/h3>El Spa de nataci\u00f3 Jacuzzi\u00ae J-16 PowerPro\u2122 compta amb l'ambient m\u00e9s c\u00f2mode per a la nataci\u00f3 i el fitness aqu\u00e0tic. Ofereix quatre seients de disseny ergon\u00f2mic, incl\u00f2s un seient de refredament. Inclou una tecnologia de cinta de c\u00f3rrer sota l\u2019aigua perfecta per a la realitzaci\u00f3 d\u2019exercicis aqu\u00e0tics.\r\nVENDA, INSTAL\u00b7LACI\u00d3 I SERVEI T\u00c8CNIC A TOTA ESPANYA[\/vc_column_text][\/vc_column_inner][\/vc_row_inner][vc_row_inner margin_top=\"0\" margin_bottom=\"20px\"][vc_column_inner width=\"1\/2\"]<div class=\"bw_wri\"><div class=\"bw_fi\">[vc_single_image image=\"32632\" img_size=\"full\" alignment=\"center\" onclick=\"custom_link\" link=\"https:\/\/www.cataloniaaqua.com\/ca\/comprar-jacuzzi\/swimspas-ca\/swim-spa-jacuzzi-j19-poweractive\/\"]<\/div><div class=\"bw_si\">[vc_single_image image=\"31799\" img_size=\"full\" alignment=\"center\" onclick=\"custom_link\" link=\"https:\/\/www.cataloniaaqua.com\/ca\/comprar-jacuzzi\/swimspas-ca\/swim-spa-jacuzzi-j19-poweractive\/\"]<\/div><\/div>[vc_column_text]<h3><a href=\"https:\/\/www.cataloniaaqua.com\/ca\/comprar-jacuzzi\/swimspas-ca\/swim-spa-jacuzzi-j19-poweractive\/\">Swim Spa Jacuzzi \u00ae J-19 PowerActive\u2122<\/a><\/h3>El Spa de nataci\u00f3 Jacuzzi\u00ae J-19 PowerActive\u2122 de 19ft barreja la nataci\u00f3 i l'exercici amb la diversi\u00f3 familiar. \u00c9s el model m\u00e9s gran d\u2019aquesta col\u00b7lecci\u00f3. Disposa de quatre seients, dos dels quals hidromassatge.\r\nVENDA, INSTAL\u00b7LACI\u00d3 I SERVEI T\u00c8CNIC A TOTA ESPANYA[\/vc_column_text][\/vc_column_inner][vc_column_inner width=\"1\/2\"]<div class=\"bw_wri\"><div class=\"bw_fi\">[vc_single_image image=\"32636\" img_size=\"full\" alignment=\"center\" onclick=\"custom_link\" link=\"https:\/\/www.cataloniaaqua.com\/ca\/comprar-jacuzzi\/swimspas-ca\/swim-spa-jacuzzi-j19-powerpro\/\"]<\/div><div class=\"bw_si\">[vc_single_image image=\"31824\" img_size=\"full\" alignment=\"center\" onclick=\"custom_link\" link=\"https:\/\/www.cataloniaaqua.com\/ca\/comprar-jacuzzi\/swimspas-ca\/swim-spa-jacuzzi-j19-powerpro\/\"]<\/div><\/div>[vc_column_text]<h3><a href=\"https:\/\/www.cataloniaaqua.com\/ca\/comprar-jacuzzi\/swimspas-ca\/swim-spa-jacuzzi-j19-powerpro\/\">Swim Spa Jacuzzi \u00ae J-19 PowerPro\u2122<\/a><\/h3>Al Swim Spa Jacuzzi\u00ae J-19 PowerPro\u2122 quatre bombes de 3 cv de pot\u00e8ncia es combinen amb dos raigs Jacuzzi\u00ae PowerPro PX. A m\u00e9s, compta amb quatre seients ergon\u00f2mics, un de refredament.\r\nVENDA, INSTAL\u00b7LACI\u00d3 I SERVEI T\u00c8CNIC A TOTA ESPANYA[\/vc_column_text][\/vc_column_inner][\/vc_row_inner][vc_row_inner margin_top=\"0\" margin_bottom=\"20px\"][vc_column_inner width=\"1\/2\"]<div class=\"bw_wri\"><div class=\"bw_fi\">[vc_single_image image=\"32640\" img_size=\"full\" alignment=\"center\" onclick=\"custom_link\" link=\"https:\/\/www.cataloniaaqua.com\/ca\/comprar-jacuzzi\/swimspas-ca\/swim-spa-jacuzzi-j13-powerplay\/\"]<\/div><div class=\"bw_si\">[vc_single_image image=\"31859\" img_size=\"full\" alignment=\"center\" onclick=\"custom_link\" link=\"https:\/\/www.cataloniaaqua.com\/ca\/comprar-jacuzzi\/swimspas-ca\/swim-spa-jacuzzi-j13-powerplay\/\"]<\/div><\/div>[vc_column_text]<h3><a href=\"https:\/\/www.cataloniaaqua.com\/ca\/comprar-jacuzzi\/swimspas-ca\/swim-spa-jacuzzi-j13-powerplay\/\">Swim Spa Jacuzzi \u00ae J-13 PowerPlay\u2122<\/a><\/h3>El Swim Spa Jacuzzi J-13 PowerPlay\u2122 \u00e9s el m\u00e9s vers\u00e0til perqu\u00e8 ofereix doble funci\u00f3: corrent d'aigua per a la nataci\u00f3, adequat tant per a principiants com per a experimentats; alhora, que ofereix diferents seients ergon\u00f2mics i sistemes d'hidromassatge. \u00c9s ideal per a tota la fam\u00edlia.\r\nVENDA, INSTAL\u00b7LACI\u00d3 I SERVEI T\u00c8CNIC A TOTA ESPANYA[\/vc_column_text][\/vc_column_inner][\/vc_row_inner]\n[\/vc_column_text][\/vc_column][\/vc_row]\n<\/div>","protected":false},"excerpt":{"rendered":"<p>[vc_row][vc_column][vc_column_text css=&#8221;&#8221;] Swim Spa Jacuzzi\u00ae hidromassatge i nataci\u00f3 contracorrent Swimspas Jacuzzi\u00ae, la soluci\u00f3 ideal per a qui busca combinar activitat f\u00edsica i relaxaci\u00f3 en un \u00fanic espai. Dissenyats per oferir nataci\u00f3 contracorrent i zones de hidromassatge, aquests sistemes destaquen per la seva versatilitat i alt rendiment. Aquagrup oferim swimspas adaptats a qualsevol necessitat, ideals tant&hellip;<\/p>\n","protected":false},"author":3,"featured_media":31310,"parent":31297,"menu_order":0,"comment_status":"closed","ping_status":"closed","template":"","meta":{"_acf_changed":false,"footnotes":""},"class_list":["post-31374","page","type-page","status-publish","has-post-thumbnail","hentry","description-off"],"acf":[],"yoast_head":"<!-- This site is optimized with the Yoast SEO plugin v27.2 - https:\/\/yoast.com\/product\/yoast-seo-wordpress\/ -->\n<title>Venda \/ Comprar Swim Spa: Spa i Piscina per a Nedar a Contracorrent<\/title>\n<meta name=\"description\" content=\"Est\u00e0s Pensant Comprar una Mini Piscina per Nedar Contracorrent? Et presentem els nous SwimSpas de Jacuzzi. Informa&#039;t!\" \/>\n<meta name=\"robots\" content=\"index, follow, max-snippet:-1, max-image-preview:large, max-video-preview:-1\" \/>\n<link rel=\"canonical\" href=\"https:\/\/www.cataloniaaqua.com\/ca\/comprar-jacuzzi\/swimspas\/\" \/>\n<meta property=\"og:locale\" content=\"ca_ES\" \/>\n<meta property=\"og:type\" content=\"article\" \/>\n<meta property=\"og:title\" content=\"Venda \/ Comprar Swim Spa: Spa i Piscina per a Nedar a Contracorrent\" \/>\n<meta property=\"og:description\" content=\"Est\u00e0s Pensant Comprar una Mini Piscina per Nedar Contracorrent? Et presentem els nous SwimSpas de Jacuzzi. Informa&#039;t!\" \/>\n<meta property=\"og:url\" content=\"https:\/\/www.cataloniaaqua.com\/ca\/comprar-jacuzzi\/swimspas\/\" \/>\n<meta property=\"og:site_name\" content=\"Aquagrup Spas\" \/>\n<meta property=\"article:modified_time\" content=\"2024-12-12T12:52:26+00:00\" \/>\n<meta property=\"og:image\" content=\"https:\/\/www.cataloniaaqua.com\/wp-content\/uploads\/2018\/06\/comprar-spa-compact-pool.jpg\" \/>\n<meta name=\"twitter:label1\" content=\"Est. reading time\" \/>\n\t<meta name=\"twitter:data1\" content=\"1 minute\" \/>\n<script type=\"application\/ld+json\" class=\"yoast-schema-graph\">{\"@context\":\"https:\/\/schema.org\",\"@graph\":[{\"@type\":\"WebPage\",\"@id\":\"https:\/\/www.cataloniaaqua.com\/ca\/comprar-jacuzzi\/swimspas\/\",\"url\":\"https:\/\/www.cataloniaaqua.com\/ca\/comprar-jacuzzi\/swimspas\/\",\"name\":\"Venda \/ Comprar Swim Spa: Spa i Piscina per a Nedar a Contracorrent\",\"isPartOf\":{\"@id\":\"https:\/\/www.cataloniaaqua.com\/ca\/#website\"},\"primaryImageOfPage\":{\"@id\":\"https:\/\/www.cataloniaaqua.com\/ca\/comprar-jacuzzi\/swimspas\/#primaryimage\"},\"image\":{\"@id\":\"https:\/\/www.cataloniaaqua.com\/ca\/comprar-jacuzzi\/swimspas\/#primaryimage\"},\"thumbnailUrl\":\"https:\/\/www.cataloniaaqua.com\/wp-content\/uploads\/2021\/12\/comprar-jacuzzi-swimspa.jpg\",\"datePublished\":\"2021-12-30T13:36:37+00:00\",\"dateModified\":\"2024-12-12T12:52:26+00:00\",\"description\":\"Est\u00e0s Pensant Comprar una Mini Piscina per Nedar Contracorrent? Et presentem els nous SwimSpas de Jacuzzi. Informa't!\",\"breadcrumb\":{\"@id\":\"https:\/\/www.cataloniaaqua.com\/ca\/comprar-jacuzzi\/swimspas\/#breadcrumb\"},\"inLanguage\":\"ca-ES\",\"potentialAction\":[{\"@type\":\"ReadAction\",\"target\":[\"https:\/\/www.cataloniaaqua.com\/ca\/comprar-jacuzzi\/swimspas\/\"]}]},{\"@type\":\"ImageObject\",\"inLanguage\":\"ca-ES\",\"@id\":\"https:\/\/www.cataloniaaqua.com\/ca\/comprar-jacuzzi\/swimspas\/#primaryimage\",\"url\":\"https:\/\/www.cataloniaaqua.com\/wp-content\/uploads\/2021\/12\/comprar-jacuzzi-swimspa.jpg\",\"contentUrl\":\"https:\/\/www.cataloniaaqua.com\/wp-content\/uploads\/2021\/12\/comprar-jacuzzi-swimspa.jpg\",\"width\":450,\"height\":345,\"caption\":\"Comprar Jacuzzi swimspa\"},{\"@type\":\"BreadcrumbList\",\"@id\":\"https:\/\/www.cataloniaaqua.com\/ca\/comprar-jacuzzi\/swimspas\/#breadcrumb\",\"itemListElement\":[{\"@type\":\"ListItem\",\"position\":1,\"name\":\"Jacuzzi Spa y Cubierta de Piscina\",\"item\":\"https:\/\/www.cataloniaaqua.com\/ca\/\"},{\"@type\":\"ListItem\",\"position\":2,\"name\":\"Comprar Jacuzzi\u00ae Spa\",\"item\":\"https:\/\/www.cataloniaaqua.com\/ca\/comprar-jacuzzi\/\"},{\"@type\":\"ListItem\",\"position\":3,\"name\":\"Swim Spa Jacuzzi\u00ae\"}]},{\"@type\":\"WebSite\",\"@id\":\"https:\/\/www.cataloniaaqua.com\/ca\/#website\",\"url\":\"https:\/\/www.cataloniaaqua.com\/ca\/\",\"name\":\"Aquagrup Spas\",\"description\":\"Spas y Swim Spas Aquavia y Jacuzzi\",\"publisher\":{\"@id\":\"https:\/\/www.cataloniaaqua.com\/ca\/#organization\"},\"alternateName\":\"Aquagrup\",\"potentialAction\":[{\"@type\":\"SearchAction\",\"target\":{\"@type\":\"EntryPoint\",\"urlTemplate\":\"https:\/\/www.cataloniaaqua.com\/ca\/?s={search_term_string}\"},\"query-input\":{\"@type\":\"PropertyValueSpecification\",\"valueRequired\":true,\"valueName\":\"search_term_string\"}}],\"inLanguage\":\"ca-ES\"},{\"@type\":\"Organization\",\"@id\":\"https:\/\/www.cataloniaaqua.com\/ca\/#organization\",\"name\":\"Aquagrup Spas\",\"alternateName\":\"Aquagrup\",\"url\":\"https:\/\/www.cataloniaaqua.com\/ca\/\",\"logo\":{\"@type\":\"ImageObject\",\"inLanguage\":\"ca-ES\",\"@id\":\"https:\/\/www.cataloniaaqua.com\/ca\/#\/schema\/logo\/image\/\",\"url\":\"https:\/\/www.cataloniaaqua.com\/wp-content\/uploads\/2024\/01\/aquagrup-spas.jpg\",\"contentUrl\":\"https:\/\/www.cataloniaaqua.com\/wp-content\/uploads\/2024\/01\/aquagrup-spas.jpg\",\"width\":696,\"height\":693,\"caption\":\"Aquagrup Spas\"},\"image\":{\"@id\":\"https:\/\/www.cataloniaaqua.com\/ca\/#\/schema\/logo\/image\/\"}}]}<\/script>\n<!-- \/ Yoast SEO plugin. -->","yoast_head_json":{"title":"Venda \/ Comprar Swim Spa: Spa i Piscina per a Nedar a Contracorrent","description":"Est\u00e0s Pensant Comprar una Mini Piscina per Nedar Contracorrent? Et presentem els nous SwimSpas de Jacuzzi. Informa't!","robots":{"index":"index","follow":"follow","max-snippet":"max-snippet:-1","max-image-preview":"max-image-preview:large","max-video-preview":"max-video-preview:-1"},"canonical":"https:\/\/www.cataloniaaqua.com\/ca\/comprar-jacuzzi\/swimspas\/","og_locale":"ca_ES","og_type":"article","og_title":"Venda \/ Comprar Swim Spa: Spa i Piscina per a Nedar a Contracorrent","og_description":"Est\u00e0s Pensant Comprar una Mini Piscina per Nedar Contracorrent? Et presentem els nous SwimSpas de Jacuzzi. Informa't!","og_url":"https:\/\/www.cataloniaaqua.com\/ca\/comprar-jacuzzi\/swimspas\/","og_site_name":"Aquagrup Spas","article_modified_time":"2024-12-12T12:52:26+00:00","og_image":[{"url":"https:\/\/www.cataloniaaqua.com\/wp-content\/uploads\/2018\/06\/comprar-spa-compact-pool.jpg","type":"","width":"","height":""}],"twitter_misc":{"Est. reading time":"1 minute"},"schema":{"@context":"https:\/\/schema.org","@graph":[{"@type":"WebPage","@id":"https:\/\/www.cataloniaaqua.com\/ca\/comprar-jacuzzi\/swimspas\/","url":"https:\/\/www.cataloniaaqua.com\/ca\/comprar-jacuzzi\/swimspas\/","name":"Venda \/ Comprar Swim Spa: Spa i Piscina per a Nedar a Contracorrent","isPartOf":{"@id":"https:\/\/www.cataloniaaqua.com\/ca\/#website"},"primaryImageOfPage":{"@id":"https:\/\/www.cataloniaaqua.com\/ca\/comprar-jacuzzi\/swimspas\/#primaryimage"},"image":{"@id":"https:\/\/www.cataloniaaqua.com\/ca\/comprar-jacuzzi\/swimspas\/#primaryimage"},"thumbnailUrl":"https:\/\/www.cataloniaaqua.com\/wp-content\/uploads\/2021\/12\/comprar-jacuzzi-swimspa.jpg","datePublished":"2021-12-30T13:36:37+00:00","dateModified":"2024-12-12T12:52:26+00:00","description":"Est\u00e0s Pensant Comprar una Mini Piscina per Nedar Contracorrent? Et presentem els nous SwimSpas de Jacuzzi. Informa't!","breadcrumb":{"@id":"https:\/\/www.cataloniaaqua.com\/ca\/comprar-jacuzzi\/swimspas\/#breadcrumb"},"inLanguage":"ca-ES","potentialAction":[{"@type":"ReadAction","target":["https:\/\/www.cataloniaaqua.com\/ca\/comprar-jacuzzi\/swimspas\/"]}]},{"@type":"ImageObject","inLanguage":"ca-ES","@id":"https:\/\/www.cataloniaaqua.com\/ca\/comprar-jacuzzi\/swimspas\/#primaryimage","url":"https:\/\/www.cataloniaaqua.com\/wp-content\/uploads\/2021\/12\/comprar-jacuzzi-swimspa.jpg","contentUrl":"https:\/\/www.cataloniaaqua.com\/wp-content\/uploads\/2021\/12\/comprar-jacuzzi-swimspa.jpg","width":450,"height":345,"caption":"Comprar Jacuzzi swimspa"},{"@type":"BreadcrumbList","@id":"https:\/\/www.cataloniaaqua.com\/ca\/comprar-jacuzzi\/swimspas\/#breadcrumb","itemListElement":[{"@type":"ListItem","position":1,"name":"Jacuzzi Spa y Cubierta de Piscina","item":"https:\/\/www.cataloniaaqua.com\/ca\/"},{"@type":"ListItem","position":2,"name":"Comprar Jacuzzi\u00ae Spa","item":"https:\/\/www.cataloniaaqua.com\/ca\/comprar-jacuzzi\/"},{"@type":"ListItem","position":3,"name":"Swim Spa Jacuzzi\u00ae"}]},{"@type":"WebSite","@id":"https:\/\/www.cataloniaaqua.com\/ca\/#website","url":"https:\/\/www.cataloniaaqua.com\/ca\/","name":"Aquagrup Spas","description":"Spas y Swim Spas Aquavia y Jacuzzi","publisher":{"@id":"https:\/\/www.cataloniaaqua.com\/ca\/#organization"},"alternateName":"Aquagrup","potentialAction":[{"@type":"SearchAction","target":{"@type":"EntryPoint","urlTemplate":"https:\/\/www.cataloniaaqua.com\/ca\/?s={search_term_string}"},"query-input":{"@type":"PropertyValueSpecification","valueRequired":true,"valueName":"search_term_string"}}],"inLanguage":"ca-ES"},{"@type":"Organization","@id":"https:\/\/www.cataloniaaqua.com\/ca\/#organization","name":"Aquagrup Spas","alternateName":"Aquagrup","url":"https:\/\/www.cataloniaaqua.com\/ca\/","logo":{"@type":"ImageObject","inLanguage":"ca-ES","@id":"https:\/\/www.cataloniaaqua.com\/ca\/#\/schema\/logo\/image\/","url":"https:\/\/www.cataloniaaqua.com\/wp-content\/uploads\/2024\/01\/aquagrup-spas.jpg","contentUrl":"https:\/\/www.cataloniaaqua.com\/wp-content\/uploads\/2024\/01\/aquagrup-spas.jpg","width":696,"height":693,"caption":"Aquagrup Spas"},"image":{"@id":"https:\/\/www.cataloniaaqua.com\/ca\/#\/schema\/logo\/image\/"}}]}},"_links":{"self":[{"href":"https:\/\/www.cataloniaaqua.com\/ca\/wp-json\/wp\/v2\/pages\/31374","targetHints":{"allow":["GET"]}}],"collection":[{"href":"https:\/\/www.cataloniaaqua.com\/ca\/wp-json\/wp\/v2\/pages"}],"about":[{"href":"https:\/\/www.cataloniaaqua.com\/ca\/wp-json\/wp\/v2\/types\/page"}],"author":[{"embeddable":true,"href":"https:\/\/www.cataloniaaqua.com\/ca\/wp-json\/wp\/v2\/users\/3"}],"replies":[{"embeddable":true,"href":"https:\/\/www.cataloniaaqua.com\/ca\/wp-json\/wp\/v2\/comments?post=31374"}],"version-history":[{"count":0,"href":"https:\/\/www.cataloniaaqua.com\/ca\/wp-json\/wp\/v2\/pages\/31374\/revisions"}],"up":[{"embeddable":true,"href":"https:\/\/www.cataloniaaqua.com\/ca\/wp-json\/wp\/v2\/pages\/31297"}],"wp:featuredmedia":[{"embeddable":true,"href":"https:\/\/www.cataloniaaqua.com\/ca\/wp-json\/wp\/v2\/media\/31310"}],"wp:attachment":[{"href":"https:\/\/www.cataloniaaqua.com\/ca\/wp-json\/wp\/v2\/media?parent=31374"}],"curies":[{"name":"wp","href":"https:\/\/api.w.org\/{rel}","templated":true}]}}