{"id":3517,"date":"2016-05-18T12:55:50","date_gmt":"2016-05-18T12:55:50","guid":{"rendered":"http:\/\/www.cataloniaaqua.com\/ca\/comprar-spas\/spa-exterior-interior\/aqualife-7\/"},"modified":"2023-01-23T17:19:08","modified_gmt":"2023-01-23T16:19:08","slug":"aqualife-7","status":"publish","type":"page","link":"https:\/\/www.cataloniaaqua.com\/ca\/comprar-aquavia-spa-cat\/spa-exterior-interior\/aqualife-7\/","title":{"rendered":"Aqualife 7"},"content":{"rendered":"<div class=\"wpb-content-wrapper\">[vc_row][vc_column]\n<div class=\"slider-simple shortcode-photo-slider owl-carousel dt-owl-carousel-init photoSlider\" data-width=\"680\" data-height=\"390\" data-autoslide=\"5000\" data-paused=\"false\" style=\"width: 100%\" data-img-mode=\"fill\">\n\t<div class=\"slide-item\">\n\t\t<img loading=\"lazy\" decoding=\"async\" class=\"preload-me aspect\" src=\"https:\/\/www.cataloniaaqua.com\/wp-content\/uploads\/2016\/05\/spa-aqualife7.jpg\" srcset=\"https:\/\/www.cataloniaaqua.com\/wp-content\/uploads\/2016\/05\/spa-aqualife7.jpg 789w\" style=\"--ratio: 789 \/ 340\" sizes=\"auto, (max-width: 789px) 100vw, 789px\" width=\"789\" height=\"340\"  alt=\"\"  \/>\n\t\t<div class=\"slider-post-caption\">\n\t\t\t<div class=\"slider-post-inner\">\n\t\t\t\t<h4>Spa Aqualife 7<\/h4>\n\t\t\t\t<p>Spa Aqualife 7<\/p>\n\n\t\t\t<\/div>\n\t\t<\/div><\/div>\n\t<div class=\"slide-item\">\n\t\t<img loading=\"lazy\" decoding=\"async\" class=\"preload-me aspect\" src=\"https:\/\/www.cataloniaaqua.com\/wp-content\/uploads\/2016\/05\/spa-exterior-aqualife7.jpg\" srcset=\"https:\/\/www.cataloniaaqua.com\/wp-content\/uploads\/2016\/05\/spa-exterior-aqualife7.jpg 1024w\" style=\"--ratio: 1024 \/ 683\" sizes=\"auto, (max-width: 1024px) 100vw, 1024px\" width=\"1024\" height=\"683\"  alt=\"\"  \/>\n\t\t<div class=\"slider-post-caption\">\n\t\t\t<div class=\"slider-post-inner\">\n\t\t\t\t<h4>Spa Exterior Aqualife 7<\/h4>\n\t\t\t\t<p>Spa Exterior Aqualife 7<\/p>\n\n\t\t\t<\/div>\n\t\t<\/div><\/div>\n\t<div class=\"slide-item\">\n\t\t<img loading=\"lazy\" decoding=\"async\" class=\"preload-me aspect\" src=\"https:\/\/www.cataloniaaqua.com\/wp-content\/uploads\/2016\/05\/spa-jardin-aqualife7.jpg\" srcset=\"https:\/\/www.cataloniaaqua.com\/wp-content\/uploads\/2016\/05\/spa-jardin-aqualife7.jpg 1024w\" style=\"--ratio: 1024 \/ 683\" sizes=\"auto, (max-width: 1024px) 100vw, 1024px\" width=\"1024\" height=\"683\"  alt=\"\"  \/>\n\t\t<div class=\"slider-post-caption\">\n\t\t\t<div class=\"slider-post-inner\">\n\t\t\t\t<h4>Spa Jard\u00edn Aqualife 7<\/h4>\n\t\t\t\t<p>Spa Jard\u00edn Aqualife 7<\/p>\n\n\t\t\t<\/div>\n\t\t<\/div><\/div>\n\t<div class=\"slide-item\">\n\t\t<img loading=\"lazy\" decoding=\"async\" class=\"preload-me aspect\" src=\"https:\/\/www.cataloniaaqua.com\/wp-content\/uploads\/2016\/05\/comprar-spa-aqualife7-1.jpg\" srcset=\"https:\/\/www.cataloniaaqua.com\/wp-content\/uploads\/2016\/05\/comprar-spa-aqualife7-1.jpg 1024w\" style=\"--ratio: 1024 \/ 683\" sizes=\"auto, (max-width: 1024px) 100vw, 1024px\" width=\"1024\" height=\"683\"  alt=\"\"  \/>\n\t\t<div class=\"slider-post-caption\">\n\t\t\t<div class=\"slider-post-inner\">\n\t\t\t\t<h4>Comprar Spa Aqualife 7<\/h4>\n\t\t\t\t<p>Comprar Spa Aqualife 7<\/p>\n\n\t\t\t<\/div>\n\t\t<\/div><\/div>\n\t<div class=\"slide-item\">\n\t\t<img loading=\"lazy\" decoding=\"async\" class=\"preload-me aspect\" src=\"https:\/\/www.cataloniaaqua.com\/wp-content\/uploads\/2016\/05\/jacuzzi-aqualife7.jpg\" srcset=\"https:\/\/www.cataloniaaqua.com\/wp-content\/uploads\/2016\/05\/jacuzzi-aqualife7.jpg 789w\" style=\"--ratio: 789 \/ 340\" sizes=\"auto, (max-width: 789px) 100vw, 789px\" width=\"789\" height=\"340\"  alt=\"\"  \/>\n\t\t<div class=\"slider-post-caption\">\n\t\t\t<div class=\"slider-post-inner\">\n\t\t\t\t<h4>Jacuzzi Aqualife 7<\/h4>\n\t\t\t\t<p>Jacuzzi Aqualife 7<\/p>\n\n\t\t\t<\/div>\n\t\t<\/div><\/div>\n\t<div class=\"slide-item\">\n\t\t<img loading=\"lazy\" decoding=\"async\" class=\"preload-me aspect\" src=\"https:\/\/www.cataloniaaqua.com\/wp-content\/uploads\/2016\/05\/jacuzzi-exterior-aqualife7.jpg\" srcset=\"https:\/\/www.cataloniaaqua.com\/wp-content\/uploads\/2016\/05\/jacuzzi-exterior-aqualife7.jpg 1024w\" style=\"--ratio: 1024 \/ 683\" sizes=\"auto, (max-width: 1024px) 100vw, 1024px\" width=\"1024\" height=\"683\"  alt=\"\"  \/>\n\t\t<div class=\"slider-post-caption\">\n\t\t\t<div class=\"slider-post-inner\">\n\t\t\t\t<h4>Jacuzzi Exterior Aqualife 7<\/h4>\n\t\t\t\t<p>Jacuzzi Exterior Aqualife 7<\/p>\n\n\t\t\t<\/div>\n\t\t<\/div><\/div>\n\t<div class=\"slide-item\">\n\t\t<img loading=\"lazy\" decoding=\"async\" class=\"preload-me aspect\" src=\"https:\/\/www.cataloniaaqua.com\/wp-content\/uploads\/2016\/05\/jacuzzi-jaridin-aqualife7.jpg\" srcset=\"https:\/\/www.cataloniaaqua.com\/wp-content\/uploads\/2016\/05\/jacuzzi-jaridin-aqualife7.jpg 1024w\" style=\"--ratio: 1024 \/ 683\" sizes=\"auto, (max-width: 1024px) 100vw, 1024px\" width=\"1024\" height=\"683\"  alt=\"\"  \/>\n\t\t<div class=\"slider-post-caption\">\n\t\t\t<div class=\"slider-post-inner\">\n\t\t\t\t<h4>Jacuzzi Jard\u00edn Aqualife 7<\/h4>\n\t\t\t\t<p>Jacuzzi Jard\u00edn Aqualife 7<\/p>\n\n\t\t\t<\/div>\n\t\t<\/div><\/div><\/div>[vc_raw_html]\n<p>JTNDZGl2JTIwY2xhc3MlM0QlMjJ0cC1iYW5uZXJzaGFkb3clMjB0cC1zaGFkb3cyJTIwc29tYnJhcnMlMjIlM0UlM0MlMkZkaXYlM0U=<\/p>\n[\/vc_raw_html][vc_empty_space][\/vc_column][\/vc_row][vc_row][vc_column][vc_column_text]\n<h2>Spa Aqualife 7<\/h2>\n<p>L&#8217;<strong>Spa Aqualife 7<\/strong> disposa de 5 posicions. Est\u00e0 equipat amb dos potents bombes de massatge, 56 jets i un circuit de 4 seients. Com tota la gamma Aqualife, es tracta d\u00b4un spa amb la millor relaci\u00f3 qualitat-preu.<\/p>\n<p>Els colors opcionals de l\u00b4acr\u00edlic que el client pot triar son el Perla Cameo, l\u00b4Sterling i el Blanc.<\/p>\n<p><b>SERVEI A TOTA ESPANYA<\/b>[\/vc_column_text][vc_accordion active_tab=&#8221;false&#8221;][vc_accordion_tab title=&#8221;Info&#8221;][vc_column_text]\n[\/vc_column_text][\/vc_accordion_tab][\/vc_accordion][\/vc_column][\/vc_row][vc_row][vc_column][vc_single_image image=&#8221;9487&#8243; img_size=&#8221;full&#8221; alignment=&#8221;center&#8221;][\/vc_column][\/vc_row][vc_row][vc_column][vc_tabs interval=&#8221;0&#8243;][vc_tab title=&#8221;Circuits&#8221; tab_id=&#8221;fcaea0c7-9e32-5332c-11688d6c-18e6&#8243;][vc_row_inner][vc_column_inner][vc_column_text]<div class=\"omsc-accordion\">\n<div class=\"omsc-toggle omsc-expanded\"><div class=\"omsc-toggle-title\">Posicions<\/div><div class=\"omsc-toggle-inner\" style=\"display:block\">\n<img loading=\"lazy\" decoding=\"async\" class=\"alignnone wp-image-7738 size-full\" src=\"https:\/\/www.cataloniaaqua.com\/wp-content\/uploads\/2015\/05\/cube-spa-hidromasaje.jpg\" alt=\"Comprar Spa Aqualife 7\" width=\"704\" height=\"329\" srcset=\"https:\/\/www.cataloniaaqua.com\/wp-content\/uploads\/2015\/05\/cube-spa-hidromasaje.jpg 704w, https:\/\/www.cataloniaaqua.com\/wp-content\/uploads\/2015\/05\/cube-spa-hidromasaje-300x140.jpg 300w\" sizes=\"auto, (max-width: 704px) 100vw, 704px\" \/><br \/>\n<\/div><\/div>\n<div class=\"omsc-toggle\"><div class=\"omsc-toggle-title\">Posici\u00f3 1<\/div><div class=\"omsc-toggle-inner\">\n<p><img loading=\"lazy\" decoding=\"async\" class=\"alignnone wp-image-7744 size-full\" title=\"Comprar Spa Aqualife 7\" src=\"https:\/\/www.cataloniaaqua.com\/wp-content\/uploads\/2015\/05\/cube-jacuzzis-spas-2.jpg\" alt=\"Comprar Spa Aqualife 7\" width=\"678\" height=\"305\" srcset=\"https:\/\/www.cataloniaaqua.com\/wp-content\/uploads\/2015\/05\/cube-jacuzzis-spas-2.jpg 678w, https:\/\/www.cataloniaaqua.com\/wp-content\/uploads\/2015\/05\/cube-jacuzzis-spas-2-300x135.jpg 300w\" sizes=\"auto, (max-width: 678px) 100vw, 678px\" \/><\/p>\n<\/div><\/div>\n<div class=\"omsc-toggle\"><div class=\"omsc-toggle-title\">Posici\u00f3 2<\/div><div class=\"omsc-toggle-inner\">\n<p><img loading=\"lazy\" decoding=\"async\" class=\"alignnone wp-image-7744 size-full\" title=\"Comprar Spa Aqualife 7\" src=\"https:\/\/www.cataloniaaqua.com\/wp-content\/uploads\/2015\/05\/cube-jacuzzis-spas-2.jpg\" alt=\"Informaci\u00f3n jacuzzis Aqualife 7\" width=\"678\" height=\"305\" srcset=\"https:\/\/www.cataloniaaqua.com\/wp-content\/uploads\/2015\/05\/cube-jacuzzis-spas-2.jpg 678w, https:\/\/www.cataloniaaqua.com\/wp-content\/uploads\/2015\/05\/cube-jacuzzis-spas-2-300x135.jpg 300w\" sizes=\"auto, (max-width: 678px) 100vw, 678px\" \/><\/p>\n<\/div><\/div>\n<div class=\"omsc-toggle\"><div class=\"omsc-toggle-title\">Posici\u00f3 3<\/div><div class=\"omsc-toggle-inner\">\n<p><img loading=\"lazy\" decoding=\"async\" class=\"alignnone wp-image-7744 size-full\" title=\"Comprar Spa Aqualife 7\" src=\"https:\/\/www.cataloniaaqua.com\/wp-content\/uploads\/2015\/05\/cube-jacuzzis-spas-2.jpg\" alt=\"Spas \/ jacuzzis Aqualife 7\" width=\"678\" height=\"305\" srcset=\"https:\/\/www.cataloniaaqua.com\/wp-content\/uploads\/2015\/05\/cube-jacuzzis-spas-2.jpg 678w, https:\/\/www.cataloniaaqua.com\/wp-content\/uploads\/2015\/05\/cube-jacuzzis-spas-2-300x135.jpg 300w\" sizes=\"auto, (max-width: 678px) 100vw, 678px\" \/><\/p>\n<\/div><\/div>\n<div class=\"omsc-toggle\"><div class=\"omsc-toggle-title\">Posici\u00f3n <\/div><div class=\"omsc-toggle-inner\">\n<p><img loading=\"lazy\" decoding=\"async\" class=\"alignnone wp-image-7744 size-full\" title=\"Comprar Spa Aqualife 7\" src=\"https:\/\/www.cataloniaaqua.com\/wp-content\/uploads\/2015\/05\/cube-jacuzzis-spas-2.jpg\" alt=\"Spas \/ mini piscinas Aqualife 7\" width=\"678\" height=\"305\" srcset=\"https:\/\/www.cataloniaaqua.com\/wp-content\/uploads\/2015\/05\/cube-jacuzzis-spas-2.jpg 678w, https:\/\/www.cataloniaaqua.com\/wp-content\/uploads\/2015\/05\/cube-jacuzzis-spas-2-300x135.jpg 300w\" sizes=\"auto, (max-width: 678px) 100vw, 678px\" \/><\/p>\n<\/div><\/div>\n<div class=\"omsc-toggle\"><div class=\"omsc-toggle-title\">Posici\u00f3n <\/div><div class=\"omsc-toggle-inner\">\n<p><img loading=\"lazy\" decoding=\"async\" class=\"alignnone wp-image-7744 size-full\" title=\"Comprar Spa Aqualife 7\" src=\"https:\/\/www.cataloniaaqua.com\/wp-content\/uploads\/2015\/05\/cube-jacuzzis-spas-2.jpg\" alt=\"jacuzzis Aqualife 7\" width=\"678\" height=\"305\" srcset=\"https:\/\/www.cataloniaaqua.com\/wp-content\/uploads\/2015\/05\/cube-jacuzzis-spas-2.jpg 678w, https:\/\/www.cataloniaaqua.com\/wp-content\/uploads\/2015\/05\/cube-jacuzzis-spas-2-300x135.jpg 300w\" sizes=\"auto, (max-width: 678px) 100vw, 678px\" \/><\/p>\n<\/div><\/div>\n<\/div>[\/vc_column_text][\/vc_column_inner][\/vc_row_inner][\/vc_tab][vc_tab title=&#8221;Prestacions&#8221; tab_id=&#8221;3819c923-fee0-2332c-11688d6c-18e6&#8243;][vc_single_image image=&#8221;9490&#8243; img_size=&#8221;full&#8221;][\/vc_tab][vc_tab title=&#8221;Caracter\u00edstiques&#8221; tab_id=&#8221;1428999164043-2-5332c-11688d6c-18e6&#8243;][vc_single_image image=&#8221;9493&#8243; img_size=&#8221;full&#8221;][\/vc_tab][vc_tab title=&#8221;Acabats&#8221; tab_id=&#8221;1428999192252-3-8332c-11688d6c-18e6&#8243;][vc_column_text]\n<h3>Colors de l\u2019acr\u00edlic<\/h3>\n[\/vc_column_text][vc_single_image image=&#8221;13013&#8243; img_size=&#8221;full&#8221;][vc_column_text]\n<h3>Acabats del moble<\/h3>\n[\/vc_column_text][vc_single_image image=&#8221;13017&#8243; img_size=&#8221;full&#8221;][\/vc_tab][vc_tab title=&#8221;Accesoris&#8221; tab_id=&#8221;1428999253035-4-6332c-11688d6c-18e6&#8243;][vc_single_image image=&#8221;9499&#8243; img_size=&#8221;full&#8221;][\/vc_tab][vc_tab title=&#8221;Documentaci\u00f3&#8221; tab_id=&#8221;1428999293099-5-6332c-11688d6c-18e6&#8243;][vc_column_text]<table class=\"omsc-custom-table omsc-style-1\"><tr><td>Document amb les especificacions t\u00e8cniques i les opcions disponibles.<\/td><td><a href=\"\/wp-content\/uploads\/pdfs\/especificaciones\/comprar-jacuzzi-aqualife-7.pdf\" target=\"_blank\" rel=\"noopener noreferrer\"><img decoding=\"async\" src=\"https:\/\/www.cataloniaaqua.com\/wp-content\/uploads\/2018\/06\/pdf.png\" alt=\"PDF\" \/><\/a><\/td><\/tr><tr><td>Pl\u00e0nols t\u00e8cnics amb la disposici\u00f3 dels jets i dimensions del spa.<\/td><td><a href=\"\/wp-content\/uploads\/pdfs\/planos\/aqualife7.pdf\" target=\"_blank\" rel=\"noopener noreferrer\"><img decoding=\"async\" src=\"https:\/\/www.cataloniaaqua.com\/wp-content\/uploads\/2018\/06\/pdf.png\" alt=\"PDF\" \/><\/a><\/td><\/tr><tr><td>Manual d&#8217;Instal\u00b7laci\u00f3 i Manual d&#8217;Instruccions.<\/td><td><a href=\"https:\/\/www.cataloniaaqua.com\/wp-content\/uploads\/pdfs\/manual-instalacion-manual-instrucciones-spas-swimspas.pdf\" target=\"_blank\" rel=\"noopener noreferrer\"><img decoding=\"async\" src=\"https:\/\/www.cataloniaaqua.com\/wp-content\/uploads\/2018\/06\/pdf.png\" alt=\"PDF\" \/><\/a><\/td><\/tr><tr><td>Certificat de Garantia.<\/td><td><a href=\"\/wp-content\/uploads\/pdfs\/garantia\/garantias.pdf\" target=\"_blank\" rel=\"noopener noreferrer\"><img decoding=\"async\" src=\"https:\/\/www.cataloniaaqua.com\/wp-content\/uploads\/2018\/06\/pdf.png\" alt=\"PDF\" \/><\/a><\/td><\/tr><\/table>[\/vc_column_text][\/vc_tab][\/vc_tabs][\/vc_column][\/vc_row][vc_row margin_top=&#8221;32px&#8221; margin_bottom=&#8221;0&#8243;][vc_column][vc_raw_html]JTVCYndfc3Bhc19yZWxhYyU1RA==[\/vc_raw_html][\/vc_column][\/vc_row][vc_row][vc_column][vc_empty_space][\/vc_column][\/vc_row]\n<\/div>","protected":false},"excerpt":{"rendered":"<p>[vc_row][vc_column][vc_raw_html] JTNDZGl2JTIwY2xhc3MlM0QlMjJ0cC1iYW5uZXJzaGFkb3clMjB0cC1zaGFkb3cyJTIwc29tYnJhcnMlMjIlM0UlM0MlMkZkaXYlM0U= [\/vc_raw_html][vc_empty_space][\/vc_column][\/vc_row][vc_row][vc_column][vc_column_text] Spa Aqualife 7 L&#8217;Spa Aqualife 7 disposa de 5 posicions. Est\u00e0 equipat amb dos potents bombes de massatge, 56 jets i un circuit de 4 seients. Com tota la gamma Aqualife, es tracta d\u00b4un spa amb la millor relaci\u00f3 qualitat-preu. Els colors opcionals de l\u00b4acr\u00edlic que el client pot triar son el&hellip;<\/p>\n","protected":false},"author":2,"featured_media":3591,"parent":43,"menu_order":0,"comment_status":"closed","ping_status":"closed","template":"","meta":{"_acf_changed":false,"footnotes":""},"class_list":["post-3517","page","type-page","status-publish","has-post-thumbnail","hentry","description-off"],"acf":[],"yoast_head":"<!-- This site is optimized with the Yoast SEO plugin v27.2 - https:\/\/yoast.com\/product\/yoast-seo-wordpress\/ -->\n<title>Comprar Spa Aqualife 7<\/title>\n<meta name=\"description\" content=\"Est\u00e1s Pensando en Comprar un Spa Exterior o Interior? Conoces el nuevo Spa Aqualife 7 de Aquavia Spas. Inf\u00f3rmate!\" \/>\n<meta name=\"robots\" content=\"index, follow, max-snippet:-1, max-image-preview:large, max-video-preview:-1\" \/>\n<link rel=\"canonical\" href=\"https:\/\/www.cataloniaaqua.com\/ca\/comprar-aquavia-spa-cat\/spa-exterior-interior\/aqualife-7\/\" \/>\n<meta property=\"og:locale\" content=\"ca_ES\" \/>\n<meta property=\"og:type\" content=\"article\" \/>\n<meta property=\"og:title\" content=\"Comprar Spa Aqualife 7\" \/>\n<meta property=\"og:description\" content=\"Est\u00e1s Pensando en Comprar un Spa Exterior o Interior? Conoces el nuevo Spa Aqualife 7 de Aquavia Spas. Inf\u00f3rmate!\" \/>\n<meta property=\"og:url\" content=\"https:\/\/www.cataloniaaqua.com\/ca\/comprar-aquavia-spa-cat\/spa-exterior-interior\/aqualife-7\/\" \/>\n<meta property=\"og:site_name\" content=\"Aquagrup Spas\" \/>\n<meta property=\"article:modified_time\" content=\"2023-01-23T16:19:08+00:00\" \/>\n<meta property=\"og:image\" content=\"https:\/\/www.cataloniaaqua.com\/wp-content\/uploads\/2016\/06\/precios-spa-aqualife-7.jpg\" \/>\n\t<meta property=\"og:image:width\" content=\"450\" \/>\n\t<meta property=\"og:image:height\" content=\"450\" \/>\n\t<meta property=\"og:image:type\" content=\"image\/jpeg\" \/>\n<meta name=\"twitter:label1\" content=\"Est. reading time\" \/>\n\t<meta name=\"twitter:data1\" content=\"3 minutes\" \/>\n<script type=\"application\/ld+json\" class=\"yoast-schema-graph\">{\"@context\":\"https:\/\/schema.org\",\"@graph\":[{\"@type\":\"WebPage\",\"@id\":\"https:\/\/www.cataloniaaqua.com\/ca\/comprar-aquavia-spa-cat\/spa-exterior-interior\/aqualife-7\/\",\"url\":\"https:\/\/www.cataloniaaqua.com\/ca\/comprar-aquavia-spa-cat\/spa-exterior-interior\/aqualife-7\/\",\"name\":\"Comprar Spa Aqualife 7\",\"isPartOf\":{\"@id\":\"https:\/\/www.cataloniaaqua.com\/ca\/#website\"},\"primaryImageOfPage\":{\"@id\":\"https:\/\/www.cataloniaaqua.com\/ca\/comprar-aquavia-spa-cat\/spa-exterior-interior\/aqualife-7\/#primaryimage\"},\"image\":{\"@id\":\"https:\/\/www.cataloniaaqua.com\/ca\/comprar-aquavia-spa-cat\/spa-exterior-interior\/aqualife-7\/#primaryimage\"},\"thumbnailUrl\":\"https:\/\/www.cataloniaaqua.com\/wp-content\/uploads\/2016\/06\/precios-spa-aqualife-7.jpg\",\"datePublished\":\"2016-05-18T12:55:50+00:00\",\"dateModified\":\"2023-01-23T16:19:08+00:00\",\"description\":\"Est\u00e1s Pensando en Comprar un Spa Exterior o Interior? Conoces el nuevo Spa Aqualife 7 de Aquavia Spas. Inf\u00f3rmate!\",\"breadcrumb\":{\"@id\":\"https:\/\/www.cataloniaaqua.com\/ca\/comprar-aquavia-spa-cat\/spa-exterior-interior\/aqualife-7\/#breadcrumb\"},\"inLanguage\":\"ca-ES\",\"potentialAction\":[{\"@type\":\"ReadAction\",\"target\":[\"https:\/\/www.cataloniaaqua.com\/ca\/comprar-aquavia-spa-cat\/spa-exterior-interior\/aqualife-7\/\"]}]},{\"@type\":\"ImageObject\",\"inLanguage\":\"ca-ES\",\"@id\":\"https:\/\/www.cataloniaaqua.com\/ca\/comprar-aquavia-spa-cat\/spa-exterior-interior\/aqualife-7\/#primaryimage\",\"url\":\"https:\/\/www.cataloniaaqua.com\/wp-content\/uploads\/2016\/06\/precios-spa-aqualife-7.jpg\",\"contentUrl\":\"https:\/\/www.cataloniaaqua.com\/wp-content\/uploads\/2016\/06\/precios-spa-aqualife-7.jpg\",\"width\":450,\"height\":450,\"caption\":\"Spa Aqualife 7 Precios\"},{\"@type\":\"BreadcrumbList\",\"@id\":\"https:\/\/www.cataloniaaqua.com\/ca\/comprar-aquavia-spa-cat\/spa-exterior-interior\/aqualife-7\/#breadcrumb\",\"itemListElement\":[{\"@type\":\"ListItem\",\"position\":1,\"name\":\"Jacuzzi Spa y Cubierta de Piscina\",\"item\":\"https:\/\/www.cataloniaaqua.com\/ca\/\"},{\"@type\":\"ListItem\",\"position\":2,\"name\":\"Comprar Aquavia Spa\u00ae\",\"item\":\"https:\/\/www.cataloniaaqua.com\/ca\/comprar-aquavia-spa-cat\/\"},{\"@type\":\"ListItem\",\"position\":3,\"name\":\"Spa Exterior Interior Aquavia Spa\u00ae\",\"item\":\"https:\/\/www.cataloniaaqua.com\/ca\/comprar-aquavia-spa-cat\/spa-exterior-interior\/\"},{\"@type\":\"ListItem\",\"position\":4,\"name\":\"Aqualife 7\"}]},{\"@type\":\"WebSite\",\"@id\":\"https:\/\/www.cataloniaaqua.com\/ca\/#website\",\"url\":\"https:\/\/www.cataloniaaqua.com\/ca\/\",\"name\":\"Aquagrup Spas\",\"description\":\"Spas y Swim Spas Aquavia y Jacuzzi\",\"publisher\":{\"@id\":\"https:\/\/www.cataloniaaqua.com\/ca\/#organization\"},\"alternateName\":\"Aquagrup\",\"potentialAction\":[{\"@type\":\"SearchAction\",\"target\":{\"@type\":\"EntryPoint\",\"urlTemplate\":\"https:\/\/www.cataloniaaqua.com\/ca\/?s={search_term_string}\"},\"query-input\":{\"@type\":\"PropertyValueSpecification\",\"valueRequired\":true,\"valueName\":\"search_term_string\"}}],\"inLanguage\":\"ca-ES\"},{\"@type\":\"Organization\",\"@id\":\"https:\/\/www.cataloniaaqua.com\/ca\/#organization\",\"name\":\"Aquagrup Spas\",\"alternateName\":\"Aquagrup\",\"url\":\"https:\/\/www.cataloniaaqua.com\/ca\/\",\"logo\":{\"@type\":\"ImageObject\",\"inLanguage\":\"ca-ES\",\"@id\":\"https:\/\/www.cataloniaaqua.com\/ca\/#\/schema\/logo\/image\/\",\"url\":\"https:\/\/www.cataloniaaqua.com\/wp-content\/uploads\/2024\/01\/aquagrup-spas.jpg\",\"contentUrl\":\"https:\/\/www.cataloniaaqua.com\/wp-content\/uploads\/2024\/01\/aquagrup-spas.jpg\",\"width\":696,\"height\":693,\"caption\":\"Aquagrup Spas\"},\"image\":{\"@id\":\"https:\/\/www.cataloniaaqua.com\/ca\/#\/schema\/logo\/image\/\"}}]}<\/script>\n<!-- \/ Yoast SEO plugin. -->","yoast_head_json":{"title":"Comprar Spa Aqualife 7","description":"Est\u00e1s Pensando en Comprar un Spa Exterior o Interior? Conoces el nuevo Spa Aqualife 7 de Aquavia Spas. Inf\u00f3rmate!","robots":{"index":"index","follow":"follow","max-snippet":"max-snippet:-1","max-image-preview":"max-image-preview:large","max-video-preview":"max-video-preview:-1"},"canonical":"https:\/\/www.cataloniaaqua.com\/ca\/comprar-aquavia-spa-cat\/spa-exterior-interior\/aqualife-7\/","og_locale":"ca_ES","og_type":"article","og_title":"Comprar Spa Aqualife 7","og_description":"Est\u00e1s Pensando en Comprar un Spa Exterior o Interior? Conoces el nuevo Spa Aqualife 7 de Aquavia Spas. Inf\u00f3rmate!","og_url":"https:\/\/www.cataloniaaqua.com\/ca\/comprar-aquavia-spa-cat\/spa-exterior-interior\/aqualife-7\/","og_site_name":"Aquagrup Spas","article_modified_time":"2023-01-23T16:19:08+00:00","og_image":[{"width":450,"height":450,"url":"https:\/\/www.cataloniaaqua.com\/wp-content\/uploads\/2016\/06\/precios-spa-aqualife-7.jpg","type":"image\/jpeg"}],"twitter_misc":{"Est. reading time":"3 minutes"},"schema":{"@context":"https:\/\/schema.org","@graph":[{"@type":"WebPage","@id":"https:\/\/www.cataloniaaqua.com\/ca\/comprar-aquavia-spa-cat\/spa-exterior-interior\/aqualife-7\/","url":"https:\/\/www.cataloniaaqua.com\/ca\/comprar-aquavia-spa-cat\/spa-exterior-interior\/aqualife-7\/","name":"Comprar Spa Aqualife 7","isPartOf":{"@id":"https:\/\/www.cataloniaaqua.com\/ca\/#website"},"primaryImageOfPage":{"@id":"https:\/\/www.cataloniaaqua.com\/ca\/comprar-aquavia-spa-cat\/spa-exterior-interior\/aqualife-7\/#primaryimage"},"image":{"@id":"https:\/\/www.cataloniaaqua.com\/ca\/comprar-aquavia-spa-cat\/spa-exterior-interior\/aqualife-7\/#primaryimage"},"thumbnailUrl":"https:\/\/www.cataloniaaqua.com\/wp-content\/uploads\/2016\/06\/precios-spa-aqualife-7.jpg","datePublished":"2016-05-18T12:55:50+00:00","dateModified":"2023-01-23T16:19:08+00:00","description":"Est\u00e1s Pensando en Comprar un Spa Exterior o Interior? Conoces el nuevo Spa Aqualife 7 de Aquavia Spas. Inf\u00f3rmate!","breadcrumb":{"@id":"https:\/\/www.cataloniaaqua.com\/ca\/comprar-aquavia-spa-cat\/spa-exterior-interior\/aqualife-7\/#breadcrumb"},"inLanguage":"ca-ES","potentialAction":[{"@type":"ReadAction","target":["https:\/\/www.cataloniaaqua.com\/ca\/comprar-aquavia-spa-cat\/spa-exterior-interior\/aqualife-7\/"]}]},{"@type":"ImageObject","inLanguage":"ca-ES","@id":"https:\/\/www.cataloniaaqua.com\/ca\/comprar-aquavia-spa-cat\/spa-exterior-interior\/aqualife-7\/#primaryimage","url":"https:\/\/www.cataloniaaqua.com\/wp-content\/uploads\/2016\/06\/precios-spa-aqualife-7.jpg","contentUrl":"https:\/\/www.cataloniaaqua.com\/wp-content\/uploads\/2016\/06\/precios-spa-aqualife-7.jpg","width":450,"height":450,"caption":"Spa Aqualife 7 Precios"},{"@type":"BreadcrumbList","@id":"https:\/\/www.cataloniaaqua.com\/ca\/comprar-aquavia-spa-cat\/spa-exterior-interior\/aqualife-7\/#breadcrumb","itemListElement":[{"@type":"ListItem","position":1,"name":"Jacuzzi Spa y Cubierta de Piscina","item":"https:\/\/www.cataloniaaqua.com\/ca\/"},{"@type":"ListItem","position":2,"name":"Comprar Aquavia Spa\u00ae","item":"https:\/\/www.cataloniaaqua.com\/ca\/comprar-aquavia-spa-cat\/"},{"@type":"ListItem","position":3,"name":"Spa Exterior Interior Aquavia Spa\u00ae","item":"https:\/\/www.cataloniaaqua.com\/ca\/comprar-aquavia-spa-cat\/spa-exterior-interior\/"},{"@type":"ListItem","position":4,"name":"Aqualife 7"}]},{"@type":"WebSite","@id":"https:\/\/www.cataloniaaqua.com\/ca\/#website","url":"https:\/\/www.cataloniaaqua.com\/ca\/","name":"Aquagrup Spas","description":"Spas y Swim Spas Aquavia y Jacuzzi","publisher":{"@id":"https:\/\/www.cataloniaaqua.com\/ca\/#organization"},"alternateName":"Aquagrup","potentialAction":[{"@type":"SearchAction","target":{"@type":"EntryPoint","urlTemplate":"https:\/\/www.cataloniaaqua.com\/ca\/?s={search_term_string}"},"query-input":{"@type":"PropertyValueSpecification","valueRequired":true,"valueName":"search_term_string"}}],"inLanguage":"ca-ES"},{"@type":"Organization","@id":"https:\/\/www.cataloniaaqua.com\/ca\/#organization","name":"Aquagrup Spas","alternateName":"Aquagrup","url":"https:\/\/www.cataloniaaqua.com\/ca\/","logo":{"@type":"ImageObject","inLanguage":"ca-ES","@id":"https:\/\/www.cataloniaaqua.com\/ca\/#\/schema\/logo\/image\/","url":"https:\/\/www.cataloniaaqua.com\/wp-content\/uploads\/2024\/01\/aquagrup-spas.jpg","contentUrl":"https:\/\/www.cataloniaaqua.com\/wp-content\/uploads\/2024\/01\/aquagrup-spas.jpg","width":696,"height":693,"caption":"Aquagrup Spas"},"image":{"@id":"https:\/\/www.cataloniaaqua.com\/ca\/#\/schema\/logo\/image\/"}}]}},"_links":{"self":[{"href":"https:\/\/www.cataloniaaqua.com\/ca\/wp-json\/wp\/v2\/pages\/3517","targetHints":{"allow":["GET"]}}],"collection":[{"href":"https:\/\/www.cataloniaaqua.com\/ca\/wp-json\/wp\/v2\/pages"}],"about":[{"href":"https:\/\/www.cataloniaaqua.com\/ca\/wp-json\/wp\/v2\/types\/page"}],"author":[{"embeddable":true,"href":"https:\/\/www.cataloniaaqua.com\/ca\/wp-json\/wp\/v2\/users\/2"}],"replies":[{"embeddable":true,"href":"https:\/\/www.cataloniaaqua.com\/ca\/wp-json\/wp\/v2\/comments?post=3517"}],"version-history":[{"count":0,"href":"https:\/\/www.cataloniaaqua.com\/ca\/wp-json\/wp\/v2\/pages\/3517\/revisions"}],"up":[{"embeddable":true,"href":"https:\/\/www.cataloniaaqua.com\/ca\/wp-json\/wp\/v2\/pages\/43"}],"wp:featuredmedia":[{"embeddable":true,"href":"https:\/\/www.cataloniaaqua.com\/ca\/wp-json\/wp\/v2\/media\/3591"}],"wp:attachment":[{"href":"https:\/\/www.cataloniaaqua.com\/ca\/wp-json\/wp\/v2\/media?parent=3517"}],"curies":[{"name":"wp","href":"https:\/\/api.w.org\/{rel}","templated":true}]}}