{"id":5647,"date":"2017-06-15T10:16:09","date_gmt":"2017-06-15T10:16:09","guid":{"rendered":"http:\/\/www.cataloniaaqua.com\/?page_id=5647\/"},"modified":"2023-01-23T17:21:43","modified_gmt":"2023-01-23T16:21:43","slug":"touch","status":"publish","type":"page","link":"https:\/\/www.cataloniaaqua.com\/ca\/comprar-aquavia-spa-cat\/spa-exterior-interior\/touch\/","title":{"rendered":"Touch"},"content":{"rendered":"<div class=\"wpb-content-wrapper\">[vc_row][vc_column]\n<div class=\"slider-simple shortcode-photo-slider owl-carousel dt-owl-carousel-init photoSlider\" data-width=\"1100\" data-height=\"516\" data-autoslide=\"5000\" data-paused=\"false\" style=\"width: 100%\" data-img-mode=\"fill\">\n\t<div class=\"slide-item\">\n\t\t<img loading=\"lazy\" decoding=\"async\" class=\"preload-me aspect\" src=\"https:\/\/www.cataloniaaqua.com\/wp-content\/uploads\/2020\/07\/comprar-spa-touch.jpg\" srcset=\"https:\/\/www.cataloniaaqua.com\/wp-content\/uploads\/2020\/07\/comprar-spa-touch.jpg 1100w\" style=\"--ratio: 1100 \/ 516\" sizes=\"auto, (max-width: 1100px) 100vw, 1100px\" width=\"1100\" height=\"516\"  alt=\"Comprar hidromassatge privat Touch\"  \/>\n\t\t<div class=\"slider-post-caption\">\n\t\t\t<div class=\"slider-post-inner\">\n\t\t\t\t<h4>Comprar hidromassatge privat Touch<\/h4>\n\t\t\t\t<p>Comprar hidromassatge privat Touch<\/p>\n\n\t\t\t<\/div>\n\t\t<\/div><\/div>\n\t<div class=\"slide-item\">\n\t\t<img loading=\"lazy\" decoding=\"async\" class=\"preload-me aspect\" src=\"https:\/\/www.cataloniaaqua.com\/wp-content\/uploads\/2020\/07\/comprar-spa-interior-touch.jpg\" srcset=\"https:\/\/www.cataloniaaqua.com\/wp-content\/uploads\/2020\/07\/comprar-spa-interior-touch.jpg 1100w\" style=\"--ratio: 1100 \/ 516\" sizes=\"auto, (max-width: 1100px) 100vw, 1100px\" width=\"1100\" height=\"516\"  alt=\"Comprar spa interior Touch\"  \/>\n\t\t<div class=\"slider-post-caption\">\n\t\t\t<div class=\"slider-post-inner\">\n\t\t\t\t<h4>Comprar spa interior Touch<\/h4>\n\t\t\t\t<p>Comprar spa interior Touch<\/p>\n\n\t\t\t<\/div>\n\t\t<\/div><\/div>\n\t<div class=\"slide-item\">\n\t\t<img loading=\"lazy\" decoding=\"async\" class=\"preload-me aspect\" src=\"https:\/\/www.cataloniaaqua.com\/wp-content\/uploads\/2020\/07\/comprar-spa-touch-cataloniaaqua.jpg\" srcset=\"https:\/\/www.cataloniaaqua.com\/wp-content\/uploads\/2020\/07\/comprar-spa-touch-cataloniaaqua.jpg 1100w\" style=\"--ratio: 1100 \/ 516\" sizes=\"auto, (max-width: 1100px) 100vw, 1100px\" width=\"1100\" height=\"516\"  alt=\"Comprar spa privat Touch\"  \/>\n\t\t<div class=\"slider-post-caption\">\n\t\t\t<div class=\"slider-post-inner\">\n\t\t\t\t<h4>Comprar spa privat Touch<\/h4>\n\t\t\t\t<p>Comprar spa privat Touch<\/p>\n\n\t\t\t<\/div>\n\t\t<\/div><\/div>\n\t<div class=\"slide-item\">\n\t\t<img loading=\"lazy\" decoding=\"async\" class=\"preload-me aspect\" src=\"https:\/\/www.cataloniaaqua.com\/wp-content\/uploads\/2020\/07\/comprar-hidromasaje-spa-touch.jpg\" srcset=\"https:\/\/www.cataloniaaqua.com\/wp-content\/uploads\/2020\/07\/comprar-hidromasaje-spa-touch.jpg 1100w\" style=\"--ratio: 1100 \/ 516\" sizes=\"auto, (max-width: 1100px) 100vw, 1100px\" width=\"1100\" height=\"516\"  alt=\"Comprar spa hidromassatge Touch\"  \/>\n\t\t<div class=\"slider-post-caption\">\n\t\t\t<div class=\"slider-post-inner\">\n\t\t\t\t<h4>Comprar spa hidromassatge Touch<\/h4>\n\t\t\t\t<p>Comprar spa hidromassatge Touch<\/p>\n\n\t\t\t<\/div>\n\t\t<\/div><\/div>\n\t<div class=\"slide-item\">\n\t\t<img loading=\"lazy\" decoding=\"async\" class=\"preload-me aspect\" src=\"https:\/\/www.cataloniaaqua.com\/wp-content\/uploads\/2020\/07\/comprar-spa-hidromasaje-touch.jpg\" srcset=\"https:\/\/www.cataloniaaqua.com\/wp-content\/uploads\/2020\/07\/comprar-spa-hidromasaje-touch.jpg 1100w\" style=\"--ratio: 1100 \/ 516\" sizes=\"auto, (max-width: 1100px) 100vw, 1100px\" width=\"1100\" height=\"516\"  alt=\"Comprar spa hidromassatge Touch\"  \/>\n\t\t<div class=\"slider-post-caption\">\n\t\t\t<div class=\"slider-post-inner\">\n\t\t\t\t<h4>Comprar spa hidromassatge Touch<\/h4>\n\t\t\t\t<p>Comprar spa hidromassatge Touch<\/p>\n\n\t\t\t<\/div>\n\t\t<\/div><\/div>\n\t<div class=\"slide-item\">\n\t\t<img loading=\"lazy\" decoding=\"async\" class=\"preload-me aspect\" src=\"https:\/\/www.cataloniaaqua.com\/wp-content\/uploads\/2017\/06\/comprar-spa-compacto-touch.jpg\" srcset=\"https:\/\/www.cataloniaaqua.com\/wp-content\/uploads\/2017\/06\/comprar-spa-compacto-touch.jpg 1100w\" style=\"--ratio: 1100 \/ 516\" sizes=\"auto, (max-width: 1100px) 100vw, 1100px\" width=\"1100\" height=\"516\"  alt=\"\"  \/>\n\t\t<div class=\"slider-post-caption\">\n\t\t\t<div class=\"slider-post-inner\">\n\t\t\t\t<h4>Comprar spa compacto Touch<\/h4>\n\t\t\t\t<p>Comprar spa compacto Touch<\/p>\n\n\t\t\t<\/div>\n\t\t<\/div><\/div>\n\t<div class=\"slide-item\">\n\t\t<img loading=\"lazy\" decoding=\"async\" class=\"preload-me aspect\" src=\"https:\/\/www.cataloniaaqua.com\/wp-content\/uploads\/2017\/06\/comprar-spa-privado-touch.jpg\" srcset=\"https:\/\/www.cataloniaaqua.com\/wp-content\/uploads\/2017\/06\/comprar-spa-privado-touch.jpg 1100w\" style=\"--ratio: 1100 \/ 516\" sizes=\"auto, (max-width: 1100px) 100vw, 1100px\" width=\"1100\" height=\"516\"  alt=\"\"  \/>\n\t\t<div class=\"slider-post-caption\">\n\t\t\t<div class=\"slider-post-inner\">\n\t\t\t\t<h4>Comprar spa privado Touch<\/h4>\n\t\t\t\t<p>Comprar spa privado Touch<\/p>\n\n\t\t\t<\/div>\n\t\t<\/div><\/div>\n\t<div class=\"slide-item\">\n\t\t<img loading=\"lazy\" decoding=\"async\" class=\"preload-me aspect\" src=\"https:\/\/www.cataloniaaqua.com\/wp-content\/uploads\/2017\/06\/comprar-hidromasaje-privado-touch.jpg\" srcset=\"https:\/\/www.cataloniaaqua.com\/wp-content\/uploads\/2017\/06\/comprar-hidromasaje-privado-touch.jpg 1100w\" style=\"--ratio: 1100 \/ 516\" sizes=\"auto, (max-width: 1100px) 100vw, 1100px\" width=\"1100\" height=\"516\"  alt=\"\"  \/>\n\t\t<div class=\"slider-post-caption\">\n\t\t\t<div class=\"slider-post-inner\">\n\t\t\t\t<h4>Comprar hidromasaje privado Touch<\/h4>\n\t\t\t\t<p>Comprar hidromasaje privado Touch<\/p>\n\n\t\t\t<\/div>\n\t\t<\/div><\/div>\n\t<div class=\"slide-item\">\n\t\t<img loading=\"lazy\" decoding=\"async\" class=\"preload-me aspect\" src=\"https:\/\/www.cataloniaaqua.com\/wp-content\/uploads\/2017\/06\/comprar-hidromasaje-touch.jpg\" srcset=\"https:\/\/www.cataloniaaqua.com\/wp-content\/uploads\/2017\/06\/comprar-hidromasaje-touch.jpg 1100w\" style=\"--ratio: 1100 \/ 516\" sizes=\"auto, (max-width: 1100px) 100vw, 1100px\" width=\"1100\" height=\"516\"  alt=\"\"  \/>\n\t\t<div class=\"slider-post-caption\">\n\t\t\t<div class=\"slider-post-inner\">\n\t\t\t\t<h4>Comprar hidromasaje Touch<\/h4>\n\t\t\t\t<p>Comprar hidromasaje Touch<\/p>\n\n\t\t\t<\/div>\n\t\t<\/div><\/div><\/div>[vc_raw_html]\n<p>JTNDZGl2JTIwY2xhc3MlM0QlMjJ0cC1iYW5uZXJzaGFkb3clMjB0cC1zaGFkb3cyJTIwc29tYnJhcnMlMjIlM0UlM0MlMkZkaXYlM0U=<\/p>\n[\/vc_raw_html][vc_empty_space][\/vc_column][\/vc_row][vc_row][vc_column][vc_column_text]\n<h2>Spa\u00a0Touch<\/h2>\n<p>El <strong>spa d\u2019hidromassatge Touch<\/strong>\u00a0\u00e9s un spa <strong>compacte i de f\u00e0cil acc\u00e9s<\/strong>. \u00c9s un spa perfecte per a compartir amb la seva parella.<\/p>\n<p>El nou spa Touch disposa de 3 places: <strong>dos tumbones i un seient<\/strong>. Cada posici\u00f3 ofereix un hidromassatge complet amb jets per a cada punt de l&#8217;esquena, cames i peus.<\/p>\n<p><strong>SERVEI A TOTA ESPANYA<\/strong>[\/vc_column_text][vc_accordion active_tab=&#8221;false&#8221;][vc_accordion_tab title=&#8221;Info&#8221;][vc_column_text]\n[\/vc_column_text][\/vc_accordion_tab][\/vc_accordion][\/vc_column][\/vc_row][vc_row][vc_column][vc_single_image image=&#8221;11275&#8243; img_size=&#8221;full&#8221; alignment=&#8221;center&#8221;][\/vc_column][\/vc_row][vc_row][vc_column][vc_tabs interval=&#8221;0&#8243;][vc_tab title=&#8221;Circuits&#8221; tab_id=&#8221;fcaea0c7-9e32-5ca96-25b0&#8243;][vc_row_inner][vc_column_inner][vc_column_text]<div class=\"omsc-accordion\">\n<div class=\"omsc-toggle omsc-expanded\"><div class=\"omsc-toggle-title\">Posicions<\/div><div class=\"omsc-toggle-inner\" style=\"display:block\">\n<p><img loading=\"lazy\" decoding=\"async\" class=\"wp-image-11272 size-full\" src=\"https:\/\/www.cataloniaaqua.com\/wp-content\/uploads\/2017\/06\/spa-touch-jets.jpg\" alt=\"Spa Touch jets\" width=\"650\" height=\"305\" srcset=\"https:\/\/www.cataloniaaqua.com\/wp-content\/uploads\/2017\/06\/spa-touch-jets.jpg 650w, https:\/\/www.cataloniaaqua.com\/wp-content\/uploads\/2017\/06\/spa-touch-jets-300x141.jpg 300w\" sizes=\"auto, (max-width: 650px) 100vw, 650px\" \/><\/p>\n<\/div><\/div>\n<div class=\"omsc-toggle\"><div class=\"omsc-toggle-title\">Posici\u00f3 1<\/div><div class=\"omsc-toggle-inner\">\n<p><img loading=\"lazy\" decoding=\"async\" class=\"wp-image-11299 size-full\" src=\"https:\/\/www.cataloniaaqua.com\/wp-content\/uploads\/2017\/06\/comprar-spa-touch-posicion-1.jpg\" alt=\"Posici\u00f3n 1 del Spa Touch\" width=\"673\" height=\"296\" srcset=\"https:\/\/www.cataloniaaqua.com\/wp-content\/uploads\/2017\/06\/comprar-spa-touch-posicion-1.jpg 673w, https:\/\/www.cataloniaaqua.com\/wp-content\/uploads\/2017\/06\/comprar-spa-touch-posicion-1-300x132.jpg 300w\" sizes=\"auto, (max-width: 673px) 100vw, 673px\" \/> <\/div><\/div><div class=\"omsc-toggle\"><div class=\"omsc-toggle-title\">Posici\u00f3 2<\/div><div class=\"omsc-toggle-inner\">\n<p><img loading=\"lazy\" decoding=\"async\" class=\"wp-image-11302 size-full\" src=\"https:\/\/www.cataloniaaqua.com\/wp-content\/uploads\/2017\/06\/comprar-spa-touch-posicion-2.jpg\" alt=\"Posici\u00f3n 2 del Spa Touch\" width=\"673\" height=\"296\" srcset=\"https:\/\/www.cataloniaaqua.com\/wp-content\/uploads\/2017\/06\/comprar-spa-touch-posicion-2.jpg 673w, https:\/\/www.cataloniaaqua.com\/wp-content\/uploads\/2017\/06\/comprar-spa-touch-posicion-2-300x132.jpg 300w\" sizes=\"auto, (max-width: 673px) 100vw, 673px\" \/><\/p>\n<\/div><\/div>\n<div class=\"omsc-toggle\"><div class=\"omsc-toggle-title\">Posici\u00f3 3<\/div><div class=\"omsc-toggle-inner\">\n<p><img loading=\"lazy\" decoding=\"async\" class=\"wp-image-11305 size-full\" src=\"https:\/\/www.cataloniaaqua.com\/wp-content\/uploads\/2017\/06\/comprar-spa-touch-posicion-3.jpg\" alt=\"Posici\u00f3n 3 del Spa Touch\" width=\"674\" height=\"179\" srcset=\"https:\/\/www.cataloniaaqua.com\/wp-content\/uploads\/2017\/06\/comprar-spa-touch-posicion-3.jpg 674w, https:\/\/www.cataloniaaqua.com\/wp-content\/uploads\/2017\/06\/comprar-spa-touch-posicion-3-300x80.jpg 300w\" sizes=\"auto, (max-width: 674px) 100vw, 674px\" \/><\/p>\n<\/div><\/div>\n<\/div>[\/vc_column_text][\/vc_column_inner][\/vc_row_inner][\/vc_tab][vc_tab title=&#8221;Prestacions&#8221; tab_id=&#8221;3819c923-fee0-2ca96-25b0&#8243;][vc_single_image image=&#8221;11308&#8243; img_size=&#8221;full&#8221; onclick=&#8221;custom_link&#8221; link=&#8221;http:\/\/www.cataloniaaqua.com\/equipamiento\/&#8221;][\/vc_tab][vc_tab title=&#8221;Caracter\u00edstiques&#8221; tab_id=&#8221;1428999164043-2-5ca96-25b0&#8243;][vc_single_image image=&#8221;11296&#8243; img_size=&#8221;full&#8221;][\/vc_tab][vc_tab title=&#8221;Acabats&#8221; tab_id=&#8221;1428999192252-3-8ca96-25b0&#8243;][vc_column_text]\n<h3>Colors de l\u2019acr\u00edlic<\/h3>\n[\/vc_column_text][vc_single_image image=&#8221;13083&#8243; img_size=&#8221;full&#8221;][vc_column_text]\n<h3>Acabats del moble<\/h3>\n[\/vc_column_text][vc_single_image image=&#8221;13087&#8243; img_size=&#8221;full&#8221;][\/vc_tab][vc_tab title=&#8221;Accessoris&#8221; tab_id=&#8221;1428999253035-4-6ca96-25b0&#8243;][vc_single_image image=&#8221;11293&#8243; img_size=&#8221;full&#8221;][\/vc_tab][vc_tab title=&#8221;Documentaci\u00f3&#8221; tab_id=&#8221;1428999293099-5-6ca96-25b0&#8243;][vc_column_text]<table class=\"omsc-custom-table omsc-style-1\"><tr><td>Document amb les especificacions t\u00e8cniques i les opcions disponibles.<\/td><td><a href=\"http:\/\/www.cataloniaaqua.com\/wp-content\/uploads\/pdfs\/especificaciones\/comprar-spa-touch.pdf\" target=\"_blank\" rel=\"noopener noreferrer\"><img decoding=\"async\" src=\"https:\/\/www.cataloniaaqua.com\/wp-content\/uploads\/2018\/06\/pdf.png\" alt=\"PDF\" \/><\/a><\/td><\/tr><tr><td>Pl\u00e0nols t\u00e8cnics amb la disposici\u00f3 dels jets i dimensions del spa.<\/td><td><a href=\"http:\/\/www.cataloniaaqua.com\/wp-content\/uploads\/pdfs\/planos\/spa-touch.pdf\" target=\"_blank\" rel=\"noopener noreferrer\"><img decoding=\"async\" src=\"https:\/\/www.cataloniaaqua.com\/wp-content\/uploads\/2018\/06\/pdf.png\" alt=\"PDF\" \/><\/a><\/td><\/tr><tr><td>Manual d&#8217;Instal\u00b7laci\u00f3 i Manual d&#8217;Instruccions.<\/td><td><a href=\"https:\/\/www.cataloniaaqua.com\/wp-content\/uploads\/pdfs\/manual-instalacion-manual-instrucciones-spas-swimspas.pdf\" target=\"_blank\" rel=\"noopener noreferrer\"><img decoding=\"async\" src=\"https:\/\/www.cataloniaaqua.com\/wp-content\/uploads\/2018\/06\/pdf.png\" alt=\"PDF\" \/><\/a><\/td><\/tr><tr><td>Certificat de Garantia.<\/td><td><a href=\"\/wp-content\/uploads\/pdfs\/garantia\/garantias.pdf\" target=\"_blank\" rel=\"noopener noreferrer\"><img decoding=\"async\" src=\"https:\/\/www.cataloniaaqua.com\/wp-content\/uploads\/2018\/06\/pdf.png\" alt=\"PDF\" \/><\/a><\/td><\/tr><\/table>[\/vc_column_text][\/vc_tab][\/vc_tabs][\/vc_column][\/vc_row][vc_row margin_top=&#8221;32px&#8221; margin_bottom=&#8221;0&#8243;][vc_column][vc_raw_html]JTVCYndfc3Bhc19yZWxhYyU1RA==[\/vc_raw_html][\/vc_column][\/vc_row][vc_row][vc_column][vc_empty_space][\/vc_column][\/vc_row]\n<\/div>","protected":false},"excerpt":{"rendered":"<p>[vc_row][vc_column][vc_raw_html] JTNDZGl2JTIwY2xhc3MlM0QlMjJ0cC1iYW5uZXJzaGFkb3clMjB0cC1zaGFkb3cyJTIwc29tYnJhcnMlMjIlM0UlM0MlMkZkaXYlM0U= [\/vc_raw_html][vc_empty_space][\/vc_column][\/vc_row][vc_row][vc_column][vc_column_text] Spa\u00a0Touch El spa d\u2019hidromassatge Touch\u00a0\u00e9s un spa compacte i de f\u00e0cil acc\u00e9s. \u00c9s un spa perfecte per a compartir amb la seva parella. El nou spa Touch disposa de 3 places: dos tumbones i un seient. Cada posici\u00f3 ofereix un hidromassatge complet amb jets per a cada punt de l&#8217;esquena, cames i&hellip;<\/p>\n","protected":false},"author":3,"featured_media":5637,"parent":43,"menu_order":0,"comment_status":"closed","ping_status":"closed","template":"","meta":{"_acf_changed":false,"footnotes":""},"class_list":["post-5647","page","type-page","status-publish","has-post-thumbnail","hentry","description-off"],"acf":[],"yoast_head":"<!-- This site is optimized with the Yoast SEO plugin v27.2 - https:\/\/yoast.com\/product\/yoast-seo-wordpress\/ -->\n<title>Comprar Hidromassatge Spa Touch per a \u00fas privat<\/title>\n<meta name=\"description\" content=\"Est\u00e0s pensant en Comprar un hidromassatge exterior o interior? Coneixes el nou Spa Touch, spa ideal per a parelles, compacte i f\u00e0cil acc\u00e9s. Informa-te&#039;n!\" \/>\n<meta name=\"robots\" content=\"index, follow, max-snippet:-1, max-image-preview:large, max-video-preview:-1\" \/>\n<link rel=\"canonical\" href=\"https:\/\/www.cataloniaaqua.com\/ca\/comprar-aquavia-spa-cat\/spa-exterior-interior\/touch\/\" \/>\n<meta property=\"og:locale\" content=\"ca_ES\" \/>\n<meta property=\"og:type\" content=\"article\" \/>\n<meta property=\"og:title\" content=\"Comprar Hidromassatge Spa Touch per a \u00fas privat\" \/>\n<meta property=\"og:description\" content=\"Est\u00e0s pensant en Comprar un hidromassatge exterior o interior? Coneixes el nou Spa Touch, spa ideal per a parelles, compacte i f\u00e0cil acc\u00e9s. Informa-te&#039;n!\" \/>\n<meta property=\"og:url\" content=\"https:\/\/www.cataloniaaqua.com\/ca\/comprar-aquavia-spa-cat\/spa-exterior-interior\/touch\/\" \/>\n<meta property=\"og:site_name\" content=\"Aquagrup Spas\" \/>\n<meta property=\"article:modified_time\" content=\"2023-01-23T16:21:43+00:00\" \/>\n<meta property=\"og:image\" content=\"https:\/\/www.cataloniaaqua.com\/wp-content\/uploads\/2017\/06\/comprar-spa-hidromasaje-touch.jpg\" \/>\n\t<meta property=\"og:image:width\" content=\"450\" \/>\n\t<meta property=\"og:image:height\" content=\"450\" \/>\n\t<meta property=\"og:image:type\" content=\"image\/jpeg\" \/>\n<meta name=\"twitter:label1\" content=\"Est. reading time\" \/>\n\t<meta name=\"twitter:data1\" content=\"3 minutes\" \/>\n<script type=\"application\/ld+json\" class=\"yoast-schema-graph\">{\"@context\":\"https:\/\/schema.org\",\"@graph\":[{\"@type\":\"WebPage\",\"@id\":\"https:\/\/www.cataloniaaqua.com\/ca\/comprar-aquavia-spa-cat\/spa-exterior-interior\/touch\/\",\"url\":\"https:\/\/www.cataloniaaqua.com\/ca\/comprar-aquavia-spa-cat\/spa-exterior-interior\/touch\/\",\"name\":\"Comprar Hidromassatge Spa Touch per a \u00fas privat\",\"isPartOf\":{\"@id\":\"https:\/\/www.cataloniaaqua.com\/ca\/#website\"},\"primaryImageOfPage\":{\"@id\":\"https:\/\/www.cataloniaaqua.com\/ca\/comprar-aquavia-spa-cat\/spa-exterior-interior\/touch\/#primaryimage\"},\"image\":{\"@id\":\"https:\/\/www.cataloniaaqua.com\/ca\/comprar-aquavia-spa-cat\/spa-exterior-interior\/touch\/#primaryimage\"},\"thumbnailUrl\":\"https:\/\/www.cataloniaaqua.com\/wp-content\/uploads\/2017\/06\/comprar-spa-hidromasaje-touch.jpg\",\"datePublished\":\"2017-06-15T10:16:09+00:00\",\"dateModified\":\"2023-01-23T16:21:43+00:00\",\"description\":\"Est\u00e0s pensant en Comprar un hidromassatge exterior o interior? Coneixes el nou Spa Touch, spa ideal per a parelles, compacte i f\u00e0cil acc\u00e9s. Informa-te'n!\",\"breadcrumb\":{\"@id\":\"https:\/\/www.cataloniaaqua.com\/ca\/comprar-aquavia-spa-cat\/spa-exterior-interior\/touch\/#breadcrumb\"},\"inLanguage\":\"ca-ES\",\"potentialAction\":[{\"@type\":\"ReadAction\",\"target\":[\"https:\/\/www.cataloniaaqua.com\/ca\/comprar-aquavia-spa-cat\/spa-exterior-interior\/touch\/\"]}]},{\"@type\":\"ImageObject\",\"inLanguage\":\"ca-ES\",\"@id\":\"https:\/\/www.cataloniaaqua.com\/ca\/comprar-aquavia-spa-cat\/spa-exterior-interior\/touch\/#primaryimage\",\"url\":\"https:\/\/www.cataloniaaqua.com\/wp-content\/uploads\/2017\/06\/comprar-spa-hidromasaje-touch.jpg\",\"contentUrl\":\"https:\/\/www.cataloniaaqua.com\/wp-content\/uploads\/2017\/06\/comprar-spa-hidromasaje-touch.jpg\",\"width\":450,\"height\":450,\"caption\":\"Comprar spa hidromasaje Touch\"},{\"@type\":\"BreadcrumbList\",\"@id\":\"https:\/\/www.cataloniaaqua.com\/ca\/comprar-aquavia-spa-cat\/spa-exterior-interior\/touch\/#breadcrumb\",\"itemListElement\":[{\"@type\":\"ListItem\",\"position\":1,\"name\":\"Jacuzzi Spa y Cubierta de Piscina\",\"item\":\"https:\/\/www.cataloniaaqua.com\/ca\/\"},{\"@type\":\"ListItem\",\"position\":2,\"name\":\"Comprar Aquavia Spa\u00ae\",\"item\":\"https:\/\/www.cataloniaaqua.com\/ca\/comprar-aquavia-spa-cat\/\"},{\"@type\":\"ListItem\",\"position\":3,\"name\":\"Spa Exterior Interior Aquavia Spa\u00ae\",\"item\":\"https:\/\/www.cataloniaaqua.com\/ca\/comprar-aquavia-spa-cat\/spa-exterior-interior\/\"},{\"@type\":\"ListItem\",\"position\":4,\"name\":\"Touch\"}]},{\"@type\":\"WebSite\",\"@id\":\"https:\/\/www.cataloniaaqua.com\/ca\/#website\",\"url\":\"https:\/\/www.cataloniaaqua.com\/ca\/\",\"name\":\"Aquagrup Spas\",\"description\":\"Spas y Swim Spas Aquavia y Jacuzzi\",\"publisher\":{\"@id\":\"https:\/\/www.cataloniaaqua.com\/ca\/#organization\"},\"alternateName\":\"Aquagrup\",\"potentialAction\":[{\"@type\":\"SearchAction\",\"target\":{\"@type\":\"EntryPoint\",\"urlTemplate\":\"https:\/\/www.cataloniaaqua.com\/ca\/?s={search_term_string}\"},\"query-input\":{\"@type\":\"PropertyValueSpecification\",\"valueRequired\":true,\"valueName\":\"search_term_string\"}}],\"inLanguage\":\"ca-ES\"},{\"@type\":\"Organization\",\"@id\":\"https:\/\/www.cataloniaaqua.com\/ca\/#organization\",\"name\":\"Aquagrup Spas\",\"alternateName\":\"Aquagrup\",\"url\":\"https:\/\/www.cataloniaaqua.com\/ca\/\",\"logo\":{\"@type\":\"ImageObject\",\"inLanguage\":\"ca-ES\",\"@id\":\"https:\/\/www.cataloniaaqua.com\/ca\/#\/schema\/logo\/image\/\",\"url\":\"https:\/\/www.cataloniaaqua.com\/wp-content\/uploads\/2024\/01\/aquagrup-spas.jpg\",\"contentUrl\":\"https:\/\/www.cataloniaaqua.com\/wp-content\/uploads\/2024\/01\/aquagrup-spas.jpg\",\"width\":696,\"height\":693,\"caption\":\"Aquagrup Spas\"},\"image\":{\"@id\":\"https:\/\/www.cataloniaaqua.com\/ca\/#\/schema\/logo\/image\/\"}}]}<\/script>\n<!-- \/ Yoast SEO plugin. -->","yoast_head_json":{"title":"Comprar Hidromassatge Spa Touch per a \u00fas privat","description":"Est\u00e0s pensant en Comprar un hidromassatge exterior o interior? Coneixes el nou Spa Touch, spa ideal per a parelles, compacte i f\u00e0cil acc\u00e9s. Informa-te'n!","robots":{"index":"index","follow":"follow","max-snippet":"max-snippet:-1","max-image-preview":"max-image-preview:large","max-video-preview":"max-video-preview:-1"},"canonical":"https:\/\/www.cataloniaaqua.com\/ca\/comprar-aquavia-spa-cat\/spa-exterior-interior\/touch\/","og_locale":"ca_ES","og_type":"article","og_title":"Comprar Hidromassatge Spa Touch per a \u00fas privat","og_description":"Est\u00e0s pensant en Comprar un hidromassatge exterior o interior? Coneixes el nou Spa Touch, spa ideal per a parelles, compacte i f\u00e0cil acc\u00e9s. Informa-te'n!","og_url":"https:\/\/www.cataloniaaqua.com\/ca\/comprar-aquavia-spa-cat\/spa-exterior-interior\/touch\/","og_site_name":"Aquagrup Spas","article_modified_time":"2023-01-23T16:21:43+00:00","og_image":[{"width":450,"height":450,"url":"https:\/\/www.cataloniaaqua.com\/wp-content\/uploads\/2017\/06\/comprar-spa-hidromasaje-touch.jpg","type":"image\/jpeg"}],"twitter_misc":{"Est. reading time":"3 minutes"},"schema":{"@context":"https:\/\/schema.org","@graph":[{"@type":"WebPage","@id":"https:\/\/www.cataloniaaqua.com\/ca\/comprar-aquavia-spa-cat\/spa-exterior-interior\/touch\/","url":"https:\/\/www.cataloniaaqua.com\/ca\/comprar-aquavia-spa-cat\/spa-exterior-interior\/touch\/","name":"Comprar Hidromassatge Spa Touch per a \u00fas privat","isPartOf":{"@id":"https:\/\/www.cataloniaaqua.com\/ca\/#website"},"primaryImageOfPage":{"@id":"https:\/\/www.cataloniaaqua.com\/ca\/comprar-aquavia-spa-cat\/spa-exterior-interior\/touch\/#primaryimage"},"image":{"@id":"https:\/\/www.cataloniaaqua.com\/ca\/comprar-aquavia-spa-cat\/spa-exterior-interior\/touch\/#primaryimage"},"thumbnailUrl":"https:\/\/www.cataloniaaqua.com\/wp-content\/uploads\/2017\/06\/comprar-spa-hidromasaje-touch.jpg","datePublished":"2017-06-15T10:16:09+00:00","dateModified":"2023-01-23T16:21:43+00:00","description":"Est\u00e0s pensant en Comprar un hidromassatge exterior o interior? Coneixes el nou Spa Touch, spa ideal per a parelles, compacte i f\u00e0cil acc\u00e9s. Informa-te'n!","breadcrumb":{"@id":"https:\/\/www.cataloniaaqua.com\/ca\/comprar-aquavia-spa-cat\/spa-exterior-interior\/touch\/#breadcrumb"},"inLanguage":"ca-ES","potentialAction":[{"@type":"ReadAction","target":["https:\/\/www.cataloniaaqua.com\/ca\/comprar-aquavia-spa-cat\/spa-exterior-interior\/touch\/"]}]},{"@type":"ImageObject","inLanguage":"ca-ES","@id":"https:\/\/www.cataloniaaqua.com\/ca\/comprar-aquavia-spa-cat\/spa-exterior-interior\/touch\/#primaryimage","url":"https:\/\/www.cataloniaaqua.com\/wp-content\/uploads\/2017\/06\/comprar-spa-hidromasaje-touch.jpg","contentUrl":"https:\/\/www.cataloniaaqua.com\/wp-content\/uploads\/2017\/06\/comprar-spa-hidromasaje-touch.jpg","width":450,"height":450,"caption":"Comprar spa hidromasaje Touch"},{"@type":"BreadcrumbList","@id":"https:\/\/www.cataloniaaqua.com\/ca\/comprar-aquavia-spa-cat\/spa-exterior-interior\/touch\/#breadcrumb","itemListElement":[{"@type":"ListItem","position":1,"name":"Jacuzzi Spa y Cubierta de Piscina","item":"https:\/\/www.cataloniaaqua.com\/ca\/"},{"@type":"ListItem","position":2,"name":"Comprar Aquavia Spa\u00ae","item":"https:\/\/www.cataloniaaqua.com\/ca\/comprar-aquavia-spa-cat\/"},{"@type":"ListItem","position":3,"name":"Spa Exterior Interior Aquavia Spa\u00ae","item":"https:\/\/www.cataloniaaqua.com\/ca\/comprar-aquavia-spa-cat\/spa-exterior-interior\/"},{"@type":"ListItem","position":4,"name":"Touch"}]},{"@type":"WebSite","@id":"https:\/\/www.cataloniaaqua.com\/ca\/#website","url":"https:\/\/www.cataloniaaqua.com\/ca\/","name":"Aquagrup Spas","description":"Spas y Swim Spas Aquavia y Jacuzzi","publisher":{"@id":"https:\/\/www.cataloniaaqua.com\/ca\/#organization"},"alternateName":"Aquagrup","potentialAction":[{"@type":"SearchAction","target":{"@type":"EntryPoint","urlTemplate":"https:\/\/www.cataloniaaqua.com\/ca\/?s={search_term_string}"},"query-input":{"@type":"PropertyValueSpecification","valueRequired":true,"valueName":"search_term_string"}}],"inLanguage":"ca-ES"},{"@type":"Organization","@id":"https:\/\/www.cataloniaaqua.com\/ca\/#organization","name":"Aquagrup Spas","alternateName":"Aquagrup","url":"https:\/\/www.cataloniaaqua.com\/ca\/","logo":{"@type":"ImageObject","inLanguage":"ca-ES","@id":"https:\/\/www.cataloniaaqua.com\/ca\/#\/schema\/logo\/image\/","url":"https:\/\/www.cataloniaaqua.com\/wp-content\/uploads\/2024\/01\/aquagrup-spas.jpg","contentUrl":"https:\/\/www.cataloniaaqua.com\/wp-content\/uploads\/2024\/01\/aquagrup-spas.jpg","width":696,"height":693,"caption":"Aquagrup Spas"},"image":{"@id":"https:\/\/www.cataloniaaqua.com\/ca\/#\/schema\/logo\/image\/"}}]}},"_links":{"self":[{"href":"https:\/\/www.cataloniaaqua.com\/ca\/wp-json\/wp\/v2\/pages\/5647","targetHints":{"allow":["GET"]}}],"collection":[{"href":"https:\/\/www.cataloniaaqua.com\/ca\/wp-json\/wp\/v2\/pages"}],"about":[{"href":"https:\/\/www.cataloniaaqua.com\/ca\/wp-json\/wp\/v2\/types\/page"}],"author":[{"embeddable":true,"href":"https:\/\/www.cataloniaaqua.com\/ca\/wp-json\/wp\/v2\/users\/3"}],"replies":[{"embeddable":true,"href":"https:\/\/www.cataloniaaqua.com\/ca\/wp-json\/wp\/v2\/comments?post=5647"}],"version-history":[{"count":0,"href":"https:\/\/www.cataloniaaqua.com\/ca\/wp-json\/wp\/v2\/pages\/5647\/revisions"}],"up":[{"embeddable":true,"href":"https:\/\/www.cataloniaaqua.com\/ca\/wp-json\/wp\/v2\/pages\/43"}],"wp:featuredmedia":[{"embeddable":true,"href":"https:\/\/www.cataloniaaqua.com\/ca\/wp-json\/wp\/v2\/media\/5637"}],"wp:attachment":[{"href":"https:\/\/www.cataloniaaqua.com\/ca\/wp-json\/wp\/v2\/media?parent=5647"}],"curies":[{"name":"wp","href":"https:\/\/api.w.org\/{rel}","templated":true}]}}