{"id":691,"date":"2015-04-16T10:02:22","date_gmt":"2015-04-16T10:02:22","guid":{"rendered":"http:\/\/www.cataloniaaqua.com\/comprar-spas\/desbordantes-uso-publico\/"},"modified":"2024-12-12T13:19:10","modified_gmt":"2024-12-12T12:19:10","slug":"spas-desbordants-publics","status":"publish","type":"page","link":"https:\/\/www.cataloniaaqua.com\/ca\/comprar-spas\/spas-desbordants-publics\/","title":{"rendered":"Spas Desbordants Aquavia Spa\u00ae"},"content":{"rendered":"<div class=\"wpb-content-wrapper\">[vc_row][vc_column][vc_column_text css=&#8221;&#8221;]\n<h2>Spas per a espais de p\u00fablica concurr\u00e8ncia<\/h2>\n<p>Els<strong> spas d&#8217;\u00fas p\u00fablic desbordants<\/strong> s\u00f3n ideals per a <strong>gimnasos<\/strong>, <strong>centres wellness<\/strong>, <strong>hotels<\/strong>, <strong>cases rurals<\/strong> o <strong>clubs socials<\/strong>. Dissenyats per a<strong> espais de p\u00fablica concurr\u00e8ncia<\/strong>, combinen innovaci\u00f3 i qualitat per oferir una experi\u00e8ncia \u00fanica. A Aquagrup hem seleccionat models que destaquen per la seva funcionalitat i disseny, pensats per garantir el confort i la satisfacci\u00f3 dels usuaris i superar les seves expectatives en cada bany.[\/vc_column_text][vc_column_text]\n<div>\n<div>[vc_row_inner margin_top=\"0\" margin_bottom=\"20px\"][\/vc_row_inner][vc_row_inner margin_top=\"0\" margin_bottom=\"20px\"][vc_column_inner width=\"1\/2\"]<div class=\"bw_wri\"><div class=\"bw_fi\">[vc_single_image image=\"32712\" img_size=\"full\" alignment=\"center\" onclick=\"custom_link\" link=\"https:\/\/www.cataloniaaqua.com\/ca\/comprar-spas\/spas-desbordants-publics\/capri-rodas\/\"]<\/div><div class=\"bw_si\">[vc_single_image image=\"32715\" img_size=\"full\" alignment=\"center\" onclick=\"custom_link\" link=\"https:\/\/www.cataloniaaqua.com\/ca\/comprar-spas\/spas-desbordants-publics\/capri-rodas\/\"]<\/div><\/div>[vc_column_text]<h3><a href=\"https:\/\/www.cataloniaaqua.com\/ca\/comprar-spas\/spas-desbordants-publics\/capri-rodas\/\">Spas Desbordants Capri \u2013 Rodas (5 places)<\/a><\/h3>Els\u00a0<strong>Spas desbordants Carpi i Rodas<\/strong>\u00a0s\u00f3n aptes per encastar a llocs p\u00fablics (<strong>hotels<\/strong>,\u00a0<strong>spas<\/strong>,\u00a0<strong>centres termals<\/strong>,\u00a0<strong>clubs<\/strong>, etc.) o per al seu\u00a0<strong>\u00fas dom\u00e8stic a casa<\/strong>\u00a0o a\u00a0<strong>l\u2019exterior<\/strong>.\r\n[\/vc_column_text][\/vc_column_inner][vc_column_inner width=\"1\/2\"]<div class=\"bw_wri\"><div class=\"bw_fi\">[vc_single_image image=\"32724\" img_size=\"full\" alignment=\"center\" onclick=\"custom_link\" link=\"https:\/\/www.cataloniaaqua.com\/ca\/comprar-spas\/spas-desbordants-publics\/martinique-oasis\/\"]<\/div><div class=\"bw_si\">[vc_single_image image=\"32719\" img_size=\"full\" alignment=\"center\" onclick=\"custom_link\" link=\"https:\/\/www.cataloniaaqua.com\/ca\/comprar-spas\/spas-desbordants-publics\/martinique-oasis\/\"]<\/div><\/div>[vc_column_text]<h3><a href=\"https:\/\/www.cataloniaaqua.com\/ca\/comprar-spas\/spas-desbordants-publics\/martinique-oasis\/\">Spas Martinique &#8211; Oasis (6 places)<\/a><\/h3>Els\u00a0<strong>Spas circulars de la gama Oasis i Martinique<\/strong>, s\u00f3n\u00a0<strong>spas desbordants per a 6 persones<\/strong>\u00a0amb un acabat\u00a0<strong>gresite<\/strong>\u00a0(<strong>mosaic<\/strong>) i un di\u00e0metre de 2,5 metres, apte per a zones d\u2019interior i exterior.[\/vc_column_text][\/vc_column_inner][\/vc_row_inner][vc_row_inner margin_top=\"0\" margin_bottom=\"20px\"][vc_column_inner width=\"1\/2\"]<div class=\"bw_wri\"><div class=\"bw_fi\">[vc_single_image image=\"32728\" img_size=\"full\" alignment=\"center\" onclick=\"custom_link\" link=\"https:\/\/www.cataloniaaqua.com\/ca\/comprar-spas\/spas-desbordants-publics\/bali-oslo\/\"]<\/div><div class=\"bw_si\">[vc_single_image image=\"32731\" img_size=\"full\" alignment=\"center\" onclick=\"custom_link\" link=\"https:\/\/www.cataloniaaqua.com\/ca\/comprar-spas\/spas-desbordants-publics\/bali-oslo\/\"]<\/div><\/div>[vc_column_text]<h3><a href=\"https:\/\/www.cataloniaaqua.com\/ca\/comprar-spas\/spas-desbordants-publics\/bali-oslo\/\">Spa Desbordant Bali \u2013 Oslo (6 places)<\/a><\/h3>El\u00a0<strong>spa desbordant<\/strong>\u00a0Bali i el spa Oslo s\u00f3n\u00a0<strong>spas circulars<\/strong>\u00a0de 3 metres de di\u00e0metre, \u00e9s un\u00a0<strong>spa encastable<\/strong>\u00a0d\u2019\u00fas molt est\u00e8s a hotels, a gimnasos y zones de spa d\u2019interior o d\u2019<strong>exterior<\/strong>.\r\n[\/vc_column_text][\/vc_column_inner][vc_column_inner width=\"1\/2\"]<div class=\"bw_wri\"><div class=\"bw_fi\">[vc_single_image image=\"32736\" img_size=\"full\" alignment=\"center\" onclick=\"custom_link\" link=\"https:\/\/www.cataloniaaqua.com\/ca\/comprar-spas\/spas-desbordants-publics\/hydra-haway\/\"]<\/div><div class=\"bw_si\">[vc_single_image image=\"32739\" img_size=\"full\" alignment=\"center\" onclick=\"custom_link\" link=\"https:\/\/www.cataloniaaqua.com\/ca\/comprar-spas\/spas-desbordants-publics\/hydra-haway\/\"]<\/div><\/div>[vc_column_text]<h3><a href=\"https:\/\/www.cataloniaaqua.com\/ca\/comprar-spas\/spas-desbordants-publics\/hydra-haway\/\">Spa Desbordant Hydra \u2013 Haway (10 places)<\/a><\/h3>Els\u00a0<strong>spas<\/strong>\u00a0Hydra i Haway, s\u00f3n\u00a0<strong>spas octogonals<\/strong>\u00a0de la gamma de\u00a0<strong class=\"guideLinr-element-highlight\">Spas desbordants<\/strong>\u00a0y\u00a0<strong>encastables<\/strong>\u00a0amb capacitat per a\u00a0<strong>10 persones<\/strong>, \u00e9s un\u00a0<strong>spa exterior<\/strong> per a zones d\u2019esbarjo comunit\u00e0ries.[\/vc_column_text][\/vc_column_inner][\/vc_row_inner][vc_row_inner margin_top=\"0\" margin_bottom=\"20px\"][vc_column_inner width=\"1\/2\"]<div class=\"bw_wri\"><div class=\"bw_fi\">[vc_single_image image=\"38100\" img_size=\"full\" alignment=\"center\" onclick=\"custom_link\" link=\"https:\/\/www.cataloniaaqua.com\/ca\/comprar-spas\/spa-exterior-interior\/hoteles\/\"]<\/div><div class=\"bw_si\">[vc_single_image image=\"39202\" img_size=\"full\" alignment=\"center\" onclick=\"custom_link\" link=\"https:\/\/www.cataloniaaqua.com\/ca\/comprar-spas\/spa-exterior-interior\/hoteles\/\"]<\/div><\/div>[vc_column_text]<h3><a href=\"https:\/\/www.cataloniaaqua.com\/ca\/comprar-spas\/spa-exterior-interior\/hoteles\/\">Spa Hotel (4 places)<\/a><\/h3><span style=\"font-weight: 400;\">La seva mida redu\u00efda permet que l'spa sigui integrat amb facilitat en habitacions d'hotel. <strong>Ompliment autom\u00e0tic en 30 minuts<\/strong> i buidatge autom\u00e0tic en 15 minuts. Compte amb <strong>capacitat per a 4 persones<\/strong>.<\/span>[\/vc_column_text][\/vc_column_inner][\/vc_row_inner]<\/div>\n<\/div>\n[\/vc_column_text][\/vc_column][\/vc_row]\n<\/div>","protected":false},"excerpt":{"rendered":"<p>[vc_row][vc_column][vc_column_text css=&#8221;&#8221;] Spas per a espais de p\u00fablica concurr\u00e8ncia Els spas d&#8217;\u00fas p\u00fablic desbordants s\u00f3n ideals per a gimnasos, centres wellness, hotels, cases rurals o clubs socials. Dissenyats per a espais de p\u00fablica concurr\u00e8ncia, combinen innovaci\u00f3 i qualitat per oferir una experi\u00e8ncia \u00fanica. A Aquagrup hem seleccionat models que destaquen per la seva funcionalitat i&hellip;<\/p>\n","protected":false},"author":3,"featured_media":7102,"parent":42,"menu_order":0,"comment_status":"closed","ping_status":"closed","template":"","meta":{"_acf_changed":false,"footnotes":""},"class_list":["post-691","page","type-page","status-publish","has-post-thumbnail","hentry","description-off"],"acf":[],"yoast_head":"<!-- This site is optimized with the Yoast SEO plugin v27.2 - https:\/\/yoast.com\/product\/yoast-seo-wordpress\/ -->\n<title>Venda \/ Comprar Spas Desbordants \u00das P\u00fablic<\/title>\n<meta name=\"description\" content=\"Pensant en comprar un Spa d&#039;Exterior o Interior? Descobreix a Aquavia Spa el Major Frabricant de Spas Europeu. Informa&#039;t!\" \/>\n<meta name=\"robots\" content=\"index, follow, max-snippet:-1, max-image-preview:large, max-video-preview:-1\" \/>\n<link rel=\"canonical\" href=\"https:\/\/www.cataloniaaqua.com\/ca\/comprar-spas\/spas-desbordants-publics\/\" \/>\n<meta property=\"og:locale\" content=\"ca_ES\" \/>\n<meta property=\"og:type\" content=\"article\" \/>\n<meta property=\"og:title\" content=\"Venda \/ Comprar Spas Desbordants \u00das P\u00fablic\" \/>\n<meta property=\"og:description\" content=\"Pensant en comprar un Spa d&#039;Exterior o Interior? Descobreix a Aquavia Spa el Major Frabricant de Spas Europeu. Informa&#039;t!\" \/>\n<meta property=\"og:url\" content=\"https:\/\/www.cataloniaaqua.com\/ca\/comprar-spas\/spas-desbordants-publics\/\" \/>\n<meta property=\"og:site_name\" content=\"Aquagrup Spas\" \/>\n<meta property=\"article:modified_time\" content=\"2024-12-12T12:19:10+00:00\" \/>\n<meta property=\"og:image\" content=\"https:\/\/www.cataloniaaqua.com\/wp-content\/uploads\/2015\/05\/spa-circular-desbordante.jpg\" \/>\n\t<meta property=\"og:image:width\" content=\"738\" \/>\n\t<meta property=\"og:image:height\" content=\"334\" \/>\n\t<meta property=\"og:image:type\" content=\"image\/jpeg\" \/>\n<meta name=\"twitter:label1\" content=\"Est. reading time\" \/>\n\t<meta name=\"twitter:data1\" content=\"1 minute\" \/>\n<script type=\"application\/ld+json\" class=\"yoast-schema-graph\">{\"@context\":\"https:\/\/schema.org\",\"@graph\":[{\"@type\":\"WebPage\",\"@id\":\"https:\/\/www.cataloniaaqua.com\/ca\/comprar-spas\/spas-desbordants-publics\/\",\"url\":\"https:\/\/www.cataloniaaqua.com\/ca\/comprar-spas\/spas-desbordants-publics\/\",\"name\":\"Venda \/ Comprar Spas Desbordants \u00das P\u00fablic\",\"isPartOf\":{\"@id\":\"https:\/\/www.cataloniaaqua.com\/ca\/#website\"},\"primaryImageOfPage\":{\"@id\":\"https:\/\/www.cataloniaaqua.com\/ca\/comprar-spas\/spas-desbordants-publics\/#primaryimage\"},\"image\":{\"@id\":\"https:\/\/www.cataloniaaqua.com\/ca\/comprar-spas\/spas-desbordants-publics\/#primaryimage\"},\"thumbnailUrl\":\"https:\/\/www.cataloniaaqua.com\/wp-content\/uploads\/2015\/05\/spa-circular-desbordante.jpg\",\"datePublished\":\"2015-04-16T10:02:22+00:00\",\"dateModified\":\"2024-12-12T12:19:10+00:00\",\"description\":\"Pensant en comprar un Spa d'Exterior o Interior? Descobreix a Aquavia Spa el Major Frabricant de Spas Europeu. Informa't!\",\"breadcrumb\":{\"@id\":\"https:\/\/www.cataloniaaqua.com\/ca\/comprar-spas\/spas-desbordants-publics\/#breadcrumb\"},\"inLanguage\":\"ca-ES\",\"potentialAction\":[{\"@type\":\"ReadAction\",\"target\":[\"https:\/\/www.cataloniaaqua.com\/ca\/comprar-spas\/spas-desbordants-publics\/\"]}]},{\"@type\":\"ImageObject\",\"inLanguage\":\"ca-ES\",\"@id\":\"https:\/\/www.cataloniaaqua.com\/ca\/comprar-spas\/spas-desbordants-publics\/#primaryimage\",\"url\":\"https:\/\/www.cataloniaaqua.com\/wp-content\/uploads\/2015\/05\/spa-circular-desbordante.jpg\",\"contentUrl\":\"https:\/\/www.cataloniaaqua.com\/wp-content\/uploads\/2015\/05\/spa-circular-desbordante.jpg\",\"width\":738,\"height\":334},{\"@type\":\"BreadcrumbList\",\"@id\":\"https:\/\/www.cataloniaaqua.com\/ca\/comprar-spas\/spas-desbordants-publics\/#breadcrumb\",\"itemListElement\":[{\"@type\":\"ListItem\",\"position\":1,\"name\":\"Jacuzzi Spa y Cubierta de Piscina\",\"item\":\"https:\/\/www.cataloniaaqua.com\/ca\/\"},{\"@type\":\"ListItem\",\"position\":2,\"name\":\"Comprar Spas Jacuzzi\u00ae i Aquavia Spa\u00ae\",\"item\":\"https:\/\/www.cataloniaaqua.com\/ca\/comprar-spas\/\"},{\"@type\":\"ListItem\",\"position\":3,\"name\":\"Spas Desbordants Aquavia Spa\u00ae\"}]},{\"@type\":\"WebSite\",\"@id\":\"https:\/\/www.cataloniaaqua.com\/ca\/#website\",\"url\":\"https:\/\/www.cataloniaaqua.com\/ca\/\",\"name\":\"Aquagrup Spas\",\"description\":\"Spas y Swim Spas Aquavia y Jacuzzi\",\"publisher\":{\"@id\":\"https:\/\/www.cataloniaaqua.com\/ca\/#organization\"},\"alternateName\":\"Aquagrup\",\"potentialAction\":[{\"@type\":\"SearchAction\",\"target\":{\"@type\":\"EntryPoint\",\"urlTemplate\":\"https:\/\/www.cataloniaaqua.com\/ca\/?s={search_term_string}\"},\"query-input\":{\"@type\":\"PropertyValueSpecification\",\"valueRequired\":true,\"valueName\":\"search_term_string\"}}],\"inLanguage\":\"ca-ES\"},{\"@type\":\"Organization\",\"@id\":\"https:\/\/www.cataloniaaqua.com\/ca\/#organization\",\"name\":\"Aquagrup Spas\",\"alternateName\":\"Aquagrup\",\"url\":\"https:\/\/www.cataloniaaqua.com\/ca\/\",\"logo\":{\"@type\":\"ImageObject\",\"inLanguage\":\"ca-ES\",\"@id\":\"https:\/\/www.cataloniaaqua.com\/ca\/#\/schema\/logo\/image\/\",\"url\":\"https:\/\/www.cataloniaaqua.com\/wp-content\/uploads\/2024\/01\/aquagrup-spas.jpg\",\"contentUrl\":\"https:\/\/www.cataloniaaqua.com\/wp-content\/uploads\/2024\/01\/aquagrup-spas.jpg\",\"width\":696,\"height\":693,\"caption\":\"Aquagrup Spas\"},\"image\":{\"@id\":\"https:\/\/www.cataloniaaqua.com\/ca\/#\/schema\/logo\/image\/\"}}]}<\/script>\n<!-- \/ Yoast SEO plugin. -->","yoast_head_json":{"title":"Venda \/ Comprar Spas Desbordants \u00das P\u00fablic","description":"Pensant en comprar un Spa d'Exterior o Interior? Descobreix a Aquavia Spa el Major Frabricant de Spas Europeu. Informa't!","robots":{"index":"index","follow":"follow","max-snippet":"max-snippet:-1","max-image-preview":"max-image-preview:large","max-video-preview":"max-video-preview:-1"},"canonical":"https:\/\/www.cataloniaaqua.com\/ca\/comprar-spas\/spas-desbordants-publics\/","og_locale":"ca_ES","og_type":"article","og_title":"Venda \/ Comprar Spas Desbordants \u00das P\u00fablic","og_description":"Pensant en comprar un Spa d'Exterior o Interior? Descobreix a Aquavia Spa el Major Frabricant de Spas Europeu. Informa't!","og_url":"https:\/\/www.cataloniaaqua.com\/ca\/comprar-spas\/spas-desbordants-publics\/","og_site_name":"Aquagrup Spas","article_modified_time":"2024-12-12T12:19:10+00:00","og_image":[{"width":738,"height":334,"url":"https:\/\/www.cataloniaaqua.com\/wp-content\/uploads\/2015\/05\/spa-circular-desbordante.jpg","type":"image\/jpeg"}],"twitter_misc":{"Est. reading time":"1 minute"},"schema":{"@context":"https:\/\/schema.org","@graph":[{"@type":"WebPage","@id":"https:\/\/www.cataloniaaqua.com\/ca\/comprar-spas\/spas-desbordants-publics\/","url":"https:\/\/www.cataloniaaqua.com\/ca\/comprar-spas\/spas-desbordants-publics\/","name":"Venda \/ Comprar Spas Desbordants \u00das P\u00fablic","isPartOf":{"@id":"https:\/\/www.cataloniaaqua.com\/ca\/#website"},"primaryImageOfPage":{"@id":"https:\/\/www.cataloniaaqua.com\/ca\/comprar-spas\/spas-desbordants-publics\/#primaryimage"},"image":{"@id":"https:\/\/www.cataloniaaqua.com\/ca\/comprar-spas\/spas-desbordants-publics\/#primaryimage"},"thumbnailUrl":"https:\/\/www.cataloniaaqua.com\/wp-content\/uploads\/2015\/05\/spa-circular-desbordante.jpg","datePublished":"2015-04-16T10:02:22+00:00","dateModified":"2024-12-12T12:19:10+00:00","description":"Pensant en comprar un Spa d'Exterior o Interior? Descobreix a Aquavia Spa el Major Frabricant de Spas Europeu. Informa't!","breadcrumb":{"@id":"https:\/\/www.cataloniaaqua.com\/ca\/comprar-spas\/spas-desbordants-publics\/#breadcrumb"},"inLanguage":"ca-ES","potentialAction":[{"@type":"ReadAction","target":["https:\/\/www.cataloniaaqua.com\/ca\/comprar-spas\/spas-desbordants-publics\/"]}]},{"@type":"ImageObject","inLanguage":"ca-ES","@id":"https:\/\/www.cataloniaaqua.com\/ca\/comprar-spas\/spas-desbordants-publics\/#primaryimage","url":"https:\/\/www.cataloniaaqua.com\/wp-content\/uploads\/2015\/05\/spa-circular-desbordante.jpg","contentUrl":"https:\/\/www.cataloniaaqua.com\/wp-content\/uploads\/2015\/05\/spa-circular-desbordante.jpg","width":738,"height":334},{"@type":"BreadcrumbList","@id":"https:\/\/www.cataloniaaqua.com\/ca\/comprar-spas\/spas-desbordants-publics\/#breadcrumb","itemListElement":[{"@type":"ListItem","position":1,"name":"Jacuzzi Spa y Cubierta de Piscina","item":"https:\/\/www.cataloniaaqua.com\/ca\/"},{"@type":"ListItem","position":2,"name":"Comprar Spas Jacuzzi\u00ae i Aquavia Spa\u00ae","item":"https:\/\/www.cataloniaaqua.com\/ca\/comprar-spas\/"},{"@type":"ListItem","position":3,"name":"Spas Desbordants Aquavia Spa\u00ae"}]},{"@type":"WebSite","@id":"https:\/\/www.cataloniaaqua.com\/ca\/#website","url":"https:\/\/www.cataloniaaqua.com\/ca\/","name":"Aquagrup Spas","description":"Spas y Swim Spas Aquavia y Jacuzzi","publisher":{"@id":"https:\/\/www.cataloniaaqua.com\/ca\/#organization"},"alternateName":"Aquagrup","potentialAction":[{"@type":"SearchAction","target":{"@type":"EntryPoint","urlTemplate":"https:\/\/www.cataloniaaqua.com\/ca\/?s={search_term_string}"},"query-input":{"@type":"PropertyValueSpecification","valueRequired":true,"valueName":"search_term_string"}}],"inLanguage":"ca-ES"},{"@type":"Organization","@id":"https:\/\/www.cataloniaaqua.com\/ca\/#organization","name":"Aquagrup Spas","alternateName":"Aquagrup","url":"https:\/\/www.cataloniaaqua.com\/ca\/","logo":{"@type":"ImageObject","inLanguage":"ca-ES","@id":"https:\/\/www.cataloniaaqua.com\/ca\/#\/schema\/logo\/image\/","url":"https:\/\/www.cataloniaaqua.com\/wp-content\/uploads\/2024\/01\/aquagrup-spas.jpg","contentUrl":"https:\/\/www.cataloniaaqua.com\/wp-content\/uploads\/2024\/01\/aquagrup-spas.jpg","width":696,"height":693,"caption":"Aquagrup Spas"},"image":{"@id":"https:\/\/www.cataloniaaqua.com\/ca\/#\/schema\/logo\/image\/"}}]}},"_links":{"self":[{"href":"https:\/\/www.cataloniaaqua.com\/ca\/wp-json\/wp\/v2\/pages\/691","targetHints":{"allow":["GET"]}}],"collection":[{"href":"https:\/\/www.cataloniaaqua.com\/ca\/wp-json\/wp\/v2\/pages"}],"about":[{"href":"https:\/\/www.cataloniaaqua.com\/ca\/wp-json\/wp\/v2\/types\/page"}],"author":[{"embeddable":true,"href":"https:\/\/www.cataloniaaqua.com\/ca\/wp-json\/wp\/v2\/users\/3"}],"replies":[{"embeddable":true,"href":"https:\/\/www.cataloniaaqua.com\/ca\/wp-json\/wp\/v2\/comments?post=691"}],"version-history":[{"count":0,"href":"https:\/\/www.cataloniaaqua.com\/ca\/wp-json\/wp\/v2\/pages\/691\/revisions"}],"up":[{"embeddable":true,"href":"https:\/\/www.cataloniaaqua.com\/ca\/wp-json\/wp\/v2\/pages\/42"}],"wp:featuredmedia":[{"embeddable":true,"href":"https:\/\/www.cataloniaaqua.com\/ca\/wp-json\/wp\/v2\/media\/7102"}],"wp:attachment":[{"href":"https:\/\/www.cataloniaaqua.com\/ca\/wp-json\/wp\/v2\/media?parent=691"}],"curies":[{"name":"wp","href":"https:\/\/api.w.org\/{rel}","templated":true}]}}