{"id":703,"date":"2015-04-16T10:45:45","date_gmt":"2015-04-16T10:45:45","guid":{"rendered":"http:\/\/www.cataloniaaqua.com\/comprar-spas\/swim-spas\/"},"modified":"2024-12-12T13:30:46","modified_gmt":"2024-12-12T12:30:46","slug":"swimspas","status":"publish","type":"page","link":"https:\/\/www.cataloniaaqua.com\/ca\/comprar-spas\/swimspas\/","title":{"rendered":"Swim Spa Aquavia Spa\u00ae"},"content":{"rendered":"<div class=\"wpb-content-wrapper\">[vc_row][vc_column][vc_column_text css=&#8221;&#8221;]\n<h2>Swim Spa, mini piscines amb spa<\/h2>\n<p>Els swim spas combinen els avantatges d&#8217;una piscina i un spa en un sol espai, permetent nedar a contracorrent i gaudir d&#8217;hidromassatge en qualsevol moment. A Aquagrup, oferim models de swim spa, que destaca pel seu disseny compacte i funcionalitat tant en interiors com en exteriors. Equipats amb potents jets i zones d&#8217;hidromassatge ergon\u00f2miques, els nostres swim spas s\u00f3n ideals per a l&#8217;exercici, la relaxaci\u00f3 i el benestar en la comoditat de la seva llar.[\/vc_column_text][vc_column_text][vc_row_inner margin_top=\"0\" margin_bottom=\"20px\"][\/vc_row_inner][vc_row_inner margin_top=\"0\" margin_bottom=\"20px\"][vc_column_inner width=\"1\/2\"]<div class=\"bw_wri\"><div class=\"bw_fi\">[vc_single_image image=\"68415\" img_size=\"full\" alignment=\"center\" onclick=\"custom_link\" link=\"https:\/\/www.cataloniaaqua.com\/comprar-spas\/swimspas\/amazon-new\/\"]<\/div><div class=\"bw_si\">[vc_single_image image=\"32749\" img_size=\"full\" alignment=\"center\" onclick=\"custom_link\" link=\"https:\/\/www.cataloniaaqua.com\/comprar-spas\/swimspas\/amazon-new\/\"]<\/div><\/div>[vc_column_text]<h3><a href=\"https:\/\/www.cataloniaaqua.com\/comprar-spas\/swimspas\/amazon-new\/\">Swim Spa Amazon<\/a><\/h3><strong>Swim Spa Amazon, <\/strong>zona de <strong>hidromasaje<\/strong>\u00a0 con tumbona y dos asientos ergon\u00f3micos y dos prefiltros flotantes para mantener un nivel variable de agua y corriente de agua generada por cinco turbo jets le permitir\u00e1<strong>\u00a0nadar a contracorriente<\/strong>.\r\n\r\n<strong>Venta, instalaci\u00f3n y servicio t\u00e9cnico en toda Espa\u00f1a<\/strong>[\/vc_column_text][\/vc_column_inner][vc_column_inner width=\"1\/2\"][vc_single_image image=\"38141\" img_size=\"full\" alignment=\"center\" onclick=\"custom_link\" link=\"https:\/\/www.cataloniaaqua.com\/ca\/comprar-spas\/swimspas-ca\/swimspa-sky\/\"][vc_column_text]<h3><a href=\"https:\/\/www.cataloniaaqua.com\/ca\/comprar-spas\/swimspas-ca\/swimspa-sky\/\">Swimspa Sky<\/a><\/h3><span style=\"font-weight: 400;\">Les mesures del model Sky garanteixen la seva funcionalitat com a piscina, per\u00f2 sense descuidar les seves prestacions per al benestar gr\u00e0cies al seu circuit amb 12 jets d'hidromassatge disposats en vertical, en una de les cantonades interiors.<\/span>\r\n\r\n<span style=\"font-weight: 400;\">Venda, instal\u00b7laci\u00f3 i servei t\u00e8cnic a tot Espanya<\/span>[\/vc_column_text][\/vc_column_inner][\/vc_row_inner][vc_row_inner margin_top=\"0\" margin_bottom=\"20px\"][vc_column_inner width=\"1\/2\"]<div class=\"bw_wri\"><div class=\"bw_fi\">[vc_single_image image=\"32746\" img_size=\"full\" alignment=\"center\" onclick=\"custom_link\" link=\"https:\/\/www.cataloniaaqua.com\/ca\/comprar-spas\/swimspas-ca\/amazon\/\"]<\/div><div class=\"bw_si\">[vc_single_image image=\"32749\" img_size=\"full\" alignment=\"center\" onclick=\"custom_link\" link=\"https:\/\/www.cataloniaaqua.com\/ca\/comprar-spas\/swimspas-ca\/amazon\/\"]<\/div><\/div>[vc_column_text]<h3><a href=\"https:\/\/www.cataloniaaqua.com\/ca\/comprar-spas\/swimspas-ca\/amazon\/\">Swim Spa Amazon<\/a><\/h3><div>\r\n\r\nAls nostres\u00a0<strong>Swim Spa<\/strong>, la zona d\u2019<strong>hidromassatge<\/strong>\u00a0compta amb una gandula i dos seients ergon\u00f2mics. Els nostres SwimSpa estan equipats amb dos prefiltres flotants que li permetran mantenir un nivell variable d\u2019aigua. Els nostres\u00a0<strong>SwimSpa amb corrent d\u2019aigua generada per cinc turbo jets<\/strong>, li permetr\u00e0\u00a0<strong>nedar a contra corrent<\/strong>. Faci exercici i mantinguis en forma amb el seu propi SwimSpa.\r\n\r\n<strong class=\"guideLinr-element-highlight\">VENDA, INSTAL\u2022LACI\u00d3 I SERVEI T\u00c8CNIC A TOTA ESPANYA<\/strong>\r\n\r\n<\/div>[\/vc_column_text][\/vc_column_inner][vc_column_inner width=\"1\/2\"]<div class=\"bw_wri\"><div class=\"bw_fi\">[vc_single_image image=\"32754\" img_size=\"full\" alignment=\"center\" onclick=\"custom_link\" link=\"https:\/\/www.cataloniaaqua.com\/ca\/comprar-spas\/swimspas-ca\/fitness-spa\/\"]<\/div><div class=\"bw_si\">[vc_single_image image=\"5109\" img_size=\"full\" alignment=\"center\" onclick=\"custom_link\" link=\"https:\/\/www.cataloniaaqua.com\/ca\/comprar-spas\/swimspas-ca\/fitness-spa\/\"]<\/div><\/div>[vc_column_text]<h3><a href=\"https:\/\/www.cataloniaaqua.com\/ca\/comprar-spas\/swimspas-ca\/fitness-spa\/\">Swim Spa Fitness Spa<\/a><\/h3>El\u00a0<strong>Fitness Spa<\/strong>\u00a0\u00e9s un\u00a0<strong>Swim Spa<\/strong>\u00a0<strong>tot en un<\/strong>\u00a0amb un ampli espai de bany i complerta zona de hidromassatge.\r\n\r\nLa zona d\u2019<strong>hidromassatge<\/strong>\u00a0t\u00e9 1 tumbona, 2 seients ergon\u00f2mics i 1 columna de massatge vertical. A l\u2019ampli\u00a0<strong>espai de bany<\/strong>\u00a0es genera una corrent d\u2019aigua gr\u00e0cies als seus 4 potents jets que li permet<strong>\u00a0nadar a contracorrent<\/strong>.\r\n\r\n<strong>VENDA, INSTAL\u00b7LACI\u00d3 I SERVEI T\u00c8CNIC A TOTA ESPANYA<\/strong>[\/vc_column_text][\/vc_column_inner][\/vc_row_inner][vc_row_inner margin_top=\"0\" margin_bottom=\"20px\"][vc_column_inner width=\"1\/2\"]<div class=\"bw_wri\"><div class=\"bw_fi\">[vc_single_image image=\"32758\" img_size=\"full\" alignment=\"center\" onclick=\"custom_link\" link=\"https:\/\/www.cataloniaaqua.com\/ca\/comprar-spas\/swimspas-ca\/swimspa-duo\/\"]<\/div><div class=\"bw_si\">[vc_single_image image=\"12733\" img_size=\"full\" alignment=\"center\" onclick=\"custom_link\" link=\"https:\/\/www.cataloniaaqua.com\/ca\/comprar-spas\/swimspas-ca\/swimspa-duo\/\"]<\/div><\/div>[vc_column_text]<h3><a href=\"https:\/\/www.cataloniaaqua.com\/ca\/comprar-spas\/swimspas-ca\/swimspa-duo\/\">Swim Spa Duo<\/a><\/h3>El\u00a0<strong>Swimspa Duo<\/strong>\u00a0disposa\u00a0<strong>dos zones separades<\/strong>, una per a nadar a contracorriente i una altra per a relaxar-se amb l\u2019hidromassatge.\r\n\r\nAmb el\u00a0<strong>Swimspa Duo podr\u00e0 nadar o caminar a contracorrent<\/strong>, realitzar exercicis d\u2019<strong>aquafitness o aquagym<\/strong>,\u00a0<strong>relaxar-se<\/strong>\u00a0amb les diferents posicions de massatge.\r\n\r\n<strong>VENDA, INSTAL\u00b7LACI\u00d3 I SERVEI T\u00c8CNIC A TOTA ESPANYA<\/strong>[\/vc_column_text][\/vc_column_inner][vc_column_inner width=\"1\/2\"]<div class=\"bw_wri\"><div class=\"bw_fi\">[vc_single_image image=\"32762\" img_size=\"full\" alignment=\"center\" onclick=\"custom_link\" link=\"https:\/\/www.cataloniaaqua.com\/ca\/comprar-spas\/swimspas-ca\/compact-pool\/\"]<\/div><div class=\"bw_si\">[vc_single_image image=\"12860\" img_size=\"full\" alignment=\"center\" onclick=\"custom_link\" link=\"https:\/\/www.cataloniaaqua.com\/ca\/comprar-spas\/swimspas-ca\/compact-pool\/\"]<\/div><\/div>[vc_column_text]<h3><a href=\"https:\/\/www.cataloniaaqua.com\/ca\/comprar-spas\/swimspas-ca\/compact-pool\/\">Swim Spa Compact Pool<\/a><\/h3>El\u00a0<strong>swimspa Compact Pool<\/strong>\u00a0\u00e9s un spa i una piscina tot en un, \u00e9s\u00a0<strong>compacte i ampli<\/strong>. Ofereix una zona de hidromassatge i una zona de bany.\r\n\r\nPodr\u00e0 alternar els exercicis de\u00a0<strong>fitness<\/strong>,\u00a0<strong>aquagym<\/strong>\u00a0o\u00a0<strong>nataci\u00f3 a contracorrent<\/strong>, amb l\u2019<strong>hidromassatge vertical<\/strong>.\r\n\r\n<strong>VENDA, INSTAL\u00b7LACI\u00d3 I SERVEI T\u00c8CNIC A TOTA ESPANYA<\/strong>[\/vc_column_text][\/vc_column_inner][\/vc_row_inner][\/vc_column_text][\/vc_column][\/vc_row]\n<\/div>","protected":false},"excerpt":{"rendered":"<p>[vc_row][vc_column][vc_column_text css=&#8221;&#8221;] Swim Spa, mini piscines amb spa Els swim spas combinen els avantatges d&#8217;una piscina i un spa en un sol espai, permetent nedar a contracorrent i gaudir d&#8217;hidromassatge en qualsevol moment. A Aquagrup, oferim models de swim spa, que destaca pel seu disseny compacte i funcionalitat tant en interiors com en exteriors. Equipats&hellip;<\/p>\n","protected":false},"author":3,"featured_media":7198,"parent":42,"menu_order":0,"comment_status":"closed","ping_status":"closed","template":"","meta":{"_acf_changed":false,"footnotes":""},"class_list":["post-703","page","type-page","status-publish","has-post-thumbnail","hentry","description-off"],"acf":[],"yoast_head":"<!-- This site is optimized with the Yoast SEO plugin v27.2 - https:\/\/yoast.com\/product\/yoast-seo-wordpress\/ -->\n<title>Venda \/ Comprar Swim Spa: Spa i Piscina per Nedar a Contracorrent<\/title>\n<meta name=\"description\" content=\"Est\u00e0s pensant comprar una Mini Piscina per nedar a contracorrent? Et presentem els nostres SwimSpas d\u00b4Aquavia Spas. Informa&#039;t!\" \/>\n<meta name=\"robots\" content=\"index, follow, max-snippet:-1, max-image-preview:large, max-video-preview:-1\" \/>\n<link rel=\"canonical\" href=\"https:\/\/www.cataloniaaqua.com\/ca\/comprar-spas\/swimspas\/\" \/>\n<meta property=\"og:locale\" content=\"ca_ES\" \/>\n<meta property=\"og:type\" content=\"article\" \/>\n<meta property=\"og:title\" content=\"Venda \/ Comprar Swim Spa: Spa i Piscina per Nedar a Contracorrent\" \/>\n<meta property=\"og:description\" content=\"Est\u00e0s pensant comprar una Mini Piscina per nedar a contracorrent? Et presentem els nostres SwimSpas d\u00b4Aquavia Spas. Informa&#039;t!\" \/>\n<meta property=\"og:url\" content=\"https:\/\/www.cataloniaaqua.com\/ca\/comprar-spas\/swimspas\/\" \/>\n<meta property=\"og:site_name\" content=\"Aquagrup Spas\" \/>\n<meta property=\"article:modified_time\" content=\"2024-12-12T12:30:46+00:00\" \/>\n<meta property=\"og:image\" content=\"https:\/\/www.cataloniaaqua.com\/wp-content\/uploads\/2018\/06\/comprar-spa-compact-pool.jpg\" \/>\n\t<meta property=\"og:image:width\" content=\"870\" \/>\n\t<meta property=\"og:image:height\" content=\"615\" \/>\n\t<meta property=\"og:image:type\" content=\"image\/jpeg\" \/>\n<meta name=\"twitter:label1\" content=\"Est. reading time\" \/>\n\t<meta name=\"twitter:data1\" content=\"1 minute\" \/>\n<script type=\"application\/ld+json\" class=\"yoast-schema-graph\">{\"@context\":\"https:\/\/schema.org\",\"@graph\":[{\"@type\":\"WebPage\",\"@id\":\"https:\/\/www.cataloniaaqua.com\/ca\/comprar-spas\/swimspas\/\",\"url\":\"https:\/\/www.cataloniaaqua.com\/ca\/comprar-spas\/swimspas\/\",\"name\":\"Venda \/ Comprar Swim Spa: Spa i Piscina per Nedar a Contracorrent\",\"isPartOf\":{\"@id\":\"https:\/\/www.cataloniaaqua.com\/ca\/#website\"},\"primaryImageOfPage\":{\"@id\":\"https:\/\/www.cataloniaaqua.com\/ca\/comprar-spas\/swimspas\/#primaryimage\"},\"image\":{\"@id\":\"https:\/\/www.cataloniaaqua.com\/ca\/comprar-spas\/swimspas\/#primaryimage\"},\"thumbnailUrl\":\"https:\/\/www.cataloniaaqua.com\/wp-content\/uploads\/2015\/05\/spa-contracorriente.jpg\",\"datePublished\":\"2015-04-16T10:45:45+00:00\",\"dateModified\":\"2024-12-12T12:30:46+00:00\",\"description\":\"Est\u00e0s pensant comprar una Mini Piscina per nedar a contracorrent? Et presentem els nostres SwimSpas d\u00b4Aquavia Spas. Informa't!\",\"breadcrumb\":{\"@id\":\"https:\/\/www.cataloniaaqua.com\/ca\/comprar-spas\/swimspas\/#breadcrumb\"},\"inLanguage\":\"ca-ES\",\"potentialAction\":[{\"@type\":\"ReadAction\",\"target\":[\"https:\/\/www.cataloniaaqua.com\/ca\/comprar-spas\/swimspas\/\"]}]},{\"@type\":\"ImageObject\",\"inLanguage\":\"ca-ES\",\"@id\":\"https:\/\/www.cataloniaaqua.com\/ca\/comprar-spas\/swimspas\/#primaryimage\",\"url\":\"https:\/\/www.cataloniaaqua.com\/wp-content\/uploads\/2015\/05\/spa-contracorriente.jpg\",\"contentUrl\":\"https:\/\/www.cataloniaaqua.com\/wp-content\/uploads\/2015\/05\/spa-contracorriente.jpg\",\"width\":738,\"height\":334},{\"@type\":\"BreadcrumbList\",\"@id\":\"https:\/\/www.cataloniaaqua.com\/ca\/comprar-spas\/swimspas\/#breadcrumb\",\"itemListElement\":[{\"@type\":\"ListItem\",\"position\":1,\"name\":\"Jacuzzi Spa y Cubierta de Piscina\",\"item\":\"https:\/\/www.cataloniaaqua.com\/ca\/\"},{\"@type\":\"ListItem\",\"position\":2,\"name\":\"Comprar Spas Jacuzzi\u00ae i Aquavia Spa\u00ae\",\"item\":\"https:\/\/www.cataloniaaqua.com\/ca\/comprar-spas\/\"},{\"@type\":\"ListItem\",\"position\":3,\"name\":\"Swim Spa Aquavia Spa\u00ae\"}]},{\"@type\":\"WebSite\",\"@id\":\"https:\/\/www.cataloniaaqua.com\/ca\/#website\",\"url\":\"https:\/\/www.cataloniaaqua.com\/ca\/\",\"name\":\"Aquagrup Spas\",\"description\":\"Spas y Swim Spas Aquavia y Jacuzzi\",\"publisher\":{\"@id\":\"https:\/\/www.cataloniaaqua.com\/ca\/#organization\"},\"alternateName\":\"Aquagrup\",\"potentialAction\":[{\"@type\":\"SearchAction\",\"target\":{\"@type\":\"EntryPoint\",\"urlTemplate\":\"https:\/\/www.cataloniaaqua.com\/ca\/?s={search_term_string}\"},\"query-input\":{\"@type\":\"PropertyValueSpecification\",\"valueRequired\":true,\"valueName\":\"search_term_string\"}}],\"inLanguage\":\"ca-ES\"},{\"@type\":\"Organization\",\"@id\":\"https:\/\/www.cataloniaaqua.com\/ca\/#organization\",\"name\":\"Aquagrup Spas\",\"alternateName\":\"Aquagrup\",\"url\":\"https:\/\/www.cataloniaaqua.com\/ca\/\",\"logo\":{\"@type\":\"ImageObject\",\"inLanguage\":\"ca-ES\",\"@id\":\"https:\/\/www.cataloniaaqua.com\/ca\/#\/schema\/logo\/image\/\",\"url\":\"https:\/\/www.cataloniaaqua.com\/wp-content\/uploads\/2024\/01\/aquagrup-spas.jpg\",\"contentUrl\":\"https:\/\/www.cataloniaaqua.com\/wp-content\/uploads\/2024\/01\/aquagrup-spas.jpg\",\"width\":696,\"height\":693,\"caption\":\"Aquagrup Spas\"},\"image\":{\"@id\":\"https:\/\/www.cataloniaaqua.com\/ca\/#\/schema\/logo\/image\/\"}}]}<\/script>\n<!-- \/ Yoast SEO plugin. -->","yoast_head_json":{"title":"Venda \/ Comprar Swim Spa: Spa i Piscina per Nedar a Contracorrent","description":"Est\u00e0s pensant comprar una Mini Piscina per nedar a contracorrent? Et presentem els nostres SwimSpas d\u00b4Aquavia Spas. Informa't!","robots":{"index":"index","follow":"follow","max-snippet":"max-snippet:-1","max-image-preview":"max-image-preview:large","max-video-preview":"max-video-preview:-1"},"canonical":"https:\/\/www.cataloniaaqua.com\/ca\/comprar-spas\/swimspas\/","og_locale":"ca_ES","og_type":"article","og_title":"Venda \/ Comprar Swim Spa: Spa i Piscina per Nedar a Contracorrent","og_description":"Est\u00e0s pensant comprar una Mini Piscina per nedar a contracorrent? Et presentem els nostres SwimSpas d\u00b4Aquavia Spas. Informa't!","og_url":"https:\/\/www.cataloniaaqua.com\/ca\/comprar-spas\/swimspas\/","og_site_name":"Aquagrup Spas","article_modified_time":"2024-12-12T12:30:46+00:00","og_image":[{"width":870,"height":615,"url":"https:\/\/www.cataloniaaqua.com\/wp-content\/uploads\/2018\/06\/comprar-spa-compact-pool.jpg","type":"image\/jpeg"}],"twitter_misc":{"Est. reading time":"1 minute"},"schema":{"@context":"https:\/\/schema.org","@graph":[{"@type":"WebPage","@id":"https:\/\/www.cataloniaaqua.com\/ca\/comprar-spas\/swimspas\/","url":"https:\/\/www.cataloniaaqua.com\/ca\/comprar-spas\/swimspas\/","name":"Venda \/ Comprar Swim Spa: Spa i Piscina per Nedar a Contracorrent","isPartOf":{"@id":"https:\/\/www.cataloniaaqua.com\/ca\/#website"},"primaryImageOfPage":{"@id":"https:\/\/www.cataloniaaqua.com\/ca\/comprar-spas\/swimspas\/#primaryimage"},"image":{"@id":"https:\/\/www.cataloniaaqua.com\/ca\/comprar-spas\/swimspas\/#primaryimage"},"thumbnailUrl":"https:\/\/www.cataloniaaqua.com\/wp-content\/uploads\/2015\/05\/spa-contracorriente.jpg","datePublished":"2015-04-16T10:45:45+00:00","dateModified":"2024-12-12T12:30:46+00:00","description":"Est\u00e0s pensant comprar una Mini Piscina per nedar a contracorrent? Et presentem els nostres SwimSpas d\u00b4Aquavia Spas. Informa't!","breadcrumb":{"@id":"https:\/\/www.cataloniaaqua.com\/ca\/comprar-spas\/swimspas\/#breadcrumb"},"inLanguage":"ca-ES","potentialAction":[{"@type":"ReadAction","target":["https:\/\/www.cataloniaaqua.com\/ca\/comprar-spas\/swimspas\/"]}]},{"@type":"ImageObject","inLanguage":"ca-ES","@id":"https:\/\/www.cataloniaaqua.com\/ca\/comprar-spas\/swimspas\/#primaryimage","url":"https:\/\/www.cataloniaaqua.com\/wp-content\/uploads\/2015\/05\/spa-contracorriente.jpg","contentUrl":"https:\/\/www.cataloniaaqua.com\/wp-content\/uploads\/2015\/05\/spa-contracorriente.jpg","width":738,"height":334},{"@type":"BreadcrumbList","@id":"https:\/\/www.cataloniaaqua.com\/ca\/comprar-spas\/swimspas\/#breadcrumb","itemListElement":[{"@type":"ListItem","position":1,"name":"Jacuzzi Spa y Cubierta de Piscina","item":"https:\/\/www.cataloniaaqua.com\/ca\/"},{"@type":"ListItem","position":2,"name":"Comprar Spas Jacuzzi\u00ae i Aquavia Spa\u00ae","item":"https:\/\/www.cataloniaaqua.com\/ca\/comprar-spas\/"},{"@type":"ListItem","position":3,"name":"Swim Spa Aquavia Spa\u00ae"}]},{"@type":"WebSite","@id":"https:\/\/www.cataloniaaqua.com\/ca\/#website","url":"https:\/\/www.cataloniaaqua.com\/ca\/","name":"Aquagrup Spas","description":"Spas y Swim Spas Aquavia y Jacuzzi","publisher":{"@id":"https:\/\/www.cataloniaaqua.com\/ca\/#organization"},"alternateName":"Aquagrup","potentialAction":[{"@type":"SearchAction","target":{"@type":"EntryPoint","urlTemplate":"https:\/\/www.cataloniaaqua.com\/ca\/?s={search_term_string}"},"query-input":{"@type":"PropertyValueSpecification","valueRequired":true,"valueName":"search_term_string"}}],"inLanguage":"ca-ES"},{"@type":"Organization","@id":"https:\/\/www.cataloniaaqua.com\/ca\/#organization","name":"Aquagrup Spas","alternateName":"Aquagrup","url":"https:\/\/www.cataloniaaqua.com\/ca\/","logo":{"@type":"ImageObject","inLanguage":"ca-ES","@id":"https:\/\/www.cataloniaaqua.com\/ca\/#\/schema\/logo\/image\/","url":"https:\/\/www.cataloniaaqua.com\/wp-content\/uploads\/2024\/01\/aquagrup-spas.jpg","contentUrl":"https:\/\/www.cataloniaaqua.com\/wp-content\/uploads\/2024\/01\/aquagrup-spas.jpg","width":696,"height":693,"caption":"Aquagrup Spas"},"image":{"@id":"https:\/\/www.cataloniaaqua.com\/ca\/#\/schema\/logo\/image\/"}}]}},"_links":{"self":[{"href":"https:\/\/www.cataloniaaqua.com\/ca\/wp-json\/wp\/v2\/pages\/703","targetHints":{"allow":["GET"]}}],"collection":[{"href":"https:\/\/www.cataloniaaqua.com\/ca\/wp-json\/wp\/v2\/pages"}],"about":[{"href":"https:\/\/www.cataloniaaqua.com\/ca\/wp-json\/wp\/v2\/types\/page"}],"author":[{"embeddable":true,"href":"https:\/\/www.cataloniaaqua.com\/ca\/wp-json\/wp\/v2\/users\/3"}],"replies":[{"embeddable":true,"href":"https:\/\/www.cataloniaaqua.com\/ca\/wp-json\/wp\/v2\/comments?post=703"}],"version-history":[{"count":0,"href":"https:\/\/www.cataloniaaqua.com\/ca\/wp-json\/wp\/v2\/pages\/703\/revisions"}],"up":[{"embeddable":true,"href":"https:\/\/www.cataloniaaqua.com\/ca\/wp-json\/wp\/v2\/pages\/42"}],"wp:featuredmedia":[{"embeddable":true,"href":"https:\/\/www.cataloniaaqua.com\/ca\/wp-json\/wp\/v2\/media\/7198"}],"wp:attachment":[{"href":"https:\/\/www.cataloniaaqua.com\/ca\/wp-json\/wp\/v2\/media?parent=703"}],"curies":[{"name":"wp","href":"https:\/\/api.w.org\/{rel}","templated":true}]}}