{"id":701,"date":"2015-04-16T10:45:45","date_gmt":"2015-04-16T10:45:45","guid":{"rendered":"http:\/\/www.cataloniaaqua.com\/buy-hot-tubs\/swim-spas\/"},"modified":"2024-12-12T13:33:34","modified_gmt":"2024-12-12T12:33:34","slug":"swimspas","status":"publish","type":"page","link":"https:\/\/www.cataloniaaqua.com\/en\/buy-hot-tubs\/swimspas\/","title":{"rendered":"Swim Spa Aquavia Spa\u00ae"},"content":{"rendered":"<div class=\"wpb-content-wrapper\">[vc_row][vc_column][vc_column_text css=&#8221;&#8221;]\n<h2>Swim Spa, mini swimming pools with spa<\/h2>\n<p>Swim spas combine the advantages of a pool and a hot tub in one space, allowing for counter-current swimming and enjoying hydromassage at any time. At Aquagrup, we offer swim spa models that stand out for their compact design and functionality both indoors and outdoors. Equipped with powerful jets and ergonomic hydromassage areas, our swim spas are ideal for exercise, relaxation, and well-being in the comfort of your home.[\/vc_column_text][vc_column_text][vc_row_inner margin_top=\"0\" margin_bottom=\"20px\"][\/vc_row_inner][vc_row_inner margin_top=\"0\" margin_bottom=\"20px\"][vc_column_inner width=\"1\/2\"]<div class=\"bw_wri\"><div class=\"bw_fi\">[vc_single_image image=\"68415\" img_size=\"full\" alignment=\"center\" onclick=\"custom_link\" link=\"https:\/\/www.cataloniaaqua.com\/buy-hot-tubs\/swimspas\/amazon-new\/\"]<\/div><div class=\"bw_si\">[vc_single_image image=\"32749\" img_size=\"full\" alignment=\"center\" onclick=\"custom_link\" link=\"https:\/\/www.cataloniaaqua.com\/buy-hot-tubs\/swimspas\/amazon-new\/\"]<\/div><\/div>[vc_column_text]<h3><a href=\"https:\/\/www.cataloniaaqua.com\/buy-hot-tubs\/swimspas\/amazon-new\/\">Swim Spa Amazon<\/a><\/h3><strong>Swim Spa Amazon, <\/strong>zona de <strong>hidromasaje<\/strong>\u00a0 con tumbona y dos asientos ergon\u00f3micos y dos prefiltros flotantes para mantener un nivel variable de agua y corriente de agua generada por cinco turbo jets le permitir\u00e1<strong>\u00a0nadar a contracorriente<\/strong>.\r\n\r\n<strong>Venta, instalaci\u00f3n y servicio t\u00e9cnico en toda Espa\u00f1a<\/strong>[\/vc_column_text][\/vc_column_inner][vc_column_inner width=\"1\/2\"][vc_single_image image=\"38142\" img_size=\"full\" alignment=\"center\" onclick=\"custom_link\" link=\"https:\/\/www.cataloniaaqua.com\/en\/buy-hot-tubs\/swimspas-en\/swimspa-sky\/\"][vc_column_text]<h3><a href=\"https:\/\/www.cataloniaaqua.com\/en\/buy-hot-tubs\/swimspas-en\/swimspa-sky\/\">Swimspa Sky<\/a><\/h3><span style=\"font-weight: 400;\">The measurements of the Sky model guarantee its functionality as a pool, but without neglecting its benefits for well-being thanks to its circuit with 12 hydromassage jets arranged vertically, in one of its interior corners.<\/span>\r\n\r\n<span style=\"font-weight: 400;\">Sale, installation and technical service throughout Spain<\/span>[\/vc_column_text][\/vc_column_inner][\/vc_row_inner][vc_row_inner margin_top=\"0\" margin_bottom=\"20px\"][vc_column_inner width=\"1\/2\"]<div class=\"bw_wri\"><div class=\"bw_fi\">[vc_single_image image=\"32747\" img_size=\"full\" alignment=\"center\" onclick=\"custom_link\" link=\"https:\/\/www.cataloniaaqua.com\/en\/buy-hot-tubs\/swimspas-en\/amazon\/\"]<\/div><div class=\"bw_si\">[vc_single_image image=\"32749\" img_size=\"full\" alignment=\"center\" onclick=\"custom_link\" link=\"https:\/\/www.cataloniaaqua.com\/en\/buy-hot-tubs\/swimspas-en\/amazon\/\"]<\/div><\/div>[vc_column_text]<h3><a href=\"https:\/\/www.cataloniaaqua.com\/en\/buy-hot-tubs\/swimspas-en\/amazon\/\">Swim Spa Amazon<\/a><\/h3>In our\u00a0<strong>Swim Spa<\/strong>\u00a0the hot tub area features one reclined seat and two ergonomical seats, our\u00a0<strong>SwimSpas are equipped\u00a0<\/strong>with two floating prefilters that will allow you to keep a variable level of water. In our\u00a0<strong>SwimSpa<\/strong>\u00a0a watercourse generated by five turbo jets will allow you to\u00a0<strong>swim upstream<\/strong>. Do exercise and keep fit with your own\u00a0<strong>Swimspa<\/strong>.\r\n\r\n<strong>SERVICE IN THE WHOLE OF SPAIN<\/strong>[\/vc_column_text][\/vc_column_inner][vc_column_inner width=\"1\/2\"]<div class=\"bw_wri\"><div class=\"bw_fi\">[vc_single_image image=\"32755\" img_size=\"full\" alignment=\"center\" onclick=\"custom_link\" link=\"https:\/\/www.cataloniaaqua.com\/en\/buy-hot-tubs\/swimspas-en\/fitness-spa\/\"]<\/div><div class=\"bw_si\">[vc_single_image image=\"5109\" img_size=\"full\" alignment=\"center\" onclick=\"custom_link\" link=\"https:\/\/www.cataloniaaqua.com\/en\/buy-hot-tubs\/swimspas-en\/fitness-spa\/\"]<\/div><\/div>[vc_column_text]<h3><a href=\"https:\/\/www.cataloniaaqua.com\/en\/buy-hot-tubs\/swimspas-en\/fitness-spa\/\">Swim Spa Fitness Spa<\/a><\/h3>The\u00a0<strong>Fitness Spa<\/strong>\u00a0is an\u00a0an\u00a0<strong>all-in-one swim spa<\/strong>\u00a0with spacious bathing area and a complete hydromassage area.\r\n\r\nThe\u00a0<strong>hydromassage area<\/strong>\u00a0has a lounger, 2 seats and a vertical massage column. In spacious\u00a0<strong>bathing area<\/strong>, there are 4 powerful jets that allow you to\u00a0<strong>swim counter-current water<\/strong>.\r\n\r\n<strong>SERVICE IN THE WHOLE OF SPAIN<\/strong>[\/vc_column_text][\/vc_column_inner][\/vc_row_inner][vc_row_inner margin_top=\"0\" margin_bottom=\"20px\"][vc_column_inner width=\"1\/2\"]<div class=\"bw_wri\"><div class=\"bw_fi\">[vc_single_image image=\"32759\" img_size=\"full\" alignment=\"center\" onclick=\"custom_link\" link=\"https:\/\/www.cataloniaaqua.com\/en\/buy-hot-tubs\/swimspas-en\/swimspa-duo\/\"]<\/div><div class=\"bw_si\">[vc_single_image image=\"12733\" img_size=\"full\" alignment=\"center\" onclick=\"custom_link\" link=\"https:\/\/www.cataloniaaqua.com\/en\/buy-hot-tubs\/swimspas-en\/swimspa-duo\/\"]<\/div><\/div>[vc_column_text]<h3><a href=\"https:\/\/www.cataloniaaqua.com\/en\/buy-hot-tubs\/swimspas-en\/swimspa-duo\/\">Swim Spa Duo<\/a><\/h3>The\u00a0<strong>Swimspa Duo has two separate areas<\/strong>, one to swim counter-current water and another to relax with the hydromassage.\r\n\r\nWith the Swimspa Duo you can\u00a0<strong>swim or walk counter-current water<\/strong>, practice\u00a0<strong>aquafitness or aquagym exercises<\/strong>,\u00a0<strong>relax<\/strong>\u00a0with several massage positions.\r\n\r\n<strong>SERVICE IN THE WHOLE OF SPAIN<\/strong>[\/vc_column_text][\/vc_column_inner][vc_column_inner width=\"1\/2\"]<div class=\"bw_wri\"><div class=\"bw_fi\">[vc_single_image image=\"32763\" img_size=\"full\" alignment=\"center\" onclick=\"custom_link\" link=\"https:\/\/www.cataloniaaqua.com\/en\/buy-hot-tubs\/swimspas-en\/compact-pool\/\"]<\/div><div class=\"bw_si\">[vc_single_image image=\"12860\" img_size=\"full\" alignment=\"center\" onclick=\"custom_link\" link=\"https:\/\/www.cataloniaaqua.com\/en\/buy-hot-tubs\/swimspas-en\/compact-pool\/\"]<\/div><\/div>[vc_column_text]<h3><a href=\"https:\/\/www.cataloniaaqua.com\/en\/buy-hot-tubs\/swimspas-en\/compact-pool\/\">Swim Spa Compact Pool<\/a><\/h3>The\u00a0<strong>Swimspa Compact Pool<\/strong>\u00a0is an all-in-one: spa and pool, it\u2019s\u00a0<strong>compact and spacious<\/strong>. It offers a hydromassage area and a bath area.\r\n\r\nYou can alternate the exercises of\u00a0<strong>fitness<\/strong>,\u00a0<strong>aquagym<\/strong>\u00a0or counter-current\u00a0<strong>swimming<\/strong>, with the\u00a0<strong>vertical hydromassage<\/strong>.\r\n\r\n<strong>SERVICE IN THE WHOLE OF SPAIN<\/strong>[\/vc_column_text][\/vc_column_inner][\/vc_row_inner][\/vc_column_text][\/vc_column][\/vc_row]\n<\/div>","protected":false},"excerpt":{"rendered":"<p>[vc_row][vc_column][vc_column_text css=&#8221;&#8221;] Swim Spa, mini swimming pools with spa Swim spas combine the advantages of a pool and a hot tub in one space, allowing for counter-current swimming and enjoying hydromassage at any time. At Aquagrup, we offer swim spa models that stand out for their compact design and functionality both indoors and outdoors. Equipped&hellip;<\/p>\n","protected":false},"author":3,"featured_media":7199,"parent":40,"menu_order":0,"comment_status":"closed","ping_status":"closed","template":"","meta":{"_acf_changed":false,"footnotes":""},"class_list":["post-701","page","type-page","status-publish","has-post-thumbnail","hentry","description-off"],"acf":[],"yoast_head":"<!-- This site is optimized with the Yoast SEO plugin v27.2 - https:\/\/yoast.com\/product\/yoast-seo-wordpress\/ -->\n<title>Sale \/ Buy Swim Spa: Spa and Pool to Swim Against the Current<\/title>\n<meta name=\"description\" content=\"Are you thinking of buying a Mini Pool to swim against the current? We present you our Aquavia Spas SwimSpas. find out!\" \/>\n<meta name=\"robots\" content=\"index, follow, max-snippet:-1, max-image-preview:large, max-video-preview:-1\" \/>\n<link rel=\"canonical\" href=\"https:\/\/www.cataloniaaqua.com\/en\/buy-hot-tubs\/swimspas\/\" \/>\n<meta property=\"og:locale\" content=\"en_US\" \/>\n<meta property=\"og:type\" content=\"article\" \/>\n<meta property=\"og:title\" content=\"Sale \/ Buy Swim Spa: Spa and Pool to Swim Against the Current\" \/>\n<meta property=\"og:description\" content=\"Are you thinking of buying a Mini Pool to swim against the current? We present you our Aquavia Spas SwimSpas. find out!\" \/>\n<meta property=\"og:url\" content=\"https:\/\/www.cataloniaaqua.com\/en\/buy-hot-tubs\/swimspas\/\" \/>\n<meta property=\"og:site_name\" content=\"Aquagrup\" \/>\n<meta property=\"article:modified_time\" content=\"2024-12-12T12:33:34+00:00\" \/>\n<meta property=\"og:image\" content=\"https:\/\/www.cataloniaaqua.com\/wp-content\/uploads\/2018\/06\/comprar-spa-compact-pool.jpg\" \/>\n\t<meta property=\"og:image:width\" content=\"870\" \/>\n\t<meta property=\"og:image:height\" content=\"615\" \/>\n\t<meta property=\"og:image:type\" content=\"image\/jpeg\" \/>\n<meta name=\"twitter:label1\" content=\"Est. reading time\" \/>\n\t<meta name=\"twitter:data1\" content=\"1 minute\" \/>\n<script type=\"application\/ld+json\" class=\"yoast-schema-graph\">{\"@context\":\"https:\/\/schema.org\",\"@graph\":[{\"@type\":\"WebPage\",\"@id\":\"https:\/\/www.cataloniaaqua.com\/en\/buy-hot-tubs\/swimspas\/\",\"url\":\"https:\/\/www.cataloniaaqua.com\/en\/buy-hot-tubs\/swimspas\/\",\"name\":\"Sale \/ Buy Swim Spa: Spa and Pool to Swim Against the Current\",\"isPartOf\":{\"@id\":\"https:\/\/www.cataloniaaqua.com\/en\/#website\"},\"primaryImageOfPage\":{\"@id\":\"https:\/\/www.cataloniaaqua.com\/en\/buy-hot-tubs\/swimspas\/#primaryimage\"},\"image\":{\"@id\":\"https:\/\/www.cataloniaaqua.com\/en\/buy-hot-tubs\/swimspas\/#primaryimage\"},\"thumbnailUrl\":\"https:\/\/www.cataloniaaqua.com\/wp-content\/uploads\/2015\/05\/spa-contracorriente.jpg\",\"datePublished\":\"2015-04-16T10:45:45+00:00\",\"dateModified\":\"2024-12-12T12:33:34+00:00\",\"description\":\"Are you thinking of buying a Mini Pool to swim against the current? We present you our Aquavia Spas SwimSpas. find out!\",\"breadcrumb\":{\"@id\":\"https:\/\/www.cataloniaaqua.com\/en\/buy-hot-tubs\/swimspas\/#breadcrumb\"},\"inLanguage\":\"en-US\",\"potentialAction\":[{\"@type\":\"ReadAction\",\"target\":[\"https:\/\/www.cataloniaaqua.com\/en\/buy-hot-tubs\/swimspas\/\"]}]},{\"@type\":\"ImageObject\",\"inLanguage\":\"en-US\",\"@id\":\"https:\/\/www.cataloniaaqua.com\/en\/buy-hot-tubs\/swimspas\/#primaryimage\",\"url\":\"https:\/\/www.cataloniaaqua.com\/wp-content\/uploads\/2015\/05\/spa-contracorriente.jpg\",\"contentUrl\":\"https:\/\/www.cataloniaaqua.com\/wp-content\/uploads\/2015\/05\/spa-contracorriente.jpg\",\"width\":738,\"height\":334},{\"@type\":\"BreadcrumbList\",\"@id\":\"https:\/\/www.cataloniaaqua.com\/en\/buy-hot-tubs\/swimspas\/#breadcrumb\",\"itemListElement\":[{\"@type\":\"ListItem\",\"position\":1,\"name\":\"Jacuzzi Spa y Cubierta de Piscina\",\"item\":\"https:\/\/www.cataloniaaqua.com\/en\/\"},{\"@type\":\"ListItem\",\"position\":2,\"name\":\"Buy Jacuzzi\u00ae and Aquavia Spa\u00ae Spas Hot Tubs\",\"item\":\"https:\/\/www.cataloniaaqua.com\/en\/buy-hot-tubs\/\"},{\"@type\":\"ListItem\",\"position\":3,\"name\":\"Swim Spa Aquavia Spa\u00ae\"}]},{\"@type\":\"WebSite\",\"@id\":\"https:\/\/www.cataloniaaqua.com\/en\/#website\",\"url\":\"https:\/\/www.cataloniaaqua.com\/en\/\",\"name\":\"Aquagrup\",\"description\":\"Fabricante de Spas y Cubiertas para Piscinas\",\"publisher\":{\"@id\":\"https:\/\/www.cataloniaaqua.com\/en\/#organization\"},\"alternateName\":\"Aquagrup\",\"potentialAction\":[{\"@type\":\"SearchAction\",\"target\":{\"@type\":\"EntryPoint\",\"urlTemplate\":\"https:\/\/www.cataloniaaqua.com\/en\/?s={search_term_string}\"},\"query-input\":{\"@type\":\"PropertyValueSpecification\",\"valueRequired\":true,\"valueName\":\"search_term_string\"}}],\"inLanguage\":\"en-US\"},{\"@type\":\"Organization\",\"@id\":\"https:\/\/www.cataloniaaqua.com\/en\/#organization\",\"name\":\"Aquagrup Spas\",\"alternateName\":\"Aquagrup\",\"url\":\"https:\/\/www.cataloniaaqua.com\/en\/\",\"logo\":{\"@type\":\"ImageObject\",\"inLanguage\":\"en-US\",\"@id\":\"https:\/\/www.cataloniaaqua.com\/en\/#\/schema\/logo\/image\/\",\"url\":\"https:\/\/www.cataloniaaqua.com\/wp-content\/uploads\/2024\/01\/aquagrup-spas.jpg\",\"contentUrl\":\"https:\/\/www.cataloniaaqua.com\/wp-content\/uploads\/2024\/01\/aquagrup-spas.jpg\",\"width\":696,\"height\":693,\"caption\":\"Aquagrup Spas\"},\"image\":{\"@id\":\"https:\/\/www.cataloniaaqua.com\/en\/#\/schema\/logo\/image\/\"}}]}<\/script>\n<!-- \/ Yoast SEO plugin. -->","yoast_head_json":{"title":"Sale \/ Buy Swim Spa: Spa and Pool to Swim Against the Current","description":"Are you thinking of buying a Mini Pool to swim against the current? We present you our Aquavia Spas SwimSpas. find out!","robots":{"index":"index","follow":"follow","max-snippet":"max-snippet:-1","max-image-preview":"max-image-preview:large","max-video-preview":"max-video-preview:-1"},"canonical":"https:\/\/www.cataloniaaqua.com\/en\/buy-hot-tubs\/swimspas\/","og_locale":"en_US","og_type":"article","og_title":"Sale \/ Buy Swim Spa: Spa and Pool to Swim Against the Current","og_description":"Are you thinking of buying a Mini Pool to swim against the current? We present you our Aquavia Spas SwimSpas. find out!","og_url":"https:\/\/www.cataloniaaqua.com\/en\/buy-hot-tubs\/swimspas\/","og_site_name":"Aquagrup","article_modified_time":"2024-12-12T12:33:34+00:00","og_image":[{"width":870,"height":615,"url":"https:\/\/www.cataloniaaqua.com\/wp-content\/uploads\/2018\/06\/comprar-spa-compact-pool.jpg","type":"image\/jpeg"}],"twitter_misc":{"Est. reading time":"1 minute"},"schema":{"@context":"https:\/\/schema.org","@graph":[{"@type":"WebPage","@id":"https:\/\/www.cataloniaaqua.com\/en\/buy-hot-tubs\/swimspas\/","url":"https:\/\/www.cataloniaaqua.com\/en\/buy-hot-tubs\/swimspas\/","name":"Sale \/ Buy Swim Spa: Spa and Pool to Swim Against the Current","isPartOf":{"@id":"https:\/\/www.cataloniaaqua.com\/en\/#website"},"primaryImageOfPage":{"@id":"https:\/\/www.cataloniaaqua.com\/en\/buy-hot-tubs\/swimspas\/#primaryimage"},"image":{"@id":"https:\/\/www.cataloniaaqua.com\/en\/buy-hot-tubs\/swimspas\/#primaryimage"},"thumbnailUrl":"https:\/\/www.cataloniaaqua.com\/wp-content\/uploads\/2015\/05\/spa-contracorriente.jpg","datePublished":"2015-04-16T10:45:45+00:00","dateModified":"2024-12-12T12:33:34+00:00","description":"Are you thinking of buying a Mini Pool to swim against the current? We present you our Aquavia Spas SwimSpas. find out!","breadcrumb":{"@id":"https:\/\/www.cataloniaaqua.com\/en\/buy-hot-tubs\/swimspas\/#breadcrumb"},"inLanguage":"en-US","potentialAction":[{"@type":"ReadAction","target":["https:\/\/www.cataloniaaqua.com\/en\/buy-hot-tubs\/swimspas\/"]}]},{"@type":"ImageObject","inLanguage":"en-US","@id":"https:\/\/www.cataloniaaqua.com\/en\/buy-hot-tubs\/swimspas\/#primaryimage","url":"https:\/\/www.cataloniaaqua.com\/wp-content\/uploads\/2015\/05\/spa-contracorriente.jpg","contentUrl":"https:\/\/www.cataloniaaqua.com\/wp-content\/uploads\/2015\/05\/spa-contracorriente.jpg","width":738,"height":334},{"@type":"BreadcrumbList","@id":"https:\/\/www.cataloniaaqua.com\/en\/buy-hot-tubs\/swimspas\/#breadcrumb","itemListElement":[{"@type":"ListItem","position":1,"name":"Jacuzzi Spa y Cubierta de Piscina","item":"https:\/\/www.cataloniaaqua.com\/en\/"},{"@type":"ListItem","position":2,"name":"Buy Jacuzzi\u00ae and Aquavia Spa\u00ae Spas Hot Tubs","item":"https:\/\/www.cataloniaaqua.com\/en\/buy-hot-tubs\/"},{"@type":"ListItem","position":3,"name":"Swim Spa Aquavia Spa\u00ae"}]},{"@type":"WebSite","@id":"https:\/\/www.cataloniaaqua.com\/en\/#website","url":"https:\/\/www.cataloniaaqua.com\/en\/","name":"Aquagrup","description":"Fabricante de Spas y Cubiertas para Piscinas","publisher":{"@id":"https:\/\/www.cataloniaaqua.com\/en\/#organization"},"alternateName":"Aquagrup","potentialAction":[{"@type":"SearchAction","target":{"@type":"EntryPoint","urlTemplate":"https:\/\/www.cataloniaaqua.com\/en\/?s={search_term_string}"},"query-input":{"@type":"PropertyValueSpecification","valueRequired":true,"valueName":"search_term_string"}}],"inLanguage":"en-US"},{"@type":"Organization","@id":"https:\/\/www.cataloniaaqua.com\/en\/#organization","name":"Aquagrup Spas","alternateName":"Aquagrup","url":"https:\/\/www.cataloniaaqua.com\/en\/","logo":{"@type":"ImageObject","inLanguage":"en-US","@id":"https:\/\/www.cataloniaaqua.com\/en\/#\/schema\/logo\/image\/","url":"https:\/\/www.cataloniaaqua.com\/wp-content\/uploads\/2024\/01\/aquagrup-spas.jpg","contentUrl":"https:\/\/www.cataloniaaqua.com\/wp-content\/uploads\/2024\/01\/aquagrup-spas.jpg","width":696,"height":693,"caption":"Aquagrup Spas"},"image":{"@id":"https:\/\/www.cataloniaaqua.com\/en\/#\/schema\/logo\/image\/"}}]}},"_links":{"self":[{"href":"https:\/\/www.cataloniaaqua.com\/en\/wp-json\/wp\/v2\/pages\/701","targetHints":{"allow":["GET"]}}],"collection":[{"href":"https:\/\/www.cataloniaaqua.com\/en\/wp-json\/wp\/v2\/pages"}],"about":[{"href":"https:\/\/www.cataloniaaqua.com\/en\/wp-json\/wp\/v2\/types\/page"}],"author":[{"embeddable":true,"href":"https:\/\/www.cataloniaaqua.com\/en\/wp-json\/wp\/v2\/users\/3"}],"replies":[{"embeddable":true,"href":"https:\/\/www.cataloniaaqua.com\/en\/wp-json\/wp\/v2\/comments?post=701"}],"version-history":[{"count":0,"href":"https:\/\/www.cataloniaaqua.com\/en\/wp-json\/wp\/v2\/pages\/701\/revisions"}],"up":[{"embeddable":true,"href":"https:\/\/www.cataloniaaqua.com\/en\/wp-json\/wp\/v2\/pages\/40"}],"wp:featuredmedia":[{"embeddable":true,"href":"https:\/\/www.cataloniaaqua.com\/en\/wp-json\/wp\/v2\/media\/7199"}],"wp:attachment":[{"href":"https:\/\/www.cataloniaaqua.com\/en\/wp-json\/wp\/v2\/media?parent=701"}],"curies":[{"name":"wp","href":"https:\/\/api.w.org\/{rel}","templated":true}]}}