{"id":14537,"date":"2019-03-01T12:01:06","date_gmt":"2019-03-01T12:01:06","guid":{"rendered":"https:\/\/www.cataloniaaqua.com\/?page_id=14537"},"modified":"2021-02-15T14:36:42","modified_gmt":"2021-02-15T13:36:42","slug":"home","status":"publish","type":"page","link":"https:\/\/www.cataloniaaqua.com\/fr\/acheter-aquavia-spa\/spas-exterieur-interieur\/home\/","title":{"rendered":"Home"},"content":{"rendered":"<div class=\"wpb-content-wrapper\">[vc_row][vc_column]\n<div class=\"slider-simple shortcode-photo-slider owl-carousel dt-owl-carousel-init photoSlider\" data-width=\"870\" data-height=\"410\" data-autoslide=\"5000\" data-paused=\"false\" style=\"width: 100%\" data-img-mode=\"fill\">\n\t<div class=\"slide-item\">\n\t\t<img loading=\"lazy\" decoding=\"async\" class=\"preload-me aspect\" src=\"https:\/\/www.cataloniaaqua.com\/wp-content\/uploads\/2019\/02\/comprar-spa-hidromasaje-home.jpg\" srcset=\"https:\/\/www.cataloniaaqua.com\/wp-content\/uploads\/2019\/02\/comprar-spa-hidromasaje-home.jpg 870w\" style=\"--ratio: 870 \/ 410\" sizes=\"auto, (max-width: 870px) 100vw, 870px\" width=\"870\" height=\"410\"  alt=\"Comprar Spa Home para interior\"  \/>\n\t\t<div class=\"slider-post-caption\">\n\t\t\t<div class=\"slider-post-inner\">\n\t\t\t\t<h4>comprar-spa-hidromasaje-home<\/h4>\n\t\t\t\t<p>Comprar Spa Home para interior<\/p>\n\n\t\t\t<\/div>\n\t\t<\/div><\/div>\n\t<div class=\"slide-item\">\n\t\t<img loading=\"lazy\" decoding=\"async\" class=\"preload-me aspect\" src=\"https:\/\/www.cataloniaaqua.com\/wp-content\/uploads\/2019\/02\/comprar-spa-home-hidromasaje.jpg\" srcset=\"https:\/\/www.cataloniaaqua.com\/wp-content\/uploads\/2019\/02\/comprar-spa-home-hidromasaje.jpg 870w\" style=\"--ratio: 870 \/ 410\" sizes=\"auto, (max-width: 870px) 100vw, 870px\" width=\"870\" height=\"410\"  alt=\"Comprar Spa Home hidromasaje elegante\"  \/>\n\t\t<div class=\"slider-post-caption\">\n\t\t\t<div class=\"slider-post-inner\">\n\t\t\t\t<h4>comprar-spa-home-hidromasaje<\/h4>\n\t\t\t\t<p>Comprar Spa Home hidromasaje elegante<\/p>\n\n\t\t\t<\/div>\n\t\t<\/div><\/div>\n\t<div class=\"slide-item\">\n\t\t<img loading=\"lazy\" decoding=\"async\" class=\"preload-me aspect\" src=\"https:\/\/www.cataloniaaqua.com\/wp-content\/uploads\/2019\/02\/comprar-spa-home-hidromasaje-privado.jpg\" srcset=\"https:\/\/www.cataloniaaqua.com\/wp-content\/uploads\/2019\/02\/comprar-spa-home-hidromasaje-privado.jpg 870w\" style=\"--ratio: 870 \/ 410\" sizes=\"auto, (max-width: 870px) 100vw, 870px\" width=\"870\" height=\"410\"  alt=\"Comprar Spa Home para hoteles y suites\"  \/>\n\t\t<div class=\"slider-post-caption\">\n\t\t\t<div class=\"slider-post-inner\">\n\t\t\t\t<h4>comprar-spa-home-hidromasaje-privado<\/h4>\n\t\t\t\t<p>Comprar Spa Home para hoteles y suites<\/p>\n\n\t\t\t<\/div>\n\t\t<\/div><\/div>\n\t<div class=\"slide-item\">\n\t\t<img loading=\"lazy\" decoding=\"async\" class=\"preload-me aspect\" src=\"https:\/\/www.cataloniaaqua.com\/wp-content\/uploads\/2019\/02\/comprar-spa-hidromasaje-privado-home.jpg\" srcset=\"https:\/\/www.cataloniaaqua.com\/wp-content\/uploads\/2019\/02\/comprar-spa-hidromasaje-privado-home.jpg 870w\" style=\"--ratio: 870 \/ 410\" sizes=\"auto, (max-width: 870px) 100vw, 870px\" width=\"870\" height=\"410\"  alt=\"Comprar Spa Home de dise\u00f1o y minimalista\"  \/>\n\t\t<div class=\"slider-post-caption\">\n\t\t\t<div class=\"slider-post-inner\">\n\t\t\t\t<h4>comprar-spa-hidromasaje-privado-home<\/h4>\n\t\t\t\t<p>Comprar Spa Home de dise\u00f1o y minimalista<\/p>\n\n\t\t\t<\/div>\n\t\t<\/div><\/div><\/div>[vc_raw_html]\n<p>JTNDZGl2JTIwY2xhc3MlM0QlMjJ0cC1iYW5uZXJzaGFkb3clMjB0cC1zaGFkb3cyJTIwc29tYnJhcnMlMjIlM0UlM0MlMkZkaXYlM0U=<\/p>\n[\/vc_raw_html][vc_empty_space][\/vc_column][\/vc_row][vc_row][vc_column][vc_column_text]\n<h2>Spa Home<\/h2>\n<p>Le nouveau <strong>Spa Home<\/strong> est un hydromassage minimaliste et attrayant, con\u00e7u pour les <strong>couples<\/strong> et orient\u00e9 vers les <strong>chambres d\u2019h\u00f4tel sup\u00e9rieures<\/strong> et les <strong>r\u00e9sidences priv\u00e9es<\/strong>.<\/p>\n<p>Sa conception permet <strong>quatre positions diff\u00e9rentes<\/strong> sur ses deux chaises longues.<\/p>\n<p>Les 20 jets du spa offrent un <strong>bain \u00e0 remous dans tout le dos<\/strong>, du col ut\u00e9rin au lombaire, avec des caract\u00e9ristiques diff\u00e9rentes dans chacune de leurs positions. Les 8 buses d&rsquo;air cr\u00e9ent les bulles n\u00e9cessaires pour un <strong>massage extraordinaire<\/strong>, qui active la circulation sanguine, avec des effets positifs en termes de relaxation et de r\u00e9cup\u00e9ration musculaire.<\/p>\n<p>Le spa \u00e0 domicile dispose de quatre points LED pour cr\u00e9er un <strong>environnement visuel sp\u00e9cial, confortable et unique<\/strong>, pouvant \u00eatre contr\u00f4l\u00e9 via un \u00e9cran tactile en verre.<\/p>\n<p><strong>SERVICE DANS TOUTE L\u2019ESPAGNE<\/strong>[\/vc_column_text][vc_accordion active_tab=\u00a0\u00bbfalse\u00a0\u00bb][vc_accordion_tab title=\u00a0\u00bbInfo\u00a0\u00bb][vc_column_text]\n[\/vc_column_text][\/vc_accordion_tab][\/vc_accordion][\/vc_column][\/vc_row][vc_row][vc_column][vc_single_image image=\u00a0\u00bb14510&Prime; img_size=\u00a0\u00bbfull\u00a0\u00bb alignment=\u00a0\u00bbcenter\u00a0\u00bb][\/vc_column][\/vc_row][vc_row][vc_column][vc_tabs interval=\u00a0\u00bb0&Prime;][vc_tab title=\u00a0\u00bbCircuits\u00a0\u00bb tab_id=\u00a0\u00bbfcaea0c7-9e32-5332c-11688d6c-18e6&Prime;][vc_row_inner][vc_column_inner][vc_column_text]<div class=\"omsc-accordion\">\n<div class=\"omsc-toggle omsc-expanded\"><div class=\"omsc-toggle-title\">Positions<\/div><div class=\"omsc-toggle-inner\" style=\"display:block\">\n<img loading=\"lazy\" decoding=\"async\" class=\"wp-image-14502 size-full\" src=\"https:\/\/www.cataloniaaqua.com\/wp-content\/uploads\/2019\/02\/spa-home-circuitos.jpg\" alt=\"Spa Home - circuits\" width=\"650\" height=\"305\" srcset=\"https:\/\/www.cataloniaaqua.com\/wp-content\/uploads\/2019\/02\/spa-home-circuitos.jpg 650w, https:\/\/www.cataloniaaqua.com\/wp-content\/uploads\/2019\/02\/spa-home-circuitos-300x141.jpg 300w\" sizes=\"auto, (max-width: 650px) 100vw, 650px\" \/><br \/>\n<\/div><\/div>\n<\/div>[\/vc_column_text][\/vc_column_inner][\/vc_row_inner][\/vc_tab][vc_tab title=\u00a0\u00bbAvantages\u00a0\u00bb tab_id=\u00a0\u00bb3819c923-fee0-2332c-11688d6c-18e6&Prime;][vc_single_image image=\u00a0\u00bb14506&Prime; img_size=\u00a0\u00bbfull\u00a0\u00bb][\/vc_tab][vc_tab title=\u00a0\u00bbCaract\u00e9ristiques\u00a0\u00bb tab_id=\u00a0\u00bb1428999164043-2-5332c-11688d6c-18e6&Prime;][vc_single_image image=\u00a0\u00bb14498&Prime; img_size=\u00a0\u00bbfull\u00a0\u00bb][\/vc_tab][vc_tab title=\u00a0\u00bbFinitions\u00a0\u00bb tab_id=\u00a0\u00bb1428999192252-3-8332c-11688d6c-18e6&Prime;][vc_column_text]\n<h3>Couleurs Acrylique<\/h3>\n[\/vc_column_text][vc_single_image image=\u00a0\u00bb14486&Prime; img_size=\u00a0\u00bbfull\u00a0\u00bb][vc_column_text]\n<h3>Bois des Spas<\/h3>\n[\/vc_column_text][vc_single_image image=\u00a0\u00bb14490&Prime; img_size=\u00a0\u00bbfull\u00a0\u00bb][\/vc_tab][vc_tab title=\u00a0\u00bbAccessoires\u00a0\u00bb tab_id=\u00a0\u00bb1428999253035-4-6332c-11688d6c-18e6&Prime;][vc_single_image image=\u00a0\u00bb14522&Prime; img_size=\u00a0\u00bbfull\u00a0\u00bb][\/vc_tab][vc_tab title=\u00a0\u00bbDocumentation\u00a0\u00bb tab_id=\u00a0\u00bb1428999293099-5-6332c-11688d6c-18e6&Prime;][vc_column_text]<table class=\"omsc-custom-table omsc-style-1\"><tr><td>Document comportant les sp\u00e9cifications techniques et les options disponibles.<\/td><td><a href=\"\/wp-content\/uploads\/pdfs\/especificaciones\/acheter-spa-home.pdf\" target=\"_blank\" rel=\"noopener noreferrer\"><img decoding=\"async\" src=\"https:\/\/www.cataloniaaqua.com\/wp-content\/uploads\/2015\/09\/icono_pdf-e1442845684923.png\" alt=\"icono-pdf\" \/><\/a><\/td><\/tr><tr><td>Plans technique contenant la disposition des jets et les dimensions du spa.<\/td><td><a href=\"\/wp-content\/uploads\/pdfs\/planos\/home.pdf\" target=\"_blank\" rel=\"noopener noreferrer\"><img decoding=\"async\" src=\"https:\/\/www.cataloniaaqua.com\/wp-content\/uploads\/2015\/09\/icono_pdf-e1442845684923.png\" alt=\"icono-pdf\" \/><\/a><\/td><\/tr><tr><td>Manuel d&rsquo;Installation et Manuel d&rsquo;Utilisation.<\/td><td><a href=\"https:\/\/www.cataloniaaqua.com\/wp-content\/uploads\/pdfs\/manuel-installation-manuel-utilisation-spas-swimspas.pdf\" target=\"_blank\" rel=\"noopener noreferrer\"><img decoding=\"async\" src=\"https:\/\/www.cataloniaaqua.com\/wp-content\/uploads\/2018\/06\/pdf.png\" alt=\"PDF\" \/><\/a><\/td><\/tr><tr><td>Certificat de Garantie.<\/td><td><a href=\"\/wp-content\/uploads\/pdfs\/garantia\/garantias.pdf\" target=\"_blank\" rel=\"noopener noreferrer\"><img decoding=\"async\" src=\"https:\/\/www.cataloniaaqua.com\/wp-content\/uploads\/2015\/09\/icono_pdf-e1442845684923.png\" alt=\"icono-pdf\" \/><\/a><\/td><\/tr><\/table>[\/vc_column_text][\/vc_tab][\/vc_tabs][\/vc_column][\/vc_row][vc_row margin_top=\u00a0\u00bb32px\u00a0\u00bb margin_bottom=\u00a0\u00bb0&Prime;][vc_column][vc_raw_html]JTVCYndfc3Bhc19yZWxhYyU1RA==[\/vc_raw_html][\/vc_column][\/vc_row][vc_row][vc_column][vc_empty_space][\/vc_column][\/vc_row]\n<\/div>","protected":false},"excerpt":{"rendered":"<p>[vc_row][vc_column][vc_raw_html] JTNDZGl2JTIwY2xhc3MlM0QlMjJ0cC1iYW5uZXJzaGFkb3clMjB0cC1zaGFkb3cyJTIwc29tYnJhcnMlMjIlM0UlM0MlMkZkaXYlM0U= [\/vc_raw_html][vc_empty_space][\/vc_column][\/vc_row][vc_row][vc_column][vc_column_text] Spa Home Le nouveau Spa Home est un hydromassage minimaliste et attrayant, con\u00e7u pour les couples et orient\u00e9 vers les chambres d\u2019h\u00f4tel sup\u00e9rieures et les r\u00e9sidences priv\u00e9es. Sa conception permet quatre positions diff\u00e9rentes sur ses deux chaises longues. Les 20 jets du spa offrent un bain \u00e0 remous dans tout le dos,&hellip;<\/p>\n","protected":false},"author":3,"featured_media":14530,"parent":46,"menu_order":0,"comment_status":"closed","ping_status":"closed","template":"","meta":{"_acf_changed":false,"footnotes":""},"class_list":["post-14537","page","type-page","status-publish","has-post-thumbnail","hentry","description-off"],"acf":[],"yoast_head":"<!-- This site is optimized with the Yoast SEO plugin v27.2 - https:\/\/yoast.com\/product\/yoast-seo-wordpress\/ -->\n<title>Vente \/ Acheter Spa Home<\/title>\n<meta name=\"description\" content=\"Vous envisagez d&#039;Acheter un Spa Ext\u00e9rieur ou de l&#039;Int\u00e9rieur? Connaissez-vous les nouveaux Spa Home de Spas Aquavia? D\u00e9couvrez ici!\" \/>\n<meta name=\"robots\" content=\"index, follow, max-snippet:-1, max-image-preview:large, max-video-preview:-1\" \/>\n<link rel=\"canonical\" href=\"https:\/\/www.cataloniaaqua.com\/fr\/acheter-aquavia-spa\/spas-exterieur-interieur\/home\/\" \/>\n<meta property=\"og:locale\" content=\"fr_FR\" \/>\n<meta property=\"og:type\" content=\"article\" \/>\n<meta property=\"og:title\" content=\"Vente \/ Acheter Spa Home\" \/>\n<meta property=\"og:description\" content=\"Vous envisagez d&#039;Acheter un Spa Ext\u00e9rieur ou de l&#039;Int\u00e9rieur? Connaissez-vous les nouveaux Spa Home de Spas Aquavia? D\u00e9couvrez ici!\" \/>\n<meta property=\"og:url\" content=\"https:\/\/www.cataloniaaqua.com\/fr\/acheter-aquavia-spa\/spas-exterieur-interieur\/home\/\" \/>\n<meta property=\"og:site_name\" content=\"Aquagrup Spas\" \/>\n<meta property=\"article:modified_time\" content=\"2021-02-15T13:36:42+00:00\" \/>\n<meta property=\"og:image\" content=\"https:\/\/www.cataloniaaqua.com\/wp-content\/uploads\/2019\/02\/comprar-spa-moderno-home-1.jpg\" \/>\n\t<meta property=\"og:image:width\" content=\"450\" \/>\n\t<meta property=\"og:image:height\" content=\"450\" \/>\n\t<meta property=\"og:image:type\" content=\"image\/jpeg\" \/>\n<meta name=\"twitter:label1\" content=\"Dur\u00e9e de lecture estim\u00e9e\" \/>\n\t<meta name=\"twitter:data1\" content=\"2 minutes\" \/>\n<script type=\"application\/ld+json\" class=\"yoast-schema-graph\">{\"@context\":\"https:\/\/schema.org\",\"@graph\":[{\"@type\":\"WebPage\",\"@id\":\"https:\/\/www.cataloniaaqua.com\/fr\/acheter-aquavia-spa\/spas-exterieur-interieur\/home\/\",\"url\":\"https:\/\/www.cataloniaaqua.com\/fr\/acheter-aquavia-spa\/spas-exterieur-interieur\/home\/\",\"name\":\"Vente \/ Acheter Spa Home\",\"isPartOf\":{\"@id\":\"https:\/\/www.cataloniaaqua.com\/fr\/#website\"},\"primaryImageOfPage\":{\"@id\":\"https:\/\/www.cataloniaaqua.com\/fr\/acheter-aquavia-spa\/spas-exterieur-interieur\/home\/#primaryimage\"},\"image\":{\"@id\":\"https:\/\/www.cataloniaaqua.com\/fr\/acheter-aquavia-spa\/spas-exterieur-interieur\/home\/#primaryimage\"},\"thumbnailUrl\":\"https:\/\/www.cataloniaaqua.com\/wp-content\/uploads\/2019\/02\/comprar-spa-moderno-home-1.jpg\",\"datePublished\":\"2019-03-01T12:01:06+00:00\",\"dateModified\":\"2021-02-15T13:36:42+00:00\",\"description\":\"Vous envisagez d'Acheter un Spa Ext\u00e9rieur ou de l'Int\u00e9rieur? Connaissez-vous les nouveaux Spa Home de Spas Aquavia? D\u00e9couvrez ici!\",\"breadcrumb\":{\"@id\":\"https:\/\/www.cataloniaaqua.com\/fr\/acheter-aquavia-spa\/spas-exterieur-interieur\/home\/#breadcrumb\"},\"inLanguage\":\"fr-FR\",\"potentialAction\":[{\"@type\":\"ReadAction\",\"target\":[\"https:\/\/www.cataloniaaqua.com\/fr\/acheter-aquavia-spa\/spas-exterieur-interieur\/home\/\"]}]},{\"@type\":\"ImageObject\",\"inLanguage\":\"fr-FR\",\"@id\":\"https:\/\/www.cataloniaaqua.com\/fr\/acheter-aquavia-spa\/spas-exterieur-interieur\/home\/#primaryimage\",\"url\":\"https:\/\/www.cataloniaaqua.com\/wp-content\/uploads\/2019\/02\/comprar-spa-moderno-home-1.jpg\",\"contentUrl\":\"https:\/\/www.cataloniaaqua.com\/wp-content\/uploads\/2019\/02\/comprar-spa-moderno-home-1.jpg\",\"width\":450,\"height\":450,\"caption\":\"Acheter spa Home\"},{\"@type\":\"BreadcrumbList\",\"@id\":\"https:\/\/www.cataloniaaqua.com\/fr\/acheter-aquavia-spa\/spas-exterieur-interieur\/home\/#breadcrumb\",\"itemListElement\":[{\"@type\":\"ListItem\",\"position\":1,\"name\":\"Jacuzzi Spa y Cubierta de Piscina\",\"item\":\"https:\/\/www.cataloniaaqua.com\/fr\/\"},{\"@type\":\"ListItem\",\"position\":2,\"name\":\"Acheter Aquavia Spa\u00ae\",\"item\":\"https:\/\/www.cataloniaaqua.com\/fr\/acheter-aquavia-spa-bck\/\"},{\"@type\":\"ListItem\",\"position\":3,\"name\":\"Spa Ext\u00e9rieur et Int\u00e9rieur Aquavia Spa\u00ae\",\"item\":\"https:\/\/www.cataloniaaqua.com\/fr\/acheter-aquavia-spa-bck\/spas-exterieur-interieur\/\"},{\"@type\":\"ListItem\",\"position\":4,\"name\":\"Home\"}]},{\"@type\":\"WebSite\",\"@id\":\"https:\/\/www.cataloniaaqua.com\/fr\/#website\",\"url\":\"https:\/\/www.cataloniaaqua.com\/fr\/\",\"name\":\"Aquagrup Spas\",\"description\":\"Spas y Swim Spas Aquavia y Jacuzzi\",\"publisher\":{\"@id\":\"https:\/\/www.cataloniaaqua.com\/fr\/#organization\"},\"alternateName\":\"Aquagrup\",\"potentialAction\":[{\"@type\":\"SearchAction\",\"target\":{\"@type\":\"EntryPoint\",\"urlTemplate\":\"https:\/\/www.cataloniaaqua.com\/fr\/?s={search_term_string}\"},\"query-input\":{\"@type\":\"PropertyValueSpecification\",\"valueRequired\":true,\"valueName\":\"search_term_string\"}}],\"inLanguage\":\"fr-FR\"},{\"@type\":\"Organization\",\"@id\":\"https:\/\/www.cataloniaaqua.com\/fr\/#organization\",\"name\":\"Aquagrup Spas\",\"alternateName\":\"Aquagrup\",\"url\":\"https:\/\/www.cataloniaaqua.com\/fr\/\",\"logo\":{\"@type\":\"ImageObject\",\"inLanguage\":\"fr-FR\",\"@id\":\"https:\/\/www.cataloniaaqua.com\/fr\/#\/schema\/logo\/image\/\",\"url\":\"https:\/\/www.cataloniaaqua.com\/wp-content\/uploads\/2024\/01\/aquagrup-spas.jpg\",\"contentUrl\":\"https:\/\/www.cataloniaaqua.com\/wp-content\/uploads\/2024\/01\/aquagrup-spas.jpg\",\"width\":696,\"height\":693,\"caption\":\"Aquagrup Spas\"},\"image\":{\"@id\":\"https:\/\/www.cataloniaaqua.com\/fr\/#\/schema\/logo\/image\/\"}}]}<\/script>\n<!-- \/ Yoast SEO plugin. -->","yoast_head_json":{"title":"Vente \/ Acheter Spa Home","description":"Vous envisagez d'Acheter un Spa Ext\u00e9rieur ou de l'Int\u00e9rieur? Connaissez-vous les nouveaux Spa Home de Spas Aquavia? D\u00e9couvrez ici!","robots":{"index":"index","follow":"follow","max-snippet":"max-snippet:-1","max-image-preview":"max-image-preview:large","max-video-preview":"max-video-preview:-1"},"canonical":"https:\/\/www.cataloniaaqua.com\/fr\/acheter-aquavia-spa\/spas-exterieur-interieur\/home\/","og_locale":"fr_FR","og_type":"article","og_title":"Vente \/ Acheter Spa Home","og_description":"Vous envisagez d'Acheter un Spa Ext\u00e9rieur ou de l'Int\u00e9rieur? Connaissez-vous les nouveaux Spa Home de Spas Aquavia? D\u00e9couvrez ici!","og_url":"https:\/\/www.cataloniaaqua.com\/fr\/acheter-aquavia-spa\/spas-exterieur-interieur\/home\/","og_site_name":"Aquagrup Spas","article_modified_time":"2021-02-15T13:36:42+00:00","og_image":[{"width":450,"height":450,"url":"https:\/\/www.cataloniaaqua.com\/wp-content\/uploads\/2019\/02\/comprar-spa-moderno-home-1.jpg","type":"image\/jpeg"}],"twitter_misc":{"Dur\u00e9e de lecture estim\u00e9e":"2 minutes"},"schema":{"@context":"https:\/\/schema.org","@graph":[{"@type":"WebPage","@id":"https:\/\/www.cataloniaaqua.com\/fr\/acheter-aquavia-spa\/spas-exterieur-interieur\/home\/","url":"https:\/\/www.cataloniaaqua.com\/fr\/acheter-aquavia-spa\/spas-exterieur-interieur\/home\/","name":"Vente \/ Acheter Spa Home","isPartOf":{"@id":"https:\/\/www.cataloniaaqua.com\/fr\/#website"},"primaryImageOfPage":{"@id":"https:\/\/www.cataloniaaqua.com\/fr\/acheter-aquavia-spa\/spas-exterieur-interieur\/home\/#primaryimage"},"image":{"@id":"https:\/\/www.cataloniaaqua.com\/fr\/acheter-aquavia-spa\/spas-exterieur-interieur\/home\/#primaryimage"},"thumbnailUrl":"https:\/\/www.cataloniaaqua.com\/wp-content\/uploads\/2019\/02\/comprar-spa-moderno-home-1.jpg","datePublished":"2019-03-01T12:01:06+00:00","dateModified":"2021-02-15T13:36:42+00:00","description":"Vous envisagez d'Acheter un Spa Ext\u00e9rieur ou de l'Int\u00e9rieur? Connaissez-vous les nouveaux Spa Home de Spas Aquavia? D\u00e9couvrez ici!","breadcrumb":{"@id":"https:\/\/www.cataloniaaqua.com\/fr\/acheter-aquavia-spa\/spas-exterieur-interieur\/home\/#breadcrumb"},"inLanguage":"fr-FR","potentialAction":[{"@type":"ReadAction","target":["https:\/\/www.cataloniaaqua.com\/fr\/acheter-aquavia-spa\/spas-exterieur-interieur\/home\/"]}]},{"@type":"ImageObject","inLanguage":"fr-FR","@id":"https:\/\/www.cataloniaaqua.com\/fr\/acheter-aquavia-spa\/spas-exterieur-interieur\/home\/#primaryimage","url":"https:\/\/www.cataloniaaqua.com\/wp-content\/uploads\/2019\/02\/comprar-spa-moderno-home-1.jpg","contentUrl":"https:\/\/www.cataloniaaqua.com\/wp-content\/uploads\/2019\/02\/comprar-spa-moderno-home-1.jpg","width":450,"height":450,"caption":"Acheter spa Home"},{"@type":"BreadcrumbList","@id":"https:\/\/www.cataloniaaqua.com\/fr\/acheter-aquavia-spa\/spas-exterieur-interieur\/home\/#breadcrumb","itemListElement":[{"@type":"ListItem","position":1,"name":"Jacuzzi Spa y Cubierta de Piscina","item":"https:\/\/www.cataloniaaqua.com\/fr\/"},{"@type":"ListItem","position":2,"name":"Acheter Aquavia Spa\u00ae","item":"https:\/\/www.cataloniaaqua.com\/fr\/acheter-aquavia-spa-bck\/"},{"@type":"ListItem","position":3,"name":"Spa Ext\u00e9rieur et Int\u00e9rieur Aquavia Spa\u00ae","item":"https:\/\/www.cataloniaaqua.com\/fr\/acheter-aquavia-spa-bck\/spas-exterieur-interieur\/"},{"@type":"ListItem","position":4,"name":"Home"}]},{"@type":"WebSite","@id":"https:\/\/www.cataloniaaqua.com\/fr\/#website","url":"https:\/\/www.cataloniaaqua.com\/fr\/","name":"Aquagrup Spas","description":"Spas y Swim Spas Aquavia y Jacuzzi","publisher":{"@id":"https:\/\/www.cataloniaaqua.com\/fr\/#organization"},"alternateName":"Aquagrup","potentialAction":[{"@type":"SearchAction","target":{"@type":"EntryPoint","urlTemplate":"https:\/\/www.cataloniaaqua.com\/fr\/?s={search_term_string}"},"query-input":{"@type":"PropertyValueSpecification","valueRequired":true,"valueName":"search_term_string"}}],"inLanguage":"fr-FR"},{"@type":"Organization","@id":"https:\/\/www.cataloniaaqua.com\/fr\/#organization","name":"Aquagrup Spas","alternateName":"Aquagrup","url":"https:\/\/www.cataloniaaqua.com\/fr\/","logo":{"@type":"ImageObject","inLanguage":"fr-FR","@id":"https:\/\/www.cataloniaaqua.com\/fr\/#\/schema\/logo\/image\/","url":"https:\/\/www.cataloniaaqua.com\/wp-content\/uploads\/2024\/01\/aquagrup-spas.jpg","contentUrl":"https:\/\/www.cataloniaaqua.com\/wp-content\/uploads\/2024\/01\/aquagrup-spas.jpg","width":696,"height":693,"caption":"Aquagrup Spas"},"image":{"@id":"https:\/\/www.cataloniaaqua.com\/fr\/#\/schema\/logo\/image\/"}}]}},"_links":{"self":[{"href":"https:\/\/www.cataloniaaqua.com\/fr\/wp-json\/wp\/v2\/pages\/14537","targetHints":{"allow":["GET"]}}],"collection":[{"href":"https:\/\/www.cataloniaaqua.com\/fr\/wp-json\/wp\/v2\/pages"}],"about":[{"href":"https:\/\/www.cataloniaaqua.com\/fr\/wp-json\/wp\/v2\/types\/page"}],"author":[{"embeddable":true,"href":"https:\/\/www.cataloniaaqua.com\/fr\/wp-json\/wp\/v2\/users\/3"}],"replies":[{"embeddable":true,"href":"https:\/\/www.cataloniaaqua.com\/fr\/wp-json\/wp\/v2\/comments?post=14537"}],"version-history":[{"count":0,"href":"https:\/\/www.cataloniaaqua.com\/fr\/wp-json\/wp\/v2\/pages\/14537\/revisions"}],"up":[{"embeddable":true,"href":"https:\/\/www.cataloniaaqua.com\/fr\/wp-json\/wp\/v2\/pages\/46"}],"wp:featuredmedia":[{"embeddable":true,"href":"https:\/\/www.cataloniaaqua.com\/fr\/wp-json\/wp\/v2\/media\/14530"}],"wp:attachment":[{"href":"https:\/\/www.cataloniaaqua.com\/fr\/wp-json\/wp\/v2\/media?parent=14537"}],"curies":[{"name":"wp","href":"https:\/\/api.w.org\/{rel}","templated":true}]}}