{"id":1493,"date":"2015-05-11T12:03:15","date_gmt":"2015-05-11T12:03:15","guid":{"rendered":"http:\/\/www.cataloniaaqua.com\/acheter-spas\/spas-exterieur-interieur\/cube\/"},"modified":"2021-02-15T14:36:29","modified_gmt":"2021-02-15T13:36:29","slug":"cube","status":"publish","type":"page","link":"https:\/\/www.cataloniaaqua.com\/fr\/acheter-aquavia-spa\/spas-exterieur-interieur\/cube\/","title":{"rendered":"Cube"},"content":{"rendered":"<div class=\"wpb-content-wrapper\">[vc_row][vc_column]\n<div class=\"slider-simple shortcode-photo-slider owl-carousel dt-owl-carousel-init photoSlider\" data-width=\"680\" data-height=\"390\" data-autoslide=\"5000\" data-paused=\"false\" style=\"width: 100%\" data-img-mode=\"fill\">\n\t<div class=\"slide-item\">\n\t\t<img loading=\"lazy\" decoding=\"async\" class=\"preload-me aspect\" src=\"https:\/\/www.cataloniaaqua.com\/wp-content\/uploads\/2015\/05\/spa-cube2.jpg\" srcset=\"https:\/\/www.cataloniaaqua.com\/wp-content\/uploads\/2015\/05\/spa-cube2.jpg 778w\" style=\"--ratio: 778 \/ 368\" sizes=\"auto, (max-width: 778px) 100vw, 778px\" width=\"778\" height=\"368\"  alt=\"\"  \/>\n\t\t<div class=\"slider-post-caption\">\n\t\t\t<div class=\"slider-post-inner\">\n\t\t\t\t<h4>Spa Cube<\/h4>\n\t\t\t\t<p>Spa Cube<\/p>\n\n\t\t\t<\/div>\n\t\t<\/div><\/div>\n\t<div class=\"slide-item\">\n\t\t<img loading=\"lazy\" decoding=\"async\" class=\"preload-me aspect\" src=\"https:\/\/www.cataloniaaqua.com\/wp-content\/uploads\/2015\/05\/spa-cube-blanco.jpg\" srcset=\"https:\/\/www.cataloniaaqua.com\/wp-content\/uploads\/2015\/05\/spa-cube-blanco.jpg 778w\" style=\"--ratio: 778 \/ 368\" sizes=\"auto, (max-width: 778px) 100vw, 778px\" width=\"778\" height=\"368\"  alt=\"\"  \/>\n\t\t<div class=\"slider-post-caption\">\n\t\t\t<div class=\"slider-post-inner\">\n\t\t\t\t<h4>Spa Cube blanco<\/h4>\n\t\t\t\t<p>Spa Cube blanco<\/p>\n\n\t\t\t<\/div>\n\t\t<\/div><\/div>\n\t<div class=\"slide-item\">\n\t\t<img loading=\"lazy\" decoding=\"async\" class=\"preload-me aspect\" src=\"https:\/\/www.cataloniaaqua.com\/wp-content\/uploads\/2015\/05\/jacuzzi-cube.jpg\" srcset=\"https:\/\/www.cataloniaaqua.com\/wp-content\/uploads\/2015\/05\/jacuzzi-cube.jpg 778w\" style=\"--ratio: 778 \/ 368\" sizes=\"auto, (max-width: 778px) 100vw, 778px\" width=\"778\" height=\"368\"  alt=\"\"  \/>\n\t\t<div class=\"slider-post-caption\">\n\t\t\t<div class=\"slider-post-inner\">\n\t\t\t\t<h4>jacuzzi Cube<\/h4>\n\t\t\t\t<p>jacuzzi Cube<\/p>\n\n\t\t\t<\/div>\n\t\t<\/div><\/div>\n\t<div class=\"slide-item\">\n\t\t<img loading=\"lazy\" decoding=\"async\" class=\"preload-me aspect\" src=\"https:\/\/www.cataloniaaqua.com\/wp-content\/uploads\/2015\/05\/spa-cube-corean-blanco.jpg\" srcset=\"https:\/\/www.cataloniaaqua.com\/wp-content\/uploads\/2015\/05\/spa-cube-corean-blanco.jpg 789w\" style=\"--ratio: 789 \/ 340\" sizes=\"auto, (max-width: 789px) 100vw, 789px\" width=\"789\" height=\"340\"  alt=\"\"  \/>\n\t\t<div class=\"slider-post-caption\">\n\t\t\t<div class=\"slider-post-inner\">\n\t\t\t\t<h4>Spa Cube Blanco<\/h4>\n\t\t\t\t<p>Spa Cube Blanco<\/p>\n\n\t\t\t<\/div>\n\t\t<\/div><\/div>\n\t<div class=\"slide-item\">\n\t\t<img loading=\"lazy\" decoding=\"async\" class=\"preload-me aspect\" src=\"https:\/\/www.cataloniaaqua.com\/wp-content\/uploads\/2015\/05\/spa-cube-mallorca.jpg\" srcset=\"https:\/\/www.cataloniaaqua.com\/wp-content\/uploads\/2015\/05\/spa-cube-mallorca.jpg 789w\" style=\"--ratio: 789 \/ 340\" sizes=\"auto, (max-width: 789px) 100vw, 789px\" width=\"789\" height=\"340\"  alt=\"\"  \/>\n\t\t<div class=\"slider-post-caption\">\n\t\t\t<div class=\"slider-post-inner\">\n\t\t\t\t<h4>Spa Cube color Blanco<\/h4>\n\t\t\t\t<p>Spa Cube color Blanco<\/p>\n\n\t\t\t<\/div>\n\t\t<\/div><\/div>\n\t<div class=\"slide-item\">\n\t\t<img loading=\"lazy\" decoding=\"async\" class=\"preload-me aspect\" src=\"https:\/\/www.cataloniaaqua.com\/wp-content\/uploads\/2015\/05\/spa-cube-mueble-madera.jpg\" srcset=\"https:\/\/www.cataloniaaqua.com\/wp-content\/uploads\/2015\/05\/spa-cube-mueble-madera.jpg 789w\" style=\"--ratio: 789 \/ 340\" sizes=\"auto, (max-width: 789px) 100vw, 789px\" width=\"789\" height=\"340\"  alt=\"\"  \/>\n\t\t<div class=\"slider-post-caption\">\n\t\t\t<div class=\"slider-post-inner\">\n\t\t\t\t<h4>Spa Cube con mueble de Madera<\/h4>\n\t\t\t\t<p>Spa Cube con mueble de Madera<\/p>\n\n\t\t\t<\/div>\n\t\t<\/div><\/div>\n\t<div class=\"slide-item\">\n\t\t<img loading=\"lazy\" decoding=\"async\" class=\"preload-me aspect\" src=\"https:\/\/www.cataloniaaqua.com\/wp-content\/uploads\/2018\/12\/spa-cube-corian-blanco.jpg\" srcset=\"https:\/\/www.cataloniaaqua.com\/wp-content\/uploads\/2018\/12\/spa-cube-corian-blanco.jpg 770w\" style=\"--ratio: 770 \/ 450\" sizes=\"auto, (max-width: 770px) 100vw, 770px\" width=\"770\" height=\"450\"  alt=\"Spa Cube Blanco\"  \/>\n\t\t<div class=\"slider-post-caption\">\n\t\t\t<div class=\"slider-post-inner\">\n\t\t\t\t<h4>spa-cube-corian-blanco<\/h4>\n\t\t\t\t<p>Spa Cube Blanco<\/p>\n\n\t\t\t<\/div>\n\t\t<\/div><\/div><\/div>[vc_raw_html]\n<p>JTNDZGl2JTIwY2xhc3MlM0QlMjJ0cC1iYW5uZXJzaGFkb3clMjB0cC1zaGFkb3cyJTIwc29tYnJhcnMlMjIlM0UlM0MlMkZkaXYlM0U=<\/p>\n[\/vc_raw_html][vc_empty_space][\/vc_column][\/vc_row][vc_row][vc_column][vc_column_text]\n<h2>Spa Cube<\/h2>\n<p>Nous vous pr\u00e9sentons le <strong>spa Cube<\/strong>, un <strong>spa \u00e9l\u00e9gant<\/strong> dot\u00e9 de lignes pures qui se diff\u00e9rencie du reste de la gamme en raison de son design et du soin apport\u00e9 aux d\u00e9tails.<\/p>\n<p>Le <strong>spa Cube est un spa pour quatre personnes<\/strong> et il a \u00e9t\u00e9 con\u00e7u avec notre syst\u00e8me <strong>ECO SPA<\/strong>, avec double isolement afin d\u2019obtenir une consommation minimale.<\/p>\n<p>Le spa Cube est disponible en deux versions: la version Solid Surface blanc accompagn\u00e9 d\u2019un \u00e9clairage ext\u00e9rieur de s\u00e9rie, et la version Noyer ou Gris Anthracite.<\/p>\n<p><strong>SERVICE DANS TOUTE L\u2019ESPAGNE<\/strong><\/p>\n[\/vc_column_text][vc_accordion active_tab=\u00a0\u00bbfalse\u00a0\u00bb][vc_accordion_tab title=\u00a0\u00bbInfo\u00a0\u00bb][vc_column_text]\n[\/vc_column_text][\/vc_accordion_tab][\/vc_accordion][\/vc_column][\/vc_row][vc_row][vc_column][vc_single_image image=\u00a0\u00bb7737&Prime; img_size=\u00a0\u00bbfull\u00a0\u00bb alignment=\u00a0\u00bbcenter\u00a0\u00bb][\/vc_column][\/vc_row][vc_row][vc_column][vc_tabs interval=\u00a0\u00bb0&Prime;][vc_tab title=\u00a0\u00bbCircuits\u00a0\u00bb tab_id=\u00a0\u00bbfcaea0c7-9e32-5332c-11688d6c-18e6&Prime;][vc_row_inner][vc_column_inner][vc_column_text]<div class=\"omsc-accordion\">\n<div class=\"omsc-toggle omsc-expanded\"><div class=\"omsc-toggle-title\">Positions<\/div><div class=\"omsc-toggle-inner\" style=\"display:block\">\n<a class=\"dt-single-image\" href=\"https:\/\/www.cataloniaaqua.com\/wp-content\/uploads\/2015\/05\/cube-spa-hidromasaje.jpg\" data-dt-img-description=\"\"><img loading=\"lazy\" decoding=\"async\" class=\"alignnone wp-image-7740 size-full\" src=\"https:\/\/www.cataloniaaqua.com\/wp-content\/uploads\/2015\/05\/cube-spa-hidromasaje.jpg\" alt=\"\" width=\"704\" height=\"329\" srcset=\"https:\/\/www.cataloniaaqua.com\/wp-content\/uploads\/2015\/05\/cube-spa-hidromasaje.jpg 704w, https:\/\/www.cataloniaaqua.com\/wp-content\/uploads\/2015\/05\/cube-spa-hidromasaje-300x140.jpg 300w\" sizes=\"auto, (max-width: 704px) 100vw, 704px\" \/><\/a><br \/>\n<\/div><\/div>\n<div class=\"omsc-toggle\"><div class=\"omsc-toggle-title\">Position 1<\/div><div class=\"omsc-toggle-inner\">\n<p><a class=\"dt-single-image\" href=\"https:\/\/www.cataloniaaqua.com\/wp-content\/uploads\/2015\/05\/cube-jacuzzis-spas-1.jpg\" data-dt-img-description=\"\"><img loading=\"lazy\" decoding=\"async\" class=\"alignnone wp-image-7743 size-full\" src=\"https:\/\/www.cataloniaaqua.com\/wp-content\/uploads\/2015\/05\/cube-jacuzzis-spas-1.jpg\" alt=\"\" width=\"678\" height=\"296\" srcset=\"https:\/\/www.cataloniaaqua.com\/wp-content\/uploads\/2015\/05\/cube-jacuzzis-spas-1.jpg 678w, https:\/\/www.cataloniaaqua.com\/wp-content\/uploads\/2015\/05\/cube-jacuzzis-spas-1-300x131.jpg 300w\" sizes=\"auto, (max-width: 678px) 100vw, 678px\" \/><\/a><\/p>\n<\/div><\/div>\n<div class=\"omsc-toggle\"><div class=\"omsc-toggle-title\">Position 2<\/div><div class=\"omsc-toggle-inner\">\n<p><a class=\"dt-single-image\" href=\"https:\/\/www.cataloniaaqua.com\/wp-content\/uploads\/2015\/05\/cube-jacuzzis-spas-2.jpg\" data-dt-img-description=\"\"><img loading=\"lazy\" decoding=\"async\" class=\"alignnone wp-image-7746 size-full\" src=\"https:\/\/www.cataloniaaqua.com\/wp-content\/uploads\/2015\/05\/cube-jacuzzis-spas-2.jpg\" alt=\"\" width=\"678\" height=\"305\" srcset=\"https:\/\/www.cataloniaaqua.com\/wp-content\/uploads\/2015\/05\/cube-jacuzzis-spas-2.jpg 678w, https:\/\/www.cataloniaaqua.com\/wp-content\/uploads\/2015\/05\/cube-jacuzzis-spas-2-300x135.jpg 300w\" sizes=\"auto, (max-width: 678px) 100vw, 678px\" \/><\/a><\/p>\n<\/div><\/div>\n<div class=\"omsc-toggle\"><div class=\"omsc-toggle-title\">Position 3<\/div><div class=\"omsc-toggle-inner\">\n<p><a class=\"dt-single-image\" href=\"https:\/\/www.cataloniaaqua.com\/wp-content\/uploads\/2015\/05\/cube-jacuzzis-spas-3.jpg\" data-dt-img-description=\"\"><img loading=\"lazy\" decoding=\"async\" class=\"alignnone wp-image-7749 size-full\" src=\"https:\/\/www.cataloniaaqua.com\/wp-content\/uploads\/2015\/05\/cube-jacuzzis-spas-3.jpg\" alt=\"\" width=\"678\" height=\"298\" srcset=\"https:\/\/www.cataloniaaqua.com\/wp-content\/uploads\/2015\/05\/cube-jacuzzis-spas-3.jpg 678w, https:\/\/www.cataloniaaqua.com\/wp-content\/uploads\/2015\/05\/cube-jacuzzis-spas-3-300x132.jpg 300w\" sizes=\"auto, (max-width: 678px) 100vw, 678px\" \/><\/a><\/p>\n<\/div><\/div>\n<div class=\"omsc-toggle\"><div class=\"omsc-toggle-title\">Position 4<\/div><div class=\"omsc-toggle-inner\">\n<p><a class=\"dt-single-image\" href=\"https:\/\/www.cataloniaaqua.com\/wp-content\/uploads\/2015\/05\/cube-jacuzzis-spas-4.jpg\" data-dt-img-description=\"\"><img loading=\"lazy\" decoding=\"async\" class=\"alignnone wp-image-7752 size-full\" src=\"https:\/\/www.cataloniaaqua.com\/wp-content\/uploads\/2015\/05\/cube-jacuzzis-spas-4.jpg\" alt=\"\" width=\"678\" height=\"313\" srcset=\"https:\/\/www.cataloniaaqua.com\/wp-content\/uploads\/2015\/05\/cube-jacuzzis-spas-4.jpg 678w, https:\/\/www.cataloniaaqua.com\/wp-content\/uploads\/2015\/05\/cube-jacuzzis-spas-4-300x138.jpg 300w\" sizes=\"auto, (max-width: 678px) 100vw, 678px\" \/><\/a><\/p>\n<\/div><\/div>\n<\/div>[\/vc_column_text][\/vc_column_inner][\/vc_row_inner][\/vc_tab][vc_tab title=\u00a0\u00bbAvantages\u00a0\u00bb tab_id=\u00a0\u00bb3819c923-fee0-2332c-11688d6c-18e6&Prime;][vc_single_image image=\u00a0\u00bb7755&Prime; img_size=\u00a0\u00bbfull\u00a0\u00bb][\/vc_tab][vc_tab title=\u00a0\u00bbCaract\u00e9ristiques\u00a0\u00bb tab_id=\u00a0\u00bb1428999164043-2-5332c-11688d6c-18e6&Prime;][vc_single_image image=\u00a0\u00bb7758&Prime; img_size=\u00a0\u00bbfull\u00a0\u00bb][vc_single_image image=\u00a0\u00bb7761&Prime; img_size=\u00a0\u00bbfull\u00a0\u00bb][vc_single_image image=\u00a0\u00bb7764&Prime; img_size=\u00a0\u00bbfull\u00a0\u00bb][\/vc_tab][vc_tab title=\u00a0\u00bbFinitions\u00a0\u00bb tab_id=\u00a0\u00bb1428999192252-3-8332c-11688d6c-18e6&Prime;][vc_column_text]\n<h3>Couleurs Acrylique<\/h3>\n[\/vc_column_text][vc_single_image image=\u00a0\u00bb12940&Prime; img_size=\u00a0\u00bbfull\u00a0\u00bb][vc_column_text]\n<h3>Bois des Spas<\/h3>\n[\/vc_column_text][vc_single_image image=\u00a0\u00bb12944&Prime; img_size=\u00a0\u00bbfull\u00a0\u00bb][\/vc_tab][vc_tab title=\u00a0\u00bbAccessoires\u00a0\u00bb tab_id=\u00a0\u00bb1428999253035-4-6332c-11688d6c-18e6&Prime;][vc_single_image image=\u00a0\u00bb7770&Prime; img_size=\u00a0\u00bbfull\u00a0\u00bb][\/vc_tab][vc_tab title=\u00a0\u00bbDocumentation\u00a0\u00bb tab_id=\u00a0\u00bb1428999293099-5-6332c-11688d6c-18e6&Prime;][vc_column_text]<table class=\"omsc-custom-table omsc-style-1\"><tr><td>Document comportant les sp\u00e9cifications techniques et les options disponibles.<\/td><td><a href=\"\/wp-content\/uploads\/pdfs\/especificaciones\/acheter-spa-cube.pdf\" target=\"_blank\" rel=\"noopener noreferrer\"><img decoding=\"async\" src=\"https:\/\/www.cataloniaaqua.com\/wp-content\/uploads\/2018\/06\/pdf.png\" alt=\"PDF\" \/><\/a><\/td><\/tr><tr><td>Plans technique contenant la disposition des jets et les dimensions du spa.<\/td><td><a href=\"\/wp-content\/uploads\/pdfs\/planos\/cube.pdf\" target=\"_blank\" rel=\"noopener noreferrer\"><img decoding=\"async\" src=\"https:\/\/www.cataloniaaqua.com\/wp-content\/uploads\/2018\/06\/pdf.png\" alt=\"PDF\" \/><\/a><\/td><\/tr><tr><td>Manuel d&rsquo;Installation et Manuel d&rsquo;Utilisation.<\/td><td><a href=\"https:\/\/www.cataloniaaqua.com\/wp-content\/uploads\/pdfs\/manuel-installation-manuel-utilisation-spas-swimspas.pdf\" target=\"_blank\" rel=\"noopener noreferrer\"><img decoding=\"async\" src=\"\/wp-content\/uploads\/2015\/09\/icono_pdf-e1442845684923.png\" alt=\"icono-pdf\" \/><\/a><\/td><\/tr><tr><td>Certificat de Garantie.<\/td><td><a href=\"\/wp-content\/uploads\/pdfs\/garantia\/garantias.pdf\" target=\"_blank\" rel=\"noopener noreferrer\"><img decoding=\"async\" src=\"https:\/\/www.cataloniaaqua.com\/wp-content\/uploads\/2018\/06\/pdf.png\" alt=\"PDF\" \/><\/a><\/td><\/tr><\/table>[\/vc_column_text][\/vc_tab][\/vc_tabs][\/vc_column][\/vc_row][vc_row margin_top=\u00a0\u00bb32px\u00a0\u00bb margin_bottom=\u00a0\u00bb0&Prime;][vc_column][vc_raw_html]JTNDaWZyYW1lJTIwd2lkdGglM0QlMjIxMDAlMjUlMjIlMjBoZWlnaHQlM0QlMjJhdXRvJTIyJTIwY2xhc3MlM0QlMjJ2aWRlb195b3V0dWJlJTIyJTIwc3JjJTNEJTIyaHR0cHMlM0ElMkYlMkZ3d3cueW91dHViZS5jb20lMkZlbWJlZCUyRjNVTENTQm1SMEJ3JTNGcmVsJTNEMCUyNmFtcCUzQmNvbnRyb2xzJTNEMCUyNmFtcCUzQnNob3dpbmZvJTNEMCUyMiUyMGZyYW1lYm9yZGVyJTNEJTIyMCUyMiUyMGFsbG93JTNEJTIyYXV0b3BsYXklM0IlMjBlbmNyeXB0ZWQtbWVkaWElMjIlMjBhbGxvd2Z1bGxzY3JlZW4lM0UlM0MlMkZpZnJhbWUlM0U=[\/vc_raw_html][\/vc_column][\/vc_row][vc_row margin_top=\u00a0\u00bb32px\u00a0\u00bb margin_bottom=\u00a0\u00bb0&Prime;][vc_column][vc_raw_html]JTVCYndfc3Bhc19yZWxhYyU1RA==[\/vc_raw_html][\/vc_column][\/vc_row][vc_row][vc_column][vc_empty_space][\/vc_column][\/vc_row]\n<\/div>","protected":false},"excerpt":{"rendered":"<p>[vc_row][vc_column][vc_raw_html] JTNDZGl2JTIwY2xhc3MlM0QlMjJ0cC1iYW5uZXJzaGFkb3clMjB0cC1zaGFkb3cyJTIwc29tYnJhcnMlMjIlM0UlM0MlMkZkaXYlM0U= [\/vc_raw_html][vc_empty_space][\/vc_column][\/vc_row][vc_row][vc_column][vc_column_text] Spa Cube Nous vous pr\u00e9sentons le spa Cube, un spa \u00e9l\u00e9gant dot\u00e9 de lignes pures qui se diff\u00e9rencie du reste de la gamme en raison de son design et du soin apport\u00e9 aux d\u00e9tails. Le spa Cube est un spa pour quatre personnes et il a \u00e9t\u00e9 con\u00e7u avec notre syst\u00e8me ECO&hellip;<\/p>\n","protected":false},"author":3,"featured_media":1019,"parent":46,"menu_order":0,"comment_status":"closed","ping_status":"closed","template":"","meta":{"_acf_changed":false,"footnotes":""},"class_list":["post-1493","page","type-page","status-publish","has-post-thumbnail","hentry","description-off"],"acf":[],"yoast_head":"<!-- This site is optimized with the Yoast SEO plugin v27.2 - https:\/\/yoast.com\/product\/yoast-seo-wordpress\/ -->\n<title>Vente \/ Acheter Spa Cube<\/title>\n<meta name=\"description\" content=\"Vous envisagez d&#039;Acheter un Spa Ext\u00e9rieur ou de l&#039;Int\u00e9rieur? Connaissez-vous le nouveau Spa Cube de Spas Aquavia?\" \/>\n<meta name=\"robots\" content=\"index, follow, max-snippet:-1, max-image-preview:large, max-video-preview:-1\" \/>\n<link rel=\"canonical\" href=\"https:\/\/www.cataloniaaqua.com\/fr\/acheter-aquavia-spa\/spas-exterieur-interieur\/cube\/\" \/>\n<meta property=\"og:locale\" content=\"fr_FR\" \/>\n<meta property=\"og:type\" content=\"article\" \/>\n<meta property=\"og:title\" content=\"Vente \/ Acheter Spa Cube\" \/>\n<meta property=\"og:description\" content=\"Vous envisagez d&#039;Acheter un Spa Ext\u00e9rieur ou de l&#039;Int\u00e9rieur? Connaissez-vous le nouveau Spa Cube de Spas Aquavia?\" \/>\n<meta property=\"og:url\" content=\"https:\/\/www.cataloniaaqua.com\/fr\/acheter-aquavia-spa\/spas-exterieur-interieur\/cube\/\" \/>\n<meta property=\"og:site_name\" content=\"Aquagrup Spas\" \/>\n<meta property=\"article:modified_time\" content=\"2021-02-15T13:36:29+00:00\" \/>\n<meta property=\"og:image\" content=\"https:\/\/www.cataloniaaqua.com\/wp-content\/uploads\/2015\/04\/spa_cube_menu.png\" \/>\n\t<meta property=\"og:image:width\" content=\"450\" \/>\n\t<meta property=\"og:image:height\" content=\"450\" \/>\n\t<meta property=\"og:image:type\" content=\"image\/png\" \/>\n<meta name=\"twitter:label1\" content=\"Dur\u00e9e de lecture estim\u00e9e\" \/>\n\t<meta name=\"twitter:data1\" content=\"3 minutes\" \/>\n<script type=\"application\/ld+json\" class=\"yoast-schema-graph\">{\"@context\":\"https:\/\/schema.org\",\"@graph\":[{\"@type\":\"WebPage\",\"@id\":\"https:\/\/www.cataloniaaqua.com\/fr\/acheter-aquavia-spa\/spas-exterieur-interieur\/cube\/\",\"url\":\"https:\/\/www.cataloniaaqua.com\/fr\/acheter-aquavia-spa\/spas-exterieur-interieur\/cube\/\",\"name\":\"Vente \/ Acheter Spa Cube\",\"isPartOf\":{\"@id\":\"https:\/\/www.cataloniaaqua.com\/fr\/#website\"},\"primaryImageOfPage\":{\"@id\":\"https:\/\/www.cataloniaaqua.com\/fr\/acheter-aquavia-spa\/spas-exterieur-interieur\/cube\/#primaryimage\"},\"image\":{\"@id\":\"https:\/\/www.cataloniaaqua.com\/fr\/acheter-aquavia-spa\/spas-exterieur-interieur\/cube\/#primaryimage\"},\"thumbnailUrl\":\"https:\/\/www.cataloniaaqua.com\/wp-content\/uploads\/2015\/04\/spa_cube_menu.png\",\"datePublished\":\"2015-05-11T12:03:15+00:00\",\"dateModified\":\"2021-02-15T13:36:29+00:00\",\"description\":\"Vous envisagez d'Acheter un Spa Ext\u00e9rieur ou de l'Int\u00e9rieur? Connaissez-vous le nouveau Spa Cube de Spas Aquavia?\",\"breadcrumb\":{\"@id\":\"https:\/\/www.cataloniaaqua.com\/fr\/acheter-aquavia-spa\/spas-exterieur-interieur\/cube\/#breadcrumb\"},\"inLanguage\":\"fr-FR\",\"potentialAction\":[{\"@type\":\"ReadAction\",\"target\":[\"https:\/\/www.cataloniaaqua.com\/fr\/acheter-aquavia-spa\/spas-exterieur-interieur\/cube\/\"]}]},{\"@type\":\"ImageObject\",\"inLanguage\":\"fr-FR\",\"@id\":\"https:\/\/www.cataloniaaqua.com\/fr\/acheter-aquavia-spa\/spas-exterieur-interieur\/cube\/#primaryimage\",\"url\":\"https:\/\/www.cataloniaaqua.com\/wp-content\/uploads\/2015\/04\/spa_cube_menu.png\",\"contentUrl\":\"https:\/\/www.cataloniaaqua.com\/wp-content\/uploads\/2015\/04\/spa_cube_menu.png\",\"width\":450,\"height\":450},{\"@type\":\"BreadcrumbList\",\"@id\":\"https:\/\/www.cataloniaaqua.com\/fr\/acheter-aquavia-spa\/spas-exterieur-interieur\/cube\/#breadcrumb\",\"itemListElement\":[{\"@type\":\"ListItem\",\"position\":1,\"name\":\"Jacuzzi Spa y Cubierta de Piscina\",\"item\":\"https:\/\/www.cataloniaaqua.com\/fr\/\"},{\"@type\":\"ListItem\",\"position\":2,\"name\":\"Acheter Aquavia Spa\u00ae\",\"item\":\"https:\/\/www.cataloniaaqua.com\/fr\/acheter-aquavia-spa-bck\/\"},{\"@type\":\"ListItem\",\"position\":3,\"name\":\"Spa Ext\u00e9rieur et Int\u00e9rieur Aquavia Spa\u00ae\",\"item\":\"https:\/\/www.cataloniaaqua.com\/fr\/acheter-aquavia-spa-bck\/spas-exterieur-interieur\/\"},{\"@type\":\"ListItem\",\"position\":4,\"name\":\"Cube\"}]},{\"@type\":\"WebSite\",\"@id\":\"https:\/\/www.cataloniaaqua.com\/fr\/#website\",\"url\":\"https:\/\/www.cataloniaaqua.com\/fr\/\",\"name\":\"Aquagrup Spas\",\"description\":\"Spas y Swim Spas Aquavia y Jacuzzi\",\"publisher\":{\"@id\":\"https:\/\/www.cataloniaaqua.com\/fr\/#organization\"},\"alternateName\":\"Aquagrup\",\"potentialAction\":[{\"@type\":\"SearchAction\",\"target\":{\"@type\":\"EntryPoint\",\"urlTemplate\":\"https:\/\/www.cataloniaaqua.com\/fr\/?s={search_term_string}\"},\"query-input\":{\"@type\":\"PropertyValueSpecification\",\"valueRequired\":true,\"valueName\":\"search_term_string\"}}],\"inLanguage\":\"fr-FR\"},{\"@type\":\"Organization\",\"@id\":\"https:\/\/www.cataloniaaqua.com\/fr\/#organization\",\"name\":\"Aquagrup Spas\",\"alternateName\":\"Aquagrup\",\"url\":\"https:\/\/www.cataloniaaqua.com\/fr\/\",\"logo\":{\"@type\":\"ImageObject\",\"inLanguage\":\"fr-FR\",\"@id\":\"https:\/\/www.cataloniaaqua.com\/fr\/#\/schema\/logo\/image\/\",\"url\":\"https:\/\/www.cataloniaaqua.com\/wp-content\/uploads\/2024\/01\/aquagrup-spas.jpg\",\"contentUrl\":\"https:\/\/www.cataloniaaqua.com\/wp-content\/uploads\/2024\/01\/aquagrup-spas.jpg\",\"width\":696,\"height\":693,\"caption\":\"Aquagrup Spas\"},\"image\":{\"@id\":\"https:\/\/www.cataloniaaqua.com\/fr\/#\/schema\/logo\/image\/\"}}]}<\/script>\n<!-- \/ Yoast SEO plugin. -->","yoast_head_json":{"title":"Vente \/ Acheter Spa Cube","description":"Vous envisagez d'Acheter un Spa Ext\u00e9rieur ou de l'Int\u00e9rieur? Connaissez-vous le nouveau Spa Cube de Spas Aquavia?","robots":{"index":"index","follow":"follow","max-snippet":"max-snippet:-1","max-image-preview":"max-image-preview:large","max-video-preview":"max-video-preview:-1"},"canonical":"https:\/\/www.cataloniaaqua.com\/fr\/acheter-aquavia-spa\/spas-exterieur-interieur\/cube\/","og_locale":"fr_FR","og_type":"article","og_title":"Vente \/ Acheter Spa Cube","og_description":"Vous envisagez d'Acheter un Spa Ext\u00e9rieur ou de l'Int\u00e9rieur? Connaissez-vous le nouveau Spa Cube de Spas Aquavia?","og_url":"https:\/\/www.cataloniaaqua.com\/fr\/acheter-aquavia-spa\/spas-exterieur-interieur\/cube\/","og_site_name":"Aquagrup Spas","article_modified_time":"2021-02-15T13:36:29+00:00","og_image":[{"width":450,"height":450,"url":"https:\/\/www.cataloniaaqua.com\/wp-content\/uploads\/2015\/04\/spa_cube_menu.png","type":"image\/png"}],"twitter_misc":{"Dur\u00e9e de lecture estim\u00e9e":"3 minutes"},"schema":{"@context":"https:\/\/schema.org","@graph":[{"@type":"WebPage","@id":"https:\/\/www.cataloniaaqua.com\/fr\/acheter-aquavia-spa\/spas-exterieur-interieur\/cube\/","url":"https:\/\/www.cataloniaaqua.com\/fr\/acheter-aquavia-spa\/spas-exterieur-interieur\/cube\/","name":"Vente \/ Acheter Spa Cube","isPartOf":{"@id":"https:\/\/www.cataloniaaqua.com\/fr\/#website"},"primaryImageOfPage":{"@id":"https:\/\/www.cataloniaaqua.com\/fr\/acheter-aquavia-spa\/spas-exterieur-interieur\/cube\/#primaryimage"},"image":{"@id":"https:\/\/www.cataloniaaqua.com\/fr\/acheter-aquavia-spa\/spas-exterieur-interieur\/cube\/#primaryimage"},"thumbnailUrl":"https:\/\/www.cataloniaaqua.com\/wp-content\/uploads\/2015\/04\/spa_cube_menu.png","datePublished":"2015-05-11T12:03:15+00:00","dateModified":"2021-02-15T13:36:29+00:00","description":"Vous envisagez d'Acheter un Spa Ext\u00e9rieur ou de l'Int\u00e9rieur? Connaissez-vous le nouveau Spa Cube de Spas Aquavia?","breadcrumb":{"@id":"https:\/\/www.cataloniaaqua.com\/fr\/acheter-aquavia-spa\/spas-exterieur-interieur\/cube\/#breadcrumb"},"inLanguage":"fr-FR","potentialAction":[{"@type":"ReadAction","target":["https:\/\/www.cataloniaaqua.com\/fr\/acheter-aquavia-spa\/spas-exterieur-interieur\/cube\/"]}]},{"@type":"ImageObject","inLanguage":"fr-FR","@id":"https:\/\/www.cataloniaaqua.com\/fr\/acheter-aquavia-spa\/spas-exterieur-interieur\/cube\/#primaryimage","url":"https:\/\/www.cataloniaaqua.com\/wp-content\/uploads\/2015\/04\/spa_cube_menu.png","contentUrl":"https:\/\/www.cataloniaaqua.com\/wp-content\/uploads\/2015\/04\/spa_cube_menu.png","width":450,"height":450},{"@type":"BreadcrumbList","@id":"https:\/\/www.cataloniaaqua.com\/fr\/acheter-aquavia-spa\/spas-exterieur-interieur\/cube\/#breadcrumb","itemListElement":[{"@type":"ListItem","position":1,"name":"Jacuzzi Spa y Cubierta de Piscina","item":"https:\/\/www.cataloniaaqua.com\/fr\/"},{"@type":"ListItem","position":2,"name":"Acheter Aquavia Spa\u00ae","item":"https:\/\/www.cataloniaaqua.com\/fr\/acheter-aquavia-spa-bck\/"},{"@type":"ListItem","position":3,"name":"Spa Ext\u00e9rieur et Int\u00e9rieur Aquavia Spa\u00ae","item":"https:\/\/www.cataloniaaqua.com\/fr\/acheter-aquavia-spa-bck\/spas-exterieur-interieur\/"},{"@type":"ListItem","position":4,"name":"Cube"}]},{"@type":"WebSite","@id":"https:\/\/www.cataloniaaqua.com\/fr\/#website","url":"https:\/\/www.cataloniaaqua.com\/fr\/","name":"Aquagrup Spas","description":"Spas y Swim Spas Aquavia y Jacuzzi","publisher":{"@id":"https:\/\/www.cataloniaaqua.com\/fr\/#organization"},"alternateName":"Aquagrup","potentialAction":[{"@type":"SearchAction","target":{"@type":"EntryPoint","urlTemplate":"https:\/\/www.cataloniaaqua.com\/fr\/?s={search_term_string}"},"query-input":{"@type":"PropertyValueSpecification","valueRequired":true,"valueName":"search_term_string"}}],"inLanguage":"fr-FR"},{"@type":"Organization","@id":"https:\/\/www.cataloniaaqua.com\/fr\/#organization","name":"Aquagrup Spas","alternateName":"Aquagrup","url":"https:\/\/www.cataloniaaqua.com\/fr\/","logo":{"@type":"ImageObject","inLanguage":"fr-FR","@id":"https:\/\/www.cataloniaaqua.com\/fr\/#\/schema\/logo\/image\/","url":"https:\/\/www.cataloniaaqua.com\/wp-content\/uploads\/2024\/01\/aquagrup-spas.jpg","contentUrl":"https:\/\/www.cataloniaaqua.com\/wp-content\/uploads\/2024\/01\/aquagrup-spas.jpg","width":696,"height":693,"caption":"Aquagrup Spas"},"image":{"@id":"https:\/\/www.cataloniaaqua.com\/fr\/#\/schema\/logo\/image\/"}}]}},"_links":{"self":[{"href":"https:\/\/www.cataloniaaqua.com\/fr\/wp-json\/wp\/v2\/pages\/1493","targetHints":{"allow":["GET"]}}],"collection":[{"href":"https:\/\/www.cataloniaaqua.com\/fr\/wp-json\/wp\/v2\/pages"}],"about":[{"href":"https:\/\/www.cataloniaaqua.com\/fr\/wp-json\/wp\/v2\/types\/page"}],"author":[{"embeddable":true,"href":"https:\/\/www.cataloniaaqua.com\/fr\/wp-json\/wp\/v2\/users\/3"}],"replies":[{"embeddable":true,"href":"https:\/\/www.cataloniaaqua.com\/fr\/wp-json\/wp\/v2\/comments?post=1493"}],"version-history":[{"count":0,"href":"https:\/\/www.cataloniaaqua.com\/fr\/wp-json\/wp\/v2\/pages\/1493\/revisions"}],"up":[{"embeddable":true,"href":"https:\/\/www.cataloniaaqua.com\/fr\/wp-json\/wp\/v2\/pages\/46"}],"wp:featuredmedia":[{"embeddable":true,"href":"https:\/\/www.cataloniaaqua.com\/fr\/wp-json\/wp\/v2\/media\/1019"}],"wp:attachment":[{"href":"https:\/\/www.cataloniaaqua.com\/fr\/wp-json\/wp\/v2\/media?parent=1493"}],"curies":[{"name":"wp","href":"https:\/\/api.w.org\/{rel}","templated":true}]}}