{"id":18501,"date":"2019-09-25T16:20:08","date_gmt":"2019-09-25T14:20:08","guid":{"rendered":"https:\/\/www.cataloniaaqua.com\/?page_id=18501"},"modified":"2021-02-15T14:42:42","modified_gmt":"2021-02-15T13:42:42","slug":"soft","status":"publish","type":"page","link":"https:\/\/www.cataloniaaqua.com\/fr\/acheter-aquavia-spa\/spas-exterieur-interieur\/soft\/","title":{"rendered":"Soft"},"content":{"rendered":"<div class=\"wpb-content-wrapper\">[vc_row][vc_column]\n<div class=\"slider-simple shortcode-photo-slider owl-carousel dt-owl-carousel-init photoSlider\" data-width=\"680\" data-height=\"390\" data-autoslide=\"5000\" data-paused=\"false\" style=\"width: 100%\" data-img-mode=\"fill\">\n\t<div class=\"slide-item\">\n\t\t<img loading=\"lazy\" decoding=\"async\" class=\"preload-me aspect\" src=\"https:\/\/www.cataloniaaqua.com\/wp-content\/uploads\/2019\/09\/comprar-hidromasaje-soft-spa.jpg\" srcset=\"https:\/\/www.cataloniaaqua.com\/wp-content\/uploads\/2019\/09\/comprar-hidromasaje-soft-spa.jpg 738w\" style=\"--ratio: 738 \/ 334\" sizes=\"auto, (max-width: 738px) 100vw, 738px\" width=\"738\" height=\"334\"  alt=\"Acheter spa Soft\"  \/>\n\t\t<div class=\"slider-post-caption\">\n\t\t\t<div class=\"slider-post-inner\">\n\t\t\t\t<h4>Acheter spa Soft<\/h4>\n\t\t\t\t<p>Acheter spa Soft<\/p>\n\n\t\t\t<\/div>\n\t\t<\/div><\/div>\n\t<div class=\"slide-item\">\n\t\t<img loading=\"lazy\" decoding=\"async\" class=\"preload-me aspect\" src=\"https:\/\/www.cataloniaaqua.com\/wp-content\/uploads\/2019\/09\/comprar-hidromasaje-spa-soft.jpg\" srcset=\"https:\/\/www.cataloniaaqua.com\/wp-content\/uploads\/2019\/09\/comprar-hidromasaje-spa-soft.jpg 738w\" style=\"--ratio: 738 \/ 334\" sizes=\"auto, (max-width: 738px) 100vw, 738px\" width=\"738\" height=\"334\"  alt=\"Acheter spa Soft\"  \/>\n\t\t<div class=\"slider-post-caption\">\n\t\t\t<div class=\"slider-post-inner\">\n\t\t\t\t<h4>Acheter spa Soft<\/h4>\n\t\t\t\t<p>Acheter spa Soft<\/p>\n\n\t\t\t<\/div>\n\t\t<\/div><\/div>\n\t<div class=\"slide-item\">\n\t\t<img loading=\"lazy\" decoding=\"async\" class=\"preload-me aspect\" src=\"https:\/\/www.cataloniaaqua.com\/wp-content\/uploads\/2019\/09\/comprar-spa-soft-hidromasaje.jpg\" srcset=\"https:\/\/www.cataloniaaqua.com\/wp-content\/uploads\/2019\/09\/comprar-spa-soft-hidromasaje.jpg 738w\" style=\"--ratio: 738 \/ 334\" sizes=\"auto, (max-width: 738px) 100vw, 738px\" width=\"738\" height=\"334\"  alt=\"Acheter spa Soft\"  \/>\n\t\t<div class=\"slider-post-caption\">\n\t\t\t<div class=\"slider-post-inner\">\n\t\t\t\t<h4>Acheter spa Soft<\/h4>\n\t\t\t\t<p>Acheter spa Soft<\/p>\n\n\t\t\t<\/div>\n\t\t<\/div><\/div><\/div>[vc_raw_html]\n<p>JTNDZGl2JTIwY2xhc3MlM0QlMjJ0cC1iYW5uZXJzaGFkb3clMjB0cC1zaGFkb3cyJTIwc29tYnJhcnMlMjIlM0UlM0MlMkZkaXYlM0U=<\/p>\n[\/vc_raw_html][vc_empty_space][\/vc_column][\/vc_row][vc_row][vc_column][vc_column_text]\n<h2>Spa Soft<\/h2>\n<p>Ce <strong>spa d\u2019ext\u00e9rieur<\/strong>, dot\u00e9 de <strong>six places<\/strong>, offre une exp\u00e9rience tr\u00e8s agr\u00e9able. La taille imposante de ce <strong>spa d\u2019ext\u00e9rieur<\/strong> vous offre une sensation de grandeur lors de son <strong>usage \u00e0 l\u2019ext\u00e9rieur<\/strong>. Vous profiterez, d\u2019un des meilleurs spas \u00e9quip\u00e9s du march\u00e9 gr\u00e2ce \u00e0 ses accessoires et la puissance de ses jets de massage.<\/p>\n<p><strong>Spa ext\u00e9rieur<\/strong>, peut \u00eatre \u00e9quip\u00e9, en option, du syst\u00e8me EcoSpa pour r\u00e9aliser des \u00e9conomies d\u2019\u00e9nergie.<\/p>\n<p><strong>SERVICE DANS TOUTE L\u2019ESPAGNE<\/strong>[\/vc_column_text][vc_accordion active_tab=\u00a0\u00bbfalse\u00a0\u00bb][vc_accordion_tab title=\u00a0\u00bbInfo\u00a0\u00bb][vc_column_text]\n[\/vc_column_text][\/vc_accordion_tab][\/vc_accordion][\/vc_column][\/vc_row][vc_row][vc_column][vc_single_image image=\u00a0\u00bb18530&Prime; img_size=\u00a0\u00bbfull\u00a0\u00bb alignment=\u00a0\u00bbcenter\u00a0\u00bb][\/vc_column][\/vc_row][vc_row][vc_column][vc_tabs interval=\u00a0\u00bb0&Prime;][vc_tab title=\u00a0\u00bbCircuits\u00a0\u00bb tab_id=\u00a0\u00bbfcaea0c7-9e32-5332c-116851ba-5f06&Prime;][vc_row_inner][vc_column_inner][vc_column_text]<img loading=\"lazy\" decoding=\"async\" class=\"wp-image-18535 size-full\" src=\"https:\/\/www.cataloniaaqua.com\/wp-content\/uploads\/2019\/09\/posiciones-spa-soft.jpg\" alt=\"Positions Spa Soft\" width=\"704\" height=\"326\" srcset=\"https:\/\/www.cataloniaaqua.com\/wp-content\/uploads\/2019\/09\/posiciones-spa-soft.jpg 704w, https:\/\/www.cataloniaaqua.com\/wp-content\/uploads\/2019\/09\/posiciones-spa-soft-300x139.jpg 300w\" sizes=\"auto, (max-width: 704px) 100vw, 704px\" \/><\/p>\n[\/vc_column_text][\/vc_column_inner][\/vc_row_inner][\/vc_tab][vc_tab title=\u00a0\u00bbAvantages\u00a0\u00bb tab_id=\u00a0\u00bb3819c923-fee0-2332c-116851ba-5f06&Prime;][vc_single_image image=\u00a0\u00bb18539&Prime; img_size=\u00a0\u00bbfull\u00a0\u00bb][\/vc_tab][vc_tab title=\u00a0\u00bbCaract\u00e9ristiques\u00a0\u00bb tab_id=\u00a0\u00bb1428999164043-2-5332c-116851ba-5f06&Prime;][vc_single_image image=\u00a0\u00bb18588&Prime; img_size=\u00a0\u00bbfull\u00a0\u00bb][\/vc_tab][vc_tab title=\u00a0\u00bbFinitions\u00a0\u00bb tab_id=\u00a0\u00bb1428999192252-3-8332c-116851ba-5f06&Prime;][vc_column_text]\n<h3>Couleurs Acrylique<\/h3>\n[\/vc_column_text][vc_single_image image=\u00a0\u00bb18552&Prime; img_size=\u00a0\u00bbfull\u00a0\u00bb][vc_column_text]\n<h3>Bois des Spas<\/h3>\n[\/vc_column_text][vc_single_image image=\u00a0\u00bb18556&Prime; img_size=\u00a0\u00bbfull\u00a0\u00bb][\/vc_tab][vc_tab title=\u00a0\u00bbAccessoires\u00a0\u00bb tab_id=\u00a0\u00bb1428999253035-4-6332c-116851ba-5f06&Prime;][vc_single_image image=\u00a0\u00bb18564&Prime; img_size=\u00a0\u00bbfull\u00a0\u00bb][\/vc_tab][vc_tab title=\u00a0\u00bbDocumentation\u00a0\u00bb tab_id=\u00a0\u00bb1428999293099-5-6332c-116851ba-5f06&Prime;][vc_column_text]<table class=\"omsc-custom-table omsc-style-1\"><tr><td>Document comportant les sp\u00e9cifications techniques et les options disponibles.<\/td><td><a href=\"\/wp-content\/uploads\/pdfs\/especificaciones\/acheter-spa-soft.pdf\" target=\"_blank\" rel=\"noopener noreferrer\"><img decoding=\"async\" src=\"https:\/\/www.cataloniaaqua.com\/wp-content\/uploads\/2018\/06\/pdf.png\" alt=\"PDF\" \/><\/a><\/td><\/tr><tr><td>Plans technique contenant la disposition des jets et les dimensions du spa.<\/td><td><a href=\"\/wp-content\/uploads\/pdfs\/planos\/spa-soft.pdf\" target=\"_blank\" rel=\"noopener noreferrer\"><img decoding=\"async\" src=\"https:\/\/www.cataloniaaqua.com\/wp-content\/uploads\/2018\/06\/pdf.png\" alt=\"PDF\" \/><\/a><\/td><\/tr><tr><td>Manuel d&rsquo;Installation et Manuel d&rsquo;Utilisation.<\/td><td><a href=\"https:\/\/www.cataloniaaqua.com\/wp-content\/uploads\/pdfs\/manuel-installation-manuel-utilisation-spas-swimspas.pdf\" target=\"_blank\" rel=\"noopener noreferrer\"><img decoding=\"async\" src=\"https:\/\/www.cataloniaaqua.com\/wp-content\/uploads\/2018\/06\/pdf.png\" alt=\"PDF\" \/><\/a><\/td><\/tr><tr><td>Certificat de Garantie.<\/td><td><a href=\"\/wp-content\/uploads\/pdfs\/garantia\/garantias.pdf\" target=\"_blank\" rel=\"noopener noreferrer\"><img decoding=\"async\" src=\"https:\/\/www.cataloniaaqua.com\/wp-content\/uploads\/2018\/06\/pdf.png\" alt=\"PDF\" \/><\/a><\/td><\/tr><\/table>[\/vc_column_text][\/vc_tab][\/vc_tabs][\/vc_column][\/vc_row][vc_row margin_top=\u00a0\u00bb32px\u00a0\u00bb margin_bottom=\u00a0\u00bb0&Prime;][vc_column][vc_raw_html]JTVCYndfc3Bhc19yZWxhYyU1RA==[\/vc_raw_html][\/vc_column][\/vc_row][vc_row][vc_column][vc_empty_space][\/vc_column][\/vc_row]\n<\/div>","protected":false},"excerpt":{"rendered":"<p>[vc_row][vc_column][vc_raw_html] JTNDZGl2JTIwY2xhc3MlM0QlMjJ0cC1iYW5uZXJzaGFkb3clMjB0cC1zaGFkb3cyJTIwc29tYnJhcnMlMjIlM0UlM0MlMkZkaXYlM0U= [\/vc_raw_html][vc_empty_space][\/vc_column][\/vc_row][vc_row][vc_column][vc_column_text] Spa Soft Ce spa d\u2019ext\u00e9rieur, dot\u00e9 de six places, offre une exp\u00e9rience tr\u00e8s agr\u00e9able. La taille imposante de ce spa d\u2019ext\u00e9rieur vous offre une sensation de grandeur lors de son usage \u00e0 l\u2019ext\u00e9rieur. Vous profiterez, d\u2019un des meilleurs spas \u00e9quip\u00e9s du march\u00e9 gr\u00e2ce \u00e0 ses accessoires et la puissance de ses jets&hellip;<\/p>\n","protected":false},"author":3,"featured_media":18797,"parent":46,"menu_order":0,"comment_status":"closed","ping_status":"closed","template":"","meta":{"_acf_changed":false,"footnotes":""},"class_list":["post-18501","page","type-page","status-publish","has-post-thumbnail","hentry","description-off"],"acf":[],"yoast_head":"<!-- This site is optimized with the Yoast SEO plugin v27.2 - https:\/\/yoast.com\/product\/yoast-seo-wordpress\/ -->\n<title>Vente \/ Acheter Spa Soft<\/title>\n<meta name=\"description\" content=\"Vous envisagez d&#039;Acheter un Spa Ext\u00e9rieur ou de l&#039;Int\u00e9rieur? Connaissez-vous le nouveau Spa Soft de Spas Aquavia? D\u00e9couvrez ici!\" \/>\n<meta name=\"robots\" content=\"index, follow, max-snippet:-1, max-image-preview:large, max-video-preview:-1\" \/>\n<link rel=\"canonical\" href=\"https:\/\/www.cataloniaaqua.com\/fr\/acheter-aquavia-spa\/spas-exterieur-interieur\/soft\/\" \/>\n<meta property=\"og:locale\" content=\"fr_FR\" \/>\n<meta property=\"og:type\" content=\"article\" \/>\n<meta property=\"og:title\" content=\"Vente \/ Acheter Spa Soft\" \/>\n<meta property=\"og:description\" content=\"Vous envisagez d&#039;Acheter un Spa Ext\u00e9rieur ou de l&#039;Int\u00e9rieur? Connaissez-vous le nouveau Spa Soft de Spas Aquavia? D\u00e9couvrez ici!\" \/>\n<meta property=\"og:url\" content=\"https:\/\/www.cataloniaaqua.com\/fr\/acheter-aquavia-spa\/spas-exterieur-interieur\/soft\/\" \/>\n<meta property=\"og:site_name\" content=\"Aquagrup Spas\" \/>\n<meta property=\"article:modified_time\" content=\"2021-02-15T13:42:42+00:00\" \/>\n<meta property=\"og:image\" content=\"https:\/\/www.cataloniaaqua.com\/wp-content\/uploads\/2019\/09\/spa-soft-comprar-spa.jpg\" \/>\n\t<meta property=\"og:image:width\" content=\"450\" \/>\n\t<meta property=\"og:image:height\" content=\"450\" \/>\n\t<meta property=\"og:image:type\" content=\"image\/jpeg\" \/>\n<meta name=\"twitter:label1\" content=\"Dur\u00e9e de lecture estim\u00e9e\" \/>\n\t<meta name=\"twitter:data1\" content=\"2 minutes\" \/>\n<script type=\"application\/ld+json\" class=\"yoast-schema-graph\">{\"@context\":\"https:\/\/schema.org\",\"@graph\":[{\"@type\":\"WebPage\",\"@id\":\"https:\/\/www.cataloniaaqua.com\/fr\/acheter-aquavia-spa\/spas-exterieur-interieur\/soft\/\",\"url\":\"https:\/\/www.cataloniaaqua.com\/fr\/acheter-aquavia-spa\/spas-exterieur-interieur\/soft\/\",\"name\":\"Vente \/ Acheter Spa Soft\",\"isPartOf\":{\"@id\":\"https:\/\/www.cataloniaaqua.com\/fr\/#website\"},\"primaryImageOfPage\":{\"@id\":\"https:\/\/www.cataloniaaqua.com\/fr\/acheter-aquavia-spa\/spas-exterieur-interieur\/soft\/#primaryimage\"},\"image\":{\"@id\":\"https:\/\/www.cataloniaaqua.com\/fr\/acheter-aquavia-spa\/spas-exterieur-interieur\/soft\/#primaryimage\"},\"thumbnailUrl\":\"https:\/\/www.cataloniaaqua.com\/wp-content\/uploads\/2019\/09\/spa-soft-comprar-spa.jpg\",\"datePublished\":\"2019-09-25T14:20:08+00:00\",\"dateModified\":\"2021-02-15T13:42:42+00:00\",\"description\":\"Vous envisagez d'Acheter un Spa Ext\u00e9rieur ou de l'Int\u00e9rieur? Connaissez-vous le nouveau Spa Soft de Spas Aquavia? D\u00e9couvrez ici!\",\"breadcrumb\":{\"@id\":\"https:\/\/www.cataloniaaqua.com\/fr\/acheter-aquavia-spa\/spas-exterieur-interieur\/soft\/#breadcrumb\"},\"inLanguage\":\"fr-FR\",\"potentialAction\":[{\"@type\":\"ReadAction\",\"target\":[\"https:\/\/www.cataloniaaqua.com\/fr\/acheter-aquavia-spa\/spas-exterieur-interieur\/soft\/\"]}]},{\"@type\":\"ImageObject\",\"inLanguage\":\"fr-FR\",\"@id\":\"https:\/\/www.cataloniaaqua.com\/fr\/acheter-aquavia-spa\/spas-exterieur-interieur\/soft\/#primaryimage\",\"url\":\"https:\/\/www.cataloniaaqua.com\/wp-content\/uploads\/2019\/09\/spa-soft-comprar-spa.jpg\",\"contentUrl\":\"https:\/\/www.cataloniaaqua.com\/wp-content\/uploads\/2019\/09\/spa-soft-comprar-spa.jpg\",\"width\":450,\"height\":450,\"caption\":\"Spa Soft\"},{\"@type\":\"BreadcrumbList\",\"@id\":\"https:\/\/www.cataloniaaqua.com\/fr\/acheter-aquavia-spa\/spas-exterieur-interieur\/soft\/#breadcrumb\",\"itemListElement\":[{\"@type\":\"ListItem\",\"position\":1,\"name\":\"Jacuzzi Spa y Cubierta de Piscina\",\"item\":\"https:\/\/www.cataloniaaqua.com\/fr\/\"},{\"@type\":\"ListItem\",\"position\":2,\"name\":\"Acheter Aquavia Spa\u00ae\",\"item\":\"https:\/\/www.cataloniaaqua.com\/fr\/acheter-aquavia-spa-bck\/\"},{\"@type\":\"ListItem\",\"position\":3,\"name\":\"Spa Ext\u00e9rieur et Int\u00e9rieur Aquavia Spa\u00ae\",\"item\":\"https:\/\/www.cataloniaaqua.com\/fr\/acheter-aquavia-spa-bck\/spas-exterieur-interieur\/\"},{\"@type\":\"ListItem\",\"position\":4,\"name\":\"Soft\"}]},{\"@type\":\"WebSite\",\"@id\":\"https:\/\/www.cataloniaaqua.com\/fr\/#website\",\"url\":\"https:\/\/www.cataloniaaqua.com\/fr\/\",\"name\":\"Aquagrup Spas\",\"description\":\"Spas y Swim Spas Aquavia y Jacuzzi\",\"publisher\":{\"@id\":\"https:\/\/www.cataloniaaqua.com\/fr\/#organization\"},\"alternateName\":\"Aquagrup\",\"potentialAction\":[{\"@type\":\"SearchAction\",\"target\":{\"@type\":\"EntryPoint\",\"urlTemplate\":\"https:\/\/www.cataloniaaqua.com\/fr\/?s={search_term_string}\"},\"query-input\":{\"@type\":\"PropertyValueSpecification\",\"valueRequired\":true,\"valueName\":\"search_term_string\"}}],\"inLanguage\":\"fr-FR\"},{\"@type\":\"Organization\",\"@id\":\"https:\/\/www.cataloniaaqua.com\/fr\/#organization\",\"name\":\"Aquagrup Spas\",\"alternateName\":\"Aquagrup\",\"url\":\"https:\/\/www.cataloniaaqua.com\/fr\/\",\"logo\":{\"@type\":\"ImageObject\",\"inLanguage\":\"fr-FR\",\"@id\":\"https:\/\/www.cataloniaaqua.com\/fr\/#\/schema\/logo\/image\/\",\"url\":\"https:\/\/www.cataloniaaqua.com\/wp-content\/uploads\/2024\/01\/aquagrup-spas.jpg\",\"contentUrl\":\"https:\/\/www.cataloniaaqua.com\/wp-content\/uploads\/2024\/01\/aquagrup-spas.jpg\",\"width\":696,\"height\":693,\"caption\":\"Aquagrup Spas\"},\"image\":{\"@id\":\"https:\/\/www.cataloniaaqua.com\/fr\/#\/schema\/logo\/image\/\"}}]}<\/script>\n<!-- \/ Yoast SEO plugin. -->","yoast_head_json":{"title":"Vente \/ Acheter Spa Soft","description":"Vous envisagez d'Acheter un Spa Ext\u00e9rieur ou de l'Int\u00e9rieur? Connaissez-vous le nouveau Spa Soft de Spas Aquavia? D\u00e9couvrez ici!","robots":{"index":"index","follow":"follow","max-snippet":"max-snippet:-1","max-image-preview":"max-image-preview:large","max-video-preview":"max-video-preview:-1"},"canonical":"https:\/\/www.cataloniaaqua.com\/fr\/acheter-aquavia-spa\/spas-exterieur-interieur\/soft\/","og_locale":"fr_FR","og_type":"article","og_title":"Vente \/ Acheter Spa Soft","og_description":"Vous envisagez d'Acheter un Spa Ext\u00e9rieur ou de l'Int\u00e9rieur? Connaissez-vous le nouveau Spa Soft de Spas Aquavia? D\u00e9couvrez ici!","og_url":"https:\/\/www.cataloniaaqua.com\/fr\/acheter-aquavia-spa\/spas-exterieur-interieur\/soft\/","og_site_name":"Aquagrup Spas","article_modified_time":"2021-02-15T13:42:42+00:00","og_image":[{"width":450,"height":450,"url":"https:\/\/www.cataloniaaqua.com\/wp-content\/uploads\/2019\/09\/spa-soft-comprar-spa.jpg","type":"image\/jpeg"}],"twitter_misc":{"Dur\u00e9e de lecture estim\u00e9e":"2 minutes"},"schema":{"@context":"https:\/\/schema.org","@graph":[{"@type":"WebPage","@id":"https:\/\/www.cataloniaaqua.com\/fr\/acheter-aquavia-spa\/spas-exterieur-interieur\/soft\/","url":"https:\/\/www.cataloniaaqua.com\/fr\/acheter-aquavia-spa\/spas-exterieur-interieur\/soft\/","name":"Vente \/ Acheter Spa Soft","isPartOf":{"@id":"https:\/\/www.cataloniaaqua.com\/fr\/#website"},"primaryImageOfPage":{"@id":"https:\/\/www.cataloniaaqua.com\/fr\/acheter-aquavia-spa\/spas-exterieur-interieur\/soft\/#primaryimage"},"image":{"@id":"https:\/\/www.cataloniaaqua.com\/fr\/acheter-aquavia-spa\/spas-exterieur-interieur\/soft\/#primaryimage"},"thumbnailUrl":"https:\/\/www.cataloniaaqua.com\/wp-content\/uploads\/2019\/09\/spa-soft-comprar-spa.jpg","datePublished":"2019-09-25T14:20:08+00:00","dateModified":"2021-02-15T13:42:42+00:00","description":"Vous envisagez d'Acheter un Spa Ext\u00e9rieur ou de l'Int\u00e9rieur? Connaissez-vous le nouveau Spa Soft de Spas Aquavia? D\u00e9couvrez ici!","breadcrumb":{"@id":"https:\/\/www.cataloniaaqua.com\/fr\/acheter-aquavia-spa\/spas-exterieur-interieur\/soft\/#breadcrumb"},"inLanguage":"fr-FR","potentialAction":[{"@type":"ReadAction","target":["https:\/\/www.cataloniaaqua.com\/fr\/acheter-aquavia-spa\/spas-exterieur-interieur\/soft\/"]}]},{"@type":"ImageObject","inLanguage":"fr-FR","@id":"https:\/\/www.cataloniaaqua.com\/fr\/acheter-aquavia-spa\/spas-exterieur-interieur\/soft\/#primaryimage","url":"https:\/\/www.cataloniaaqua.com\/wp-content\/uploads\/2019\/09\/spa-soft-comprar-spa.jpg","contentUrl":"https:\/\/www.cataloniaaqua.com\/wp-content\/uploads\/2019\/09\/spa-soft-comprar-spa.jpg","width":450,"height":450,"caption":"Spa Soft"},{"@type":"BreadcrumbList","@id":"https:\/\/www.cataloniaaqua.com\/fr\/acheter-aquavia-spa\/spas-exterieur-interieur\/soft\/#breadcrumb","itemListElement":[{"@type":"ListItem","position":1,"name":"Jacuzzi Spa y Cubierta de Piscina","item":"https:\/\/www.cataloniaaqua.com\/fr\/"},{"@type":"ListItem","position":2,"name":"Acheter Aquavia Spa\u00ae","item":"https:\/\/www.cataloniaaqua.com\/fr\/acheter-aquavia-spa-bck\/"},{"@type":"ListItem","position":3,"name":"Spa Ext\u00e9rieur et Int\u00e9rieur Aquavia Spa\u00ae","item":"https:\/\/www.cataloniaaqua.com\/fr\/acheter-aquavia-spa-bck\/spas-exterieur-interieur\/"},{"@type":"ListItem","position":4,"name":"Soft"}]},{"@type":"WebSite","@id":"https:\/\/www.cataloniaaqua.com\/fr\/#website","url":"https:\/\/www.cataloniaaqua.com\/fr\/","name":"Aquagrup Spas","description":"Spas y Swim Spas Aquavia y Jacuzzi","publisher":{"@id":"https:\/\/www.cataloniaaqua.com\/fr\/#organization"},"alternateName":"Aquagrup","potentialAction":[{"@type":"SearchAction","target":{"@type":"EntryPoint","urlTemplate":"https:\/\/www.cataloniaaqua.com\/fr\/?s={search_term_string}"},"query-input":{"@type":"PropertyValueSpecification","valueRequired":true,"valueName":"search_term_string"}}],"inLanguage":"fr-FR"},{"@type":"Organization","@id":"https:\/\/www.cataloniaaqua.com\/fr\/#organization","name":"Aquagrup Spas","alternateName":"Aquagrup","url":"https:\/\/www.cataloniaaqua.com\/fr\/","logo":{"@type":"ImageObject","inLanguage":"fr-FR","@id":"https:\/\/www.cataloniaaqua.com\/fr\/#\/schema\/logo\/image\/","url":"https:\/\/www.cataloniaaqua.com\/wp-content\/uploads\/2024\/01\/aquagrup-spas.jpg","contentUrl":"https:\/\/www.cataloniaaqua.com\/wp-content\/uploads\/2024\/01\/aquagrup-spas.jpg","width":696,"height":693,"caption":"Aquagrup Spas"},"image":{"@id":"https:\/\/www.cataloniaaqua.com\/fr\/#\/schema\/logo\/image\/"}}]}},"_links":{"self":[{"href":"https:\/\/www.cataloniaaqua.com\/fr\/wp-json\/wp\/v2\/pages\/18501","targetHints":{"allow":["GET"]}}],"collection":[{"href":"https:\/\/www.cataloniaaqua.com\/fr\/wp-json\/wp\/v2\/pages"}],"about":[{"href":"https:\/\/www.cataloniaaqua.com\/fr\/wp-json\/wp\/v2\/types\/page"}],"author":[{"embeddable":true,"href":"https:\/\/www.cataloniaaqua.com\/fr\/wp-json\/wp\/v2\/users\/3"}],"replies":[{"embeddable":true,"href":"https:\/\/www.cataloniaaqua.com\/fr\/wp-json\/wp\/v2\/comments?post=18501"}],"version-history":[{"count":0,"href":"https:\/\/www.cataloniaaqua.com\/fr\/wp-json\/wp\/v2\/pages\/18501\/revisions"}],"up":[{"embeddable":true,"href":"https:\/\/www.cataloniaaqua.com\/fr\/wp-json\/wp\/v2\/pages\/46"}],"wp:featuredmedia":[{"embeddable":true,"href":"https:\/\/www.cataloniaaqua.com\/fr\/wp-json\/wp\/v2\/media\/18797"}],"wp:attachment":[{"href":"https:\/\/www.cataloniaaqua.com\/fr\/wp-json\/wp\/v2\/media?parent=18501"}],"curies":[{"name":"wp","href":"https:\/\/api.w.org\/{rel}","templated":true}]}}