{"id":18604,"date":"2019-09-26T11:51:33","date_gmt":"2019-09-26T09:51:33","guid":{"rendered":"https:\/\/www.cataloniaaqua.com\/?page_id=18604"},"modified":"2021-02-15T14:59:21","modified_gmt":"2021-02-15T13:59:21","slug":"feel","status":"publish","type":"page","link":"https:\/\/www.cataloniaaqua.com\/fr\/acheter-aquavia-spa\/spas-exterieur-interieur\/feel\/","title":{"rendered":"Feel"},"content":{"rendered":"<div class=\"wpb-content-wrapper\">[vc_row][vc_column]\n<div class=\"slider-simple shortcode-photo-slider owl-carousel dt-owl-carousel-init photoSlider\" data-width=\"680\" data-height=\"390\" data-autoslide=\"5000\" data-paused=\"false\" style=\"width: 100%\" data-img-mode=\"fill\">\n\t<div class=\"slide-item\">\n\t\t<img loading=\"lazy\" decoding=\"async\" class=\"preload-me aspect\" src=\"https:\/\/www.cataloniaaqua.com\/wp-content\/uploads\/2020\/06\/comprar-spa-exterior-feel.jpg\" srcset=\"https:\/\/www.cataloniaaqua.com\/wp-content\/uploads\/2020\/06\/comprar-spa-exterior-feel.jpg 890w\" style=\"--ratio: 890 \/ 510\" sizes=\"auto, (max-width: 890px) 100vw, 890px\" width=\"890\" height=\"510\"  alt=\"Acheter Spa ext\u00e9rieur Feel\"  \/>\n\t\t<div class=\"slider-post-caption\">\n\t\t\t<div class=\"slider-post-inner\">\n\t\t\t\t<h4>Acheter Spa ext\u00e9rieur Feel<\/h4>\n\t\t\t\t<p>Acheter Spa ext\u00e9rieur Feel<\/p>\n\n\t\t\t<\/div>\n\t\t<\/div><\/div>\n\t<div class=\"slide-item\">\n\t\t<img loading=\"lazy\" decoding=\"async\" class=\"preload-me aspect\" src=\"https:\/\/www.cataloniaaqua.com\/wp-content\/uploads\/2020\/06\/comprar-spa-hidromasaje-feel.jpg\" srcset=\"https:\/\/www.cataloniaaqua.com\/wp-content\/uploads\/2020\/06\/comprar-spa-hidromasaje-feel.jpg 890w\" style=\"--ratio: 890 \/ 510\" sizes=\"auto, (max-width: 890px) 100vw, 890px\" width=\"890\" height=\"510\"  alt=\"Acheter Spa hydromassage Feel\"  \/>\n\t\t<div class=\"slider-post-caption\">\n\t\t\t<div class=\"slider-post-inner\">\n\t\t\t\t<h4>Acheter Spa hydromassage Feel<\/h4>\n\t\t\t\t<p>Acheter Spa hydromassage Feel<\/p>\n\n\t\t\t<\/div>\n\t\t<\/div><\/div>\n\t<div class=\"slide-item\">\n\t\t<img loading=\"lazy\" decoding=\"async\" class=\"preload-me aspect\" src=\"https:\/\/www.cataloniaaqua.com\/wp-content\/uploads\/2020\/06\/comprar-spa-privado-feel.jpg\" srcset=\"https:\/\/www.cataloniaaqua.com\/wp-content\/uploads\/2020\/06\/comprar-spa-privado-feel.jpg 890w\" style=\"--ratio: 890 \/ 510\" sizes=\"auto, (max-width: 890px) 100vw, 890px\" width=\"890\" height=\"510\"  alt=\"Acheter spa priv\u00e9 Feel\"  \/>\n\t\t<div class=\"slider-post-caption\">\n\t\t\t<div class=\"slider-post-inner\">\n\t\t\t\t<h4>Acheter spa priv\u00e9 Feel<\/h4>\n\t\t\t\t<p>Acheter spa priv\u00e9 Feel<\/p>\n\n\t\t\t<\/div>\n\t\t<\/div><\/div>\n\t<div class=\"slide-item\">\n\t\t<img loading=\"lazy\" decoding=\"async\" class=\"preload-me aspect\" src=\"https:\/\/www.cataloniaaqua.com\/wp-content\/uploads\/2020\/06\/comprar-spa-feel.jpg\" srcset=\"https:\/\/www.cataloniaaqua.com\/wp-content\/uploads\/2020\/06\/comprar-spa-feel.jpg 890w\" style=\"--ratio: 890 \/ 510\" sizes=\"auto, (max-width: 890px) 100vw, 890px\" width=\"890\" height=\"510\"  alt=\"Acheter Spa hydromassage Feel\"  \/>\n\t\t<div class=\"slider-post-caption\">\n\t\t\t<div class=\"slider-post-inner\">\n\t\t\t\t<h4>Acheter Spa hydromassage Feel<\/h4>\n\t\t\t\t<p>Acheter Spa hydromassage Feel<\/p>\n\n\t\t\t<\/div>\n\t\t<\/div><\/div>\n\t<div class=\"slide-item\">\n\t\t<img loading=\"lazy\" decoding=\"async\" class=\"preload-me aspect\" src=\"https:\/\/www.cataloniaaqua.com\/wp-content\/uploads\/2019\/09\/comprar-hidromasaje-spa-feel.jpg\" srcset=\"https:\/\/www.cataloniaaqua.com\/wp-content\/uploads\/2019\/09\/comprar-hidromasaje-spa-feel.jpg 738w\" style=\"--ratio: 738 \/ 334\" sizes=\"auto, (max-width: 738px) 100vw, 738px\" width=\"738\" height=\"334\"  alt=\"Acheter Spa Feel Hydromassage\"  \/>\n\t\t<div class=\"slider-post-caption\">\n\t\t\t<div class=\"slider-post-inner\">\n\t\t\t\t<h4>Acheter Spa Feel Hydromassage<\/h4>\n\t\t\t\t<p>Acheter Spa Feel Hydromassage<\/p>\n\n\t\t\t<\/div>\n\t\t<\/div><\/div>\n\t<div class=\"slide-item\">\n\t\t<img loading=\"lazy\" decoding=\"async\" class=\"preload-me aspect\" src=\"https:\/\/www.cataloniaaqua.com\/wp-content\/uploads\/2019\/09\/comprar-spa-feel-hidromasaje.jpg\" srcset=\"https:\/\/www.cataloniaaqua.com\/wp-content\/uploads\/2019\/09\/comprar-spa-feel-hidromasaje.jpg 738w\" style=\"--ratio: 738 \/ 334\" sizes=\"auto, (max-width: 738px) 100vw, 738px\" width=\"738\" height=\"334\"  alt=\"Acheter Spa Feel Hydromassage\"  \/>\n\t\t<div class=\"slider-post-caption\">\n\t\t\t<div class=\"slider-post-inner\">\n\t\t\t\t<h4>Acheter Spa Feel Hydromassage<\/h4>\n\t\t\t\t<p>Acheter Spa Feel Hydromassage<\/p>\n\n\t\t\t<\/div>\n\t\t<\/div><\/div>\n\t<div class=\"slide-item\">\n\t\t<img loading=\"lazy\" decoding=\"async\" class=\"preload-me aspect\" src=\"https:\/\/www.cataloniaaqua.com\/wp-content\/uploads\/2019\/09\/comprar-spa-feel.jpg\" srcset=\"https:\/\/www.cataloniaaqua.com\/wp-content\/uploads\/2019\/09\/comprar-spa-feel.jpg 738w\" style=\"--ratio: 738 \/ 334\" sizes=\"auto, (max-width: 738px) 100vw, 738px\" width=\"738\" height=\"334\"  alt=\"Acheter spa Feel\"  \/>\n\t\t<div class=\"slider-post-caption\">\n\t\t\t<div class=\"slider-post-inner\">\n\t\t\t\t<h4>Acheter spa Feel<\/h4>\n\t\t\t\t<p>Acheter spa Feel<\/p>\n\n\t\t\t<\/div>\n\t\t<\/div><\/div><\/div>[vc_raw_html]\n<p>JTNDZGl2JTIwY2xhc3MlM0QlMjJ0cC1iYW5uZXJzaGFkb3clMjB0cC1zaGFkb3cyJTIwc29tYnJhcnMlMjIlM0UlM0MlMkZkaXYlM0U=<\/p>\n[\/vc_raw_html][vc_empty_space][\/vc_column][\/vc_row][vc_row][vc_column][vc_column_text]\n<h2>Spa Feel<\/h2>\n<p>Le\u00a0<strong>spa d\u2019hydromassage Feel<\/strong>\u00a0est le fid\u00e8le reflet de l\u2019\u00e9volution continue du design que notre usine de\u00a0<strong>fabrication de spas<\/strong>\u00a0travaille chaque jour. En plus de sa ligne \u00e9l\u00e9gante et confortable, cet\u00a0<strong>hydromassage<\/strong>\u00a0poss\u00e8de deux chaises longues \u00e9tudi\u00e9es ergonomiquement qui permettent de profiter du plus grand confort et relaxation, ainsi que de trois si\u00e8ges suppl\u00e9mentaires, vous procurant ainsi un massage complet de toutes les zones du corps.<\/p>\n<p>Spa d\u2019ext\u00e9rieur mais aussi d\u2019int\u00e9rieur.<\/p>\n<p><strong>SERVICE DANS TOUTE L\u2019ESPAGNE<\/strong>[\/vc_column_text][vc_accordion active_tab=\u00a0\u00bbfalse\u00a0\u00bb][vc_accordion_tab title=\u00a0\u00bbInfo\u00a0\u00bb][vc_column_text]\n[\/vc_column_text][\/vc_accordion_tab][\/vc_accordion][\/vc_column][\/vc_row][vc_row][vc_column][vc_single_image image=\u00a0\u00bb18621&Prime; img_size=\u00a0\u00bbfull\u00a0\u00bb alignment=\u00a0\u00bbcenter\u00a0\u00bb][\/vc_column][\/vc_row][vc_row][vc_column][vc_tabs interval=\u00a0\u00bb0&Prime;][vc_tab title=\u00a0\u00bbCircuits\u00a0\u00bb tab_id=\u00a0\u00bbfcaea0c7-9e32-5ca96-25b0&Prime;][vc_row_inner][vc_column_inner][vc_column_text]<img loading=\"lazy\" decoding=\"async\" class=\"wp-image-18625 size-full\" src=\"https:\/\/www.cataloniaaqua.com\/wp-content\/uploads\/2019\/09\/spa-feel-posiciones.jpg\" alt=\"Jacuzzi Spa Feel positions\" width=\"704\" height=\"326\" srcset=\"https:\/\/www.cataloniaaqua.com\/wp-content\/uploads\/2019\/09\/spa-feel-posiciones.jpg 704w, https:\/\/www.cataloniaaqua.com\/wp-content\/uploads\/2019\/09\/spa-feel-posiciones-300x139.jpg 300w\" sizes=\"auto, (max-width: 704px) 100vw, 704px\" \/>[\/vc_column_text][\/vc_column_inner][\/vc_row_inner][\/vc_tab][vc_tab title=\u00a0\u00bbAvantages\u00a0\u00bb tab_id=\u00a0\u00bb3819c923-fee0-2ca96-25b0&Prime;][vc_single_image image=\u00a0\u00bb18668&Prime; img_size=\u00a0\u00bbfull\u00a0\u00bb onclick=\u00a0\u00bbcustom_link\u00a0\u00bb link=\u00a0\u00bbhttp:\/\/www.cataloniaaqua.com\/equipamiento\/\u00a0\u00bb][\/vc_tab][vc_tab title=\u00a0\u00bbCaract\u00e9ristiques\u00a0\u00bb tab_id=\u00a0\u00bb1428999164043-2-5ca96-25b0&Prime;][vc_single_image image=\u00a0\u00bb18679&Prime; img_size=\u00a0\u00bbfull\u00a0\u00bb][\/vc_tab][vc_tab title=\u00a0\u00bbFinitions\u00a0\u00bb tab_id=\u00a0\u00bb1428999192252-3-8ca96-25b0&Prime;][vc_column_text]\n<h3>Couleurs Acrylique<\/h3>\n[\/vc_column_text][vc_single_image image=\u00a0\u00bb18644&Prime; img_size=\u00a0\u00bbfull\u00a0\u00bb][vc_column_text]\n<h3>Bois des Spas<\/h3>\n[\/vc_column_text][vc_single_image image=\u00a0\u00bb18648&Prime; img_size=\u00a0\u00bbfull\u00a0\u00bb][\/vc_tab][vc_tab title=\u00a0\u00bbAccessoires\u00a0\u00bb tab_id=\u00a0\u00bb1428999253035-4-6ca96-25b0&Prime;][vc_single_image image=\u00a0\u00bb18683&Prime; img_size=\u00a0\u00bbfull\u00a0\u00bb][\/vc_tab][vc_tab title=\u00a0\u00bbDocumentation\u00a0\u00bb tab_id=\u00a0\u00bb1428999293099-5-6ca96-25b0&Prime;][vc_column_text]<table class=\"omsc-custom-table omsc-style-1\"><tr><td>Document comportant les sp\u00e9cifications techniques et les options disponibles.<\/td><td><a href=\"\/wp-content\/uploads\/pdfs\/especificaciones\/acheter-jacuzzi-feel.pdf\" target=\"_blank\" rel=\"noopener noreferrer\"><img decoding=\"async\" src=\"https:\/\/www.cataloniaaqua.com\/wp-content\/uploads\/2018\/06\/pdf.png\" alt=\"PDF\" \/><\/a><\/td><\/tr><tr><td>Plans technique contenant la disposition des jets et les dimensions du spa.<\/td><td><a href=\"\/wp-content\/uploads\/pdfs\/planos\/spa-feel.pdf\" target=\"_blank\" rel=\"noopener noreferrer\"><img decoding=\"async\" src=\"https:\/\/www.cataloniaaqua.com\/wp-content\/uploads\/2018\/06\/pdf.png\" alt=\"PDF\" \/><\/a><\/td><\/tr><tr><td>Manuel d&rsquo;Installation et Manuel d&rsquo;Utilisation.<\/td><td><a href=\"https:\/\/www.cataloniaaqua.com\/wp-content\/uploads\/pdfs\/manuel-installation-manuel-utilisation-spas-swimspas.pdf\" target=\"_blank\" rel=\"noopener noreferrer\"><img decoding=\"async\" src=\"https:\/\/www.cataloniaaqua.com\/wp-content\/uploads\/2018\/06\/pdf.png\" alt=\"PDF\" \/><\/a><\/td><\/tr><tr><td>Certificat de Garantie.<\/td><td><a href=\"\/wp-content\/uploads\/pdfs\/garantia\/garantias.pdf\" target=\"_blank\" rel=\"noopener noreferrer\"><img decoding=\"async\" src=\"https:\/\/www.cataloniaaqua.com\/wp-content\/uploads\/2018\/06\/pdf.png\" alt=\"PDF\" \/><\/a><\/td><\/tr><\/table>[\/vc_column_text][\/vc_tab][\/vc_tabs][\/vc_column][\/vc_row][vc_row margin_top=\u00a0\u00bb32px\u00a0\u00bb margin_bottom=\u00a0\u00bb0&Prime;][vc_column][vc_raw_html]JTVCYndfc3Bhc19yZWxhYyU1RA==[\/vc_raw_html][\/vc_column][\/vc_row][vc_row][vc_column][vc_empty_space][\/vc_column][\/vc_row]\n<\/div>","protected":false},"excerpt":{"rendered":"<p>[vc_row][vc_column][vc_raw_html] JTNDZGl2JTIwY2xhc3MlM0QlMjJ0cC1iYW5uZXJzaGFkb3clMjB0cC1zaGFkb3cyJTIwc29tYnJhcnMlMjIlM0UlM0MlMkZkaXYlM0U= [\/vc_raw_html][vc_empty_space][\/vc_column][\/vc_row][vc_row][vc_column][vc_column_text] Spa Feel Le\u00a0spa d\u2019hydromassage Feel\u00a0est le fid\u00e8le reflet de l\u2019\u00e9volution continue du design que notre usine de\u00a0fabrication de spas\u00a0travaille chaque jour. En plus de sa ligne \u00e9l\u00e9gante et confortable, cet\u00a0hydromassage\u00a0poss\u00e8de deux chaises longues \u00e9tudi\u00e9es ergonomiquement qui permettent de profiter du plus grand confort et relaxation, ainsi que de trois si\u00e8ges suppl\u00e9mentaires, vous&hellip;<\/p>\n","protected":false},"author":3,"featured_media":18656,"parent":46,"menu_order":0,"comment_status":"closed","ping_status":"closed","template":"","meta":{"_acf_changed":false,"footnotes":""},"class_list":["post-18604","page","type-page","status-publish","has-post-thumbnail","hentry","description-off"],"acf":[],"yoast_head":"<!-- This site is optimized with the Yoast SEO plugin v27.2 - https:\/\/yoast.com\/product\/yoast-seo-wordpress\/ -->\n<title>Vente \/ Acheter Spa Feel<\/title>\n<meta name=\"description\" content=\"Vous envisagez d&#039;Acheter un Spa Ext\u00e9rieur ou de l&#039;Int\u00e9rieur? Connaissez-vous le nouveau Spa Feel de Spas Aquavia? D\u00e9couvrez ici!\" \/>\n<meta name=\"robots\" content=\"index, follow, max-snippet:-1, max-image-preview:large, max-video-preview:-1\" \/>\n<link rel=\"canonical\" href=\"https:\/\/www.cataloniaaqua.com\/fr\/acheter-aquavia-spa\/spas-exterieur-interieur\/feel\/\" \/>\n<meta property=\"og:locale\" content=\"fr_FR\" \/>\n<meta property=\"og:type\" content=\"article\" \/>\n<meta property=\"og:title\" content=\"Vente \/ Acheter Spa Feel\" \/>\n<meta property=\"og:description\" content=\"Vous envisagez d&#039;Acheter un Spa Ext\u00e9rieur ou de l&#039;Int\u00e9rieur? Connaissez-vous le nouveau Spa Feel de Spas Aquavia? D\u00e9couvrez ici!\" \/>\n<meta property=\"og:url\" content=\"https:\/\/www.cataloniaaqua.com\/fr\/acheter-aquavia-spa\/spas-exterieur-interieur\/feel\/\" \/>\n<meta property=\"og:site_name\" content=\"Aquagrup Spas\" \/>\n<meta property=\"article:modified_time\" content=\"2021-02-15T13:59:21+00:00\" \/>\n<meta property=\"og:image\" content=\"https:\/\/www.cataloniaaqua.com\/wp-content\/uploads\/2019\/09\/spa-feel-dest.jpg\" \/>\n\t<meta property=\"og:image:width\" content=\"450\" \/>\n\t<meta property=\"og:image:height\" content=\"450\" \/>\n\t<meta property=\"og:image:type\" content=\"image\/jpeg\" \/>\n<meta name=\"twitter:label1\" content=\"Dur\u00e9e de lecture estim\u00e9e\" \/>\n\t<meta name=\"twitter:data1\" content=\"2 minutes\" \/>\n<script type=\"application\/ld+json\" class=\"yoast-schema-graph\">{\"@context\":\"https:\/\/schema.org\",\"@graph\":[{\"@type\":\"WebPage\",\"@id\":\"https:\/\/www.cataloniaaqua.com\/fr\/acheter-aquavia-spa\/spas-exterieur-interieur\/feel\/\",\"url\":\"https:\/\/www.cataloniaaqua.com\/fr\/acheter-aquavia-spa\/spas-exterieur-interieur\/feel\/\",\"name\":\"Vente \/ Acheter Spa Feel\",\"isPartOf\":{\"@id\":\"https:\/\/www.cataloniaaqua.com\/fr\/#website\"},\"primaryImageOfPage\":{\"@id\":\"https:\/\/www.cataloniaaqua.com\/fr\/acheter-aquavia-spa\/spas-exterieur-interieur\/feel\/#primaryimage\"},\"image\":{\"@id\":\"https:\/\/www.cataloniaaqua.com\/fr\/acheter-aquavia-spa\/spas-exterieur-interieur\/feel\/#primaryimage\"},\"thumbnailUrl\":\"https:\/\/www.cataloniaaqua.com\/wp-content\/uploads\/2019\/09\/spa-feel-dest.jpg\",\"datePublished\":\"2019-09-26T09:51:33+00:00\",\"dateModified\":\"2021-02-15T13:59:21+00:00\",\"description\":\"Vous envisagez d'Acheter un Spa Ext\u00e9rieur ou de l'Int\u00e9rieur? Connaissez-vous le nouveau Spa Feel de Spas Aquavia? D\u00e9couvrez ici!\",\"breadcrumb\":{\"@id\":\"https:\/\/www.cataloniaaqua.com\/fr\/acheter-aquavia-spa\/spas-exterieur-interieur\/feel\/#breadcrumb\"},\"inLanguage\":\"fr-FR\",\"potentialAction\":[{\"@type\":\"ReadAction\",\"target\":[\"https:\/\/www.cataloniaaqua.com\/fr\/acheter-aquavia-spa\/spas-exterieur-interieur\/feel\/\"]}]},{\"@type\":\"ImageObject\",\"inLanguage\":\"fr-FR\",\"@id\":\"https:\/\/www.cataloniaaqua.com\/fr\/acheter-aquavia-spa\/spas-exterieur-interieur\/feel\/#primaryimage\",\"url\":\"https:\/\/www.cataloniaaqua.com\/wp-content\/uploads\/2019\/09\/spa-feel-dest.jpg\",\"contentUrl\":\"https:\/\/www.cataloniaaqua.com\/wp-content\/uploads\/2019\/09\/spa-feel-dest.jpg\",\"width\":450,\"height\":450,\"caption\":\"Acheter Spa Feel\"},{\"@type\":\"BreadcrumbList\",\"@id\":\"https:\/\/www.cataloniaaqua.com\/fr\/acheter-aquavia-spa\/spas-exterieur-interieur\/feel\/#breadcrumb\",\"itemListElement\":[{\"@type\":\"ListItem\",\"position\":1,\"name\":\"Jacuzzi Spa y Cubierta de Piscina\",\"item\":\"https:\/\/www.cataloniaaqua.com\/fr\/\"},{\"@type\":\"ListItem\",\"position\":2,\"name\":\"Acheter Aquavia Spa\u00ae\",\"item\":\"https:\/\/www.cataloniaaqua.com\/fr\/acheter-aquavia-spa-bck\/\"},{\"@type\":\"ListItem\",\"position\":3,\"name\":\"Spa Ext\u00e9rieur et Int\u00e9rieur Aquavia Spa\u00ae\",\"item\":\"https:\/\/www.cataloniaaqua.com\/fr\/acheter-aquavia-spa-bck\/spas-exterieur-interieur\/\"},{\"@type\":\"ListItem\",\"position\":4,\"name\":\"Feel\"}]},{\"@type\":\"WebSite\",\"@id\":\"https:\/\/www.cataloniaaqua.com\/fr\/#website\",\"url\":\"https:\/\/www.cataloniaaqua.com\/fr\/\",\"name\":\"Aquagrup Spas\",\"description\":\"Spas y Swim Spas Aquavia y Jacuzzi\",\"publisher\":{\"@id\":\"https:\/\/www.cataloniaaqua.com\/fr\/#organization\"},\"alternateName\":\"Aquagrup\",\"potentialAction\":[{\"@type\":\"SearchAction\",\"target\":{\"@type\":\"EntryPoint\",\"urlTemplate\":\"https:\/\/www.cataloniaaqua.com\/fr\/?s={search_term_string}\"},\"query-input\":{\"@type\":\"PropertyValueSpecification\",\"valueRequired\":true,\"valueName\":\"search_term_string\"}}],\"inLanguage\":\"fr-FR\"},{\"@type\":\"Organization\",\"@id\":\"https:\/\/www.cataloniaaqua.com\/fr\/#organization\",\"name\":\"Aquagrup Spas\",\"alternateName\":\"Aquagrup\",\"url\":\"https:\/\/www.cataloniaaqua.com\/fr\/\",\"logo\":{\"@type\":\"ImageObject\",\"inLanguage\":\"fr-FR\",\"@id\":\"https:\/\/www.cataloniaaqua.com\/fr\/#\/schema\/logo\/image\/\",\"url\":\"https:\/\/www.cataloniaaqua.com\/wp-content\/uploads\/2024\/01\/aquagrup-spas.jpg\",\"contentUrl\":\"https:\/\/www.cataloniaaqua.com\/wp-content\/uploads\/2024\/01\/aquagrup-spas.jpg\",\"width\":696,\"height\":693,\"caption\":\"Aquagrup Spas\"},\"image\":{\"@id\":\"https:\/\/www.cataloniaaqua.com\/fr\/#\/schema\/logo\/image\/\"}}]}<\/script>\n<!-- \/ Yoast SEO plugin. -->","yoast_head_json":{"title":"Vente \/ Acheter Spa Feel","description":"Vous envisagez d'Acheter un Spa Ext\u00e9rieur ou de l'Int\u00e9rieur? Connaissez-vous le nouveau Spa Feel de Spas Aquavia? D\u00e9couvrez ici!","robots":{"index":"index","follow":"follow","max-snippet":"max-snippet:-1","max-image-preview":"max-image-preview:large","max-video-preview":"max-video-preview:-1"},"canonical":"https:\/\/www.cataloniaaqua.com\/fr\/acheter-aquavia-spa\/spas-exterieur-interieur\/feel\/","og_locale":"fr_FR","og_type":"article","og_title":"Vente \/ Acheter Spa Feel","og_description":"Vous envisagez d'Acheter un Spa Ext\u00e9rieur ou de l'Int\u00e9rieur? Connaissez-vous le nouveau Spa Feel de Spas Aquavia? D\u00e9couvrez ici!","og_url":"https:\/\/www.cataloniaaqua.com\/fr\/acheter-aquavia-spa\/spas-exterieur-interieur\/feel\/","og_site_name":"Aquagrup Spas","article_modified_time":"2021-02-15T13:59:21+00:00","og_image":[{"width":450,"height":450,"url":"https:\/\/www.cataloniaaqua.com\/wp-content\/uploads\/2019\/09\/spa-feel-dest.jpg","type":"image\/jpeg"}],"twitter_misc":{"Dur\u00e9e de lecture estim\u00e9e":"2 minutes"},"schema":{"@context":"https:\/\/schema.org","@graph":[{"@type":"WebPage","@id":"https:\/\/www.cataloniaaqua.com\/fr\/acheter-aquavia-spa\/spas-exterieur-interieur\/feel\/","url":"https:\/\/www.cataloniaaqua.com\/fr\/acheter-aquavia-spa\/spas-exterieur-interieur\/feel\/","name":"Vente \/ Acheter Spa Feel","isPartOf":{"@id":"https:\/\/www.cataloniaaqua.com\/fr\/#website"},"primaryImageOfPage":{"@id":"https:\/\/www.cataloniaaqua.com\/fr\/acheter-aquavia-spa\/spas-exterieur-interieur\/feel\/#primaryimage"},"image":{"@id":"https:\/\/www.cataloniaaqua.com\/fr\/acheter-aquavia-spa\/spas-exterieur-interieur\/feel\/#primaryimage"},"thumbnailUrl":"https:\/\/www.cataloniaaqua.com\/wp-content\/uploads\/2019\/09\/spa-feel-dest.jpg","datePublished":"2019-09-26T09:51:33+00:00","dateModified":"2021-02-15T13:59:21+00:00","description":"Vous envisagez d'Acheter un Spa Ext\u00e9rieur ou de l'Int\u00e9rieur? Connaissez-vous le nouveau Spa Feel de Spas Aquavia? D\u00e9couvrez ici!","breadcrumb":{"@id":"https:\/\/www.cataloniaaqua.com\/fr\/acheter-aquavia-spa\/spas-exterieur-interieur\/feel\/#breadcrumb"},"inLanguage":"fr-FR","potentialAction":[{"@type":"ReadAction","target":["https:\/\/www.cataloniaaqua.com\/fr\/acheter-aquavia-spa\/spas-exterieur-interieur\/feel\/"]}]},{"@type":"ImageObject","inLanguage":"fr-FR","@id":"https:\/\/www.cataloniaaqua.com\/fr\/acheter-aquavia-spa\/spas-exterieur-interieur\/feel\/#primaryimage","url":"https:\/\/www.cataloniaaqua.com\/wp-content\/uploads\/2019\/09\/spa-feel-dest.jpg","contentUrl":"https:\/\/www.cataloniaaqua.com\/wp-content\/uploads\/2019\/09\/spa-feel-dest.jpg","width":450,"height":450,"caption":"Acheter Spa Feel"},{"@type":"BreadcrumbList","@id":"https:\/\/www.cataloniaaqua.com\/fr\/acheter-aquavia-spa\/spas-exterieur-interieur\/feel\/#breadcrumb","itemListElement":[{"@type":"ListItem","position":1,"name":"Jacuzzi Spa y Cubierta de Piscina","item":"https:\/\/www.cataloniaaqua.com\/fr\/"},{"@type":"ListItem","position":2,"name":"Acheter Aquavia Spa\u00ae","item":"https:\/\/www.cataloniaaqua.com\/fr\/acheter-aquavia-spa-bck\/"},{"@type":"ListItem","position":3,"name":"Spa Ext\u00e9rieur et Int\u00e9rieur Aquavia Spa\u00ae","item":"https:\/\/www.cataloniaaqua.com\/fr\/acheter-aquavia-spa-bck\/spas-exterieur-interieur\/"},{"@type":"ListItem","position":4,"name":"Feel"}]},{"@type":"WebSite","@id":"https:\/\/www.cataloniaaqua.com\/fr\/#website","url":"https:\/\/www.cataloniaaqua.com\/fr\/","name":"Aquagrup Spas","description":"Spas y Swim Spas Aquavia y Jacuzzi","publisher":{"@id":"https:\/\/www.cataloniaaqua.com\/fr\/#organization"},"alternateName":"Aquagrup","potentialAction":[{"@type":"SearchAction","target":{"@type":"EntryPoint","urlTemplate":"https:\/\/www.cataloniaaqua.com\/fr\/?s={search_term_string}"},"query-input":{"@type":"PropertyValueSpecification","valueRequired":true,"valueName":"search_term_string"}}],"inLanguage":"fr-FR"},{"@type":"Organization","@id":"https:\/\/www.cataloniaaqua.com\/fr\/#organization","name":"Aquagrup Spas","alternateName":"Aquagrup","url":"https:\/\/www.cataloniaaqua.com\/fr\/","logo":{"@type":"ImageObject","inLanguage":"fr-FR","@id":"https:\/\/www.cataloniaaqua.com\/fr\/#\/schema\/logo\/image\/","url":"https:\/\/www.cataloniaaqua.com\/wp-content\/uploads\/2024\/01\/aquagrup-spas.jpg","contentUrl":"https:\/\/www.cataloniaaqua.com\/wp-content\/uploads\/2024\/01\/aquagrup-spas.jpg","width":696,"height":693,"caption":"Aquagrup Spas"},"image":{"@id":"https:\/\/www.cataloniaaqua.com\/fr\/#\/schema\/logo\/image\/"}}]}},"_links":{"self":[{"href":"https:\/\/www.cataloniaaqua.com\/fr\/wp-json\/wp\/v2\/pages\/18604","targetHints":{"allow":["GET"]}}],"collection":[{"href":"https:\/\/www.cataloniaaqua.com\/fr\/wp-json\/wp\/v2\/pages"}],"about":[{"href":"https:\/\/www.cataloniaaqua.com\/fr\/wp-json\/wp\/v2\/types\/page"}],"author":[{"embeddable":true,"href":"https:\/\/www.cataloniaaqua.com\/fr\/wp-json\/wp\/v2\/users\/3"}],"replies":[{"embeddable":true,"href":"https:\/\/www.cataloniaaqua.com\/fr\/wp-json\/wp\/v2\/comments?post=18604"}],"version-history":[{"count":0,"href":"https:\/\/www.cataloniaaqua.com\/fr\/wp-json\/wp\/v2\/pages\/18604\/revisions"}],"up":[{"embeddable":true,"href":"https:\/\/www.cataloniaaqua.com\/fr\/wp-json\/wp\/v2\/pages\/46"}],"wp:featuredmedia":[{"embeddable":true,"href":"https:\/\/www.cataloniaaqua.com\/fr\/wp-json\/wp\/v2\/media\/18656"}],"wp:attachment":[{"href":"https:\/\/www.cataloniaaqua.com\/fr\/wp-json\/wp\/v2\/media?parent=18604"}],"curies":[{"name":"wp","href":"https:\/\/api.w.org\/{rel}","templated":true}]}}