{"id":23480,"date":"2020-09-16T14:11:51","date_gmt":"2020-09-16T12:11:51","guid":{"rendered":"https:\/\/www.cataloniaaqua.com\/?page_id=23480"},"modified":"2021-02-15T15:04:10","modified_gmt":"2021-02-15T14:04:10","slug":"velvet","status":"publish","type":"page","link":"https:\/\/www.cataloniaaqua.com\/fr\/acheter-aquavia-spa\/spas-exterieur-interieur\/velvet\/","title":{"rendered":"Velvet"},"content":{"rendered":"<div class=\"wpb-content-wrapper\">[vc_row][vc_column]\n<div class=\"slider-simple shortcode-photo-slider owl-carousel dt-owl-carousel-init photoSlider\" data-width=\"680\" data-height=\"390\" data-autoslide=\"5000\" data-paused=\"false\" style=\"width: 100%\" data-img-mode=\"fill\">\n\t<div class=\"slide-item\">\n\t\t<img loading=\"lazy\" decoding=\"async\" class=\"preload-me aspect\" src=\"https:\/\/www.cataloniaaqua.com\/wp-content\/uploads\/2020\/07\/comprar-spa-aqua8-hidromasaje.jpg\" srcset=\"https:\/\/www.cataloniaaqua.com\/wp-content\/uploads\/2020\/07\/comprar-spa-aqua8-hidromasaje.jpg 900w\" style=\"--ratio: 900 \/ 516\" sizes=\"auto, (max-width: 900px) 100vw, 900px\" width=\"900\" height=\"516\"  alt=\"Acheter spa Velvet hydromassage\"  \/>\n\t\t<div class=\"slider-post-caption\">\n\t\t\t<div class=\"slider-post-inner\">\n\t\t\t\t<h4>Acheter spa Velvet hydromassage<\/h4>\n\t\t\t\t<p>Acheter spa Velvet hydromassage<\/p>\n\n\t\t\t<\/div>\n\t\t<\/div><\/div>\n\t<div class=\"slide-item\">\n\t\t<img loading=\"lazy\" decoding=\"async\" class=\"preload-me aspect\" src=\"https:\/\/www.cataloniaaqua.com\/wp-content\/uploads\/2020\/07\/comprar-spa-aqua8.jpg\" srcset=\"https:\/\/www.cataloniaaqua.com\/wp-content\/uploads\/2020\/07\/comprar-spa-aqua8.jpg 900w\" style=\"--ratio: 900 \/ 516\" sizes=\"auto, (max-width: 900px) 100vw, 900px\" width=\"900\" height=\"516\"  alt=\"Acheter spa Velvet\"  \/>\n\t\t<div class=\"slider-post-caption\">\n\t\t\t<div class=\"slider-post-inner\">\n\t\t\t\t<h4>Acheter spa Velvet<\/h4>\n\t\t\t\t<p>Acheter spa Velvet<\/p>\n\n\t\t\t<\/div>\n\t\t<\/div><\/div>\n\t<div class=\"slide-item\">\n\t\t<img loading=\"lazy\" decoding=\"async\" class=\"preload-me aspect\" src=\"https:\/\/www.cataloniaaqua.com\/wp-content\/uploads\/2020\/07\/comprar-hidromasaje-spa-aqua8.jpg\" srcset=\"https:\/\/www.cataloniaaqua.com\/wp-content\/uploads\/2020\/07\/comprar-hidromasaje-spa-aqua8.jpg 900w\" style=\"--ratio: 900 \/ 516\" sizes=\"auto, (max-width: 900px) 100vw, 900px\" width=\"900\" height=\"516\"  alt=\"Acheter hydromassage Spa Velvet\"  \/>\n\t\t<div class=\"slider-post-caption\">\n\t\t\t<div class=\"slider-post-inner\">\n\t\t\t\t<h4>Acheter hydromassage Spa Velvet<\/h4>\n\t\t\t\t<p>Acheter hydromassage Spa Velvet<\/p>\n\n\t\t\t<\/div>\n\t\t<\/div><\/div>\n\t<div class=\"slide-item\">\n\t\t<img loading=\"lazy\" decoding=\"async\" class=\"preload-me aspect\" src=\"https:\/\/www.cataloniaaqua.com\/wp-content\/uploads\/2020\/07\/comprar-spa-hidromasaje-aqua8.jpg\" srcset=\"https:\/\/www.cataloniaaqua.com\/wp-content\/uploads\/2020\/07\/comprar-spa-hidromasaje-aqua8.jpg 900w\" style=\"--ratio: 900 \/ 516\" sizes=\"auto, (max-width: 900px) 100vw, 900px\" width=\"900\" height=\"516\"  alt=\"Acheter spa hydromassage Velvet\"  \/>\n\t\t<div class=\"slider-post-caption\">\n\t\t\t<div class=\"slider-post-inner\">\n\t\t\t\t<h4>Acheter spa hydromassage Velvet<\/h4>\n\t\t\t\t<p>Acheter spa hydromassage Velvet<\/p>\n\n\t\t\t<\/div>\n\t\t<\/div><\/div>\n\t<div class=\"slide-item\">\n\t\t<img loading=\"lazy\" decoding=\"async\" class=\"preload-me aspect\" src=\"https:\/\/www.cataloniaaqua.com\/wp-content\/uploads\/2020\/07\/comprar-hidromasaje-aqua8.jpg\" srcset=\"https:\/\/www.cataloniaaqua.com\/wp-content\/uploads\/2020\/07\/comprar-hidromasaje-aqua8.jpg 900w\" style=\"--ratio: 900 \/ 516\" sizes=\"auto, (max-width: 900px) 100vw, 900px\" width=\"900\" height=\"516\"  alt=\"Acheter hydromassage Spa Velvet\"  \/>\n\t\t<div class=\"slider-post-caption\">\n\t\t\t<div class=\"slider-post-inner\">\n\t\t\t\t<h4>Acheter hydromassage Spa Velvet<\/h4>\n\t\t\t\t<p>Acheter hydromassage Spa Velvet<\/p>\n\n\t\t\t<\/div>\n\t\t<\/div><\/div><\/div>[vc_raw_html]\n<p>JTNDZGl2JTIwY2xhc3MlM0QlMjJ0cC1iYW5uZXJzaGFkb3clMjB0cC1zaGFkb3cyJTIwc29tYnJhcnMlMjIlM0UlM0MlMkZkaXYlM0U=<\/p>\n[\/vc_raw_html][vc_empty_space][\/vc_column][\/vc_row][vc_row][vc_column][vc_column_text]\n<h2>Spa Velvet<\/h2>\n<p>Le <strong>spa Velvet<\/strong>\u00a0est un spa pr\u00e9vu pour <strong>cinq personnes<\/strong>, tr\u00e8s confortable quelque soit la place occup\u00e9e en incluant ses deux chaises longues. Avec ses 47 jets d\u2019hydromassage et ses 24 buses soufflantes, ce spa offre un circuit de massages complet \u00e0 domicile.<\/p>\n<p>Le <strong>spa Velvet est id\u00e9al \u00e0 l\u2019int\u00e9rieur de la maison<\/strong> mais c\u2019est aussi un jacuzzi encastrable, ou non, \u00e0 l\u2019ext\u00e9rieur.<\/p>\n<p><strong>SERVICE DANS TOUTE L\u2019ESPAGNE<\/strong>[\/vc_column_text][vc_accordion active_tab=\u00a0\u00bbfalse\u00a0\u00bb][vc_accordion_tab title=\u00a0\u00bbInfo\u00a0\u00bb][vc_column_text]\n[\/vc_column_text][\/vc_accordion_tab][\/vc_accordion][\/vc_column][\/vc_row][vc_row][vc_column][vc_single_image image=\u00a0\u00bb7377&Prime; img_size=\u00a0\u00bbfull\u00a0\u00bb alignment=\u00a0\u00bbcenter\u00a0\u00bb][\/vc_column][\/vc_row][vc_row][vc_column][vc_tabs interval=\u00a0\u00bb0&Prime;][vc_tab title=\u00a0\u00bbCircuits\u00a0\u00bb tab_id=\u00a0\u00bbfcaea0c7-9e32-5a7dd-9c94&Prime;][vc_row_inner][vc_column_inner][vc_column_text]<div class=\"omsc-accordion\">\n<div class=\"omsc-toggle omsc-expanded\"><div class=\"omsc-toggle-title\">Positions<\/div><div class=\"omsc-toggle-inner\" style=\"display:block\">\n<p><a class=\"dt-single-image\" href=\"https:\/\/www.cataloniaaqua.com\/wp-content\/uploads\/2015\/05\/aqua8-spa-hidromasaje.jpg\" data-dt-img-description=\"\"><img loading=\"lazy\" decoding=\"async\" class=\"alignnone wp-image-7380 size-full\" src=\"https:\/\/www.cataloniaaqua.com\/wp-content\/uploads\/2015\/05\/aqua8-spa-hidromasaje.jpg\" alt=\"\" width=\"704\" height=\"330\" srcset=\"https:\/\/www.cataloniaaqua.com\/wp-content\/uploads\/2015\/05\/aqua8-spa-hidromasaje.jpg 704w, https:\/\/www.cataloniaaqua.com\/wp-content\/uploads\/2015\/05\/aqua8-spa-hidromasaje-300x141.jpg 300w\" sizes=\"auto, (max-width: 704px) 100vw, 704px\" \/><\/a><\/p>\n<\/div><\/div>\n<div class=\"omsc-toggle\"><div class=\"omsc-toggle-title\">Position 1<\/div><div class=\"omsc-toggle-inner\">\n<p><a class=\"dt-single-image\" href=\"https:\/\/www.cataloniaaqua.com\/wp-content\/uploads\/2015\/05\/aqua8-jacuzzis-spas-1.jpg\" data-dt-img-description=\"\"><img loading=\"lazy\" decoding=\"async\" class=\"alignnone wp-image-7383 size-full\" src=\"https:\/\/www.cataloniaaqua.com\/wp-content\/uploads\/2015\/05\/aqua8-jacuzzis-spas-1.jpg\" alt=\"\" width=\"678\" height=\"383\" srcset=\"https:\/\/www.cataloniaaqua.com\/wp-content\/uploads\/2015\/05\/aqua8-jacuzzis-spas-1.jpg 678w, https:\/\/www.cataloniaaqua.com\/wp-content\/uploads\/2015\/05\/aqua8-jacuzzis-spas-1-300x169.jpg 300w\" sizes=\"auto, (max-width: 678px) 100vw, 678px\" \/><\/a><\/p>\n<\/div><\/div>\n<div class=\"omsc-toggle\"><div class=\"omsc-toggle-title\">Position 2<\/div><div class=\"omsc-toggle-inner\">\n<p><a class=\"dt-single-image\" href=\"https:\/\/www.cataloniaaqua.com\/wp-content\/uploads\/2015\/05\/aqua8-jacuzzis-spas-2.jpg\" data-dt-img-description=\"\"><img loading=\"lazy\" decoding=\"async\" class=\"alignnone wp-image-7386 size-full\" src=\"https:\/\/www.cataloniaaqua.com\/wp-content\/uploads\/2015\/05\/aqua8-jacuzzis-spas-2.jpg\" alt=\"\" width=\"678\" height=\"342\" srcset=\"https:\/\/www.cataloniaaqua.com\/wp-content\/uploads\/2015\/05\/aqua8-jacuzzis-spas-2.jpg 678w, https:\/\/www.cataloniaaqua.com\/wp-content\/uploads\/2015\/05\/aqua8-jacuzzis-spas-2-300x151.jpg 300w\" sizes=\"auto, (max-width: 678px) 100vw, 678px\" \/><\/a><\/p>\n<\/div><\/div>\n<div class=\"omsc-toggle\"><div class=\"omsc-toggle-title\">Position 3<\/div><div class=\"omsc-toggle-inner\">\n<p><a class=\"dt-single-image\" href=\"https:\/\/www.cataloniaaqua.com\/wp-content\/uploads\/2015\/05\/aqua8-jacuzzis-spas-3.jpg\" data-dt-img-description=\"\"><img loading=\"lazy\" decoding=\"async\" class=\"alignnone size-full wp-image-7389\" src=\"https:\/\/www.cataloniaaqua.com\/wp-content\/uploads\/2015\/05\/aqua8-jacuzzis-spas-3.jpg\" alt=\"aqua8-jacuzzis-spas-3\" width=\"678\" height=\"385\" srcset=\"https:\/\/www.cataloniaaqua.com\/wp-content\/uploads\/2015\/05\/aqua8-jacuzzis-spas-3.jpg 678w, https:\/\/www.cataloniaaqua.com\/wp-content\/uploads\/2015\/05\/aqua8-jacuzzis-spas-3-300x170.jpg 300w\" sizes=\"auto, (max-width: 678px) 100vw, 678px\" \/><\/a><\/p>\n<\/div><\/div>\n<div class=\"omsc-toggle\"><div class=\"omsc-toggle-title\">Position 4<\/div><div class=\"omsc-toggle-inner\">\n<p><a class=\"dt-single-image\" href=\"https:\/\/www.cataloniaaqua.com\/wp-content\/uploads\/2015\/05\/aqua8-jacuzzis-spas-4.jpg\" data-dt-img-description=\"\"><img loading=\"lazy\" decoding=\"async\" class=\"alignnone size-full wp-image-7392\" src=\"https:\/\/www.cataloniaaqua.com\/wp-content\/uploads\/2015\/05\/aqua8-jacuzzis-spas-4.jpg\" alt=\"aqua8-jacuzzis-spas-4\" width=\"678\" height=\"224\" srcset=\"https:\/\/www.cataloniaaqua.com\/wp-content\/uploads\/2015\/05\/aqua8-jacuzzis-spas-4.jpg 678w, https:\/\/www.cataloniaaqua.com\/wp-content\/uploads\/2015\/05\/aqua8-jacuzzis-spas-4-300x99.jpg 300w\" sizes=\"auto, (max-width: 678px) 100vw, 678px\" \/><\/a><\/p>\n<\/div><\/div>\n<div class=\"omsc-toggle\"><div class=\"omsc-toggle-title\">Position 5<\/div><div class=\"omsc-toggle-inner\">\n<p><a class=\"dt-single-image\" href=\"https:\/\/www.cataloniaaqua.com\/wp-content\/uploads\/2015\/05\/aqua8-jacuzzis-spas-5.jpg\" data-dt-img-description=\"\"><img loading=\"lazy\" decoding=\"async\" class=\"alignnone size-full wp-image-7395\" src=\"https:\/\/www.cataloniaaqua.com\/wp-content\/uploads\/2015\/05\/aqua8-jacuzzis-spas-5.jpg\" alt=\"aqua8-jacuzzis-spas-5\" width=\"678\" height=\"320\" srcset=\"https:\/\/www.cataloniaaqua.com\/wp-content\/uploads\/2015\/05\/aqua8-jacuzzis-spas-5.jpg 678w, https:\/\/www.cataloniaaqua.com\/wp-content\/uploads\/2015\/05\/aqua8-jacuzzis-spas-5-300x142.jpg 300w\" sizes=\"auto, (max-width: 678px) 100vw, 678px\" \/><\/a><\/p>\n<\/div><\/div>\n<\/div>[\/vc_column_text][\/vc_column_inner][\/vc_row_inner][\/vc_tab][vc_tab title=\u00a0\u00bbAvantages\u00a0\u00bb tab_id=\u00a0\u00bb3819c923-fee0-2a7dd-9c94&Prime;][vc_single_image image=\u00a0\u00bb7398&Prime; img_size=\u00a0\u00bbfull\u00a0\u00bb onclick=\u00a0\u00bbcustom_link\u00a0\u00bb link=\u00a0\u00bbhttp:\/\/www.cataloniaaqua.com\/equipamiento\/\u00a0\u00bb][\/vc_tab][vc_tab title=\u00a0\u00bbCaract\u00e9ristiques\u00a0\u00bb tab_id=\u00a0\u00bb1428999164043-2-5a7dd-9c94&Prime;][vc_single_image image=\u00a0\u00bb7401&Prime; img_size=\u00a0\u00bbfull\u00a0\u00bb][vc_single_image image=\u00a0\u00bb7404&Prime; img_size=\u00a0\u00bbfull\u00a0\u00bb][vc_single_image image=\u00a0\u00bb7407&Prime; img_size=\u00a0\u00bbfull\u00a0\u00bb][\/vc_tab][vc_tab title=\u00a0\u00bbFinitions\u00a0\u00bb tab_id=\u00a0\u00bb1428999192252-3-8a7dd-9c94&Prime;][vc_column_text]\n<h3>Couleurs Acrylique<\/h3>\n[\/vc_column_text][vc_single_image image=\u00a0\u00bb12977&Prime; img_size=\u00a0\u00bbfull\u00a0\u00bb][vc_column_text]\n<h3>Bois des Spas<\/h3>\n[\/vc_column_text][vc_single_image image=\u00a0\u00bb12989&Prime; img_size=\u00a0\u00bbfull\u00a0\u00bb][\/vc_tab][vc_tab title=\u00a0\u00bbAccessoires\u00a0\u00bb tab_id=\u00a0\u00bb1428999253035-4-6a7dd-9c94&Prime;][vc_single_image image=\u00a0\u00bb6909&Prime; img_size=\u00a0\u00bbfull\u00a0\u00bb][\/vc_tab][vc_tab title=\u00a0\u00bbDocumentation\u00a0\u00bb tab_id=\u00a0\u00bb1428999293099-5-6a7dd-9c94&Prime;][vc_column_text]<table class=\"omsc-custom-table omsc-style-1\"><tr><td>Document comportant les sp\u00e9cifications techniques et les options disponibles.<\/td><td><a href=\"\/wp-content\/uploads\/pdfs\/especificaciones\/acheter-spa-velvet.pdf\" target=\"_blank\" rel=\"noopener noreferrer\"><img decoding=\"async\" src=\"https:\/\/www.cataloniaaqua.com\/wp-content\/uploads\/2018\/06\/pdf.png\" alt=\"PDF\" \/><\/a><\/td><\/tr><tr><td>Plans technique contenant la disposition des jets et les dimensions du spa.<\/td><td><a href=\"\/wp-content\/uploads\/pdfs\/planos\/spa-velvet.pdf\" target=\"_blank\" rel=\"noopener noreferrer\"><img decoding=\"async\" src=\"https:\/\/www.cataloniaaqua.com\/wp-content\/uploads\/2018\/06\/pdf.png\" alt=\"PDF\" \/><\/a><\/td><\/tr><tr><td>Manuel d&rsquo;Installation et Manuel d&rsquo;Utilisation.<\/td><td><a href=\"https:\/\/www.cataloniaaqua.com\/wp-content\/uploads\/pdfs\/manuel-installation-manuel-utilisation-spas-swimspas.pdf\" target=\"_blank\" rel=\"noopener noreferrer\"><img decoding=\"async\" src=\"https:\/\/www.cataloniaaqua.com\/wp-content\/uploads\/2018\/06\/pdf.png\" alt=\"PDF\" \/><\/a><\/td><\/tr><tr><td>Certificat de Garantie.<\/td><td><a href=\"\/wp-content\/uploads\/pdfs\/garantia\/garantias.pdf\" target=\"_blank\" rel=\"noopener noreferrer\"><img decoding=\"async\" src=\"https:\/\/www.cataloniaaqua.com\/wp-content\/uploads\/2018\/06\/pdf.png\" alt=\"PDF\" \/><\/a><\/td><\/tr><\/table>[\/vc_column_text][\/vc_tab][\/vc_tabs][\/vc_column][\/vc_row][vc_row margin_top=\u00a0\u00bb32px\u00a0\u00bb margin_bottom=\u00a0\u00bb0&Prime;][vc_column][vc_raw_html]JTNDaWZyYW1lJTIwd2lkdGglM0QlMjIxMDAlMjUlMjIlMjBoZWlnaHQlM0QlMjJhdXRvJTIyJTIwY2xhc3MlM0QlMjJ2aWRlb195b3V0dWJlJTIyJTIwc3JjJTNEJTIyaHR0cHMlM0ElMkYlMkZ3d3cueW91dHViZS5jb20lMkZlbWJlZCUyRldEaDN1RlFXMDNVJTNGcmVsJTNEMCUyNmFtcCUzQmNvbnRyb2xzJTNEMCUyNmFtcCUzQnNob3dpbmZvJTNEMCUyMiUyMGZyYW1lYm9yZGVyJTNEJTIyMCUyMiUyMGFsbG93JTNEJTIyYXV0b3BsYXklM0IlMjBlbmNyeXB0ZWQtbWVkaWElMjIlMjBhbGxvd2Z1bGxzY3JlZW4lM0UlM0MlMkZpZnJhbWUlM0U=[\/vc_raw_html][\/vc_column][\/vc_row][vc_row margin_top=\u00a0\u00bb32px\u00a0\u00bb margin_bottom=\u00a0\u00bb0&Prime;][vc_column][vc_raw_html]JTVCYndfc3Bhc19yZWxhYyU1RA==[\/vc_raw_html][\/vc_column][\/vc_row][vc_row][vc_column][vc_empty_space][\/vc_column][\/vc_row]\n<\/div>","protected":false},"excerpt":{"rendered":"<p>[vc_row][vc_column][vc_raw_html] JTNDZGl2JTIwY2xhc3MlM0QlMjJ0cC1iYW5uZXJzaGFkb3clMjB0cC1zaGFkb3cyJTIwc29tYnJhcnMlMjIlM0UlM0MlMkZkaXYlM0U= [\/vc_raw_html][vc_empty_space][\/vc_column][\/vc_row][vc_row][vc_column][vc_column_text] Spa Velvet Le spa Velvet\u00a0est un spa pr\u00e9vu pour cinq personnes, tr\u00e8s confortable quelque soit la place occup\u00e9e en incluant ses deux chaises longues. Avec ses 47 jets d\u2019hydromassage et ses 24 buses soufflantes, ce spa offre un circuit de massages complet \u00e0 domicile. Le spa Velvet est id\u00e9al \u00e0 l\u2019int\u00e9rieur de&hellip;<\/p>\n","protected":false},"author":3,"featured_media":23549,"parent":46,"menu_order":0,"comment_status":"closed","ping_status":"closed","template":"","meta":{"_acf_changed":false,"footnotes":""},"class_list":["post-23480","page","type-page","status-publish","has-post-thumbnail","hentry","description-off"],"acf":[],"yoast_head":"<!-- This site is optimized with the Yoast SEO plugin v27.2 - https:\/\/yoast.com\/product\/yoast-seo-wordpress\/ -->\n<title>Vente \/ Acheter Spa Velvet<\/title>\n<meta name=\"description\" content=\"Vous envisagez d&#039;Acheter un Spa Ext\u00e9rieur ou de l&#039;Int\u00e9rieur? Connaissez-vous le nouveau Spa Velvet de Spas Aquavia? D\u00e9couvrez ici!\" \/>\n<meta name=\"robots\" content=\"index, follow, max-snippet:-1, max-image-preview:large, max-video-preview:-1\" \/>\n<link rel=\"canonical\" href=\"https:\/\/www.cataloniaaqua.com\/fr\/acheter-aquavia-spa\/spas-exterieur-interieur\/velvet\/\" \/>\n<meta property=\"og:locale\" content=\"fr_FR\" \/>\n<meta property=\"og:type\" content=\"article\" \/>\n<meta property=\"og:title\" content=\"Vente \/ Acheter Spa Velvet\" \/>\n<meta property=\"og:description\" content=\"Vous envisagez d&#039;Acheter un Spa Ext\u00e9rieur ou de l&#039;Int\u00e9rieur? Connaissez-vous le nouveau Spa Velvet de Spas Aquavia? D\u00e9couvrez ici!\" \/>\n<meta property=\"og:url\" content=\"https:\/\/www.cataloniaaqua.com\/fr\/acheter-aquavia-spa\/spas-exterieur-interieur\/velvet\/\" \/>\n<meta property=\"og:site_name\" content=\"Aquagrup Spas\" \/>\n<meta property=\"article:modified_time\" content=\"2021-02-15T14:04:10+00:00\" \/>\n<meta property=\"og:image\" content=\"https:\/\/www.cataloniaaqua.com\/wp-content\/uploads\/2020\/09\/comprar-spa-velvet.jpg\" \/>\n\t<meta property=\"og:image:width\" content=\"450\" \/>\n\t<meta property=\"og:image:height\" content=\"450\" \/>\n\t<meta property=\"og:image:type\" content=\"image\/jpeg\" \/>\n<meta name=\"twitter:label1\" content=\"Dur\u00e9e de lecture estim\u00e9e\" \/>\n\t<meta name=\"twitter:data1\" content=\"3 minutes\" \/>\n<script type=\"application\/ld+json\" class=\"yoast-schema-graph\">{\"@context\":\"https:\/\/schema.org\",\"@graph\":[{\"@type\":\"WebPage\",\"@id\":\"https:\/\/www.cataloniaaqua.com\/fr\/acheter-aquavia-spa\/spas-exterieur-interieur\/velvet\/\",\"url\":\"https:\/\/www.cataloniaaqua.com\/fr\/acheter-aquavia-spa\/spas-exterieur-interieur\/velvet\/\",\"name\":\"Vente \/ Acheter Spa Velvet\",\"isPartOf\":{\"@id\":\"https:\/\/www.cataloniaaqua.com\/fr\/#website\"},\"primaryImageOfPage\":{\"@id\":\"https:\/\/www.cataloniaaqua.com\/fr\/acheter-aquavia-spa\/spas-exterieur-interieur\/velvet\/#primaryimage\"},\"image\":{\"@id\":\"https:\/\/www.cataloniaaqua.com\/fr\/acheter-aquavia-spa\/spas-exterieur-interieur\/velvet\/#primaryimage\"},\"thumbnailUrl\":\"https:\/\/www.cataloniaaqua.com\/wp-content\/uploads\/2020\/09\/comprar-spa-velvet.jpg\",\"datePublished\":\"2020-09-16T12:11:51+00:00\",\"dateModified\":\"2021-02-15T14:04:10+00:00\",\"description\":\"Vous envisagez d'Acheter un Spa Ext\u00e9rieur ou de l'Int\u00e9rieur? Connaissez-vous le nouveau Spa Velvet de Spas Aquavia? D\u00e9couvrez ici!\",\"breadcrumb\":{\"@id\":\"https:\/\/www.cataloniaaqua.com\/fr\/acheter-aquavia-spa\/spas-exterieur-interieur\/velvet\/#breadcrumb\"},\"inLanguage\":\"fr-FR\",\"potentialAction\":[{\"@type\":\"ReadAction\",\"target\":[\"https:\/\/www.cataloniaaqua.com\/fr\/acheter-aquavia-spa\/spas-exterieur-interieur\/velvet\/\"]}]},{\"@type\":\"ImageObject\",\"inLanguage\":\"fr-FR\",\"@id\":\"https:\/\/www.cataloniaaqua.com\/fr\/acheter-aquavia-spa\/spas-exterieur-interieur\/velvet\/#primaryimage\",\"url\":\"https:\/\/www.cataloniaaqua.com\/wp-content\/uploads\/2020\/09\/comprar-spa-velvet.jpg\",\"contentUrl\":\"https:\/\/www.cataloniaaqua.com\/wp-content\/uploads\/2020\/09\/comprar-spa-velvet.jpg\",\"width\":450,\"height\":450,\"caption\":\"Acheter Spa Velvet\"},{\"@type\":\"BreadcrumbList\",\"@id\":\"https:\/\/www.cataloniaaqua.com\/fr\/acheter-aquavia-spa\/spas-exterieur-interieur\/velvet\/#breadcrumb\",\"itemListElement\":[{\"@type\":\"ListItem\",\"position\":1,\"name\":\"Jacuzzi Spa y Cubierta de Piscina\",\"item\":\"https:\/\/www.cataloniaaqua.com\/fr\/\"},{\"@type\":\"ListItem\",\"position\":2,\"name\":\"Acheter Aquavia Spa\u00ae\",\"item\":\"https:\/\/www.cataloniaaqua.com\/fr\/acheter-aquavia-spa-bck\/\"},{\"@type\":\"ListItem\",\"position\":3,\"name\":\"Spa Ext\u00e9rieur et Int\u00e9rieur Aquavia Spa\u00ae\",\"item\":\"https:\/\/www.cataloniaaqua.com\/fr\/acheter-aquavia-spa-bck\/spas-exterieur-interieur\/\"},{\"@type\":\"ListItem\",\"position\":4,\"name\":\"Velvet\"}]},{\"@type\":\"WebSite\",\"@id\":\"https:\/\/www.cataloniaaqua.com\/fr\/#website\",\"url\":\"https:\/\/www.cataloniaaqua.com\/fr\/\",\"name\":\"Aquagrup Spas\",\"description\":\"Spas y Swim Spas Aquavia y Jacuzzi\",\"publisher\":{\"@id\":\"https:\/\/www.cataloniaaqua.com\/fr\/#organization\"},\"alternateName\":\"Aquagrup\",\"potentialAction\":[{\"@type\":\"SearchAction\",\"target\":{\"@type\":\"EntryPoint\",\"urlTemplate\":\"https:\/\/www.cataloniaaqua.com\/fr\/?s={search_term_string}\"},\"query-input\":{\"@type\":\"PropertyValueSpecification\",\"valueRequired\":true,\"valueName\":\"search_term_string\"}}],\"inLanguage\":\"fr-FR\"},{\"@type\":\"Organization\",\"@id\":\"https:\/\/www.cataloniaaqua.com\/fr\/#organization\",\"name\":\"Aquagrup Spas\",\"alternateName\":\"Aquagrup\",\"url\":\"https:\/\/www.cataloniaaqua.com\/fr\/\",\"logo\":{\"@type\":\"ImageObject\",\"inLanguage\":\"fr-FR\",\"@id\":\"https:\/\/www.cataloniaaqua.com\/fr\/#\/schema\/logo\/image\/\",\"url\":\"https:\/\/www.cataloniaaqua.com\/wp-content\/uploads\/2024\/01\/aquagrup-spas.jpg\",\"contentUrl\":\"https:\/\/www.cataloniaaqua.com\/wp-content\/uploads\/2024\/01\/aquagrup-spas.jpg\",\"width\":696,\"height\":693,\"caption\":\"Aquagrup Spas\"},\"image\":{\"@id\":\"https:\/\/www.cataloniaaqua.com\/fr\/#\/schema\/logo\/image\/\"}}]}<\/script>\n<!-- \/ Yoast SEO plugin. -->","yoast_head_json":{"title":"Vente \/ Acheter Spa Velvet","description":"Vous envisagez d'Acheter un Spa Ext\u00e9rieur ou de l'Int\u00e9rieur? Connaissez-vous le nouveau Spa Velvet de Spas Aquavia? D\u00e9couvrez ici!","robots":{"index":"index","follow":"follow","max-snippet":"max-snippet:-1","max-image-preview":"max-image-preview:large","max-video-preview":"max-video-preview:-1"},"canonical":"https:\/\/www.cataloniaaqua.com\/fr\/acheter-aquavia-spa\/spas-exterieur-interieur\/velvet\/","og_locale":"fr_FR","og_type":"article","og_title":"Vente \/ Acheter Spa Velvet","og_description":"Vous envisagez d'Acheter un Spa Ext\u00e9rieur ou de l'Int\u00e9rieur? Connaissez-vous le nouveau Spa Velvet de Spas Aquavia? D\u00e9couvrez ici!","og_url":"https:\/\/www.cataloniaaqua.com\/fr\/acheter-aquavia-spa\/spas-exterieur-interieur\/velvet\/","og_site_name":"Aquagrup Spas","article_modified_time":"2021-02-15T14:04:10+00:00","og_image":[{"width":450,"height":450,"url":"https:\/\/www.cataloniaaqua.com\/wp-content\/uploads\/2020\/09\/comprar-spa-velvet.jpg","type":"image\/jpeg"}],"twitter_misc":{"Dur\u00e9e de lecture estim\u00e9e":"3 minutes"},"schema":{"@context":"https:\/\/schema.org","@graph":[{"@type":"WebPage","@id":"https:\/\/www.cataloniaaqua.com\/fr\/acheter-aquavia-spa\/spas-exterieur-interieur\/velvet\/","url":"https:\/\/www.cataloniaaqua.com\/fr\/acheter-aquavia-spa\/spas-exterieur-interieur\/velvet\/","name":"Vente \/ Acheter Spa Velvet","isPartOf":{"@id":"https:\/\/www.cataloniaaqua.com\/fr\/#website"},"primaryImageOfPage":{"@id":"https:\/\/www.cataloniaaqua.com\/fr\/acheter-aquavia-spa\/spas-exterieur-interieur\/velvet\/#primaryimage"},"image":{"@id":"https:\/\/www.cataloniaaqua.com\/fr\/acheter-aquavia-spa\/spas-exterieur-interieur\/velvet\/#primaryimage"},"thumbnailUrl":"https:\/\/www.cataloniaaqua.com\/wp-content\/uploads\/2020\/09\/comprar-spa-velvet.jpg","datePublished":"2020-09-16T12:11:51+00:00","dateModified":"2021-02-15T14:04:10+00:00","description":"Vous envisagez d'Acheter un Spa Ext\u00e9rieur ou de l'Int\u00e9rieur? Connaissez-vous le nouveau Spa Velvet de Spas Aquavia? D\u00e9couvrez ici!","breadcrumb":{"@id":"https:\/\/www.cataloniaaqua.com\/fr\/acheter-aquavia-spa\/spas-exterieur-interieur\/velvet\/#breadcrumb"},"inLanguage":"fr-FR","potentialAction":[{"@type":"ReadAction","target":["https:\/\/www.cataloniaaqua.com\/fr\/acheter-aquavia-spa\/spas-exterieur-interieur\/velvet\/"]}]},{"@type":"ImageObject","inLanguage":"fr-FR","@id":"https:\/\/www.cataloniaaqua.com\/fr\/acheter-aquavia-spa\/spas-exterieur-interieur\/velvet\/#primaryimage","url":"https:\/\/www.cataloniaaqua.com\/wp-content\/uploads\/2020\/09\/comprar-spa-velvet.jpg","contentUrl":"https:\/\/www.cataloniaaqua.com\/wp-content\/uploads\/2020\/09\/comprar-spa-velvet.jpg","width":450,"height":450,"caption":"Acheter Spa Velvet"},{"@type":"BreadcrumbList","@id":"https:\/\/www.cataloniaaqua.com\/fr\/acheter-aquavia-spa\/spas-exterieur-interieur\/velvet\/#breadcrumb","itemListElement":[{"@type":"ListItem","position":1,"name":"Jacuzzi Spa y Cubierta de Piscina","item":"https:\/\/www.cataloniaaqua.com\/fr\/"},{"@type":"ListItem","position":2,"name":"Acheter Aquavia Spa\u00ae","item":"https:\/\/www.cataloniaaqua.com\/fr\/acheter-aquavia-spa-bck\/"},{"@type":"ListItem","position":3,"name":"Spa Ext\u00e9rieur et Int\u00e9rieur Aquavia Spa\u00ae","item":"https:\/\/www.cataloniaaqua.com\/fr\/acheter-aquavia-spa-bck\/spas-exterieur-interieur\/"},{"@type":"ListItem","position":4,"name":"Velvet"}]},{"@type":"WebSite","@id":"https:\/\/www.cataloniaaqua.com\/fr\/#website","url":"https:\/\/www.cataloniaaqua.com\/fr\/","name":"Aquagrup Spas","description":"Spas y Swim Spas Aquavia y Jacuzzi","publisher":{"@id":"https:\/\/www.cataloniaaqua.com\/fr\/#organization"},"alternateName":"Aquagrup","potentialAction":[{"@type":"SearchAction","target":{"@type":"EntryPoint","urlTemplate":"https:\/\/www.cataloniaaqua.com\/fr\/?s={search_term_string}"},"query-input":{"@type":"PropertyValueSpecification","valueRequired":true,"valueName":"search_term_string"}}],"inLanguage":"fr-FR"},{"@type":"Organization","@id":"https:\/\/www.cataloniaaqua.com\/fr\/#organization","name":"Aquagrup Spas","alternateName":"Aquagrup","url":"https:\/\/www.cataloniaaqua.com\/fr\/","logo":{"@type":"ImageObject","inLanguage":"fr-FR","@id":"https:\/\/www.cataloniaaqua.com\/fr\/#\/schema\/logo\/image\/","url":"https:\/\/www.cataloniaaqua.com\/wp-content\/uploads\/2024\/01\/aquagrup-spas.jpg","contentUrl":"https:\/\/www.cataloniaaqua.com\/wp-content\/uploads\/2024\/01\/aquagrup-spas.jpg","width":696,"height":693,"caption":"Aquagrup Spas"},"image":{"@id":"https:\/\/www.cataloniaaqua.com\/fr\/#\/schema\/logo\/image\/"}}]}},"_links":{"self":[{"href":"https:\/\/www.cataloniaaqua.com\/fr\/wp-json\/wp\/v2\/pages\/23480","targetHints":{"allow":["GET"]}}],"collection":[{"href":"https:\/\/www.cataloniaaqua.com\/fr\/wp-json\/wp\/v2\/pages"}],"about":[{"href":"https:\/\/www.cataloniaaqua.com\/fr\/wp-json\/wp\/v2\/types\/page"}],"author":[{"embeddable":true,"href":"https:\/\/www.cataloniaaqua.com\/fr\/wp-json\/wp\/v2\/users\/3"}],"replies":[{"embeddable":true,"href":"https:\/\/www.cataloniaaqua.com\/fr\/wp-json\/wp\/v2\/comments?post=23480"}],"version-history":[{"count":0,"href":"https:\/\/www.cataloniaaqua.com\/fr\/wp-json\/wp\/v2\/pages\/23480\/revisions"}],"up":[{"embeddable":true,"href":"https:\/\/www.cataloniaaqua.com\/fr\/wp-json\/wp\/v2\/pages\/46"}],"wp:featuredmedia":[{"embeddable":true,"href":"https:\/\/www.cataloniaaqua.com\/fr\/wp-json\/wp\/v2\/media\/23549"}],"wp:attachment":[{"href":"https:\/\/www.cataloniaaqua.com\/fr\/wp-json\/wp\/v2\/media?parent=23480"}],"curies":[{"name":"wp","href":"https:\/\/api.w.org\/{rel}","templated":true}]}}