{"id":31296,"date":"2021-12-30T13:11:00","date_gmt":"2021-12-30T12:11:00","guid":{"rendered":"https:\/\/www.cataloniaaqua.com\/?page_id=31296"},"modified":"2024-05-30T14:03:30","modified_gmt":"2024-05-30T12:03:30","slug":"acheter-jacuzzi","status":"publish","type":"page","link":"https:\/\/www.cataloniaaqua.com\/fr\/acheter-jacuzzi\/","title":{"rendered":"Acheter Jacuzzi\u00ae Spa"},"content":{"rendered":"<div class=\"wpb-content-wrapper\">[vc_row][vc_column width=\u00a0\u00bb1\/2&Prime;][vc_single_image image=\u00a0\u00bb31304&Prime; img_size=\u00a0\u00bbfull\u00a0\u00bb alignment=\u00a0\u00bbcenter\u00a0\u00bb onclick=\u00a0\u00bbcustom_link\u00a0\u00bb css=\u00a0\u00bb.vc_custom_1676368139455{padding-right: 0px !important;padding-left: 0px !important;}\u00a0\u00bb el_class=\u00a0\u00bbimgboxbw\u00a0\u00bb link=\u00a0\u00bb\/fr\/acheter-jacuzzi\/exterieur-interieur\/\u00a0\u00bb][vc_column_text el_class=\u00a0\u00bbboxbw2&Prime;]\n<h2 style=\"text-align: center;\"><a href=\"\/fr\/acheter-jacuzzi\/exterieur-interieur\/\">Jacuzzi\u00ae \u00e0 usage priv\u00e9<\/a><\/h2>\n<p>Profitez des sensations et des b\u00e9n\u00e9fices d\u2019un Jacuzzi\u00ae \u00e0 domicile. Relaxez-vous gr\u00e2ce \u00e0 un <strong>Jacuzzi\u00ae d\u2019int\u00e9rieur ou d\u2019ext\u00e9rieur<\/strong> sans sortir de chez vous.[\/vc_column_text][\/vc_column][vc_column width=\u00a0\u00bb1\/2&Prime;][vc_single_image image=\u00a0\u00bb31316&Prime; img_size=\u00a0\u00bbfull\u00a0\u00bb alignment=\u00a0\u00bbcenter\u00a0\u00bb onclick=\u00a0\u00bbcustom_link\u00a0\u00bb el_class=\u00a0\u00bbimgboxbw\u00a0\u00bb link=\u00a0\u00bb\/fr\/acheter-jacuzzi\/public-debordement\/\u00a0\u00bb][vc_column_text el_class=\u00a0\u00bbboxbw2&Prime;]\n<h2 style=\"text-align: center;\"><a href=\"\/fr\/acheter-jacuzzi\/public-debordement\/\">Jacuzzi\u00ae \u00e0 d\u00e9bordement<\/a><\/h2>\n<p>D\u00e9couvrez les <strong>bienfaits d\u2019un Jacuzzi\u00ae<\/strong> sans pour autant renoncer \u00e0 l\u2019amplitude, l\u2019\u00e9l\u00e9gance et le design que vous apportera un <strong>Jacuzzi\u00ae \u00e0 d\u00e9bordement<\/strong>.[\/vc_column_text][\/vc_column][\/vc_row][vc_row margin_top=\u00a0\u00bb0&Prime; margin_bottom=\u00a0\u00bb0&Prime; css=\u00a0\u00bb.vc_custom_1527000592341{margin-bottom: 0px !important;}\u00a0\u00bb][vc_column width=\u00a0\u00bb1\/2&Prime;][vc_single_image image=\u00a0\u00bb31312&Prime; img_size=\u00a0\u00bbfull\u00a0\u00bb alignment=\u00a0\u00bbcenter\u00a0\u00bb onclick=\u00a0\u00bbcustom_link\u00a0\u00bb el_class=\u00a0\u00bbimgboxbw\u00a0\u00bb link=\u00a0\u00bb\/fr\/acheter-jacuzzi\/swimspas\/\u00a0\u00bb][vc_column_text el_class=\u00a0\u00bbboxbw\u00a0\u00bb]\n<h2 style=\"text-align: center;\"><a href=\"\/fr\/acheter-jacuzzi\/swimspas\/\">Swim spa Jacuzzi\u00ae<\/a><\/h2>\n<p>Avec <strong>Swimspa<\/strong> vous pourrez <strong>nager \u00e0 contre-courant<\/strong> et vous relaxez, car il allie \u00e0 la fois les <strong>bienfaits du Jacuzzi\u00ae<\/strong> et <strong>ceux de la piscine<\/strong>, gr\u00e2ce \u00e0 ses jets massant et ses <strong>jets d\u2019eau \u00e0 contre-courant<\/strong>.[\/vc_column_text][\/vc_column][vc_column width=\u00a0\u00bb1\/2&Prime;][vc_single_image image=\u00a0\u00bb17680&Prime; img_size=\u00a0\u00bb450&#215;345&Prime; alignment=\u00a0\u00bbcenter\u00a0\u00bb onclick=\u00a0\u00bbcustom_link\u00a0\u00bb el_class=\u00a0\u00bbimgboxbw\u00a0\u00bb link=\u00a0\u00bb\/fr\/acheter-jacuzzi\/wellness-fr\/wellness-sasha\/\u00a0\u00bb][vc_column_text el_class=\u00a0\u00bbboxbw\u00a0\u00bb]\n<h2 style=\"text-align: center;\"><a href=\"\/fr\/acheter-jacuzzi\/wellness-fr\/wellness-sasha\/\">Wellness Sasha<\/a><\/h2>\n<p>Wellness Sasha propose trois modules et dix combinaisons possibles : <strong>sauna + hammam + douche \u00e9motionnelle<\/strong>. Une <strong>solution parfaite<\/strong> pour un <strong>centre de bien-\u00eatre<\/strong> exclusif ou pour un <strong>espace d\u00e9tente \u00e0 la maison<\/strong>.[\/vc_column_text][\/vc_column][\/vc_row][vc_row][vc_column][vc_column_text]<strong>Aquagrup<\/strong>\u00ae, distributeur officiel des <strong>spas Jacuzzi<\/strong>\u00ae! D\u00e9couvrez le luxe et la relaxation dans nos showrooms exclusifs de <strong>Barcelone et Madrid<\/strong>. Nos spas, synonymes de qualit\u00e9 et de bien-\u00eatre, transformeront votre maison en une oasis personnelle. Venez et laissez-vous surprendre par la technologie avanc\u00e9e et le design \u00e9l\u00e9gant de <strong>Jacuzzi<\/strong>\u00ae. S\u00e9lectionnez la gamme qui correspond le mieux \u00e0 vos besoins et commencez \u00e0 profiter du plaisir et du bien-\u00eatre que vous m\u00e9ritez![\/vc_column_text][\/vc_column][\/vc_row]\n<\/div>","protected":false},"excerpt":{"rendered":"<p>[vc_row][vc_column width=\u00a0\u00bb1\/2&Prime;][vc_single_image image=\u00a0\u00bb31304&Prime; img_size=\u00a0\u00bbfull\u00a0\u00bb alignment=\u00a0\u00bbcenter\u00a0\u00bb onclick=\u00a0\u00bbcustom_link\u00a0\u00bb css=\u00a0\u00bb.vc_custom_1676368139455{padding-right: 0px !important;padding-left: 0px !important;}\u00a0\u00bb el_class=\u00a0\u00bbimgboxbw\u00a0\u00bb link=\u00a0\u00bb\/fr\/acheter-jacuzzi\/exterieur-interieur\/\u00a0\u00bb][vc_column_text el_class=\u00a0\u00bbboxbw2&Prime;] Jacuzzi\u00ae \u00e0 usage priv\u00e9 Profitez des sensations et des b\u00e9n\u00e9fices d\u2019un Jacuzzi\u00ae \u00e0 domicile. Relaxez-vous gr\u00e2ce \u00e0 un Jacuzzi\u00ae d\u2019int\u00e9rieur ou d\u2019ext\u00e9rieur sans sortir de chez vous.[\/vc_column_text][\/vc_column][vc_column width=\u00a0\u00bb1\/2&Prime;][vc_single_image image=\u00a0\u00bb31316&Prime; img_size=\u00a0\u00bbfull\u00a0\u00bb alignment=\u00a0\u00bbcenter\u00a0\u00bb onclick=\u00a0\u00bbcustom_link\u00a0\u00bb el_class=\u00a0\u00bbimgboxbw\u00a0\u00bb link=\u00a0\u00bb\/fr\/acheter-jacuzzi\/public-debordement\/\u00a0\u00bb][vc_column_text el_class=\u00a0\u00bbboxbw2&Prime;] Jacuzzi\u00ae \u00e0 d\u00e9bordement D\u00e9couvrez les bienfaits&hellip;<\/p>\n","protected":false},"author":3,"featured_media":31308,"parent":0,"menu_order":0,"comment_status":"closed","ping_status":"closed","template":"","meta":{"_acf_changed":false,"footnotes":""},"class_list":["post-31296","page","type-page","status-publish","has-post-thumbnail","hentry","description-off"],"acf":[],"yoast_head":"<!-- This site is optimized with the Yoast SEO plugin v27.2 - https:\/\/yoast.com\/product\/yoast-seo-wordpress\/ -->\n<title>Acheter un Jacuzzi\u00ae d&#039;Ext\u00e9rieur et d&#039;Int\u00e9rieur - Aquagrup\u00ae Spas<\/title>\n<meta name=\"description\" content=\"Vous Pensez \u00e0 Acheter un Jacuzzi\u00ae d&#039;Ext\u00e9rieur ou d&#039;Int\u00e9rieur ? \u2b50 D\u00e9couvrez Jacuzzi\u00ae, le plus grand fabricant de spas au monde \u2b50 Informez-vous Ici !\" \/>\n<meta name=\"robots\" content=\"index, follow, max-snippet:-1, max-image-preview:large, max-video-preview:-1\" \/>\n<link rel=\"canonical\" href=\"https:\/\/www.cataloniaaqua.com\/fr\/acheter-jacuzzi\/\" \/>\n<meta property=\"og:locale\" content=\"fr_FR\" \/>\n<meta property=\"og:type\" content=\"article\" \/>\n<meta property=\"og:title\" content=\"Acheter un Jacuzzi\u00ae d&#039;Ext\u00e9rieur et d&#039;Int\u00e9rieur - Aquagrup\u00ae Spas\" \/>\n<meta property=\"og:description\" content=\"Vous Pensez \u00e0 Acheter un Jacuzzi\u00ae d&#039;Ext\u00e9rieur ou d&#039;Int\u00e9rieur ? \u2b50 D\u00e9couvrez Jacuzzi\u00ae, le plus grand fabricant de spas au monde \u2b50 Informez-vous Ici !\" \/>\n<meta property=\"og:url\" content=\"https:\/\/www.cataloniaaqua.com\/fr\/acheter-jacuzzi\/\" \/>\n<meta property=\"og:site_name\" content=\"Aquagrup Spas\" \/>\n<meta property=\"article:modified_time\" content=\"2024-05-30T12:03:30+00:00\" \/>\n<meta property=\"og:image\" content=\"https:\/\/www.cataloniaaqua.com\/wp-content\/uploads\/2021\/12\/comprar-jacuzzi-spas.jpg\" \/>\n\t<meta property=\"og:image:width\" content=\"450\" \/>\n\t<meta property=\"og:image:height\" content=\"345\" \/>\n\t<meta property=\"og:image:type\" content=\"image\/jpeg\" \/>\n<meta name=\"twitter:label1\" content=\"Dur\u00e9e de lecture estim\u00e9e\" \/>\n\t<meta name=\"twitter:data1\" content=\"2 minutes\" \/>\n<script type=\"application\/ld+json\" class=\"yoast-schema-graph\">{\"@context\":\"https:\/\/schema.org\",\"@graph\":[{\"@type\":\"WebPage\",\"@id\":\"https:\/\/www.cataloniaaqua.com\/fr\/acheter-jacuzzi\/\",\"url\":\"https:\/\/www.cataloniaaqua.com\/fr\/acheter-jacuzzi\/\",\"name\":\"Acheter un Jacuzzi\u00ae d'Ext\u00e9rieur et d'Int\u00e9rieur - Aquagrup\u00ae Spas\",\"isPartOf\":{\"@id\":\"https:\/\/www.cataloniaaqua.com\/fr\/#website\"},\"primaryImageOfPage\":{\"@id\":\"https:\/\/www.cataloniaaqua.com\/fr\/acheter-jacuzzi\/#primaryimage\"},\"image\":{\"@id\":\"https:\/\/www.cataloniaaqua.com\/fr\/acheter-jacuzzi\/#primaryimage\"},\"thumbnailUrl\":\"https:\/\/www.cataloniaaqua.com\/wp-content\/uploads\/2021\/12\/comprar-jacuzzi-spas.jpg\",\"datePublished\":\"2021-12-30T12:11:00+00:00\",\"dateModified\":\"2024-05-30T12:03:30+00:00\",\"description\":\"Vous Pensez \u00e0 Acheter un Jacuzzi\u00ae d'Ext\u00e9rieur ou d'Int\u00e9rieur ? \u2b50 D\u00e9couvrez Jacuzzi\u00ae, le plus grand fabricant de spas au monde \u2b50 Informez-vous Ici !\",\"breadcrumb\":{\"@id\":\"https:\/\/www.cataloniaaqua.com\/fr\/acheter-jacuzzi\/#breadcrumb\"},\"inLanguage\":\"fr-FR\",\"potentialAction\":[{\"@type\":\"ReadAction\",\"target\":[\"https:\/\/www.cataloniaaqua.com\/fr\/acheter-jacuzzi\/\"]}]},{\"@type\":\"ImageObject\",\"inLanguage\":\"fr-FR\",\"@id\":\"https:\/\/www.cataloniaaqua.com\/fr\/acheter-jacuzzi\/#primaryimage\",\"url\":\"https:\/\/www.cataloniaaqua.com\/wp-content\/uploads\/2021\/12\/comprar-jacuzzi-spas.jpg\",\"contentUrl\":\"https:\/\/www.cataloniaaqua.com\/wp-content\/uploads\/2021\/12\/comprar-jacuzzi-spas.jpg\",\"width\":450,\"height\":345,\"caption\":\"Acheter Jacuzzi spas\"},{\"@type\":\"BreadcrumbList\",\"@id\":\"https:\/\/www.cataloniaaqua.com\/fr\/acheter-jacuzzi\/#breadcrumb\",\"itemListElement\":[{\"@type\":\"ListItem\",\"position\":1,\"name\":\"Jacuzzi Spa y Cubierta de Piscina\",\"item\":\"https:\/\/www.cataloniaaqua.com\/fr\/\"},{\"@type\":\"ListItem\",\"position\":2,\"name\":\"Acheter Jacuzzi\u00ae Spa\"}]},{\"@type\":\"WebSite\",\"@id\":\"https:\/\/www.cataloniaaqua.com\/fr\/#website\",\"url\":\"https:\/\/www.cataloniaaqua.com\/fr\/\",\"name\":\"Aquagrup Spas\",\"description\":\"Spas y Swim Spas Aquavia y Jacuzzi\",\"publisher\":{\"@id\":\"https:\/\/www.cataloniaaqua.com\/fr\/#organization\"},\"alternateName\":\"Aquagrup\",\"potentialAction\":[{\"@type\":\"SearchAction\",\"target\":{\"@type\":\"EntryPoint\",\"urlTemplate\":\"https:\/\/www.cataloniaaqua.com\/fr\/?s={search_term_string}\"},\"query-input\":{\"@type\":\"PropertyValueSpecification\",\"valueRequired\":true,\"valueName\":\"search_term_string\"}}],\"inLanguage\":\"fr-FR\"},{\"@type\":\"Organization\",\"@id\":\"https:\/\/www.cataloniaaqua.com\/fr\/#organization\",\"name\":\"Aquagrup Spas\",\"alternateName\":\"Aquagrup\",\"url\":\"https:\/\/www.cataloniaaqua.com\/fr\/\",\"logo\":{\"@type\":\"ImageObject\",\"inLanguage\":\"fr-FR\",\"@id\":\"https:\/\/www.cataloniaaqua.com\/fr\/#\/schema\/logo\/image\/\",\"url\":\"https:\/\/www.cataloniaaqua.com\/wp-content\/uploads\/2024\/01\/aquagrup-spas.jpg\",\"contentUrl\":\"https:\/\/www.cataloniaaqua.com\/wp-content\/uploads\/2024\/01\/aquagrup-spas.jpg\",\"width\":696,\"height\":693,\"caption\":\"Aquagrup Spas\"},\"image\":{\"@id\":\"https:\/\/www.cataloniaaqua.com\/fr\/#\/schema\/logo\/image\/\"}}]}<\/script>\n<!-- \/ Yoast SEO plugin. -->","yoast_head_json":{"title":"Acheter un Jacuzzi\u00ae d'Ext\u00e9rieur et d'Int\u00e9rieur - Aquagrup\u00ae Spas","description":"Vous Pensez \u00e0 Acheter un Jacuzzi\u00ae d'Ext\u00e9rieur ou d'Int\u00e9rieur ? \u2b50 D\u00e9couvrez Jacuzzi\u00ae, le plus grand fabricant de spas au monde \u2b50 Informez-vous Ici !","robots":{"index":"index","follow":"follow","max-snippet":"max-snippet:-1","max-image-preview":"max-image-preview:large","max-video-preview":"max-video-preview:-1"},"canonical":"https:\/\/www.cataloniaaqua.com\/fr\/acheter-jacuzzi\/","og_locale":"fr_FR","og_type":"article","og_title":"Acheter un Jacuzzi\u00ae d'Ext\u00e9rieur et d'Int\u00e9rieur - Aquagrup\u00ae Spas","og_description":"Vous Pensez \u00e0 Acheter un Jacuzzi\u00ae d'Ext\u00e9rieur ou d'Int\u00e9rieur ? \u2b50 D\u00e9couvrez Jacuzzi\u00ae, le plus grand fabricant de spas au monde \u2b50 Informez-vous Ici !","og_url":"https:\/\/www.cataloniaaqua.com\/fr\/acheter-jacuzzi\/","og_site_name":"Aquagrup Spas","article_modified_time":"2024-05-30T12:03:30+00:00","og_image":[{"width":450,"height":345,"url":"https:\/\/www.cataloniaaqua.com\/wp-content\/uploads\/2021\/12\/comprar-jacuzzi-spas.jpg","type":"image\/jpeg"}],"twitter_misc":{"Dur\u00e9e de lecture estim\u00e9e":"2 minutes"},"schema":{"@context":"https:\/\/schema.org","@graph":[{"@type":"WebPage","@id":"https:\/\/www.cataloniaaqua.com\/fr\/acheter-jacuzzi\/","url":"https:\/\/www.cataloniaaqua.com\/fr\/acheter-jacuzzi\/","name":"Acheter un Jacuzzi\u00ae d'Ext\u00e9rieur et d'Int\u00e9rieur - Aquagrup\u00ae Spas","isPartOf":{"@id":"https:\/\/www.cataloniaaqua.com\/fr\/#website"},"primaryImageOfPage":{"@id":"https:\/\/www.cataloniaaqua.com\/fr\/acheter-jacuzzi\/#primaryimage"},"image":{"@id":"https:\/\/www.cataloniaaqua.com\/fr\/acheter-jacuzzi\/#primaryimage"},"thumbnailUrl":"https:\/\/www.cataloniaaqua.com\/wp-content\/uploads\/2021\/12\/comprar-jacuzzi-spas.jpg","datePublished":"2021-12-30T12:11:00+00:00","dateModified":"2024-05-30T12:03:30+00:00","description":"Vous Pensez \u00e0 Acheter un Jacuzzi\u00ae d'Ext\u00e9rieur ou d'Int\u00e9rieur ? \u2b50 D\u00e9couvrez Jacuzzi\u00ae, le plus grand fabricant de spas au monde \u2b50 Informez-vous Ici !","breadcrumb":{"@id":"https:\/\/www.cataloniaaqua.com\/fr\/acheter-jacuzzi\/#breadcrumb"},"inLanguage":"fr-FR","potentialAction":[{"@type":"ReadAction","target":["https:\/\/www.cataloniaaqua.com\/fr\/acheter-jacuzzi\/"]}]},{"@type":"ImageObject","inLanguage":"fr-FR","@id":"https:\/\/www.cataloniaaqua.com\/fr\/acheter-jacuzzi\/#primaryimage","url":"https:\/\/www.cataloniaaqua.com\/wp-content\/uploads\/2021\/12\/comprar-jacuzzi-spas.jpg","contentUrl":"https:\/\/www.cataloniaaqua.com\/wp-content\/uploads\/2021\/12\/comprar-jacuzzi-spas.jpg","width":450,"height":345,"caption":"Acheter Jacuzzi spas"},{"@type":"BreadcrumbList","@id":"https:\/\/www.cataloniaaqua.com\/fr\/acheter-jacuzzi\/#breadcrumb","itemListElement":[{"@type":"ListItem","position":1,"name":"Jacuzzi Spa y Cubierta de Piscina","item":"https:\/\/www.cataloniaaqua.com\/fr\/"},{"@type":"ListItem","position":2,"name":"Acheter Jacuzzi\u00ae Spa"}]},{"@type":"WebSite","@id":"https:\/\/www.cataloniaaqua.com\/fr\/#website","url":"https:\/\/www.cataloniaaqua.com\/fr\/","name":"Aquagrup Spas","description":"Spas y Swim Spas Aquavia y Jacuzzi","publisher":{"@id":"https:\/\/www.cataloniaaqua.com\/fr\/#organization"},"alternateName":"Aquagrup","potentialAction":[{"@type":"SearchAction","target":{"@type":"EntryPoint","urlTemplate":"https:\/\/www.cataloniaaqua.com\/fr\/?s={search_term_string}"},"query-input":{"@type":"PropertyValueSpecification","valueRequired":true,"valueName":"search_term_string"}}],"inLanguage":"fr-FR"},{"@type":"Organization","@id":"https:\/\/www.cataloniaaqua.com\/fr\/#organization","name":"Aquagrup Spas","alternateName":"Aquagrup","url":"https:\/\/www.cataloniaaqua.com\/fr\/","logo":{"@type":"ImageObject","inLanguage":"fr-FR","@id":"https:\/\/www.cataloniaaqua.com\/fr\/#\/schema\/logo\/image\/","url":"https:\/\/www.cataloniaaqua.com\/wp-content\/uploads\/2024\/01\/aquagrup-spas.jpg","contentUrl":"https:\/\/www.cataloniaaqua.com\/wp-content\/uploads\/2024\/01\/aquagrup-spas.jpg","width":696,"height":693,"caption":"Aquagrup Spas"},"image":{"@id":"https:\/\/www.cataloniaaqua.com\/fr\/#\/schema\/logo\/image\/"}}]}},"_links":{"self":[{"href":"https:\/\/www.cataloniaaqua.com\/fr\/wp-json\/wp\/v2\/pages\/31296","targetHints":{"allow":["GET"]}}],"collection":[{"href":"https:\/\/www.cataloniaaqua.com\/fr\/wp-json\/wp\/v2\/pages"}],"about":[{"href":"https:\/\/www.cataloniaaqua.com\/fr\/wp-json\/wp\/v2\/types\/page"}],"author":[{"embeddable":true,"href":"https:\/\/www.cataloniaaqua.com\/fr\/wp-json\/wp\/v2\/users\/3"}],"replies":[{"embeddable":true,"href":"https:\/\/www.cataloniaaqua.com\/fr\/wp-json\/wp\/v2\/comments?post=31296"}],"version-history":[{"count":0,"href":"https:\/\/www.cataloniaaqua.com\/fr\/wp-json\/wp\/v2\/pages\/31296\/revisions"}],"wp:featuredmedia":[{"embeddable":true,"href":"https:\/\/www.cataloniaaqua.com\/fr\/wp-json\/wp\/v2\/media\/31308"}],"wp:attachment":[{"href":"https:\/\/www.cataloniaaqua.com\/fr\/wp-json\/wp\/v2\/media?parent=31296"}],"curies":[{"name":"wp","href":"https:\/\/api.w.org\/{rel}","templated":true}]}}