{"id":31343,"date":"2021-12-30T14:10:10","date_gmt":"2021-12-30T13:10:10","guid":{"rendered":"https:\/\/www.cataloniaaqua.com\/?page_id=31343"},"modified":"2024-12-12T13:44:11","modified_gmt":"2024-12-12T12:44:11","slug":"public-debordement","status":"publish","type":"page","link":"https:\/\/www.cataloniaaqua.com\/fr\/acheter-jacuzzi\/public-debordement\/","title":{"rendered":"Jacuzzi\u00ae public debordement"},"content":{"rendered":"<div class=\"wpb-content-wrapper\">[vc_row][vc_column][vc_column_text css=\u00a0\u00bb\u00a0\u00bb]\n<h2>Jacuzzi\u00ae pour des espaces de publique concurrence<\/h2>\n<p><strong>Jacuzzi\u00ae<\/strong> <strong>spas d\u00e9bordants d&rsquo;usage public<\/strong> est le choix parfait pour <strong>gymnases<\/strong>, <strong>centres wellness<\/strong>, <strong>h\u00f4tels<\/strong>, <strong>maisons rurales<\/strong> et <strong>clubs sociaux<\/strong>. Con\u00e7us pour des espaces de <strong>publique concurrence<\/strong>, ils garantissent une exp\u00e9rience d&rsquo;hydroth\u00e9rapie sup\u00e9rieure, respectant les normes sanitaires et de s\u00e9curit\u00e9 en vigueur. Chez <strong>Aquagrup<\/strong>, nous proposons des mod\u00e8les qui allient innovation et qualit\u00e9, assurant le bien-\u00eatre et la satisfaction des utilisateurs \u00e0 chaque s\u00e9ance de <strong>hydromassage<\/strong>.[\/vc_column_text][vc_column_text][vc_row_inner margin_top=\"0\" margin_bottom=\"20px\"][\/vc_row_inner][vc_row_inner margin_top=\"0\" margin_bottom=\"20px\"][vc_column_inner width=\"1\/2\"]<div class=\"bw_wri\"><div class=\"bw_fi\">[vc_single_image image=\"32839\" img_size=\"full\" alignment=\"center\" onclick=\"custom_link\" link=\"https:\/\/www.cataloniaaqua.com\/fr\/acheter-jacuzzi\/public-debordement\/jacuzzi-desbordante-alimia-experience\/\"]<\/div><div class=\"bw_si\">[vc_single_image image=\"17878\" img_size=\"full\" alignment=\"center\" onclick=\"custom_link\" link=\"https:\/\/www.cataloniaaqua.com\/fr\/acheter-jacuzzi\/public-debordement\/jacuzzi-desbordante-alimia-experience\/\"]<\/div><\/div>[vc_column_text]<h3><a href=\"https:\/\/www.cataloniaaqua.com\/fr\/acheter-jacuzzi\/public-debordement\/jacuzzi-desbordante-alimia-experience\/\">Jacuzzi \u00e0 d\u00e9bordement \u00ae Alimia Pro (8 places)<\/a><\/h3>Le spa \u00e0 d\u00e9bordement Jacuzzi\u00ae Alimia Pro est un spa circulaire, spacieux et confortable. Il a une capacit\u00e9 de 8 personnes.[\/vc_column_text][\/vc_column_inner][vc_column_inner width=\"1\/2\"]<div class=\"bw_wri\"><div class=\"bw_fi\">[vc_single_image image=\"32600\" img_size=\"full\" alignment=\"center\" onclick=\"custom_link\" link=\"https:\/\/www.cataloniaaqua.com\/fr\/acheter-jacuzzi\/public-debordement\/spa-desbordante-sienna-experience\/\"]<\/div><div class=\"bw_si\">[vc_single_image image=\"32593\" img_size=\"full\" alignment=\"center\" onclick=\"custom_link\" link=\"https:\/\/www.cataloniaaqua.com\/fr\/acheter-jacuzzi\/public-debordement\/spa-desbordante-sienna-experience\/\"]<\/div><\/div>[vc_column_text]<h3><a href=\"https:\/\/www.cataloniaaqua.com\/fr\/acheter-jacuzzi\/public-debordement\/spa-desbordante-sienna-experience\/\">Jacuzzi \u00e0 d\u00e9bordement \u00ae Sienna Pro (6 - 7 places)<\/a><\/h3>Le spa \u00e0 d\u00e9bordement Jacuzzi\u00ae Sienna Pro est une piscine d'hydromassage \u00e0 grille continue haute performance. Avec des si\u00e8ges ergonomiques pour 6 \u00e0 7 personnes.[\/vc_column_text][\/vc_column_inner][\/vc_row_inner][vc_row_inner margin_top=\"0\" margin_bottom=\"20px\"][vc_column_inner width=\"1\/2\"]<div class=\"bw_wri\"><div class=\"bw_fi\">[vc_single_image image=\"32604\" img_size=\"full\" alignment=\"center\" onclick=\"custom_link\" link=\"https:\/\/www.cataloniaaqua.com\/fr\/acheter-jacuzzi\/public-debordement\/spa-virtus\/\"]<\/div><div class=\"bw_si\">[vc_single_image image=\"32260\" img_size=\"full\" alignment=\"center\" onclick=\"custom_link\" link=\"https:\/\/www.cataloniaaqua.com\/fr\/acheter-jacuzzi\/public-debordement\/spa-virtus\/\"]<\/div><\/div>[vc_column_text]<h3><a href=\"https:\/\/www.cataloniaaqua.com\/fr\/acheter-jacuzzi\/public-debordement\/spa-virtus\/\">Jacuzzi \u00e0 d\u00e9bordement \u00ae Virtus Pro (6 - 7 places)<\/a><\/h3>Le spa \u00e0 d\u00e9bordement Jacuzzi\u00ae Virtus Pro est le spa parfait pour partager un moment de bien-\u00eatre avec l'hydroth\u00e9rapie et profiter. Il a une capacit\u00e9 de 6 \u00e0 7 personnes.[\/vc_column_text][\/vc_column_inner][vc_column_inner width=\"1\/2\"]<div class=\"bw_wri\"><div class=\"bw_fi\">[vc_single_image image=\"32616\" img_size=\"full\" alignment=\"center\" onclick=\"custom_link\" link=\"https:\/\/www.cataloniaaqua.com\/fr\/acheter-jacuzzi\/public-debordement\/spa-desbordante-virginia-experience\/\"]<\/div><div class=\"bw_si\">[vc_single_image image=\"32605\" img_size=\"full\" alignment=\"center\" onclick=\"custom_link\" link=\"https:\/\/www.cataloniaaqua.com\/fr\/acheter-jacuzzi\/public-debordement\/spa-desbordante-virginia-experience\/\"]<\/div><\/div>[vc_column_text]<h3><a href=\"https:\/\/www.cataloniaaqua.com\/fr\/acheter-jacuzzi\/public-debordement\/spa-desbordante-virginia-experience\/\">Jacuzzi \u00e0 d\u00e9bordement \u00ae Virginia Pro (6 -7  places)<\/a><\/h3>L'inimitable Jacuzzi\u00ae Virginia Pro Overflow Spa allie l'excellence technique des spas professionnels \u00e0 un confort inimitable. Il dispose de 7 si\u00e8ges dont un inclinable.[\/vc_column_text][\/vc_column_inner][\/vc_row_inner][vc_row_inner margin_top=\"0\" margin_bottom=\"20px\"][vc_column_inner width=\"1\/2\"]<div class=\"bw_wri\"><div class=\"bw_fi\">[vc_single_image image=\"32620\" img_size=\"full\" alignment=\"center\" onclick=\"custom_link\" link=\"https:\/\/www.cataloniaaqua.com\/fr\/acheter-jacuzzi\/public-debordement\/spa-desbordante-enjoy\/\"]<\/div><div class=\"bw_si\">[vc_single_image image=\"32256\" img_size=\"full\" alignment=\"center\" onclick=\"custom_link\" link=\"https:\/\/www.cataloniaaqua.com\/fr\/acheter-jacuzzi\/public-debordement\/spa-desbordante-enjoy\/\"]<\/div><\/div>[vc_column_text]<h3><a href=\"https:\/\/www.cataloniaaqua.com\/fr\/acheter-jacuzzi\/public-debordement\/spa-desbordante-enjoy\/\">Jacuzzi \u00e0 d\u00e9bordement \u00ae Enjoy (6 places)<\/a><\/h3>Les spas Jacuzzi\u00ae Enjoy Overflow sont con\u00e7us pour les petits et moyens h\u00f4tels et les spas de jour. Il a une capacit\u00e9 de 6 personnes.[\/vc_column_text][\/vc_column_inner][\/vc_row_inner][\/vc_column_text][\/vc_column][\/vc_row]\n<\/div>","protected":false},"excerpt":{"rendered":"<p>[vc_row][vc_column][vc_column_text css=\u00a0\u00bb\u00a0\u00bb] Jacuzzi\u00ae pour des espaces de publique concurrence Jacuzzi\u00ae spas d\u00e9bordants d&rsquo;usage public est le choix parfait pour gymnases, centres wellness, h\u00f4tels, maisons rurales et clubs sociaux. Con\u00e7us pour des espaces de publique concurrence, ils garantissent une exp\u00e9rience d&rsquo;hydroth\u00e9rapie sup\u00e9rieure, respectant les normes sanitaires et de s\u00e9curit\u00e9 en vigueur. Chez Aquagrup, nous proposons des&hellip;<\/p>\n","protected":false},"author":3,"featured_media":31316,"parent":31296,"menu_order":0,"comment_status":"closed","ping_status":"closed","template":"","meta":{"_acf_changed":false,"footnotes":""},"class_list":["post-31343","page","type-page","status-publish","has-post-thumbnail","hentry","description-off"],"acf":[],"yoast_head":"<!-- This site is optimized with the Yoast SEO plugin v27.2 - https:\/\/yoast.com\/product\/yoast-seo-wordpress\/ -->\n<title>Vente \/ Acheter Jacuzzi \u00e0 D\u00e8bordement \u00e0 Usage Public<\/title>\n<meta name=\"description\" content=\"Vous envisagez d&#039;acheter un Jacuzzi ext\u00e9rieur ou l&#039;int\u00e9rieur? Decouvrez-le Jacuzzi D\u00e8bordement. Visitez notre Site Web!\" \/>\n<meta name=\"robots\" content=\"index, follow, max-snippet:-1, max-image-preview:large, max-video-preview:-1\" \/>\n<link rel=\"canonical\" href=\"https:\/\/www.cataloniaaqua.com\/fr\/acheter-jacuzzi\/public-debordement\/\" \/>\n<meta property=\"og:locale\" content=\"fr_FR\" \/>\n<meta property=\"og:type\" content=\"article\" \/>\n<meta property=\"og:title\" content=\"Vente \/ Acheter Jacuzzi \u00e0 D\u00e8bordement \u00e0 Usage Public\" \/>\n<meta property=\"og:description\" content=\"Vous envisagez d&#039;acheter un Jacuzzi ext\u00e9rieur ou l&#039;int\u00e9rieur? Decouvrez-le Jacuzzi D\u00e8bordement. Visitez notre Site Web!\" \/>\n<meta property=\"og:url\" content=\"https:\/\/www.cataloniaaqua.com\/fr\/acheter-jacuzzi\/public-debordement\/\" \/>\n<meta property=\"og:site_name\" content=\"Aquagrup Spas\" \/>\n<meta property=\"article:modified_time\" content=\"2024-12-12T12:44:11+00:00\" \/>\n<meta property=\"og:image\" content=\"https:\/\/www.cataloniaaqua.com\/wp-content\/uploads\/2021\/12\/comprar-jacuzzi-uso-publico.jpg\" \/>\n\t<meta property=\"og:image:width\" content=\"450\" \/>\n\t<meta property=\"og:image:height\" content=\"345\" \/>\n\t<meta property=\"og:image:type\" content=\"image\/jpeg\" \/>\n<meta name=\"twitter:label1\" content=\"Dur\u00e9e de lecture estim\u00e9e\" \/>\n\t<meta name=\"twitter:data1\" content=\"1 minute\" \/>\n<script type=\"application\/ld+json\" class=\"yoast-schema-graph\">{\"@context\":\"https:\/\/schema.org\",\"@graph\":[{\"@type\":\"WebPage\",\"@id\":\"https:\/\/www.cataloniaaqua.com\/fr\/acheter-jacuzzi\/public-debordement\/\",\"url\":\"https:\/\/www.cataloniaaqua.com\/fr\/acheter-jacuzzi\/public-debordement\/\",\"name\":\"Vente \/ Acheter Jacuzzi \u00e0 D\u00e8bordement \u00e0 Usage Public\",\"isPartOf\":{\"@id\":\"https:\/\/www.cataloniaaqua.com\/fr\/#website\"},\"primaryImageOfPage\":{\"@id\":\"https:\/\/www.cataloniaaqua.com\/fr\/acheter-jacuzzi\/public-debordement\/#primaryimage\"},\"image\":{\"@id\":\"https:\/\/www.cataloniaaqua.com\/fr\/acheter-jacuzzi\/public-debordement\/#primaryimage\"},\"thumbnailUrl\":\"https:\/\/www.cataloniaaqua.com\/wp-content\/uploads\/2021\/12\/comprar-jacuzzi-uso-publico.jpg\",\"datePublished\":\"2021-12-30T13:10:10+00:00\",\"dateModified\":\"2024-12-12T12:44:11+00:00\",\"description\":\"Vous envisagez d'acheter un Jacuzzi ext\u00e9rieur ou l'int\u00e9rieur? Decouvrez-le Jacuzzi D\u00e8bordement. Visitez notre Site Web!\",\"breadcrumb\":{\"@id\":\"https:\/\/www.cataloniaaqua.com\/fr\/acheter-jacuzzi\/public-debordement\/#breadcrumb\"},\"inLanguage\":\"fr-FR\",\"potentialAction\":[{\"@type\":\"ReadAction\",\"target\":[\"https:\/\/www.cataloniaaqua.com\/fr\/acheter-jacuzzi\/public-debordement\/\"]}]},{\"@type\":\"ImageObject\",\"inLanguage\":\"fr-FR\",\"@id\":\"https:\/\/www.cataloniaaqua.com\/fr\/acheter-jacuzzi\/public-debordement\/#primaryimage\",\"url\":\"https:\/\/www.cataloniaaqua.com\/wp-content\/uploads\/2021\/12\/comprar-jacuzzi-uso-publico.jpg\",\"contentUrl\":\"https:\/\/www.cataloniaaqua.com\/wp-content\/uploads\/2021\/12\/comprar-jacuzzi-uso-publico.jpg\",\"width\":450,\"height\":345,\"caption\":\"Acheter Jacuzzi public debordement\"},{\"@type\":\"BreadcrumbList\",\"@id\":\"https:\/\/www.cataloniaaqua.com\/fr\/acheter-jacuzzi\/public-debordement\/#breadcrumb\",\"itemListElement\":[{\"@type\":\"ListItem\",\"position\":1,\"name\":\"Jacuzzi Spa y Cubierta de Piscina\",\"item\":\"https:\/\/www.cataloniaaqua.com\/fr\/\"},{\"@type\":\"ListItem\",\"position\":2,\"name\":\"Acheter Jacuzzi\u00ae Spa\",\"item\":\"https:\/\/www.cataloniaaqua.com\/fr\/acheter-jacuzzi\/\"},{\"@type\":\"ListItem\",\"position\":3,\"name\":\"Jacuzzi\u00ae public debordement\"}]},{\"@type\":\"WebSite\",\"@id\":\"https:\/\/www.cataloniaaqua.com\/fr\/#website\",\"url\":\"https:\/\/www.cataloniaaqua.com\/fr\/\",\"name\":\"Aquagrup Spas\",\"description\":\"Spas y Swim Spas Aquavia y Jacuzzi\",\"publisher\":{\"@id\":\"https:\/\/www.cataloniaaqua.com\/fr\/#organization\"},\"alternateName\":\"Aquagrup\",\"potentialAction\":[{\"@type\":\"SearchAction\",\"target\":{\"@type\":\"EntryPoint\",\"urlTemplate\":\"https:\/\/www.cataloniaaqua.com\/fr\/?s={search_term_string}\"},\"query-input\":{\"@type\":\"PropertyValueSpecification\",\"valueRequired\":true,\"valueName\":\"search_term_string\"}}],\"inLanguage\":\"fr-FR\"},{\"@type\":\"Organization\",\"@id\":\"https:\/\/www.cataloniaaqua.com\/fr\/#organization\",\"name\":\"Aquagrup Spas\",\"alternateName\":\"Aquagrup\",\"url\":\"https:\/\/www.cataloniaaqua.com\/fr\/\",\"logo\":{\"@type\":\"ImageObject\",\"inLanguage\":\"fr-FR\",\"@id\":\"https:\/\/www.cataloniaaqua.com\/fr\/#\/schema\/logo\/image\/\",\"url\":\"https:\/\/www.cataloniaaqua.com\/wp-content\/uploads\/2024\/01\/aquagrup-spas.jpg\",\"contentUrl\":\"https:\/\/www.cataloniaaqua.com\/wp-content\/uploads\/2024\/01\/aquagrup-spas.jpg\",\"width\":696,\"height\":693,\"caption\":\"Aquagrup Spas\"},\"image\":{\"@id\":\"https:\/\/www.cataloniaaqua.com\/fr\/#\/schema\/logo\/image\/\"}}]}<\/script>\n<!-- \/ Yoast SEO plugin. -->","yoast_head_json":{"title":"Vente \/ Acheter Jacuzzi \u00e0 D\u00e8bordement \u00e0 Usage Public","description":"Vous envisagez d'acheter un Jacuzzi ext\u00e9rieur ou l'int\u00e9rieur? Decouvrez-le Jacuzzi D\u00e8bordement. Visitez notre Site Web!","robots":{"index":"index","follow":"follow","max-snippet":"max-snippet:-1","max-image-preview":"max-image-preview:large","max-video-preview":"max-video-preview:-1"},"canonical":"https:\/\/www.cataloniaaqua.com\/fr\/acheter-jacuzzi\/public-debordement\/","og_locale":"fr_FR","og_type":"article","og_title":"Vente \/ Acheter Jacuzzi \u00e0 D\u00e8bordement \u00e0 Usage Public","og_description":"Vous envisagez d'acheter un Jacuzzi ext\u00e9rieur ou l'int\u00e9rieur? Decouvrez-le Jacuzzi D\u00e8bordement. Visitez notre Site Web!","og_url":"https:\/\/www.cataloniaaqua.com\/fr\/acheter-jacuzzi\/public-debordement\/","og_site_name":"Aquagrup Spas","article_modified_time":"2024-12-12T12:44:11+00:00","og_image":[{"width":450,"height":345,"url":"https:\/\/www.cataloniaaqua.com\/wp-content\/uploads\/2021\/12\/comprar-jacuzzi-uso-publico.jpg","type":"image\/jpeg"}],"twitter_misc":{"Dur\u00e9e de lecture estim\u00e9e":"1 minute"},"schema":{"@context":"https:\/\/schema.org","@graph":[{"@type":"WebPage","@id":"https:\/\/www.cataloniaaqua.com\/fr\/acheter-jacuzzi\/public-debordement\/","url":"https:\/\/www.cataloniaaqua.com\/fr\/acheter-jacuzzi\/public-debordement\/","name":"Vente \/ Acheter Jacuzzi \u00e0 D\u00e8bordement \u00e0 Usage Public","isPartOf":{"@id":"https:\/\/www.cataloniaaqua.com\/fr\/#website"},"primaryImageOfPage":{"@id":"https:\/\/www.cataloniaaqua.com\/fr\/acheter-jacuzzi\/public-debordement\/#primaryimage"},"image":{"@id":"https:\/\/www.cataloniaaqua.com\/fr\/acheter-jacuzzi\/public-debordement\/#primaryimage"},"thumbnailUrl":"https:\/\/www.cataloniaaqua.com\/wp-content\/uploads\/2021\/12\/comprar-jacuzzi-uso-publico.jpg","datePublished":"2021-12-30T13:10:10+00:00","dateModified":"2024-12-12T12:44:11+00:00","description":"Vous envisagez d'acheter un Jacuzzi ext\u00e9rieur ou l'int\u00e9rieur? Decouvrez-le Jacuzzi D\u00e8bordement. Visitez notre Site Web!","breadcrumb":{"@id":"https:\/\/www.cataloniaaqua.com\/fr\/acheter-jacuzzi\/public-debordement\/#breadcrumb"},"inLanguage":"fr-FR","potentialAction":[{"@type":"ReadAction","target":["https:\/\/www.cataloniaaqua.com\/fr\/acheter-jacuzzi\/public-debordement\/"]}]},{"@type":"ImageObject","inLanguage":"fr-FR","@id":"https:\/\/www.cataloniaaqua.com\/fr\/acheter-jacuzzi\/public-debordement\/#primaryimage","url":"https:\/\/www.cataloniaaqua.com\/wp-content\/uploads\/2021\/12\/comprar-jacuzzi-uso-publico.jpg","contentUrl":"https:\/\/www.cataloniaaqua.com\/wp-content\/uploads\/2021\/12\/comprar-jacuzzi-uso-publico.jpg","width":450,"height":345,"caption":"Acheter Jacuzzi public debordement"},{"@type":"BreadcrumbList","@id":"https:\/\/www.cataloniaaqua.com\/fr\/acheter-jacuzzi\/public-debordement\/#breadcrumb","itemListElement":[{"@type":"ListItem","position":1,"name":"Jacuzzi Spa y Cubierta de Piscina","item":"https:\/\/www.cataloniaaqua.com\/fr\/"},{"@type":"ListItem","position":2,"name":"Acheter Jacuzzi\u00ae Spa","item":"https:\/\/www.cataloniaaqua.com\/fr\/acheter-jacuzzi\/"},{"@type":"ListItem","position":3,"name":"Jacuzzi\u00ae public debordement"}]},{"@type":"WebSite","@id":"https:\/\/www.cataloniaaqua.com\/fr\/#website","url":"https:\/\/www.cataloniaaqua.com\/fr\/","name":"Aquagrup Spas","description":"Spas y Swim Spas Aquavia y Jacuzzi","publisher":{"@id":"https:\/\/www.cataloniaaqua.com\/fr\/#organization"},"alternateName":"Aquagrup","potentialAction":[{"@type":"SearchAction","target":{"@type":"EntryPoint","urlTemplate":"https:\/\/www.cataloniaaqua.com\/fr\/?s={search_term_string}"},"query-input":{"@type":"PropertyValueSpecification","valueRequired":true,"valueName":"search_term_string"}}],"inLanguage":"fr-FR"},{"@type":"Organization","@id":"https:\/\/www.cataloniaaqua.com\/fr\/#organization","name":"Aquagrup Spas","alternateName":"Aquagrup","url":"https:\/\/www.cataloniaaqua.com\/fr\/","logo":{"@type":"ImageObject","inLanguage":"fr-FR","@id":"https:\/\/www.cataloniaaqua.com\/fr\/#\/schema\/logo\/image\/","url":"https:\/\/www.cataloniaaqua.com\/wp-content\/uploads\/2024\/01\/aquagrup-spas.jpg","contentUrl":"https:\/\/www.cataloniaaqua.com\/wp-content\/uploads\/2024\/01\/aquagrup-spas.jpg","width":696,"height":693,"caption":"Aquagrup Spas"},"image":{"@id":"https:\/\/www.cataloniaaqua.com\/fr\/#\/schema\/logo\/image\/"}}]}},"_links":{"self":[{"href":"https:\/\/www.cataloniaaqua.com\/fr\/wp-json\/wp\/v2\/pages\/31343","targetHints":{"allow":["GET"]}}],"collection":[{"href":"https:\/\/www.cataloniaaqua.com\/fr\/wp-json\/wp\/v2\/pages"}],"about":[{"href":"https:\/\/www.cataloniaaqua.com\/fr\/wp-json\/wp\/v2\/types\/page"}],"author":[{"embeddable":true,"href":"https:\/\/www.cataloniaaqua.com\/fr\/wp-json\/wp\/v2\/users\/3"}],"replies":[{"embeddable":true,"href":"https:\/\/www.cataloniaaqua.com\/fr\/wp-json\/wp\/v2\/comments?post=31343"}],"version-history":[{"count":0,"href":"https:\/\/www.cataloniaaqua.com\/fr\/wp-json\/wp\/v2\/pages\/31343\/revisions"}],"up":[{"embeddable":true,"href":"https:\/\/www.cataloniaaqua.com\/fr\/wp-json\/wp\/v2\/pages\/31296"}],"wp:featuredmedia":[{"embeddable":true,"href":"https:\/\/www.cataloniaaqua.com\/fr\/wp-json\/wp\/v2\/media\/31316"}],"wp:attachment":[{"href":"https:\/\/www.cataloniaaqua.com\/fr\/wp-json\/wp\/v2\/media?parent=31343"}],"curies":[{"name":"wp","href":"https:\/\/api.w.org\/{rel}","templated":true}]}}