{"id":31373,"date":"2021-12-30T14:37:41","date_gmt":"2021-12-30T13:37:41","guid":{"rendered":"https:\/\/www.cataloniaaqua.com\/?page_id=31373"},"modified":"2024-12-12T13:53:07","modified_gmt":"2024-12-12T12:53:07","slug":"swimspas","status":"publish","type":"page","link":"https:\/\/www.cataloniaaqua.com\/fr\/acheter-jacuzzi\/swimspas\/","title":{"rendered":"Swim Spa Jacuzzi\u00ae"},"content":{"rendered":"<div class=\"wpb-content-wrapper\">[vc_row][vc_column][vc_column_text css=\u00a0\u00bb\u00a0\u00bb]\n<h2>Swim Spa Jacuzzi\u00ae baln\u00e9oth\u00e9rapie et nage \u00e0 contre-courant<\/h2>\n<p>Les swimspas Jacuzzi\u00ae sont la solution id\u00e9ale pour ceux qui cherchent \u00e0 combiner activit\u00e9 physique et d\u00e9tente dans un espace unique. Con\u00e7us pour offrir une <strong>nage \u00e0 contre-courant<\/strong> et des <strong>zones de baln\u00e9oth\u00e9rapie<\/strong>, ces syst\u00e8mes se distinguent par leur polyvalence et leur haute performance. Aquagrup propose des swimspas adapt\u00e9s \u00e0 tous les besoins, id\u00e9aux tant pour l&rsquo;int\u00e9rieur que pour l&rsquo;ext\u00e9rieur. Une option parfaite pour profiter de bien-\u00eatre, d&rsquo;entra\u00eenement et de moments de repos sans sortir de chez soi.[\/vc_column_text][vc_column_text][vc_row_inner margin_top=\"0\" margin_bottom=\"20px\"][\/vc_row_inner][vc_row_inner margin_top=\"0\" margin_bottom=\"20px\"][vc_column_inner width=\"1\/2\"]<div class=\"bw_wri\"><div class=\"bw_fi\">[vc_single_image image=\"32626\" img_size=\"full\" alignment=\"center\" onclick=\"custom_link\" link=\"https:\/\/www.cataloniaaqua.com\/fr\/acheter-jacuzzi\/swimspas-fr\/swim-spa-jacuzzi-j16-poweractive\/\"]<\/div><div class=\"bw_si\">[vc_single_image image=\"31713\" img_size=\"full\" alignment=\"center\" onclick=\"custom_link\" link=\"https:\/\/www.cataloniaaqua.com\/fr\/acheter-jacuzzi\/swimspas-fr\/swim-spa-jacuzzi-j16-poweractive\/\"]<\/div><\/div>[vc_column_text]<h3><a href=\"https:\/\/www.cataloniaaqua.com\/fr\/acheter-jacuzzi\/swimspas-fr\/swim-spa-jacuzzi-j16-poweractive\/\">Swim Spa Jacuzzi \u00ae J-16 PowerActive\u2122<\/a><\/h3>Le Swim Spa Jacuzzi\u00ae J-16 PowerActive\u2122 offre un jet d'eau pour offrir une excellente exp\u00e9rience de nage. Il convient aussi bien aux d\u00e9butants qu'aux plus exp\u00e9riment\u00e9s. Il dispose de quatre si\u00e8ges ergonomiques dont un si\u00e8ge de refroidissement.\r\nVENTE, INSTALLATION ET SERVICE TECHNIQUE DANS TOUTE L'ESPAGNE\r\n[\/vc_column_text][\/vc_column_inner][vc_column_inner width=\"1\/2\"]<div class=\"bw_wri\"><div class=\"bw_fi\">[vc_single_image image=\"32630\" img_size=\"full\" alignment=\"center\" onclick=\"custom_link\" link=\"https:\/\/www.cataloniaaqua.com\/fr\/acheter-jacuzzi\/swimspas-fr\/swim-spa-jacuzzi-j16-powerpro\/\"]<\/div><div class=\"bw_si\">[vc_single_image image=\"31757\" img_size=\"full\" alignment=\"center\" onclick=\"custom_link\" link=\"https:\/\/www.cataloniaaqua.com\/fr\/acheter-jacuzzi\/swimspas-fr\/swim-spa-jacuzzi-j16-powerpro\/\"]<\/div><\/div>[vc_column_text]<h3><a href=\"https:\/\/www.cataloniaaqua.com\/fr\/acheter-jacuzzi\/swimspas-fr\/swim-spa-jacuzzi-j16-powerpro\/\">Swim Spa Jacuzzi \u00ae J-16 PowerPro\u2122<\/a><\/h3>Le spa de nage Jacuzzi\u00ae J-16 PowerPro\u2122 offre l'environnement le plus confortable pour la natation et le fitness aquatique. Il offre quatre si\u00e8ges ergonomiques, dont un si\u00e8ge rafra\u00eechissant. Il int\u00e8gre une technologie de tapis roulant sous-marin parfaite pour r\u00e9aliser des exercices aquatiques.\r\nVENTE, INSTALLATION ET SERVICE TECHNIQUE DANS TOUTE L'ESPAGNE[\/vc_column_text][\/vc_column_inner][\/vc_row_inner][vc_row_inner margin_top=\"0\" margin_bottom=\"20px\"][vc_column_inner width=\"1\/2\"]<div class=\"bw_wri\"><div class=\"bw_fi\">[vc_single_image image=\"32634\" img_size=\"full\" alignment=\"center\" onclick=\"custom_link\" link=\"https:\/\/www.cataloniaaqua.com\/fr\/acheter-jacuzzi\/swimspas-fr\/swim-spa-jacuzzi-j19-poweractive\/\"]<\/div><div class=\"bw_si\">[vc_single_image image=\"31799\" img_size=\"full\" alignment=\"center\" onclick=\"custom_link\" link=\"https:\/\/www.cataloniaaqua.com\/fr\/acheter-jacuzzi\/swimspas-fr\/swim-spa-jacuzzi-j19-poweractive\/\"]<\/div><\/div>[vc_column_text]<h3><a href=\"https:\/\/www.cataloniaaqua.com\/fr\/acheter-jacuzzi\/swimspas-fr\/swim-spa-jacuzzi-j19-poweractive\/\">Swim Spa Jacuzzi \u00ae J-19 PowerActive\u2122<\/a><\/h3>Le spa de nage Jacuzzi\u00ae J-19 PowerActive\u2122 de 19 pieds combine la natation et le fitness avec le plaisir en famille. C'est le plus grand mod\u00e8le de cette collection. Il dispose de quatre si\u00e8ges, dont deux hydromassage.\r\nVENTE, INSTALLATION ET SERVICE TECHNIQUE DANS TOUTE L'ESPAGNE[\/vc_column_text][\/vc_column_inner][vc_column_inner width=\"1\/2\"]<div class=\"bw_wri\"><div class=\"bw_fi\">[vc_single_image image=\"32638\" img_size=\"full\" alignment=\"center\" onclick=\"custom_link\" link=\"https:\/\/www.cataloniaaqua.com\/fr\/acheter-jacuzzi\/swimspas-fr\/swim-spa-jacuzzi-j19-powerpro\/\"]<\/div><div class=\"bw_si\">[vc_single_image image=\"31824\" img_size=\"full\" alignment=\"center\" onclick=\"custom_link\" link=\"https:\/\/www.cataloniaaqua.com\/fr\/acheter-jacuzzi\/swimspas-fr\/swim-spa-jacuzzi-j19-powerpro\/\"]<\/div><\/div>[vc_column_text]<h3><a href=\"https:\/\/www.cataloniaaqua.com\/fr\/acheter-jacuzzi\/swimspas-fr\/swim-spa-jacuzzi-j19-powerpro\/\">Swim Spa Jacuzzi \u00ae J-19 PowerPro\u2122<\/a><\/h3>Dans le Swim Spa Jacuzzi\u00ae J-19 PowerPro\u2122, quatre pompes de 3 hp sont combin\u00e9es avec deux jets Jacuzzi\u00ae PowerPro PX. De plus, il dispose de quatre si\u00e8ges ergonomiques, dont un pour le refroidissement.\r\nVENTE, INSTALLATION ET SERVICE TECHNIQUE DANS TOUTE L'ESPAGNE\r\n[\/vc_column_text][\/vc_column_inner][\/vc_row_inner][vc_row_inner margin_top=\"0\" margin_bottom=\"20px\"][vc_column_inner width=\"1\/2\"]<div class=\"bw_wri\"><div class=\"bw_fi\">[vc_single_image image=\"32642\" img_size=\"full\" alignment=\"center\" onclick=\"custom_link\" link=\"https:\/\/www.cataloniaaqua.com\/fr\/acheter-jacuzzi\/swimspas-fr\/swim-spa-jacuzzi-j13-powerplay\/\"]<\/div><div class=\"bw_si\">[vc_single_image image=\"31859\" img_size=\"full\" alignment=\"center\" onclick=\"custom_link\" link=\"https:\/\/www.cataloniaaqua.com\/fr\/acheter-jacuzzi\/swimspas-fr\/swim-spa-jacuzzi-j13-powerplay\/\"]<\/div><\/div>[vc_column_text]<h3><a href=\"https:\/\/www.cataloniaaqua.com\/fr\/acheter-jacuzzi\/swimspas-fr\/swim-spa-jacuzzi-j13-powerplay\/\">Swim Spa Jacuzzi \u00ae J-13 PowerPlay\u2122<\/a><\/h3>Le Swim Spa Jacuzzi\u00ae J-13 PowerPlay\u2122 est le plus polyvalent car il offre une double fonction : courant d'eau pour la nage, adapt\u00e9 aussi bien aux d\u00e9butants qu'aux confirm\u00e9s ; en m\u00eame temps, qui propose diff\u00e9rents si\u00e8ges ergonomiques et syst\u00e8mes d'hydromassage. Il est id\u00e9al pour toute la famille.\r\nVENTE, INSTALLATION ET SERVICE TECHNIQUE DANS TOUTE L'ESPAGNE[\/vc_column_text][\/vc_column_inner][\/vc_row_inner]\n[\/vc_column_text][\/vc_column][\/vc_row]\n<\/div>","protected":false},"excerpt":{"rendered":"<p>[vc_row][vc_column][vc_column_text css=\u00a0\u00bb\u00a0\u00bb] Swim Spa Jacuzzi\u00ae baln\u00e9oth\u00e9rapie et nage \u00e0 contre-courant Les swimspas Jacuzzi\u00ae sont la solution id\u00e9ale pour ceux qui cherchent \u00e0 combiner activit\u00e9 physique et d\u00e9tente dans un espace unique. Con\u00e7us pour offrir une nage \u00e0 contre-courant et des zones de baln\u00e9oth\u00e9rapie, ces syst\u00e8mes se distinguent par leur polyvalence et leur haute performance. Aquagrup&hellip;<\/p>\n","protected":false},"author":3,"featured_media":31312,"parent":31296,"menu_order":0,"comment_status":"closed","ping_status":"closed","template":"","meta":{"_acf_changed":false,"footnotes":""},"class_list":["post-31373","page","type-page","status-publish","has-post-thumbnail","hentry","description-off"],"acf":[],"yoast_head":"<!-- This site is optimized with the Yoast SEO plugin v27.2 - https:\/\/yoast.com\/product\/yoast-seo-wordpress\/ -->\n<title>Vente \/ Acheter Swim Spa: Spa et Piscine \u00e0 Nager \u00e0 Contre-Courant<\/title>\n<meta name=\"description\" content=\"Vous envisagez d&#039;Acheter un SwimSpa \u00e0 nager \u00e0 contre-courant? Connaissez-vous le nouveau Spa de Jacuzzi. D\u00e9couvrez ici!\" \/>\n<meta name=\"robots\" content=\"index, follow, max-snippet:-1, max-image-preview:large, max-video-preview:-1\" \/>\n<link rel=\"canonical\" href=\"https:\/\/www.cataloniaaqua.com\/fr\/acheter-jacuzzi\/swimspas\/\" \/>\n<meta property=\"og:locale\" content=\"fr_FR\" \/>\n<meta property=\"og:type\" content=\"article\" \/>\n<meta property=\"og:title\" content=\"Vente \/ Acheter Swim Spa: Spa et Piscine \u00e0 Nager \u00e0 Contre-Courant\" \/>\n<meta property=\"og:description\" content=\"Vous envisagez d&#039;Acheter un SwimSpa \u00e0 nager \u00e0 contre-courant? Connaissez-vous le nouveau Spa de Jacuzzi. D\u00e9couvrez ici!\" \/>\n<meta property=\"og:url\" content=\"https:\/\/www.cataloniaaqua.com\/fr\/acheter-jacuzzi\/swimspas\/\" \/>\n<meta property=\"og:site_name\" content=\"Aquagrup Spas\" \/>\n<meta property=\"article:modified_time\" content=\"2024-12-12T12:53:07+00:00\" \/>\n<meta property=\"og:image\" content=\"https:\/\/www.cataloniaaqua.com\/wp-content\/uploads\/2018\/06\/comprar-spa-compact-pool.jpg\" \/>\n<meta name=\"twitter:label1\" content=\"Dur\u00e9e de lecture estim\u00e9e\" \/>\n\t<meta name=\"twitter:data1\" content=\"1 minute\" \/>\n<script type=\"application\/ld+json\" class=\"yoast-schema-graph\">{\"@context\":\"https:\/\/schema.org\",\"@graph\":[{\"@type\":\"WebPage\",\"@id\":\"https:\/\/www.cataloniaaqua.com\/fr\/acheter-jacuzzi\/swimspas\/\",\"url\":\"https:\/\/www.cataloniaaqua.com\/fr\/acheter-jacuzzi\/swimspas\/\",\"name\":\"Vente \/ Acheter Swim Spa: Spa et Piscine \u00e0 Nager \u00e0 Contre-Courant\",\"isPartOf\":{\"@id\":\"https:\/\/www.cataloniaaqua.com\/fr\/#website\"},\"primaryImageOfPage\":{\"@id\":\"https:\/\/www.cataloniaaqua.com\/fr\/acheter-jacuzzi\/swimspas\/#primaryimage\"},\"image\":{\"@id\":\"https:\/\/www.cataloniaaqua.com\/fr\/acheter-jacuzzi\/swimspas\/#primaryimage\"},\"thumbnailUrl\":\"https:\/\/www.cataloniaaqua.com\/wp-content\/uploads\/2021\/12\/comprar-jacuzzi-swimspa.jpg\",\"datePublished\":\"2021-12-30T13:37:41+00:00\",\"dateModified\":\"2024-12-12T12:53:07+00:00\",\"description\":\"Vous envisagez d'Acheter un SwimSpa \u00e0 nager \u00e0 contre-courant? Connaissez-vous le nouveau Spa de Jacuzzi. D\u00e9couvrez ici!\",\"breadcrumb\":{\"@id\":\"https:\/\/www.cataloniaaqua.com\/fr\/acheter-jacuzzi\/swimspas\/#breadcrumb\"},\"inLanguage\":\"fr-FR\",\"potentialAction\":[{\"@type\":\"ReadAction\",\"target\":[\"https:\/\/www.cataloniaaqua.com\/fr\/acheter-jacuzzi\/swimspas\/\"]}]},{\"@type\":\"ImageObject\",\"inLanguage\":\"fr-FR\",\"@id\":\"https:\/\/www.cataloniaaqua.com\/fr\/acheter-jacuzzi\/swimspas\/#primaryimage\",\"url\":\"https:\/\/www.cataloniaaqua.com\/wp-content\/uploads\/2021\/12\/comprar-jacuzzi-swimspa.jpg\",\"contentUrl\":\"https:\/\/www.cataloniaaqua.com\/wp-content\/uploads\/2021\/12\/comprar-jacuzzi-swimspa.jpg\",\"width\":450,\"height\":345,\"caption\":\"Acheter Swimspa Jacuzzi\"},{\"@type\":\"BreadcrumbList\",\"@id\":\"https:\/\/www.cataloniaaqua.com\/fr\/acheter-jacuzzi\/swimspas\/#breadcrumb\",\"itemListElement\":[{\"@type\":\"ListItem\",\"position\":1,\"name\":\"Jacuzzi Spa y Cubierta de Piscina\",\"item\":\"https:\/\/www.cataloniaaqua.com\/fr\/\"},{\"@type\":\"ListItem\",\"position\":2,\"name\":\"Acheter Jacuzzi\u00ae Spa\",\"item\":\"https:\/\/www.cataloniaaqua.com\/fr\/acheter-jacuzzi\/\"},{\"@type\":\"ListItem\",\"position\":3,\"name\":\"Swim Spa Jacuzzi\u00ae\"}]},{\"@type\":\"WebSite\",\"@id\":\"https:\/\/www.cataloniaaqua.com\/fr\/#website\",\"url\":\"https:\/\/www.cataloniaaqua.com\/fr\/\",\"name\":\"Aquagrup Spas\",\"description\":\"Spas y Swim Spas Aquavia y Jacuzzi\",\"publisher\":{\"@id\":\"https:\/\/www.cataloniaaqua.com\/fr\/#organization\"},\"alternateName\":\"Aquagrup\",\"potentialAction\":[{\"@type\":\"SearchAction\",\"target\":{\"@type\":\"EntryPoint\",\"urlTemplate\":\"https:\/\/www.cataloniaaqua.com\/fr\/?s={search_term_string}\"},\"query-input\":{\"@type\":\"PropertyValueSpecification\",\"valueRequired\":true,\"valueName\":\"search_term_string\"}}],\"inLanguage\":\"fr-FR\"},{\"@type\":\"Organization\",\"@id\":\"https:\/\/www.cataloniaaqua.com\/fr\/#organization\",\"name\":\"Aquagrup Spas\",\"alternateName\":\"Aquagrup\",\"url\":\"https:\/\/www.cataloniaaqua.com\/fr\/\",\"logo\":{\"@type\":\"ImageObject\",\"inLanguage\":\"fr-FR\",\"@id\":\"https:\/\/www.cataloniaaqua.com\/fr\/#\/schema\/logo\/image\/\",\"url\":\"https:\/\/www.cataloniaaqua.com\/wp-content\/uploads\/2024\/01\/aquagrup-spas.jpg\",\"contentUrl\":\"https:\/\/www.cataloniaaqua.com\/wp-content\/uploads\/2024\/01\/aquagrup-spas.jpg\",\"width\":696,\"height\":693,\"caption\":\"Aquagrup Spas\"},\"image\":{\"@id\":\"https:\/\/www.cataloniaaqua.com\/fr\/#\/schema\/logo\/image\/\"}}]}<\/script>\n<!-- \/ Yoast SEO plugin. -->","yoast_head_json":{"title":"Vente \/ Acheter Swim Spa: Spa et Piscine \u00e0 Nager \u00e0 Contre-Courant","description":"Vous envisagez d'Acheter un SwimSpa \u00e0 nager \u00e0 contre-courant? Connaissez-vous le nouveau Spa de Jacuzzi. D\u00e9couvrez ici!","robots":{"index":"index","follow":"follow","max-snippet":"max-snippet:-1","max-image-preview":"max-image-preview:large","max-video-preview":"max-video-preview:-1"},"canonical":"https:\/\/www.cataloniaaqua.com\/fr\/acheter-jacuzzi\/swimspas\/","og_locale":"fr_FR","og_type":"article","og_title":"Vente \/ Acheter Swim Spa: Spa et Piscine \u00e0 Nager \u00e0 Contre-Courant","og_description":"Vous envisagez d'Acheter un SwimSpa \u00e0 nager \u00e0 contre-courant? Connaissez-vous le nouveau Spa de Jacuzzi. D\u00e9couvrez ici!","og_url":"https:\/\/www.cataloniaaqua.com\/fr\/acheter-jacuzzi\/swimspas\/","og_site_name":"Aquagrup Spas","article_modified_time":"2024-12-12T12:53:07+00:00","og_image":[{"url":"https:\/\/www.cataloniaaqua.com\/wp-content\/uploads\/2018\/06\/comprar-spa-compact-pool.jpg","type":"","width":"","height":""}],"twitter_misc":{"Dur\u00e9e de lecture estim\u00e9e":"1 minute"},"schema":{"@context":"https:\/\/schema.org","@graph":[{"@type":"WebPage","@id":"https:\/\/www.cataloniaaqua.com\/fr\/acheter-jacuzzi\/swimspas\/","url":"https:\/\/www.cataloniaaqua.com\/fr\/acheter-jacuzzi\/swimspas\/","name":"Vente \/ Acheter Swim Spa: Spa et Piscine \u00e0 Nager \u00e0 Contre-Courant","isPartOf":{"@id":"https:\/\/www.cataloniaaqua.com\/fr\/#website"},"primaryImageOfPage":{"@id":"https:\/\/www.cataloniaaqua.com\/fr\/acheter-jacuzzi\/swimspas\/#primaryimage"},"image":{"@id":"https:\/\/www.cataloniaaqua.com\/fr\/acheter-jacuzzi\/swimspas\/#primaryimage"},"thumbnailUrl":"https:\/\/www.cataloniaaqua.com\/wp-content\/uploads\/2021\/12\/comprar-jacuzzi-swimspa.jpg","datePublished":"2021-12-30T13:37:41+00:00","dateModified":"2024-12-12T12:53:07+00:00","description":"Vous envisagez d'Acheter un SwimSpa \u00e0 nager \u00e0 contre-courant? Connaissez-vous le nouveau Spa de Jacuzzi. D\u00e9couvrez ici!","breadcrumb":{"@id":"https:\/\/www.cataloniaaqua.com\/fr\/acheter-jacuzzi\/swimspas\/#breadcrumb"},"inLanguage":"fr-FR","potentialAction":[{"@type":"ReadAction","target":["https:\/\/www.cataloniaaqua.com\/fr\/acheter-jacuzzi\/swimspas\/"]}]},{"@type":"ImageObject","inLanguage":"fr-FR","@id":"https:\/\/www.cataloniaaqua.com\/fr\/acheter-jacuzzi\/swimspas\/#primaryimage","url":"https:\/\/www.cataloniaaqua.com\/wp-content\/uploads\/2021\/12\/comprar-jacuzzi-swimspa.jpg","contentUrl":"https:\/\/www.cataloniaaqua.com\/wp-content\/uploads\/2021\/12\/comprar-jacuzzi-swimspa.jpg","width":450,"height":345,"caption":"Acheter Swimspa Jacuzzi"},{"@type":"BreadcrumbList","@id":"https:\/\/www.cataloniaaqua.com\/fr\/acheter-jacuzzi\/swimspas\/#breadcrumb","itemListElement":[{"@type":"ListItem","position":1,"name":"Jacuzzi Spa y Cubierta de Piscina","item":"https:\/\/www.cataloniaaqua.com\/fr\/"},{"@type":"ListItem","position":2,"name":"Acheter Jacuzzi\u00ae Spa","item":"https:\/\/www.cataloniaaqua.com\/fr\/acheter-jacuzzi\/"},{"@type":"ListItem","position":3,"name":"Swim Spa Jacuzzi\u00ae"}]},{"@type":"WebSite","@id":"https:\/\/www.cataloniaaqua.com\/fr\/#website","url":"https:\/\/www.cataloniaaqua.com\/fr\/","name":"Aquagrup Spas","description":"Spas y Swim Spas Aquavia y Jacuzzi","publisher":{"@id":"https:\/\/www.cataloniaaqua.com\/fr\/#organization"},"alternateName":"Aquagrup","potentialAction":[{"@type":"SearchAction","target":{"@type":"EntryPoint","urlTemplate":"https:\/\/www.cataloniaaqua.com\/fr\/?s={search_term_string}"},"query-input":{"@type":"PropertyValueSpecification","valueRequired":true,"valueName":"search_term_string"}}],"inLanguage":"fr-FR"},{"@type":"Organization","@id":"https:\/\/www.cataloniaaqua.com\/fr\/#organization","name":"Aquagrup Spas","alternateName":"Aquagrup","url":"https:\/\/www.cataloniaaqua.com\/fr\/","logo":{"@type":"ImageObject","inLanguage":"fr-FR","@id":"https:\/\/www.cataloniaaqua.com\/fr\/#\/schema\/logo\/image\/","url":"https:\/\/www.cataloniaaqua.com\/wp-content\/uploads\/2024\/01\/aquagrup-spas.jpg","contentUrl":"https:\/\/www.cataloniaaqua.com\/wp-content\/uploads\/2024\/01\/aquagrup-spas.jpg","width":696,"height":693,"caption":"Aquagrup Spas"},"image":{"@id":"https:\/\/www.cataloniaaqua.com\/fr\/#\/schema\/logo\/image\/"}}]}},"_links":{"self":[{"href":"https:\/\/www.cataloniaaqua.com\/fr\/wp-json\/wp\/v2\/pages\/31373","targetHints":{"allow":["GET"]}}],"collection":[{"href":"https:\/\/www.cataloniaaqua.com\/fr\/wp-json\/wp\/v2\/pages"}],"about":[{"href":"https:\/\/www.cataloniaaqua.com\/fr\/wp-json\/wp\/v2\/types\/page"}],"author":[{"embeddable":true,"href":"https:\/\/www.cataloniaaqua.com\/fr\/wp-json\/wp\/v2\/users\/3"}],"replies":[{"embeddable":true,"href":"https:\/\/www.cataloniaaqua.com\/fr\/wp-json\/wp\/v2\/comments?post=31373"}],"version-history":[{"count":0,"href":"https:\/\/www.cataloniaaqua.com\/fr\/wp-json\/wp\/v2\/pages\/31373\/revisions"}],"up":[{"embeddable":true,"href":"https:\/\/www.cataloniaaqua.com\/fr\/wp-json\/wp\/v2\/pages\/31296"}],"wp:featuredmedia":[{"embeddable":true,"href":"https:\/\/www.cataloniaaqua.com\/fr\/wp-json\/wp\/v2\/media\/31312"}],"wp:attachment":[{"href":"https:\/\/www.cataloniaaqua.com\/fr\/wp-json\/wp\/v2\/media?parent=31373"}],"curies":[{"name":"wp","href":"https:\/\/api.w.org\/{rel}","templated":true}]}}