{"id":41,"date":"2015-04-14T07:05:29","date_gmt":"2015-04-14T07:05:29","guid":{"rendered":"http:\/\/www.cataloniaaqua.com\/spas-2\/"},"modified":"2025-02-12T18:26:11","modified_gmt":"2025-02-12T17:26:11","slug":"acheter-spas","status":"publish","type":"page","link":"https:\/\/www.cataloniaaqua.com\/fr\/acheter-spas\/","title":{"rendered":"Acheter des Spas Jacuzzi\u00ae et Aquavia Spa\u00ae"},"content":{"rendered":"<div class=\"wpb-content-wrapper\">[vc_row][vc_column width=\u00a0\u00bb1\/2&Prime;][vc_single_image image=\u00a0\u00bb31331&Prime; img_size=\u00a0\u00bbfull\u00a0\u00bb alignment=\u00a0\u00bbcenter\u00a0\u00bb onclick=\u00a0\u00bbcustom_link\u00a0\u00bb css=\u00a0\u00bb.vc_custom_1739381064320{padding-right: 0px !important;padding-left: 0px !important;}\u00a0\u00bb link=\u00a0\u00bb\/fr\/acheter-aquavia-spa\/\u00a0\u00bb el_class=\u00a0\u00bbimgboxbw\u00a0\u00bb][vc_column_text css=\u00a0\u00bb\u00a0\u00bb el_class=\u00a0\u00bbboxbw2&Prime;]\n<h2 style=\"text-align: center;\"><a href=\"\/fr\/acheter-aquavia-spa\/\">Aquavia Spas<\/a><\/h2>\n[\/vc_column_text][\/vc_column][vc_column width=\u00a0\u00bb1\/2&Prime;][vc_single_image image=\u00a0\u00bb31308&Prime; img_size=\u00a0\u00bbfull\u00a0\u00bb alignment=\u00a0\u00bbcenter\u00a0\u00bb onclick=\u00a0\u00bbcustom_link\u00a0\u00bb link=\u00a0\u00bb\/fr\/acheter-jacuzzi\/\u00a0\u00bb el_class=\u00a0\u00bbimgboxbw\u00a0\u00bb][vc_column_text el_class=\u00a0\u00bbboxbw2&Prime;]\n<h2 style=\"text-align: center;\"><a href=\"\/fr\/acheter-jacuzzi\/\">Jacuzzi Spas<\/a><\/h2>\n[\/vc_column_text][\/vc_column][\/vc_row][vc_row][vc_column][vc_column_text]<strong>Aquagrup<\/strong>\u00ae, distributeur officiel de spas des marques <strong>Aquavia spa<\/strong>\u00ae et <strong>Jacuzzi<\/strong>\u00ae! D\u00e9couvrez la sensation et le luxe du bien-\u00eatre dans nos showrooms exclusifs de <strong>Barcelone et Madrid<\/strong>. Nos spas sont fabriqu\u00e9s avec les meilleurs niveaux de qualit\u00e9, pensant toujours \u00e0 votre confort, pour que votre maison devienne un paradis priv\u00e9. Laissez-nous vous surprendre avec la meilleure technologie et le design spectaculaire de <strong>Aquavia<\/strong>\u00ae et <strong>Jacuzzi<\/strong>\u00ae. S\u00e9lectionnez la marque qui correspond le mieux \u00e0 vos besoins et commencez \u00e0 profiter du plaisir que vous m\u00e9ritez![\/vc_column_text][\/vc_column][\/vc_row]\n<\/div>","protected":false},"excerpt":{"rendered":"<p>[vc_row][vc_column width=\u00a0\u00bb1\/2&Prime;][vc_single_image image=\u00a0\u00bb31331&Prime; img_size=\u00a0\u00bbfull\u00a0\u00bb alignment=\u00a0\u00bbcenter\u00a0\u00bb onclick=\u00a0\u00bbcustom_link\u00a0\u00bb css=\u00a0\u00bb.vc_custom_1739381064320{padding-right: 0px !important;padding-left: 0px !important;}\u00a0\u00bb link=\u00a0\u00bb\/fr\/acheter-aquavia-spa\/\u00a0\u00bb el_class=\u00a0\u00bbimgboxbw\u00a0\u00bb][vc_column_text css=\u00a0\u00bb\u00a0\u00bb el_class=\u00a0\u00bbboxbw2&Prime;] Aquavia Spas [\/vc_column_text][\/vc_column][vc_column width=\u00a0\u00bb1\/2&Prime;][vc_single_image image=\u00a0\u00bb31308&Prime; img_size=\u00a0\u00bbfull\u00a0\u00bb alignment=\u00a0\u00bbcenter\u00a0\u00bb onclick=\u00a0\u00bbcustom_link\u00a0\u00bb link=\u00a0\u00bb\/fr\/acheter-jacuzzi\/\u00a0\u00bb el_class=\u00a0\u00bbimgboxbw\u00a0\u00bb][vc_column_text el_class=\u00a0\u00bbboxbw2&Prime;] Jacuzzi Spas [\/vc_column_text][\/vc_column][\/vc_row][vc_row][vc_column][vc_column_text]Aquagrup\u00ae, distributeur officiel de spas des marques Aquavia spa\u00ae et Jacuzzi\u00ae! D\u00e9couvrez la sensation et le luxe du bien-\u00eatre dans nos showrooms exclusifs de Barcelone et Madrid.&hellip;<\/p>\n","protected":false},"author":3,"featured_media":31331,"parent":0,"menu_order":0,"comment_status":"closed","ping_status":"closed","template":"","meta":{"_acf_changed":false,"footnotes":""},"class_list":["post-41","page","type-page","status-publish","has-post-thumbnail","hentry","description-off"],"acf":[],"yoast_head":"<!-- This site is optimized with the Yoast SEO plugin v27.2 - https:\/\/yoast.com\/product\/yoast-seo-wordpress\/ -->\n<title>Spas Ext\u00e9rieur et Int\u00e9rieur Jacuzzi\u00ae et Aquavia Spa\u00ae - Aquagrup\u00ae Spas<\/title>\n<meta name=\"description\" content=\"Vous Pensez \u00e0 Acheter un Spa d&#039;Ext\u00e9rieur ou d&#039;Int\u00e9rieur ? \u2b50 Nous sommes distributeurs officiels de Jacuzzi\u00ae et Aquavia Spa\u00ae \u2b50 Informez-vous Ici !\" \/>\n<meta name=\"robots\" content=\"index, follow, max-snippet:-1, max-image-preview:large, max-video-preview:-1\" \/>\n<link rel=\"canonical\" href=\"https:\/\/www.cataloniaaqua.com\/fr\/acheter-spas\/\" \/>\n<meta property=\"og:locale\" content=\"fr_FR\" \/>\n<meta property=\"og:type\" content=\"article\" \/>\n<meta property=\"og:title\" content=\"Spas Ext\u00e9rieur et Int\u00e9rieur Jacuzzi\u00ae et Aquavia Spa\u00ae - Aquagrup\u00ae Spas\" \/>\n<meta property=\"og:description\" content=\"Vous Pensez \u00e0 Acheter un Spa d&#039;Ext\u00e9rieur ou d&#039;Int\u00e9rieur ? \u2b50 Nous sommes distributeurs officiels de Jacuzzi\u00ae et Aquavia Spa\u00ae \u2b50 Informez-vous Ici !\" \/>\n<meta property=\"og:url\" content=\"https:\/\/www.cataloniaaqua.com\/fr\/acheter-spas\/\" \/>\n<meta property=\"og:site_name\" content=\"Aquagrup Spas\" \/>\n<meta property=\"article:modified_time\" content=\"2025-02-12T17:26:11+00:00\" \/>\n<meta property=\"og:image\" content=\"https:\/\/www.cataloniaaqua.com\/wp-content\/uploads\/2021\/12\/comprar-aquavia-spas.jpg\" \/>\n\t<meta property=\"og:image:width\" content=\"450\" \/>\n\t<meta property=\"og:image:height\" content=\"345\" \/>\n\t<meta property=\"og:image:type\" content=\"image\/jpeg\" \/>\n<meta name=\"twitter:label1\" content=\"Dur\u00e9e de lecture estim\u00e9e\" \/>\n\t<meta name=\"twitter:data1\" content=\"1 minute\" \/>\n<script type=\"application\/ld+json\" class=\"yoast-schema-graph\">{\"@context\":\"https:\/\/schema.org\",\"@graph\":[{\"@type\":\"WebPage\",\"@id\":\"https:\/\/www.cataloniaaqua.com\/fr\/acheter-spas\/\",\"url\":\"https:\/\/www.cataloniaaqua.com\/fr\/acheter-spas\/\",\"name\":\"Spas Ext\u00e9rieur et Int\u00e9rieur Jacuzzi\u00ae et Aquavia Spa\u00ae - Aquagrup\u00ae Spas\",\"isPartOf\":{\"@id\":\"https:\/\/www.cataloniaaqua.com\/fr\/#website\"},\"primaryImageOfPage\":{\"@id\":\"https:\/\/www.cataloniaaqua.com\/fr\/acheter-spas\/#primaryimage\"},\"image\":{\"@id\":\"https:\/\/www.cataloniaaqua.com\/fr\/acheter-spas\/#primaryimage\"},\"thumbnailUrl\":\"https:\/\/www.cataloniaaqua.com\/wp-content\/uploads\/2021\/12\/comprar-aquavia-spas.jpg\",\"datePublished\":\"2015-04-14T07:05:29+00:00\",\"dateModified\":\"2025-02-12T17:26:11+00:00\",\"description\":\"Vous Pensez \u00e0 Acheter un Spa d'Ext\u00e9rieur ou d'Int\u00e9rieur ? \u2b50 Nous sommes distributeurs officiels de Jacuzzi\u00ae et Aquavia Spa\u00ae \u2b50 Informez-vous Ici !\",\"breadcrumb\":{\"@id\":\"https:\/\/www.cataloniaaqua.com\/fr\/acheter-spas\/#breadcrumb\"},\"inLanguage\":\"fr-FR\",\"potentialAction\":[{\"@type\":\"ReadAction\",\"target\":[\"https:\/\/www.cataloniaaqua.com\/fr\/acheter-spas\/\"]}]},{\"@type\":\"ImageObject\",\"inLanguage\":\"fr-FR\",\"@id\":\"https:\/\/www.cataloniaaqua.com\/fr\/acheter-spas\/#primaryimage\",\"url\":\"https:\/\/www.cataloniaaqua.com\/wp-content\/uploads\/2021\/12\/comprar-aquavia-spas.jpg\",\"contentUrl\":\"https:\/\/www.cataloniaaqua.com\/wp-content\/uploads\/2021\/12\/comprar-aquavia-spas.jpg\",\"width\":450,\"height\":345,\"caption\":\"Acheter Spa Aquavia\"},{\"@type\":\"BreadcrumbList\",\"@id\":\"https:\/\/www.cataloniaaqua.com\/fr\/acheter-spas\/#breadcrumb\",\"itemListElement\":[{\"@type\":\"ListItem\",\"position\":1,\"name\":\"Jacuzzi Spa y Cubierta de Piscina\",\"item\":\"https:\/\/www.cataloniaaqua.com\/fr\/\"},{\"@type\":\"ListItem\",\"position\":2,\"name\":\"Acheter des Spas Jacuzzi\u00ae et Aquavia Spa\u00ae\"}]},{\"@type\":\"WebSite\",\"@id\":\"https:\/\/www.cataloniaaqua.com\/fr\/#website\",\"url\":\"https:\/\/www.cataloniaaqua.com\/fr\/\",\"name\":\"Aquagrup Spas\",\"description\":\"Spas y Swim Spas Aquavia y Jacuzzi\",\"publisher\":{\"@id\":\"https:\/\/www.cataloniaaqua.com\/fr\/#organization\"},\"alternateName\":\"Aquagrup\",\"potentialAction\":[{\"@type\":\"SearchAction\",\"target\":{\"@type\":\"EntryPoint\",\"urlTemplate\":\"https:\/\/www.cataloniaaqua.com\/fr\/?s={search_term_string}\"},\"query-input\":{\"@type\":\"PropertyValueSpecification\",\"valueRequired\":true,\"valueName\":\"search_term_string\"}}],\"inLanguage\":\"fr-FR\"},{\"@type\":\"Organization\",\"@id\":\"https:\/\/www.cataloniaaqua.com\/fr\/#organization\",\"name\":\"Aquagrup Spas\",\"alternateName\":\"Aquagrup\",\"url\":\"https:\/\/www.cataloniaaqua.com\/fr\/\",\"logo\":{\"@type\":\"ImageObject\",\"inLanguage\":\"fr-FR\",\"@id\":\"https:\/\/www.cataloniaaqua.com\/fr\/#\/schema\/logo\/image\/\",\"url\":\"https:\/\/www.cataloniaaqua.com\/wp-content\/uploads\/2024\/01\/aquagrup-spas.jpg\",\"contentUrl\":\"https:\/\/www.cataloniaaqua.com\/wp-content\/uploads\/2024\/01\/aquagrup-spas.jpg\",\"width\":696,\"height\":693,\"caption\":\"Aquagrup Spas\"},\"image\":{\"@id\":\"https:\/\/www.cataloniaaqua.com\/fr\/#\/schema\/logo\/image\/\"}}]}<\/script>\n<!-- \/ Yoast SEO plugin. -->","yoast_head_json":{"title":"Spas Ext\u00e9rieur et Int\u00e9rieur Jacuzzi\u00ae et Aquavia Spa\u00ae - Aquagrup\u00ae Spas","description":"Vous Pensez \u00e0 Acheter un Spa d'Ext\u00e9rieur ou d'Int\u00e9rieur ? \u2b50 Nous sommes distributeurs officiels de Jacuzzi\u00ae et Aquavia Spa\u00ae \u2b50 Informez-vous Ici !","robots":{"index":"index","follow":"follow","max-snippet":"max-snippet:-1","max-image-preview":"max-image-preview:large","max-video-preview":"max-video-preview:-1"},"canonical":"https:\/\/www.cataloniaaqua.com\/fr\/acheter-spas\/","og_locale":"fr_FR","og_type":"article","og_title":"Spas Ext\u00e9rieur et Int\u00e9rieur Jacuzzi\u00ae et Aquavia Spa\u00ae - Aquagrup\u00ae Spas","og_description":"Vous Pensez \u00e0 Acheter un Spa d'Ext\u00e9rieur ou d'Int\u00e9rieur ? \u2b50 Nous sommes distributeurs officiels de Jacuzzi\u00ae et Aquavia Spa\u00ae \u2b50 Informez-vous Ici !","og_url":"https:\/\/www.cataloniaaqua.com\/fr\/acheter-spas\/","og_site_name":"Aquagrup Spas","article_modified_time":"2025-02-12T17:26:11+00:00","og_image":[{"width":450,"height":345,"url":"https:\/\/www.cataloniaaqua.com\/wp-content\/uploads\/2021\/12\/comprar-aquavia-spas.jpg","type":"image\/jpeg"}],"twitter_misc":{"Dur\u00e9e de lecture estim\u00e9e":"1 minute"},"schema":{"@context":"https:\/\/schema.org","@graph":[{"@type":"WebPage","@id":"https:\/\/www.cataloniaaqua.com\/fr\/acheter-spas\/","url":"https:\/\/www.cataloniaaqua.com\/fr\/acheter-spas\/","name":"Spas Ext\u00e9rieur et Int\u00e9rieur Jacuzzi\u00ae et Aquavia Spa\u00ae - Aquagrup\u00ae Spas","isPartOf":{"@id":"https:\/\/www.cataloniaaqua.com\/fr\/#website"},"primaryImageOfPage":{"@id":"https:\/\/www.cataloniaaqua.com\/fr\/acheter-spas\/#primaryimage"},"image":{"@id":"https:\/\/www.cataloniaaqua.com\/fr\/acheter-spas\/#primaryimage"},"thumbnailUrl":"https:\/\/www.cataloniaaqua.com\/wp-content\/uploads\/2021\/12\/comprar-aquavia-spas.jpg","datePublished":"2015-04-14T07:05:29+00:00","dateModified":"2025-02-12T17:26:11+00:00","description":"Vous Pensez \u00e0 Acheter un Spa d'Ext\u00e9rieur ou d'Int\u00e9rieur ? \u2b50 Nous sommes distributeurs officiels de Jacuzzi\u00ae et Aquavia Spa\u00ae \u2b50 Informez-vous Ici !","breadcrumb":{"@id":"https:\/\/www.cataloniaaqua.com\/fr\/acheter-spas\/#breadcrumb"},"inLanguage":"fr-FR","potentialAction":[{"@type":"ReadAction","target":["https:\/\/www.cataloniaaqua.com\/fr\/acheter-spas\/"]}]},{"@type":"ImageObject","inLanguage":"fr-FR","@id":"https:\/\/www.cataloniaaqua.com\/fr\/acheter-spas\/#primaryimage","url":"https:\/\/www.cataloniaaqua.com\/wp-content\/uploads\/2021\/12\/comprar-aquavia-spas.jpg","contentUrl":"https:\/\/www.cataloniaaqua.com\/wp-content\/uploads\/2021\/12\/comprar-aquavia-spas.jpg","width":450,"height":345,"caption":"Acheter Spa Aquavia"},{"@type":"BreadcrumbList","@id":"https:\/\/www.cataloniaaqua.com\/fr\/acheter-spas\/#breadcrumb","itemListElement":[{"@type":"ListItem","position":1,"name":"Jacuzzi Spa y Cubierta de Piscina","item":"https:\/\/www.cataloniaaqua.com\/fr\/"},{"@type":"ListItem","position":2,"name":"Acheter des Spas Jacuzzi\u00ae et Aquavia Spa\u00ae"}]},{"@type":"WebSite","@id":"https:\/\/www.cataloniaaqua.com\/fr\/#website","url":"https:\/\/www.cataloniaaqua.com\/fr\/","name":"Aquagrup Spas","description":"Spas y Swim Spas Aquavia y Jacuzzi","publisher":{"@id":"https:\/\/www.cataloniaaqua.com\/fr\/#organization"},"alternateName":"Aquagrup","potentialAction":[{"@type":"SearchAction","target":{"@type":"EntryPoint","urlTemplate":"https:\/\/www.cataloniaaqua.com\/fr\/?s={search_term_string}"},"query-input":{"@type":"PropertyValueSpecification","valueRequired":true,"valueName":"search_term_string"}}],"inLanguage":"fr-FR"},{"@type":"Organization","@id":"https:\/\/www.cataloniaaqua.com\/fr\/#organization","name":"Aquagrup Spas","alternateName":"Aquagrup","url":"https:\/\/www.cataloniaaqua.com\/fr\/","logo":{"@type":"ImageObject","inLanguage":"fr-FR","@id":"https:\/\/www.cataloniaaqua.com\/fr\/#\/schema\/logo\/image\/","url":"https:\/\/www.cataloniaaqua.com\/wp-content\/uploads\/2024\/01\/aquagrup-spas.jpg","contentUrl":"https:\/\/www.cataloniaaqua.com\/wp-content\/uploads\/2024\/01\/aquagrup-spas.jpg","width":696,"height":693,"caption":"Aquagrup Spas"},"image":{"@id":"https:\/\/www.cataloniaaqua.com\/fr\/#\/schema\/logo\/image\/"}}]}},"_links":{"self":[{"href":"https:\/\/www.cataloniaaqua.com\/fr\/wp-json\/wp\/v2\/pages\/41","targetHints":{"allow":["GET"]}}],"collection":[{"href":"https:\/\/www.cataloniaaqua.com\/fr\/wp-json\/wp\/v2\/pages"}],"about":[{"href":"https:\/\/www.cataloniaaqua.com\/fr\/wp-json\/wp\/v2\/types\/page"}],"author":[{"embeddable":true,"href":"https:\/\/www.cataloniaaqua.com\/fr\/wp-json\/wp\/v2\/users\/3"}],"replies":[{"embeddable":true,"href":"https:\/\/www.cataloniaaqua.com\/fr\/wp-json\/wp\/v2\/comments?post=41"}],"version-history":[{"count":0,"href":"https:\/\/www.cataloniaaqua.com\/fr\/wp-json\/wp\/v2\/pages\/41\/revisions"}],"wp:featuredmedia":[{"embeddable":true,"href":"https:\/\/www.cataloniaaqua.com\/fr\/wp-json\/wp\/v2\/media\/31331"}],"wp:attachment":[{"href":"https:\/\/www.cataloniaaqua.com\/fr\/wp-json\/wp\/v2\/media?parent=41"}],"curies":[{"name":"wp","href":"https:\/\/api.w.org\/{rel}","templated":true}]}}