{"id":61765,"date":"2021-12-30T13:25:45","date_gmt":"2021-12-30T12:25:45","guid":{"rendered":"https:\/\/www.cataloniaaqua.com\/comprar-aquavia-spa\/"},"modified":"2025-07-11T21:26:25","modified_gmt":"2025-07-11T19:26:25","slug":"acheter-aquavia-spa","status":"publish","type":"page","link":"https:\/\/www.cataloniaaqua.com\/fr\/acheter-aquavia-spa\/","title":{"rendered":"Acheter Aquavia Spa\u00ae"},"content":{"rendered":"<div class=\"wpb-content-wrapper\">[vc_row][vc_column width=\u00a0\u00bb1\/2&Prime;][vc_single_image image=\u00a0\u00bb31335&Prime; img_size=\u00a0\u00bb725&#215;500&Prime; alignment=\u00a0\u00bbcenter\u00a0\u00bb onclick=\u00a0\u00bbcustom_link\u00a0\u00bb css=\u00a0\u00bb.vc_custom_1751921926059{padding-right: 0px !important;padding-left: 0px !important;}\u00a0\u00bb link=\u00a0\u00bbhttps:\/\/www.cataloniaaqua.com\/fr\/acheter-spas\/spas-exterieur-interieur\/\u00a0\u00bb el_class=\u00a0\u00bbimgboxbw\u00a0\u00bb][vc_column_text css=\u00a0\u00bb\u00a0\u00bb el_class=\u00a0\u00bbboxbw2&Prime;]\n<h2 style=\"text-align: center;\"><a href=\"\/fr\/acheter-spas\/spas-exterieur-interieur\/\">Spas \u00e0 usage priv\u00e9<\/a><\/h2>\n<p>Profitez des sensations et des b\u00e9n\u00e9fices d\u2019un Spa \u00e0 domicile. Relaxez-vous gr\u00e2ce \u00e0 un <strong>spa d\u2019int\u00e9rieur ou d\u2019ext\u00e9rieur<\/strong> sans sortir de chez vous.<\/p>\n[\/vc_column_text][\/vc_column][vc_column width=\u00a0\u00bb1\/2&Prime;][vc_single_image image=\u00a0\u00bb7785&Prime; img_size=\u00a0\u00bb725&#215;500&Prime; alignment=\u00a0\u00bbcenter\u00a0\u00bb onclick=\u00a0\u00bbcustom_link\u00a0\u00bb css=\u00a0\u00bb\u00a0\u00bb link=\u00a0\u00bbhttps:\/\/www.cataloniaaqua.com\/fr\/acheter-spas\/spas-public-debordement\/\u00a0\u00bb el_class=\u00a0\u00bbimgboxbw\u00a0\u00bb][vc_column_text css=\u00a0\u00bb\u00a0\u00bb el_class=\u00a0\u00bbboxbw2&Prime;]\n<h2 style=\"text-align: center;\"><a href=\"\/fr\/acheter-spas\/spas-public-debordement\/\">Spas \u00e0 d\u00e9bordement<\/a><\/h2>\n<p>D\u00e9couvrez les <strong>bienfaits d\u2019un Spa<\/strong> sans pour autant renoncer \u00e0 l\u2019amplitude, l\u2019\u00e9l\u00e9gance et le design que vous apportera un <strong>Spa \u00e0 d\u00e9bordement<\/strong>.<\/p>\n[\/vc_column_text][\/vc_column][\/vc_row][vc_row][vc_column width=\u00a0\u00bb1\/2&Prime;][vc_single_image image=\u00a0\u00bb12188&Prime; img_size=\u00a0\u00bbfull\u00a0\u00bb alignment=\u00a0\u00bbcenter\u00a0\u00bb onclick=\u00a0\u00bbcustom_link\u00a0\u00bb css=\u00a0\u00bb.vc_custom_1751921954769{padding-right: 0px !important;padding-left: 0px !important;}\u00a0\u00bb link=\u00a0\u00bbhttps:\/\/www.cataloniaaqua.com\/fr\/acheter-spas\/swimspas\/\u00a0\u00bb el_class=\u00a0\u00bbimgboxbw\u00a0\u00bb][vc_column_text css=\u00a0\u00bb\u00a0\u00bb el_class=\u00a0\u00bbboxbw\u00a0\u00bb]\n<h2 style=\"text-align: center;\"><a href=\"\/fr\/acheter-spas\/swimspas\/\">Swimspas<\/a><\/h2>\n<p>Avec <strong>Swimspa<\/strong> vous pourrez <strong>nager \u00e0 contre-courant<\/strong> et vous relaxez, car il allie \u00e0 la fois les <strong>bienfaits du spa<\/strong> et <strong>ceux de la piscine<\/strong>, gr\u00e2ce \u00e0 ses jets massant et ses <strong>jets d\u2019eau \u00e0 contre-courant<\/strong>.<\/p>\n[\/vc_column_text][\/vc_column][vc_column width=\u00a0\u00bb1\/2&Prime;][vc_single_image image=\u00a0\u00bb61475&Prime; img_size=\u00a0\u00bb725&#215;500&Prime; alignment=\u00a0\u00bbcenter\u00a0\u00bb onclick=\u00a0\u00bbcustom_link\u00a0\u00bb css=\u00a0\u00bb\u00a0\u00bb link=\u00a0\u00bbhttps:\/\/www.cataloniaaqua.com\/fr\/acheter-spas\/spa-acier-inoxydable\/\u00a0\u00bb el_class=\u00a0\u00bbimgboxbw\u00a0\u00bb][vc_column_text css=\u00a0\u00bb\u00a0\u00bb el_class=\u00a0\u00bbboxbw2&Prime;]\n<h2 style=\"text-align: center;\"><a href=\"\/fr\/acheter-spas\/spa-acier-inoxydable\/\">Spas en acier inoxydable<\/a><\/h2>\n<p><strong>Spas en acier inoxydable<\/strong> de haute r\u00e9sistance pour un usage priv\u00e9 ou commercial, d&rsquo;une grande qualit\u00e9 et \u00e9l\u00e9gance. <strong>Les spas en inox simplifient les t\u00e2ches de maintenance et de pr\u00e9servation des surfaces<\/strong>.[\/vc_column_text][\/vc_column][\/vc_row][vc_row margin_top=\u00a0\u00bb0&Prime; margin_bottom=\u00a0\u00bb0&Prime; css=\u00a0\u00bb.vc_custom_1622201751603{margin-bottom: 0px !important;}\u00a0\u00bb][vc_column width=\u00a0\u00bb1\/4&Prime; css=\u00a0\u00bb.vc_custom_1622201780023{padding-top: 0px !important;background-position: center !important;background-repeat: no-repeat !important;background-size: cover !important;}\u00a0\u00bb][\/vc_column][vc_column width=\u00a0\u00bb2\/4&Prime;][\/vc_column][vc_column width=\u00a0\u00bb1\/4&Prime;][\/vc_column][\/vc_row][vc_row][vc_column][vc_column_text css=\u00a0\u00bb\u00a0\u00bb]<strong>Aquagrup<\/strong>\u00ae, distributeur officiel des spas <strong>Aquavia spa<\/strong>\u00ae ! D\u00e9couvrez le luxe et le bien-\u00eatre dans nos <strong>showrooms exclusifs \u00e0 Barcelone et Madrid<\/strong>. Nos spas offrent une qualit\u00e9 et un bien-\u00eatre optimaux, transformant votre maison en une oasis priv\u00e9e. Laissez-vous surprendre par la technologie de pointe et le design spectaculaire d&rsquo;<strong>Aquavia<\/strong>\u00ae. Choisissez la gamme qui correspond le mieux \u00e0 vos besoins et profitez du plaisir et du bien-\u00eatre que vous m\u00e9ritez ![\/vc_column_text][\/vc_column][\/vc_row]\n<\/div>","protected":false},"excerpt":{"rendered":"<p>[vc_row][vc_column width=\u00a0\u00bb1\/2&Prime;][vc_single_image image=\u00a0\u00bb31335&Prime; img_size=\u00a0\u00bb725&#215;500&Prime; alignment=\u00a0\u00bbcenter\u00a0\u00bb onclick=\u00a0\u00bbcustom_link\u00a0\u00bb css=\u00a0\u00bb.vc_custom_1751921926059{padding-right: 0px !important;padding-left: 0px !important;}\u00a0\u00bb link=\u00a0\u00bbhttps:\/\/www.cataloniaaqua.com\/fr\/acheter-spas\/spas-exterieur-interieur\/\u00a0\u00bb el_class=\u00a0\u00bbimgboxbw\u00a0\u00bb][vc_column_text css=\u00a0\u00bb\u00a0\u00bb el_class=\u00a0\u00bbboxbw2&Prime;] Spas \u00e0 usage priv\u00e9 Profitez des sensations et des b\u00e9n\u00e9fices d\u2019un Spa \u00e0 domicile. Relaxez-vous gr\u00e2ce \u00e0 un spa d\u2019int\u00e9rieur ou d\u2019ext\u00e9rieur sans sortir de chez vous. [\/vc_column_text][\/vc_column][vc_column width=\u00a0\u00bb1\/2&Prime;][vc_single_image image=\u00a0\u00bb7785&Prime; img_size=\u00a0\u00bb725&#215;500&Prime; alignment=\u00a0\u00bbcenter\u00a0\u00bb onclick=\u00a0\u00bbcustom_link\u00a0\u00bb css=\u00a0\u00bb\u00a0\u00bb link=\u00a0\u00bbhttps:\/\/www.cataloniaaqua.com\/fr\/acheter-spas\/spas-public-debordement\/\u00a0\u00bb el_class=\u00a0\u00bbimgboxbw\u00a0\u00bb][vc_column_text css=\u00a0\u00bb\u00a0\u00bb el_class=\u00a0\u00bbboxbw2&Prime;] Spas \u00e0&hellip;<\/p>\n","protected":false},"author":3,"featured_media":31331,"parent":0,"menu_order":0,"comment_status":"closed","ping_status":"closed","template":"","meta":{"_acf_changed":false,"footnotes":""},"class_list":["post-61765","page","type-page","status-publish","has-post-thumbnail","hentry","description-off"],"acf":[],"yoast_head":"<!-- This site is optimized with the Yoast SEO plugin v27.2 - https:\/\/yoast.com\/product\/yoast-seo-wordpress\/ -->\n<title>Comprar Aquavia Spa\u00ae de Exterior e Interior | Aquagrup \u00ae Spas<\/title>\n<meta name=\"description\" content=\"\u00bfEst\u00e1s Pensando en Comprar un Spa de Exterior o Interior? \u2b50 Descubre Aquavia Spa \u00ae el Mayor Frabricante de Spas Europeo \u2b50 \u00a1Inf\u00f3rmate Aqu\u00ed!\" \/>\n<meta name=\"robots\" content=\"index, follow, max-snippet:-1, max-image-preview:large, max-video-preview:-1\" \/>\n<link rel=\"canonical\" href=\"https:\/\/www.cataloniaaqua.com\/fr\/acheter-aquavia-spa\/\" \/>\n<meta property=\"og:locale\" content=\"fr_FR\" \/>\n<meta property=\"og:type\" content=\"article\" \/>\n<meta property=\"og:title\" content=\"Comprar Aquavia Spa\u00ae de Exterior e Interior | Aquagrup \u00ae Spas\" \/>\n<meta property=\"og:description\" content=\"\u00bfEst\u00e1s Pensando en Comprar un Spa de Exterior o Interior? \u2b50 Descubre Aquavia Spa \u00ae el Mayor Frabricante de Spas Europeo \u2b50 \u00a1Inf\u00f3rmate Aqu\u00ed!\" \/>\n<meta property=\"og:url\" content=\"https:\/\/www.cataloniaaqua.com\/fr\/acheter-aquavia-spa\/\" \/>\n<meta property=\"og:site_name\" content=\"Aquagrup Spas\" \/>\n<meta property=\"article:modified_time\" content=\"2025-07-11T19:26:25+00:00\" \/>\n<meta property=\"og:image\" content=\"https:\/\/www.cataloniaaqua.com\/wp-content\/uploads\/2021\/12\/comprar-aquavia-spas.jpg\" \/>\n\t<meta property=\"og:image:width\" content=\"450\" \/>\n\t<meta property=\"og:image:height\" content=\"345\" \/>\n\t<meta property=\"og:image:type\" content=\"image\/jpeg\" \/>\n<meta name=\"twitter:label1\" content=\"Dur\u00e9e de lecture estim\u00e9e\" \/>\n\t<meta name=\"twitter:data1\" content=\"3 minutes\" \/>\n<script type=\"application\/ld+json\" class=\"yoast-schema-graph\">{\"@context\":\"https:\/\/schema.org\",\"@graph\":[{\"@type\":\"WebPage\",\"@id\":\"https:\/\/www.cataloniaaqua.com\/fr\/acheter-aquavia-spa\/\",\"url\":\"https:\/\/www.cataloniaaqua.com\/fr\/acheter-aquavia-spa\/\",\"name\":\"Comprar Aquavia Spa\u00ae de Exterior e Interior | Aquagrup \u00ae Spas\",\"isPartOf\":{\"@id\":\"https:\/\/www.cataloniaaqua.com\/fr\/#website\"},\"primaryImageOfPage\":{\"@id\":\"https:\/\/www.cataloniaaqua.com\/fr\/acheter-aquavia-spa\/#primaryimage\"},\"image\":{\"@id\":\"https:\/\/www.cataloniaaqua.com\/fr\/acheter-aquavia-spa\/#primaryimage\"},\"thumbnailUrl\":\"https:\/\/www.cataloniaaqua.com\/wp-content\/uploads\/2021\/12\/comprar-aquavia-spas.jpg\",\"datePublished\":\"2021-12-30T12:25:45+00:00\",\"dateModified\":\"2025-07-11T19:26:25+00:00\",\"description\":\"\u00bfEst\u00e1s Pensando en Comprar un Spa de Exterior o Interior? \u2b50 Descubre Aquavia Spa \u00ae el Mayor Frabricante de Spas Europeo \u2b50 \u00a1Inf\u00f3rmate Aqu\u00ed!\",\"breadcrumb\":{\"@id\":\"https:\/\/www.cataloniaaqua.com\/fr\/acheter-aquavia-spa\/#breadcrumb\"},\"inLanguage\":\"fr-FR\",\"potentialAction\":[{\"@type\":\"ReadAction\",\"target\":[\"https:\/\/www.cataloniaaqua.com\/fr\/acheter-aquavia-spa\/\"]}]},{\"@type\":\"ImageObject\",\"inLanguage\":\"fr-FR\",\"@id\":\"https:\/\/www.cataloniaaqua.com\/fr\/acheter-aquavia-spa\/#primaryimage\",\"url\":\"https:\/\/www.cataloniaaqua.com\/wp-content\/uploads\/2021\/12\/comprar-aquavia-spas.jpg\",\"contentUrl\":\"https:\/\/www.cataloniaaqua.com\/wp-content\/uploads\/2021\/12\/comprar-aquavia-spas.jpg\",\"width\":450,\"height\":345,\"caption\":\"Acheter Spa Aquavia\"},{\"@type\":\"BreadcrumbList\",\"@id\":\"https:\/\/www.cataloniaaqua.com\/fr\/acheter-aquavia-spa\/#breadcrumb\",\"itemListElement\":[{\"@type\":\"ListItem\",\"position\":1,\"name\":\"Jacuzzi Spa y Cubierta de Piscina\",\"item\":\"https:\/\/www.cataloniaaqua.com\/fr\/\"},{\"@type\":\"ListItem\",\"position\":2,\"name\":\"Acheter Aquavia Spa\u00ae\"}]},{\"@type\":\"WebSite\",\"@id\":\"https:\/\/www.cataloniaaqua.com\/fr\/#website\",\"url\":\"https:\/\/www.cataloniaaqua.com\/fr\/\",\"name\":\"Aquagrup Spas\",\"description\":\"Spas y Swim Spas Aquavia y Jacuzzi\",\"publisher\":{\"@id\":\"https:\/\/www.cataloniaaqua.com\/fr\/#organization\"},\"alternateName\":\"Aquagrup\",\"potentialAction\":[{\"@type\":\"SearchAction\",\"target\":{\"@type\":\"EntryPoint\",\"urlTemplate\":\"https:\/\/www.cataloniaaqua.com\/fr\/?s={search_term_string}\"},\"query-input\":{\"@type\":\"PropertyValueSpecification\",\"valueRequired\":true,\"valueName\":\"search_term_string\"}}],\"inLanguage\":\"fr-FR\"},{\"@type\":\"Organization\",\"@id\":\"https:\/\/www.cataloniaaqua.com\/fr\/#organization\",\"name\":\"Aquagrup Spas\",\"alternateName\":\"Aquagrup\",\"url\":\"https:\/\/www.cataloniaaqua.com\/fr\/\",\"logo\":{\"@type\":\"ImageObject\",\"inLanguage\":\"fr-FR\",\"@id\":\"https:\/\/www.cataloniaaqua.com\/fr\/#\/schema\/logo\/image\/\",\"url\":\"https:\/\/www.cataloniaaqua.com\/wp-content\/uploads\/2024\/01\/aquagrup-spas.jpg\",\"contentUrl\":\"https:\/\/www.cataloniaaqua.com\/wp-content\/uploads\/2024\/01\/aquagrup-spas.jpg\",\"width\":696,\"height\":693,\"caption\":\"Aquagrup Spas\"},\"image\":{\"@id\":\"https:\/\/www.cataloniaaqua.com\/fr\/#\/schema\/logo\/image\/\"}}]}<\/script>\n<!-- \/ Yoast SEO plugin. -->","yoast_head_json":{"title":"Comprar Aquavia Spa\u00ae de Exterior e Interior | Aquagrup \u00ae Spas","description":"\u00bfEst\u00e1s Pensando en Comprar un Spa de Exterior o Interior? \u2b50 Descubre Aquavia Spa \u00ae el Mayor Frabricante de Spas Europeo \u2b50 \u00a1Inf\u00f3rmate Aqu\u00ed!","robots":{"index":"index","follow":"follow","max-snippet":"max-snippet:-1","max-image-preview":"max-image-preview:large","max-video-preview":"max-video-preview:-1"},"canonical":"https:\/\/www.cataloniaaqua.com\/fr\/acheter-aquavia-spa\/","og_locale":"fr_FR","og_type":"article","og_title":"Comprar Aquavia Spa\u00ae de Exterior e Interior | Aquagrup \u00ae Spas","og_description":"\u00bfEst\u00e1s Pensando en Comprar un Spa de Exterior o Interior? \u2b50 Descubre Aquavia Spa \u00ae el Mayor Frabricante de Spas Europeo \u2b50 \u00a1Inf\u00f3rmate Aqu\u00ed!","og_url":"https:\/\/www.cataloniaaqua.com\/fr\/acheter-aquavia-spa\/","og_site_name":"Aquagrup Spas","article_modified_time":"2025-07-11T19:26:25+00:00","og_image":[{"width":450,"height":345,"url":"https:\/\/www.cataloniaaqua.com\/wp-content\/uploads\/2021\/12\/comprar-aquavia-spas.jpg","type":"image\/jpeg"}],"twitter_misc":{"Dur\u00e9e de lecture estim\u00e9e":"3 minutes"},"schema":{"@context":"https:\/\/schema.org","@graph":[{"@type":"WebPage","@id":"https:\/\/www.cataloniaaqua.com\/fr\/acheter-aquavia-spa\/","url":"https:\/\/www.cataloniaaqua.com\/fr\/acheter-aquavia-spa\/","name":"Comprar Aquavia Spa\u00ae de Exterior e Interior | Aquagrup \u00ae Spas","isPartOf":{"@id":"https:\/\/www.cataloniaaqua.com\/fr\/#website"},"primaryImageOfPage":{"@id":"https:\/\/www.cataloniaaqua.com\/fr\/acheter-aquavia-spa\/#primaryimage"},"image":{"@id":"https:\/\/www.cataloniaaqua.com\/fr\/acheter-aquavia-spa\/#primaryimage"},"thumbnailUrl":"https:\/\/www.cataloniaaqua.com\/wp-content\/uploads\/2021\/12\/comprar-aquavia-spas.jpg","datePublished":"2021-12-30T12:25:45+00:00","dateModified":"2025-07-11T19:26:25+00:00","description":"\u00bfEst\u00e1s Pensando en Comprar un Spa de Exterior o Interior? \u2b50 Descubre Aquavia Spa \u00ae el Mayor Frabricante de Spas Europeo \u2b50 \u00a1Inf\u00f3rmate Aqu\u00ed!","breadcrumb":{"@id":"https:\/\/www.cataloniaaqua.com\/fr\/acheter-aquavia-spa\/#breadcrumb"},"inLanguage":"fr-FR","potentialAction":[{"@type":"ReadAction","target":["https:\/\/www.cataloniaaqua.com\/fr\/acheter-aquavia-spa\/"]}]},{"@type":"ImageObject","inLanguage":"fr-FR","@id":"https:\/\/www.cataloniaaqua.com\/fr\/acheter-aquavia-spa\/#primaryimage","url":"https:\/\/www.cataloniaaqua.com\/wp-content\/uploads\/2021\/12\/comprar-aquavia-spas.jpg","contentUrl":"https:\/\/www.cataloniaaqua.com\/wp-content\/uploads\/2021\/12\/comprar-aquavia-spas.jpg","width":450,"height":345,"caption":"Acheter Spa Aquavia"},{"@type":"BreadcrumbList","@id":"https:\/\/www.cataloniaaqua.com\/fr\/acheter-aquavia-spa\/#breadcrumb","itemListElement":[{"@type":"ListItem","position":1,"name":"Jacuzzi Spa y Cubierta de Piscina","item":"https:\/\/www.cataloniaaqua.com\/fr\/"},{"@type":"ListItem","position":2,"name":"Acheter Aquavia Spa\u00ae"}]},{"@type":"WebSite","@id":"https:\/\/www.cataloniaaqua.com\/fr\/#website","url":"https:\/\/www.cataloniaaqua.com\/fr\/","name":"Aquagrup Spas","description":"Spas y Swim Spas Aquavia y Jacuzzi","publisher":{"@id":"https:\/\/www.cataloniaaqua.com\/fr\/#organization"},"alternateName":"Aquagrup","potentialAction":[{"@type":"SearchAction","target":{"@type":"EntryPoint","urlTemplate":"https:\/\/www.cataloniaaqua.com\/fr\/?s={search_term_string}"},"query-input":{"@type":"PropertyValueSpecification","valueRequired":true,"valueName":"search_term_string"}}],"inLanguage":"fr-FR"},{"@type":"Organization","@id":"https:\/\/www.cataloniaaqua.com\/fr\/#organization","name":"Aquagrup Spas","alternateName":"Aquagrup","url":"https:\/\/www.cataloniaaqua.com\/fr\/","logo":{"@type":"ImageObject","inLanguage":"fr-FR","@id":"https:\/\/www.cataloniaaqua.com\/fr\/#\/schema\/logo\/image\/","url":"https:\/\/www.cataloniaaqua.com\/wp-content\/uploads\/2024\/01\/aquagrup-spas.jpg","contentUrl":"https:\/\/www.cataloniaaqua.com\/wp-content\/uploads\/2024\/01\/aquagrup-spas.jpg","width":696,"height":693,"caption":"Aquagrup Spas"},"image":{"@id":"https:\/\/www.cataloniaaqua.com\/fr\/#\/schema\/logo\/image\/"}}]}},"_links":{"self":[{"href":"https:\/\/www.cataloniaaqua.com\/fr\/wp-json\/wp\/v2\/pages\/61765","targetHints":{"allow":["GET"]}}],"collection":[{"href":"https:\/\/www.cataloniaaqua.com\/fr\/wp-json\/wp\/v2\/pages"}],"about":[{"href":"https:\/\/www.cataloniaaqua.com\/fr\/wp-json\/wp\/v2\/types\/page"}],"author":[{"embeddable":true,"href":"https:\/\/www.cataloniaaqua.com\/fr\/wp-json\/wp\/v2\/users\/3"}],"replies":[{"embeddable":true,"href":"https:\/\/www.cataloniaaqua.com\/fr\/wp-json\/wp\/v2\/comments?post=61765"}],"version-history":[{"count":0,"href":"https:\/\/www.cataloniaaqua.com\/fr\/wp-json\/wp\/v2\/pages\/61765\/revisions"}],"wp:featuredmedia":[{"embeddable":true,"href":"https:\/\/www.cataloniaaqua.com\/fr\/wp-json\/wp\/v2\/media\/31331"}],"wp:attachment":[{"href":"https:\/\/www.cataloniaaqua.com\/fr\/wp-json\/wp\/v2\/media?parent=61765"}],"curies":[{"name":"wp","href":"https:\/\/api.w.org\/{rel}","templated":true}]}}