{"id":648,"date":"2015-04-14T14:19:34","date_gmt":"2015-04-14T14:19:34","guid":{"rendered":"http:\/\/www.cataloniaaqua.com\/ofertas-2\/"},"modified":"2023-02-09T12:15:29","modified_gmt":"2023-02-09T11:15:29","slug":"offres","status":"publish","type":"page","link":"https:\/\/www.cataloniaaqua.com\/fr\/offres\/","title":{"rendered":"Offres"},"content":{"rendered":"<div class=\"wpb-content-wrapper\">[vc_row margin_bottom=\u00a0\u00bb35px\u00a0\u00bb][vc_column css=\u00a0\u00bb.vc_custom_1527261778763{padding-top: 0px !important;background-color: #f8f8f9 !important;background-position: center !important;background-repeat: no-repeat !important;background-size: cover !important;}\u00a0\u00bb el_class=\u00a0\u00bboferta\u00a0\u00bb][vc_row_inner equal_height=\u00a0\u00bbyes\u00a0\u00bb][vc_column_inner width=\u00a0\u00bb1\/2&Prime; css=\u00a0\u00bb.vc_custom_1608129221754{background-image: url(https:\/\/www.cataloniaaqua.com\/wp-content\/uploads\/2020\/12\/oferta-swimspa-fitness-cataloniaaqua.jpg?id=24829) !important;background-position: center !important;background-repeat: no-repeat !important;background-size: cover !important;}\u00a0\u00bb][vc_empty_space height=\u00a0\u00bb250px\u00a0\u00bb][\/vc_column_inner][vc_column_inner width=\u00a0\u00bb1\/2&Prime;][vc_column_text]\n<h2>SWIMSPA EN PROMOTION &#8211; SWIMSPA<\/h2>\n<ul>\n<li>Swimspa en stock<\/li>\n<li>Mod\u00e9le <a href=\"https:\/\/www.cataloniaaqua.com\/fr\/acheter-spas\/swimspas\/fitness-spa\/\" target=\"_blank\" rel=\"noopener noreferrer\">Swimspa Fitness<\/a> &#8211; Aquavia:\n<ul>\n<li>Dimensions: 400 x 230 cm<\/li>\n<li>Id\u00e9al en Terrasse ou dans Jardins<\/li>\n<li>Couleur: Sterling, blanc ou bleu<\/li>\n<li>Meuble: Grise &#8211; Synthetic grey\u00a0 &#8211;<\/li>\n<\/ul>\n<\/li>\n<li>Livrasion imm\u00e9diate, selon la disponibilit\u00e9<\/li>\n<\/ul>\n<p style=\"text-align: center;\"><em>Prix final \u00e0 consulter selon les d\u00e9tails de votre projet<\/em><\/p>\n<p style=\"text-align: center;\"><a class=\"btn btn-pres\" href=\"https:\/\/www.cataloniaaqua.com\/fr\/demande-spa\/\">Consultez-nous<\/a><\/p>\n[\/vc_column_text][\/vc_column_inner][\/vc_row_inner][\/vc_column][\/vc_row][vc_row margin_bottom=\u00a0\u00bb35px\u00a0\u00bb][vc_column css=\u00a0\u00bb.vc_custom_1527261778763{padding-top: 0px !important;background-color: #f8f8f9 !important;background-position: center !important;background-repeat: no-repeat !important;background-size: cover !important;}\u00a0\u00bb el_class=\u00a0\u00bboferta\u00a0\u00bb][vc_row_inner equal_height=\u00a0\u00bbyes\u00a0\u00bb][vc_column_inner width=\u00a0\u00bb1\/2&Prime; css=\u00a0\u00bb.vc_custom_1675941324418{background-image: url(https:\/\/www.cataloniaaqua.com\/wp-content\/uploads\/2023\/02\/spas-exterior-aquavia-spa-feel-2.jpg?id=42509) !important;background-position: center !important;background-repeat: no-repeat !important;background-size: cover !important;}\u00a0\u00bb][vc_empty_space height=\u00a0\u00bb250px\u00a0\u00bb][\/vc_column_inner][vc_column_inner width=\u00a0\u00bb1\/2&Prime;][vc_column_text]\n<h2>SPA EN PROMOTION &#8211; SPA<\/h2>\n<ul>\n<li>Spa de fabrication europ\u00e9enne en stock<\/li>\n<li>Mod\u00e9le <a href=\"https:\/\/www.cataloniaaqua.com\/fr\/acheter-spas\/spas-exterieur-interieur\/feel\/\">Spa Feel<\/a>\u00a0&#8211; Aquavia:\n<ul>\n<li>Nombre: 5<\/li>\n<li>Dimensions: 216 x 216 x 90 cm<\/li>\n<li>Id\u00e9al en Terrasse ou dans Jardins, int\u00e9rieur ou ext\u00e9rieur<\/li>\n<li>Livrasion imm\u00e9diate, selon la disponibilit\u00e9<\/li>\n<\/ul>\n<\/li>\n<\/ul>\n<p style=\"text-align: center;\"><em>Prix final \u00e0 consulter selon les d\u00e9tails de votre projet<\/em><\/p>\n<p style=\"text-align: center;\"><a class=\"btn btn-pres\" href=\"https:\/\/www.cataloniaaqua.com\/fr\/demande-spa\/\">Consultez-nous<\/a><\/p>\n[\/vc_column_text][\/vc_column_inner][\/vc_row_inner][\/vc_column][\/vc_row][vc_row margin_bottom=\u00a0\u00bb35px\u00a0\u00bb][vc_column css=\u00a0\u00bb.vc_custom_1527261778763{padding-top: 0px !important;background-color: #f8f8f9 !important;background-position: center !important;background-repeat: no-repeat !important;background-size: cover !important;}\u00a0\u00bb el_class=\u00a0\u00bboferta\u00a0\u00bb][vc_row_inner equal_height=\u00a0\u00bbyes\u00a0\u00bb][vc_column_inner width=\u00a0\u00bb1\/2&Prime; css=\u00a0\u00bb.vc_custom_1621842975707{background-image: url(https:\/\/www.cataloniaaqua.com\/wp-content\/uploads\/2021\/05\/oferta-spa-suite.jpg?id=28316) !important;background-position: center !important;background-repeat: no-repeat !important;background-size: cover !important;}\u00a0\u00bb][vc_empty_space height=\u00a0\u00bb250px\u00a0\u00bb][\/vc_column_inner][vc_column_inner width=\u00a0\u00bb1\/2&Prime;][vc_column_text]\n<h2>SPA EN PROMOTION &#8211; SPA PROMU<\/h2>\n<ul>\n<li>Spa de fabrication Nationale en stock<\/li>\n<li>Mod\u00e8le\u00a0<a href=\"\/fr\/acheter-spas\/spas-exterieur-interieur\/suite\/\">SUITE<\/a> &#8211; Aquav\u00eda:\n<ul>\n<li>Nombre de places: 4<\/li>\n<li>Dimensions: 203 x 150 x 72 cm<\/li>\n<li>Id\u00e9al en Terrasse ou dans Jardins, int\u00e9rieurs<\/li>\n<li>Couleur: Blanc<\/li>\n<li>Meuble: Graphite ou butterfly<\/li>\n<\/ul>\n<\/li>\n<li>Livrasion imm\u00e9diate, selon la disponibilit\u00e9<\/li>\n<\/ul>\n<p style=\"text-align: center;\"><em>Prix final \u00e0 consulter selon les d\u00e9tails de votre projet<\/em><\/p>\n<p style=\"text-align: center;\"><a class=\"btn btn-pres\" href=\"https:\/\/www.cataloniaaqua.com\/fr\/demande-spa\/\">Consultez-nous<\/a><\/p>\n[\/vc_column_text][\/vc_column_inner][\/vc_row_inner][\/vc_column][\/vc_row][vc_row][vc_column][vc_column_text]\n<h2>Offres en Spas<\/h2>\n<p>Aquagrup est une des entreprises leader dans la vente de Spas en Espagne. Si vous souhaitez acheter un Spa en stock, n\u2019h\u00e9sitez pas\u2026demandez nous un devis gratuit.<\/p>\n<p>Prenez contact avec Aquagrup et nous vous informerons de toutes nos offres et de nos r\u00e9ductions sur les Spas en stock, avec livraison imm\u00e9diate pendant le mois en cours des spas de notre exclusive showroom.<\/p>\n<p>Gr\u00e2ce au fait que nous soyons fabricants de Spas, nous pouvons vous offrir la meilleure relation qualit\u00e9-prix, n\u2019h\u00e9sitez pas \u00e0 consulter les promotions du mois et profitez de tous les avantages que vous offre toute l\u2019\u00e9quipe de Aquagrup.<\/p>\n<p>VENTE, SERVICE TECHNIQUE ET MONTAGE DANS TOUTE L\u2019ESPAGNE[\/vc_column_text][\/vc_column][\/vc_row]\n<\/div>","protected":false},"excerpt":{"rendered":"<p>[vc_row margin_bottom=\u00a0\u00bb35px\u00a0\u00bb][vc_column css=\u00a0\u00bb.vc_custom_1527261778763{padding-top: 0px !important;background-color: #f8f8f9 !important;background-position: center !important;background-repeat: no-repeat !important;background-size: cover !important;}\u00a0\u00bb el_class=\u00a0\u00bboferta\u00a0\u00bb][vc_row_inner equal_height=\u00a0\u00bbyes\u00a0\u00bb][vc_column_inner width=\u00a0\u00bb1\/2&Prime; css=\u00a0\u00bb.vc_custom_1608129221754{background-image: url(https:\/\/www.cataloniaaqua.com\/wp-content\/uploads\/2020\/12\/oferta-swimspa-fitness-cataloniaaqua.jpg?id=24829) !important;background-position: center !important;background-repeat: no-repeat !important;background-size: cover !important;}\u00a0\u00bb][vc_empty_space height=\u00a0\u00bb250px\u00a0\u00bb][\/vc_column_inner][vc_column_inner width=\u00a0\u00bb1\/2&Prime;][vc_column_text] SWIMSPA EN PROMOTION &#8211; SWIMSPA Swimspa en stock Mod\u00e9le Swimspa Fitness &#8211; Aquavia: Dimensions: 400 x 230 cm Id\u00e9al en Terrasse ou dans Jardins Couleur: Sterling, blanc ou&hellip;<\/p>\n","protected":false},"author":3,"featured_media":0,"parent":0,"menu_order":0,"comment_status":"closed","ping_status":"closed","template":"","meta":{"_acf_changed":false,"footnotes":""},"class_list":["post-648","page","type-page","status-publish","hentry","description-off"],"acf":[],"yoast_head":"<!-- This site is optimized with the Yoast SEO plugin v27.2 - https:\/\/yoast.com\/product\/yoast-seo-wordpress\/ -->\n<title>Offres en Spas et Swim Spas - Aquagrup Spas<\/title>\n<meta name=\"description\" content=\"Aquagrup, specialists in Hot Tubs and Swim Spas, offers you the best Jacuzzi\u00ae and Aquavia Spa\u00ae offers. Ask us for information!\" \/>\n<meta name=\"robots\" content=\"index, follow, max-snippet:-1, max-image-preview:large, max-video-preview:-1\" \/>\n<link rel=\"canonical\" href=\"https:\/\/www.cataloniaaqua.com\/fr\/offres\/\" \/>\n<meta property=\"og:locale\" content=\"fr_FR\" \/>\n<meta property=\"og:type\" content=\"article\" \/>\n<meta property=\"og:title\" content=\"Offres en Spas et Swim Spas - Aquagrup Spas\" \/>\n<meta property=\"og:description\" content=\"Aquagrup, specialists in Hot Tubs and Swim Spas, offers you the best Jacuzzi\u00ae and Aquavia Spa\u00ae offers. Ask us for information!\" \/>\n<meta property=\"og:url\" content=\"https:\/\/www.cataloniaaqua.com\/fr\/offres\/\" \/>\n<meta property=\"og:site_name\" content=\"Aquagrup Spas\" \/>\n<meta property=\"article:modified_time\" content=\"2023-02-09T11:15:29+00:00\" \/>\n<meta property=\"og:image\" content=\"https:\/\/www.cataloniaaqua.com\/wp-content\/uploads\/2024\/01\/spa-aquagrup.jpg\" \/>\n\t<meta property=\"og:image:width\" content=\"1200\" \/>\n\t<meta property=\"og:image:height\" content=\"675\" \/>\n\t<meta property=\"og:image:type\" content=\"image\/jpeg\" \/>\n<meta name=\"twitter:label1\" content=\"Dur\u00e9e de lecture estim\u00e9e\" \/>\n\t<meta name=\"twitter:data1\" content=\"2 minutes\" \/>\n<script type=\"application\/ld+json\" class=\"yoast-schema-graph\">{\"@context\":\"https:\/\/schema.org\",\"@graph\":[{\"@type\":\"WebPage\",\"@id\":\"https:\/\/www.cataloniaaqua.com\/fr\/offres\/\",\"url\":\"https:\/\/www.cataloniaaqua.com\/fr\/offres\/\",\"name\":\"Offres en Spas et Swim Spas - Aquagrup Spas\",\"isPartOf\":{\"@id\":\"https:\/\/www.cataloniaaqua.com\/fr\/#website\"},\"datePublished\":\"2015-04-14T14:19:34+00:00\",\"dateModified\":\"2023-02-09T11:15:29+00:00\",\"description\":\"Aquagrup, specialists in Hot Tubs and Swim Spas, offers you the best Jacuzzi\u00ae and Aquavia Spa\u00ae offers. Ask us for information!\",\"breadcrumb\":{\"@id\":\"https:\/\/www.cataloniaaqua.com\/fr\/offres\/#breadcrumb\"},\"inLanguage\":\"fr-FR\",\"potentialAction\":[{\"@type\":\"ReadAction\",\"target\":[\"https:\/\/www.cataloniaaqua.com\/fr\/offres\/\"]}]},{\"@type\":\"BreadcrumbList\",\"@id\":\"https:\/\/www.cataloniaaqua.com\/fr\/offres\/#breadcrumb\",\"itemListElement\":[{\"@type\":\"ListItem\",\"position\":1,\"name\":\"Jacuzzi Spa y Cubierta de Piscina\",\"item\":\"https:\/\/www.cataloniaaqua.com\/fr\/\"},{\"@type\":\"ListItem\",\"position\":2,\"name\":\"Offres\"}]},{\"@type\":\"WebSite\",\"@id\":\"https:\/\/www.cataloniaaqua.com\/fr\/#website\",\"url\":\"https:\/\/www.cataloniaaqua.com\/fr\/\",\"name\":\"Aquagrup Spas\",\"description\":\"Spas y Swim Spas Aquavia y Jacuzzi\",\"publisher\":{\"@id\":\"https:\/\/www.cataloniaaqua.com\/fr\/#organization\"},\"alternateName\":\"Aquagrup\",\"potentialAction\":[{\"@type\":\"SearchAction\",\"target\":{\"@type\":\"EntryPoint\",\"urlTemplate\":\"https:\/\/www.cataloniaaqua.com\/fr\/?s={search_term_string}\"},\"query-input\":{\"@type\":\"PropertyValueSpecification\",\"valueRequired\":true,\"valueName\":\"search_term_string\"}}],\"inLanguage\":\"fr-FR\"},{\"@type\":\"Organization\",\"@id\":\"https:\/\/www.cataloniaaqua.com\/fr\/#organization\",\"name\":\"Aquagrup Spas\",\"alternateName\":\"Aquagrup\",\"url\":\"https:\/\/www.cataloniaaqua.com\/fr\/\",\"logo\":{\"@type\":\"ImageObject\",\"inLanguage\":\"fr-FR\",\"@id\":\"https:\/\/www.cataloniaaqua.com\/fr\/#\/schema\/logo\/image\/\",\"url\":\"https:\/\/www.cataloniaaqua.com\/wp-content\/uploads\/2024\/01\/aquagrup-spas.jpg\",\"contentUrl\":\"https:\/\/www.cataloniaaqua.com\/wp-content\/uploads\/2024\/01\/aquagrup-spas.jpg\",\"width\":696,\"height\":693,\"caption\":\"Aquagrup Spas\"},\"image\":{\"@id\":\"https:\/\/www.cataloniaaqua.com\/fr\/#\/schema\/logo\/image\/\"}}]}<\/script>\n<!-- \/ Yoast SEO plugin. -->","yoast_head_json":{"title":"Offres en Spas et Swim Spas - Aquagrup Spas","description":"Aquagrup, specialists in Hot Tubs and Swim Spas, offers you the best Jacuzzi\u00ae and Aquavia Spa\u00ae offers. Ask us for information!","robots":{"index":"index","follow":"follow","max-snippet":"max-snippet:-1","max-image-preview":"max-image-preview:large","max-video-preview":"max-video-preview:-1"},"canonical":"https:\/\/www.cataloniaaqua.com\/fr\/offres\/","og_locale":"fr_FR","og_type":"article","og_title":"Offres en Spas et Swim Spas - Aquagrup Spas","og_description":"Aquagrup, specialists in Hot Tubs and Swim Spas, offers you the best Jacuzzi\u00ae and Aquavia Spa\u00ae offers. Ask us for information!","og_url":"https:\/\/www.cataloniaaqua.com\/fr\/offres\/","og_site_name":"Aquagrup Spas","article_modified_time":"2023-02-09T11:15:29+00:00","og_image":[{"width":1200,"height":675,"url":"https:\/\/www.cataloniaaqua.com\/wp-content\/uploads\/2024\/01\/spa-aquagrup.jpg","type":"image\/jpeg"}],"twitter_misc":{"Dur\u00e9e de lecture estim\u00e9e":"2 minutes"},"schema":{"@context":"https:\/\/schema.org","@graph":[{"@type":"WebPage","@id":"https:\/\/www.cataloniaaqua.com\/fr\/offres\/","url":"https:\/\/www.cataloniaaqua.com\/fr\/offres\/","name":"Offres en Spas et Swim Spas - Aquagrup Spas","isPartOf":{"@id":"https:\/\/www.cataloniaaqua.com\/fr\/#website"},"datePublished":"2015-04-14T14:19:34+00:00","dateModified":"2023-02-09T11:15:29+00:00","description":"Aquagrup, specialists in Hot Tubs and Swim Spas, offers you the best Jacuzzi\u00ae and Aquavia Spa\u00ae offers. Ask us for information!","breadcrumb":{"@id":"https:\/\/www.cataloniaaqua.com\/fr\/offres\/#breadcrumb"},"inLanguage":"fr-FR","potentialAction":[{"@type":"ReadAction","target":["https:\/\/www.cataloniaaqua.com\/fr\/offres\/"]}]},{"@type":"BreadcrumbList","@id":"https:\/\/www.cataloniaaqua.com\/fr\/offres\/#breadcrumb","itemListElement":[{"@type":"ListItem","position":1,"name":"Jacuzzi Spa y Cubierta de Piscina","item":"https:\/\/www.cataloniaaqua.com\/fr\/"},{"@type":"ListItem","position":2,"name":"Offres"}]},{"@type":"WebSite","@id":"https:\/\/www.cataloniaaqua.com\/fr\/#website","url":"https:\/\/www.cataloniaaqua.com\/fr\/","name":"Aquagrup Spas","description":"Spas y Swim Spas Aquavia y Jacuzzi","publisher":{"@id":"https:\/\/www.cataloniaaqua.com\/fr\/#organization"},"alternateName":"Aquagrup","potentialAction":[{"@type":"SearchAction","target":{"@type":"EntryPoint","urlTemplate":"https:\/\/www.cataloniaaqua.com\/fr\/?s={search_term_string}"},"query-input":{"@type":"PropertyValueSpecification","valueRequired":true,"valueName":"search_term_string"}}],"inLanguage":"fr-FR"},{"@type":"Organization","@id":"https:\/\/www.cataloniaaqua.com\/fr\/#organization","name":"Aquagrup Spas","alternateName":"Aquagrup","url":"https:\/\/www.cataloniaaqua.com\/fr\/","logo":{"@type":"ImageObject","inLanguage":"fr-FR","@id":"https:\/\/www.cataloniaaqua.com\/fr\/#\/schema\/logo\/image\/","url":"https:\/\/www.cataloniaaqua.com\/wp-content\/uploads\/2024\/01\/aquagrup-spas.jpg","contentUrl":"https:\/\/www.cataloniaaqua.com\/wp-content\/uploads\/2024\/01\/aquagrup-spas.jpg","width":696,"height":693,"caption":"Aquagrup Spas"},"image":{"@id":"https:\/\/www.cataloniaaqua.com\/fr\/#\/schema\/logo\/image\/"}}]}},"_links":{"self":[{"href":"https:\/\/www.cataloniaaqua.com\/fr\/wp-json\/wp\/v2\/pages\/648","targetHints":{"allow":["GET"]}}],"collection":[{"href":"https:\/\/www.cataloniaaqua.com\/fr\/wp-json\/wp\/v2\/pages"}],"about":[{"href":"https:\/\/www.cataloniaaqua.com\/fr\/wp-json\/wp\/v2\/types\/page"}],"author":[{"embeddable":true,"href":"https:\/\/www.cataloniaaqua.com\/fr\/wp-json\/wp\/v2\/users\/3"}],"replies":[{"embeddable":true,"href":"https:\/\/www.cataloniaaqua.com\/fr\/wp-json\/wp\/v2\/comments?post=648"}],"version-history":[{"count":0,"href":"https:\/\/www.cataloniaaqua.com\/fr\/wp-json\/wp\/v2\/pages\/648\/revisions"}],"wp:attachment":[{"href":"https:\/\/www.cataloniaaqua.com\/fr\/wp-json\/wp\/v2\/media?parent=648"}],"curies":[{"name":"wp","href":"https:\/\/api.w.org\/{rel}","templated":true}]}}