{"id":690,"date":"2015-04-16T10:02:22","date_gmt":"2015-04-16T10:02:22","guid":{"rendered":"http:\/\/www.cataloniaaqua.com\/spas\/desbordantes-uso-publico\/"},"modified":"2024-12-12T13:29:37","modified_gmt":"2024-12-12T12:29:37","slug":"spas-public-debordement","status":"publish","type":"page","link":"https:\/\/www.cataloniaaqua.com\/fr\/acheter-spas\/spas-public-debordement\/","title":{"rendered":"Spas \u00e0 D\u00e9bordement Aquavia Spa\u00ae"},"content":{"rendered":"<div class=\"wpb-content-wrapper\">[vc_row][vc_column][vc_column_text css=\u00a0\u00bb\u00a0\u00bb]\n<h2>Spas pour des espaces de publique concurrence<\/h2>\n<p><strong>S<\/strong><strong>pa d\u00e9bordant d&rsquo;usage public<\/strong> est le choix parfait pour <strong>gymnases<\/strong>, <strong>centres wellness<\/strong>, <strong>h\u00f4tels<\/strong>, <strong>maisons rurales<\/strong> et <strong>clubs sociaux<\/strong>. Con\u00e7us pour des espaces de <strong>publique concurrence<\/strong>, ils garantissent une exp\u00e9rience d&rsquo;hydroth\u00e9rapie sup\u00e9rieure, respectant les normes sanitaires et de s\u00e9curit\u00e9 en vigueur. Chez <strong>Aquagrup<\/strong>, nous proposons des mod\u00e8les qui allient innovation et qualit\u00e9, assurant le bien-\u00eatre et la satisfaction des utilisateurs \u00e0 chaque s\u00e9ance de <strong>hydromassage<\/strong>.[\/vc_column_text][vc_column_text]\n<div>\n<div>[vc_row_inner margin_top=\"0\" margin_bottom=\"20px\"][\/vc_row_inner][vc_row_inner margin_top=\"0\" margin_bottom=\"20px\"][vc_column_inner width=\"1\/2\"]<div class=\"bw_wri\"><div class=\"bw_fi\">[vc_single_image image=\"32738\" img_size=\"full\" alignment=\"center\" onclick=\"custom_link\" link=\"https:\/\/www.cataloniaaqua.com\/fr\/acheter-spas\/spas-public-debordement\/hydra-haway\/\"]<\/div><div class=\"bw_si\">[vc_single_image image=\"32739\" img_size=\"full\" alignment=\"center\" onclick=\"custom_link\" link=\"https:\/\/www.cataloniaaqua.com\/fr\/acheter-spas\/spas-public-debordement\/hydra-haway\/\"]<\/div><\/div>[vc_column_text]<h3><a href=\"https:\/\/www.cataloniaaqua.com\/fr\/acheter-spas\/spas-public-debordement\/hydra-haway\/\">Spa \u00e0 D\u00e9bordement Hydra \u2013 Haway (10 places)<\/a><\/h3>Les\u00a0<strong>spas<\/strong>\u00a0Hydra et Haway, sont des\u00a0<strong>spas \u00e0 forme octogonale<\/strong>\u00a0de la gamme des\u00a0<strong>Spas \u00e0 d\u00e9bordement et encastrables\u00a0<\/strong>dot\u00e9s d\u2019une capacit\u00e9 de\u00a0<strong>10 personnes<\/strong>, ce sont des\u00a0<strong>spas\u00a0<\/strong><strong>pr\u00e9vus pour<\/strong><strong>\u00a0l\u2019ext\u00e9rieur<\/strong><strong> id\u00e9aux pour les espaces communs de d\u00e9tente.<\/strong>[\/vc_column_text][\/vc_column_inner][vc_column_inner width=\"1\/2\"]<div class=\"bw_wri\"><div class=\"bw_fi\">[vc_single_image image=\"32714\" img_size=\"full\" alignment=\"center\" onclick=\"custom_link\" link=\"https:\/\/www.cataloniaaqua.com\/fr\/acheter-spas\/spas-public-debordement\/capri-rodas\/\"]<\/div><div class=\"bw_si\">[vc_single_image image=\"32715\" img_size=\"full\" alignment=\"center\" onclick=\"custom_link\" link=\"https:\/\/www.cataloniaaqua.com\/fr\/acheter-spas\/spas-public-debordement\/capri-rodas\/\"]<\/div><\/div>[vc_column_text]<h3><a href=\"https:\/\/www.cataloniaaqua.com\/fr\/acheter-spas\/spas-public-debordement\/capri-rodas\/\">Spas \u00e0 d\u00e9bordement Capri \u2013 Rodas (5 places)<\/a><\/h3>Les\u00a0<strong>Spas \u00e0 d\u00e9bordement Capri<\/strong>\u00a0et\u00a0<strong>Rodas<\/strong>\u00a0sont parfaits en tant que\u00a0<strong>spas encastrables<\/strong>\u00a0dans les lieux publics (<strong>h\u00f4tels<\/strong>,\u00a0<strong>spas<\/strong>,\u00a0<strong>centres thermales<\/strong>,<strong>\u00a0clubs<\/strong>, etc.) Ou\u00a0<strong>en usage priv\u00e9 chez soi<\/strong>\u00a0ou \u00e0\u00a0<strong>l\u2019ext\u00e9rieur<\/strong>.[\/vc_column_text][\/vc_column_inner][\/vc_row_inner][vc_row_inner margin_top=\"0\" margin_bottom=\"20px\"][vc_column_inner width=\"1\/2\"]<div class=\"bw_wri\"><div class=\"bw_fi\">[vc_single_image image=\"32726\" img_size=\"full\" alignment=\"center\" onclick=\"custom_link\" link=\"https:\/\/www.cataloniaaqua.com\/fr\/acheter-spas\/spas-public-debordement\/martinique-oasis\/\"]<\/div><div class=\"bw_si\">[vc_single_image image=\"32719\" img_size=\"full\" alignment=\"center\" onclick=\"custom_link\" link=\"https:\/\/www.cataloniaaqua.com\/fr\/acheter-spas\/spas-public-debordement\/martinique-oasis\/\"]<\/div><\/div>[vc_column_text]<h3><a href=\"https:\/\/www.cataloniaaqua.com\/fr\/acheter-spas\/spas-public-debordement\/martinique-oasis\/\">Spa Oasis \u2013 Martinique (6 places)<\/a><\/h3><p class=\"guideLinr-element-highlight\">Les\u00a0<strong>Spas circulaires<\/strong>\u00a0de la gamme Oasis et Martinique, sont des\u00a0<strong>spas \u00e0 d\u00e9bordement pr\u00e9vus pour 6 personnes,<\/strong>\u00a0recouverts de\u00a0<strong>mosa\u00efque<\/strong>. Ces \u00a0spas de 2,5 m\u00e8tres de diam\u00e8tre, peuvent \u00eatre install\u00e9s facilement \u00e0 l\u2019<strong>int\u00e9rieur\u00a0<\/strong>ou \u00e0\u00a0<strong>l\u2019ext\u00e9rieur<\/strong>.<\/p>[\/vc_column_text][\/vc_column_inner][vc_column_inner width=\"1\/2\"]<div class=\"bw_wri\"><div class=\"bw_fi\">[vc_single_image image=\"32730\" img_size=\"full\" alignment=\"center\" onclick=\"custom_link\" link=\"https:\/\/www.cataloniaaqua.com\/fr\/acheter-spas\/spas-public-debordement\/bali-oslo\/\"]<\/div><div class=\"bw_si\">[vc_single_image image=\"32731\" img_size=\"full\" alignment=\"center\" onclick=\"custom_link\" link=\"https:\/\/www.cataloniaaqua.com\/fr\/acheter-spas\/spas-public-debordement\/bali-oslo\/\"]<\/div><\/div>[vc_column_text]<h3><a href=\"https:\/\/www.cataloniaaqua.com\/fr\/acheter-spas\/spas-public-debordement\/bali-oslo\/\">Spa \u00e0 D\u00e9bordement Bali \u2013 Oslo (6 places)<\/a><\/h3>Le\u00a0<strong>spa \u00e0 d\u00e9bordement\u00a0<\/strong>Bali et le spa Oslo sont des\u00a0<strong>spas circulaires<\/strong>\u00a0de 3 m\u00e8tres de diam\u00e8tre, ce sont des\u00a0<strong>spas encastr\u00e9s<\/strong>\u00a0dans le sol, tr\u00e8s r\u00e9pandus dans les h\u00f4tels, les salles de\u00a0 gym et les zones de spas aussi bien\u00a0 \u00e0 l\u2019int\u00e9rieur qu\u2019\u00e0 l\u2019<strong>ext\u00e9rieur<\/strong>.\r\n[\/vc_column_text][\/vc_column_inner][\/vc_row_inner][vc_row_inner margin_top=\"0\" margin_bottom=\"20px\"][vc_column_inner width=\"1\/2\"]<div class=\"bw_wri\"><div class=\"bw_fi\">[vc_single_image image=\"38102\" img_size=\"full\" alignment=\"center\" onclick=\"custom_link\" link=\"https:\/\/www.cataloniaaqua.com\/fr\/acheter-spas\/spas-public-debordement\/hoteles\/\"]<\/div><div class=\"bw_si\">[vc_single_image image=\"39208\" img_size=\"full\" alignment=\"center\" onclick=\"custom_link\" link=\"https:\/\/www.cataloniaaqua.com\/fr\/acheter-spas\/spas-public-debordement\/hoteles\/\"]<\/div><\/div>[vc_column_text]<h3><a href=\"https:\/\/www.cataloniaaqua.com\/fr\/acheter-spas\/spas-public-debordement\/hoteles\/\">Spa Hotel (4 places)<\/a><\/h3><span style=\"font-weight: 400;\">Sa petite taille permet au spa de s'int\u00e9grer facilement dans les chambres d'h\u00f4tel. <strong>Remplissage automatique en 30 minutes<\/strong> et vidange automatique en 15 minutes. Il a une <strong>capacit\u00e9 de 4 personnes<\/strong>.<\/span>[\/vc_column_text][\/vc_column_inner][\/vc_row_inner]<\/div>\n<\/div>\n[\/vc_column_text][\/vc_column][\/vc_row]\n<\/div>","protected":false},"excerpt":{"rendered":"<p>[vc_row][vc_column][vc_column_text css=\u00a0\u00bb\u00a0\u00bb] Spas pour des espaces de publique concurrence Spa d\u00e9bordant d&rsquo;usage public est le choix parfait pour gymnases, centres wellness, h\u00f4tels, maisons rurales et clubs sociaux. Con\u00e7us pour des espaces de publique concurrence, ils garantissent une exp\u00e9rience d&rsquo;hydroth\u00e9rapie sup\u00e9rieure, respectant les normes sanitaires et de s\u00e9curit\u00e9 en vigueur. Chez Aquagrup, nous proposons des mod\u00e8les&hellip;<\/p>\n","protected":false},"author":3,"featured_media":7104,"parent":41,"menu_order":0,"comment_status":"closed","ping_status":"closed","template":"","meta":{"_acf_changed":false,"footnotes":""},"class_list":["post-690","page","type-page","status-publish","has-post-thumbnail","hentry","description-off"],"acf":[],"yoast_head":"<!-- This site is optimized with the Yoast SEO plugin v27.2 - https:\/\/yoast.com\/product\/yoast-seo-wordpress\/ -->\n<title>Vente \/ Achat Spas \u00e0 D\u00e9bordement Usage Public<\/title>\n<meta name=\"description\" content=\"Vous songez \u00e0 acheter un spa ext\u00e9rieur ou int\u00e9rieur\u00a0? D\u00e9couvrez Aquavia Spa, le plus grand fabricant de spas europ\u00e9ens. d\u00e9couvrir!\" \/>\n<meta name=\"robots\" content=\"index, follow, max-snippet:-1, max-image-preview:large, max-video-preview:-1\" \/>\n<link rel=\"canonical\" href=\"https:\/\/www.cataloniaaqua.com\/fr\/acheter-spas\/spas-public-debordement\/\" \/>\n<meta property=\"og:locale\" content=\"fr_FR\" \/>\n<meta property=\"og:type\" content=\"article\" \/>\n<meta property=\"og:title\" content=\"Vente \/ Achat Spas \u00e0 D\u00e9bordement Usage Public\" \/>\n<meta property=\"og:description\" content=\"Vous songez \u00e0 acheter un spa ext\u00e9rieur ou int\u00e9rieur\u00a0? D\u00e9couvrez Aquavia Spa, le plus grand fabricant de spas europ\u00e9ens. d\u00e9couvrir!\" \/>\n<meta property=\"og:url\" content=\"https:\/\/www.cataloniaaqua.com\/fr\/acheter-spas\/spas-public-debordement\/\" \/>\n<meta property=\"og:site_name\" content=\"Aquagrup Spas\" \/>\n<meta property=\"article:modified_time\" content=\"2024-12-12T12:29:37+00:00\" \/>\n<meta property=\"og:image\" content=\"https:\/\/www.cataloniaaqua.com\/wp-content\/uploads\/2015\/05\/spa-circular-desbordante.jpg\" \/>\n\t<meta property=\"og:image:width\" content=\"738\" \/>\n\t<meta property=\"og:image:height\" content=\"334\" \/>\n\t<meta property=\"og:image:type\" content=\"image\/jpeg\" \/>\n<meta name=\"twitter:label1\" content=\"Dur\u00e9e de lecture estim\u00e9e\" \/>\n\t<meta name=\"twitter:data1\" content=\"1 minute\" \/>\n<script type=\"application\/ld+json\" class=\"yoast-schema-graph\">{\"@context\":\"https:\/\/schema.org\",\"@graph\":[{\"@type\":\"WebPage\",\"@id\":\"https:\/\/www.cataloniaaqua.com\/fr\/acheter-spas\/spas-public-debordement\/\",\"url\":\"https:\/\/www.cataloniaaqua.com\/fr\/acheter-spas\/spas-public-debordement\/\",\"name\":\"Vente \/ Achat Spas \u00e0 D\u00e9bordement Usage Public\",\"isPartOf\":{\"@id\":\"https:\/\/www.cataloniaaqua.com\/fr\/#website\"},\"primaryImageOfPage\":{\"@id\":\"https:\/\/www.cataloniaaqua.com\/fr\/acheter-spas\/spas-public-debordement\/#primaryimage\"},\"image\":{\"@id\":\"https:\/\/www.cataloniaaqua.com\/fr\/acheter-spas\/spas-public-debordement\/#primaryimage\"},\"thumbnailUrl\":\"https:\/\/www.cataloniaaqua.com\/wp-content\/uploads\/2015\/05\/spa-circular-desbordante.jpg\",\"datePublished\":\"2015-04-16T10:02:22+00:00\",\"dateModified\":\"2024-12-12T12:29:37+00:00\",\"description\":\"Vous songez \u00e0 acheter un spa ext\u00e9rieur ou int\u00e9rieur\u00a0? D\u00e9couvrez Aquavia Spa, le plus grand fabricant de spas europ\u00e9ens. d\u00e9couvrir!\",\"breadcrumb\":{\"@id\":\"https:\/\/www.cataloniaaqua.com\/fr\/acheter-spas\/spas-public-debordement\/#breadcrumb\"},\"inLanguage\":\"fr-FR\",\"potentialAction\":[{\"@type\":\"ReadAction\",\"target\":[\"https:\/\/www.cataloniaaqua.com\/fr\/acheter-spas\/spas-public-debordement\/\"]}]},{\"@type\":\"ImageObject\",\"inLanguage\":\"fr-FR\",\"@id\":\"https:\/\/www.cataloniaaqua.com\/fr\/acheter-spas\/spas-public-debordement\/#primaryimage\",\"url\":\"https:\/\/www.cataloniaaqua.com\/wp-content\/uploads\/2015\/05\/spa-circular-desbordante.jpg\",\"contentUrl\":\"https:\/\/www.cataloniaaqua.com\/wp-content\/uploads\/2015\/05\/spa-circular-desbordante.jpg\",\"width\":738,\"height\":334},{\"@type\":\"BreadcrumbList\",\"@id\":\"https:\/\/www.cataloniaaqua.com\/fr\/acheter-spas\/spas-public-debordement\/#breadcrumb\",\"itemListElement\":[{\"@type\":\"ListItem\",\"position\":1,\"name\":\"Jacuzzi Spa y Cubierta de Piscina\",\"item\":\"https:\/\/www.cataloniaaqua.com\/fr\/\"},{\"@type\":\"ListItem\",\"position\":2,\"name\":\"Acheter des Spas Jacuzzi\u00ae et Aquavia Spa\u00ae\",\"item\":\"https:\/\/www.cataloniaaqua.com\/fr\/acheter-spas\/\"},{\"@type\":\"ListItem\",\"position\":3,\"name\":\"Spas \u00e0 D\u00e9bordement Aquavia Spa\u00ae\"}]},{\"@type\":\"WebSite\",\"@id\":\"https:\/\/www.cataloniaaqua.com\/fr\/#website\",\"url\":\"https:\/\/www.cataloniaaqua.com\/fr\/\",\"name\":\"Aquagrup Spas\",\"description\":\"Spas y Swim Spas Aquavia y Jacuzzi\",\"publisher\":{\"@id\":\"https:\/\/www.cataloniaaqua.com\/fr\/#organization\"},\"alternateName\":\"Aquagrup\",\"potentialAction\":[{\"@type\":\"SearchAction\",\"target\":{\"@type\":\"EntryPoint\",\"urlTemplate\":\"https:\/\/www.cataloniaaqua.com\/fr\/?s={search_term_string}\"},\"query-input\":{\"@type\":\"PropertyValueSpecification\",\"valueRequired\":true,\"valueName\":\"search_term_string\"}}],\"inLanguage\":\"fr-FR\"},{\"@type\":\"Organization\",\"@id\":\"https:\/\/www.cataloniaaqua.com\/fr\/#organization\",\"name\":\"Aquagrup Spas\",\"alternateName\":\"Aquagrup\",\"url\":\"https:\/\/www.cataloniaaqua.com\/fr\/\",\"logo\":{\"@type\":\"ImageObject\",\"inLanguage\":\"fr-FR\",\"@id\":\"https:\/\/www.cataloniaaqua.com\/fr\/#\/schema\/logo\/image\/\",\"url\":\"https:\/\/www.cataloniaaqua.com\/wp-content\/uploads\/2024\/01\/aquagrup-spas.jpg\",\"contentUrl\":\"https:\/\/www.cataloniaaqua.com\/wp-content\/uploads\/2024\/01\/aquagrup-spas.jpg\",\"width\":696,\"height\":693,\"caption\":\"Aquagrup Spas\"},\"image\":{\"@id\":\"https:\/\/www.cataloniaaqua.com\/fr\/#\/schema\/logo\/image\/\"}}]}<\/script>\n<!-- \/ Yoast SEO plugin. -->","yoast_head_json":{"title":"Vente \/ Achat Spas \u00e0 D\u00e9bordement Usage Public","description":"Vous songez \u00e0 acheter un spa ext\u00e9rieur ou int\u00e9rieur\u00a0? D\u00e9couvrez Aquavia Spa, le plus grand fabricant de spas europ\u00e9ens. d\u00e9couvrir!","robots":{"index":"index","follow":"follow","max-snippet":"max-snippet:-1","max-image-preview":"max-image-preview:large","max-video-preview":"max-video-preview:-1"},"canonical":"https:\/\/www.cataloniaaqua.com\/fr\/acheter-spas\/spas-public-debordement\/","og_locale":"fr_FR","og_type":"article","og_title":"Vente \/ Achat Spas \u00e0 D\u00e9bordement Usage Public","og_description":"Vous songez \u00e0 acheter un spa ext\u00e9rieur ou int\u00e9rieur\u00a0? D\u00e9couvrez Aquavia Spa, le plus grand fabricant de spas europ\u00e9ens. d\u00e9couvrir!","og_url":"https:\/\/www.cataloniaaqua.com\/fr\/acheter-spas\/spas-public-debordement\/","og_site_name":"Aquagrup Spas","article_modified_time":"2024-12-12T12:29:37+00:00","og_image":[{"width":738,"height":334,"url":"https:\/\/www.cataloniaaqua.com\/wp-content\/uploads\/2015\/05\/spa-circular-desbordante.jpg","type":"image\/jpeg"}],"twitter_misc":{"Dur\u00e9e de lecture estim\u00e9e":"1 minute"},"schema":{"@context":"https:\/\/schema.org","@graph":[{"@type":"WebPage","@id":"https:\/\/www.cataloniaaqua.com\/fr\/acheter-spas\/spas-public-debordement\/","url":"https:\/\/www.cataloniaaqua.com\/fr\/acheter-spas\/spas-public-debordement\/","name":"Vente \/ Achat Spas \u00e0 D\u00e9bordement Usage Public","isPartOf":{"@id":"https:\/\/www.cataloniaaqua.com\/fr\/#website"},"primaryImageOfPage":{"@id":"https:\/\/www.cataloniaaqua.com\/fr\/acheter-spas\/spas-public-debordement\/#primaryimage"},"image":{"@id":"https:\/\/www.cataloniaaqua.com\/fr\/acheter-spas\/spas-public-debordement\/#primaryimage"},"thumbnailUrl":"https:\/\/www.cataloniaaqua.com\/wp-content\/uploads\/2015\/05\/spa-circular-desbordante.jpg","datePublished":"2015-04-16T10:02:22+00:00","dateModified":"2024-12-12T12:29:37+00:00","description":"Vous songez \u00e0 acheter un spa ext\u00e9rieur ou int\u00e9rieur\u00a0? D\u00e9couvrez Aquavia Spa, le plus grand fabricant de spas europ\u00e9ens. d\u00e9couvrir!","breadcrumb":{"@id":"https:\/\/www.cataloniaaqua.com\/fr\/acheter-spas\/spas-public-debordement\/#breadcrumb"},"inLanguage":"fr-FR","potentialAction":[{"@type":"ReadAction","target":["https:\/\/www.cataloniaaqua.com\/fr\/acheter-spas\/spas-public-debordement\/"]}]},{"@type":"ImageObject","inLanguage":"fr-FR","@id":"https:\/\/www.cataloniaaqua.com\/fr\/acheter-spas\/spas-public-debordement\/#primaryimage","url":"https:\/\/www.cataloniaaqua.com\/wp-content\/uploads\/2015\/05\/spa-circular-desbordante.jpg","contentUrl":"https:\/\/www.cataloniaaqua.com\/wp-content\/uploads\/2015\/05\/spa-circular-desbordante.jpg","width":738,"height":334},{"@type":"BreadcrumbList","@id":"https:\/\/www.cataloniaaqua.com\/fr\/acheter-spas\/spas-public-debordement\/#breadcrumb","itemListElement":[{"@type":"ListItem","position":1,"name":"Jacuzzi Spa y Cubierta de Piscina","item":"https:\/\/www.cataloniaaqua.com\/fr\/"},{"@type":"ListItem","position":2,"name":"Acheter des Spas Jacuzzi\u00ae et Aquavia Spa\u00ae","item":"https:\/\/www.cataloniaaqua.com\/fr\/acheter-spas\/"},{"@type":"ListItem","position":3,"name":"Spas \u00e0 D\u00e9bordement Aquavia Spa\u00ae"}]},{"@type":"WebSite","@id":"https:\/\/www.cataloniaaqua.com\/fr\/#website","url":"https:\/\/www.cataloniaaqua.com\/fr\/","name":"Aquagrup Spas","description":"Spas y Swim Spas Aquavia y Jacuzzi","publisher":{"@id":"https:\/\/www.cataloniaaqua.com\/fr\/#organization"},"alternateName":"Aquagrup","potentialAction":[{"@type":"SearchAction","target":{"@type":"EntryPoint","urlTemplate":"https:\/\/www.cataloniaaqua.com\/fr\/?s={search_term_string}"},"query-input":{"@type":"PropertyValueSpecification","valueRequired":true,"valueName":"search_term_string"}}],"inLanguage":"fr-FR"},{"@type":"Organization","@id":"https:\/\/www.cataloniaaqua.com\/fr\/#organization","name":"Aquagrup Spas","alternateName":"Aquagrup","url":"https:\/\/www.cataloniaaqua.com\/fr\/","logo":{"@type":"ImageObject","inLanguage":"fr-FR","@id":"https:\/\/www.cataloniaaqua.com\/fr\/#\/schema\/logo\/image\/","url":"https:\/\/www.cataloniaaqua.com\/wp-content\/uploads\/2024\/01\/aquagrup-spas.jpg","contentUrl":"https:\/\/www.cataloniaaqua.com\/wp-content\/uploads\/2024\/01\/aquagrup-spas.jpg","width":696,"height":693,"caption":"Aquagrup Spas"},"image":{"@id":"https:\/\/www.cataloniaaqua.com\/fr\/#\/schema\/logo\/image\/"}}]}},"_links":{"self":[{"href":"https:\/\/www.cataloniaaqua.com\/fr\/wp-json\/wp\/v2\/pages\/690","targetHints":{"allow":["GET"]}}],"collection":[{"href":"https:\/\/www.cataloniaaqua.com\/fr\/wp-json\/wp\/v2\/pages"}],"about":[{"href":"https:\/\/www.cataloniaaqua.com\/fr\/wp-json\/wp\/v2\/types\/page"}],"author":[{"embeddable":true,"href":"https:\/\/www.cataloniaaqua.com\/fr\/wp-json\/wp\/v2\/users\/3"}],"replies":[{"embeddable":true,"href":"https:\/\/www.cataloniaaqua.com\/fr\/wp-json\/wp\/v2\/comments?post=690"}],"version-history":[{"count":0,"href":"https:\/\/www.cataloniaaqua.com\/fr\/wp-json\/wp\/v2\/pages\/690\/revisions"}],"up":[{"embeddable":true,"href":"https:\/\/www.cataloniaaqua.com\/fr\/wp-json\/wp\/v2\/pages\/41"}],"wp:featuredmedia":[{"embeddable":true,"href":"https:\/\/www.cataloniaaqua.com\/fr\/wp-json\/wp\/v2\/media\/7104"}],"wp:attachment":[{"href":"https:\/\/www.cataloniaaqua.com\/fr\/wp-json\/wp\/v2\/media?parent=690"}],"curies":[{"name":"wp","href":"https:\/\/api.w.org\/{rel}","templated":true}]}}