{"id":702,"date":"2015-04-16T10:45:45","date_gmt":"2015-04-16T10:45:45","guid":{"rendered":"http:\/\/www.cataloniaaqua.com\/spas\/swim-spas\/"},"modified":"2024-12-12T13:30:58","modified_gmt":"2024-12-12T12:30:58","slug":"swimspas","status":"publish","type":"page","link":"https:\/\/www.cataloniaaqua.com\/fr\/acheter-spas\/swimspas\/","title":{"rendered":"Swim Spa Aquavia Spa\u00ae"},"content":{"rendered":"<div class=\"wpb-content-wrapper\">[vc_row][vc_column][vc_column_text css=\u00a0\u00bb\u00a0\u00bb]\n<h2>Swim Spa, mini piscines avec spa<\/h2>\n<p>Les swim spas combinent les avantages d&rsquo;une piscine et d&rsquo;un spa en un seul espace, permettant de nager \u00e0 contre-courant et de profiter d&rsquo;hydromassage \u00e0 tout moment. Chez Aquagrup, nous proposons des mod\u00e8les de swim spa, qui se distinguent par leur design compact et leur fonctionnalit\u00e9 tant \u00e0 l&rsquo;int\u00e9rieur qu&rsquo;\u00e0 l&rsquo;ext\u00e9rieur. \u00c9quip\u00e9s de jets puissants et de zones d&rsquo;hydromassage ergonomiques, nos swim spas sont id\u00e9aux pour l&rsquo;exercice, la d\u00e9tente et le bien-\u00eatre dans le confort de votre maison.[\/vc_column_text][vc_column_text][vc_row_inner margin_top=\"0\" margin_bottom=\"20px\"][\/vc_row_inner][vc_row_inner margin_top=\"0\" margin_bottom=\"20px\"][vc_column_inner width=\"1\/2\"]<div class=\"bw_wri\"><div class=\"bw_fi\">[vc_single_image image=\"68972\" img_size=\"full\" alignment=\"center\" onclick=\"custom_link\" link=\"https:\/\/www.cataloniaaqua.com\/fr\/acheter-spas\/swimspas-fr\/swimspa-sky\/\"]<\/div><div class=\"bw_si\">[vc_single_image image=\"68986\" img_size=\"full\" alignment=\"center\" onclick=\"custom_link\" link=\"https:\/\/www.cataloniaaqua.com\/fr\/acheter-spas\/swimspas-fr\/swimspa-sky\/\"]<\/div><\/div>[vc_column_text]<h3><a href=\"https:\/\/www.cataloniaaqua.com\/fr\/acheter-spas\/swimspas-fr\/swimspa-sky\/\">Swimspa Sky<\/a><\/h3><span style=\"font-weight: 400;\">Les mensurations du mod\u00e8le Sky garantissent sa fonctionnalit\u00e9 en tant que piscine, mais sans n\u00e9gliger ses bienfaits pour le bien-\u00eatre gr\u00e2ce \u00e0 son circuit \u00e0 12 jets d'hydromassage dispos\u00e9s verticalement, dans l'un de ses coins int\u00e9rieurs.<\/span>\r\n\r\n<span style=\"font-weight: 400;\">Vente, installation et service technique dans toute l'Espagne<\/span>[\/vc_column_text][\/vc_column_inner][vc_column_inner width=\"1\/2\"]<div class=\"bw_wri\"><div class=\"bw_fi\">[vc_single_image image=\"68686\" img_size=\"full\" alignment=\"center\" onclick=\"custom_link\" link=\"https:\/\/www.cataloniaaqua.com\/fr\/acheter-spas\/swimspas-fr\/amazon\/\"]<\/div><div class=\"bw_si\">[vc_single_image image=\"32749\" img_size=\"full\" alignment=\"center\" onclick=\"custom_link\" link=\"https:\/\/www.cataloniaaqua.com\/fr\/acheter-spas\/swimspas-fr\/amazon\/\"]<\/div><\/div>[vc_column_text]<h3><a href=\"https:\/\/www.cataloniaaqua.com\/fr\/acheter-spas\/swimspas-fr\/amazon\/\">Swim Spa Amazon<\/a><\/h3>Dans nos\u00a0<strong>Swim Spa<\/strong>\u00a0la zone\u00a0<strong>d\u2019hydromassage\u00a0<\/strong><strong>est compos\u00e9e d\u2019une chaise longue et de deux si\u00e8ges<\/strong><strong>ergonomiques<\/strong><strong>.\u00a0<\/strong><strong>Nos<\/strong><strong>\u00a0SwimSpa<\/strong>\u00a0sont pourvus de deux pr\u00e9filtres flottants permettant le maintien d\u2019un niveau variable de l\u2019eau. Un courant d\u2019eau cr\u00e9e par cinq turbojets permettra de\u00a0<strong>nager \u00e0 contre-courant<\/strong>. Faites de l\u2019exercice et maintenez-vous en forme dans votre propre spa\u00a0<strong>SwimSpa<\/strong>.\r\n\r\n<strong>SERVICE DANS TOUTE L\u2019ESPAGNE<\/strong>[\/vc_column_text][\/vc_column_inner][\/vc_row_inner][vc_row_inner margin_top=\"0\" margin_bottom=\"20px\"][vc_column_inner width=\"1\/2\"]<div class=\"bw_wri\"><div class=\"bw_fi\">[vc_single_image image=\"68844\" img_size=\"full\" alignment=\"center\" onclick=\"custom_link\" link=\"https:\/\/www.cataloniaaqua.com\/fr\/acheter-spas\/swimspas-fr\/fitness-spa\/\"]<\/div><div class=\"bw_si\">[vc_single_image image=\"5109\" img_size=\"full\" alignment=\"center\" onclick=\"custom_link\" link=\"https:\/\/www.cataloniaaqua.com\/fr\/acheter-spas\/swimspas-fr\/fitness-spa\/\"]<\/div><\/div>[vc_column_text]<h3><a href=\"https:\/\/www.cataloniaaqua.com\/fr\/acheter-spas\/swimspas-fr\/fitness-spa\/\">Swim Spa Fitness Spa<\/a><\/h3>Le\u00a0<strong>Fitness Spa<\/strong>\u00a0est un\u00a0<strong>tout-en-un Swim Spa<\/strong>\u00a0dans un espace de baignade de grandes dimensions et une zone d\u2019hydromassage enti\u00e8rement \u00e9quip\u00e9e.\r\n\r\nLe\u00a0<strong>zone d\u2019hydromassage<\/strong>\u00a0dispose 1 place allong\u00e9e, 2 si\u00e8ges et 1 colonne de massage vertical. Dans\u00a0<strong>espace de baignade<\/strong>\u00a0il y a 4 jets d\u2019eau puissants pour s\u2019adonner \u00e0 la nage \u00e0 contre-courant.\r\n\r\n<strong>SERVICE DANS TOUTE L\u2019ESPAGNE<\/strong>\r\n[\/vc_column_text][\/vc_column_inner][vc_column_inner width=\"1\/2\"]<div class=\"bw_wri\"><div class=\"bw_fi\">[vc_single_image image=\"68777\" img_size=\"full\" alignment=\"center\" onclick=\"custom_link\" link=\"https:\/\/www.cataloniaaqua.com\/fr\/acheter-spas\/swimspas-fr\/swimspa-duo\/\"]<\/div><div class=\"bw_si\">[vc_single_image image=\"12733\" img_size=\"full\" alignment=\"center\" onclick=\"custom_link\" link=\"https:\/\/www.cataloniaaqua.com\/fr\/acheter-spas\/swimspas-fr\/swimspa-duo\/\"]<\/div><\/div>[vc_column_text]<h3><a href=\"https:\/\/www.cataloniaaqua.com\/fr\/acheter-spas\/swimspas-fr\/swimspa-duo\/\">Swim Spa Duo<\/a><\/h3>Le\u00a0<strong>Swimspa Duo dispose de deux zones s\u00e9par\u00e9es<\/strong>, l\u2019une pour nager \u00e0 contre-courant et l\u2019autre pour se d\u00e9tendre avec l\u2019hydromassage.\r\n\r\nAvec le Swimspa Duo, vous pouvez\u00a0<strong>nager ou marcher \u00e0 contre-courant<\/strong>, effectuer des exercices d\u2019<strong>aquaforme<\/strong>\u00a0ou d\u2019<strong>aquagym<\/strong>, vous d\u00e9tendre avec les\u00a0<strong>diff\u00e9rentes positions de massage<\/strong>.\r\n\r\n<strong>SERVICE DANS TOUTE L\u2019ESPAGNE<\/strong>[\/vc_column_text][\/vc_column_inner][\/vc_row_inner][vc_row_inner margin_top=\"0\" margin_bottom=\"20px\"][vc_column_inner width=\"1\/2\"]<div class=\"bw_wri\"><div class=\"bw_fi\">[vc_single_image image=\"68921\" img_size=\"full\" alignment=\"center\" onclick=\"custom_link\" link=\"https:\/\/www.cataloniaaqua.com\/fr\/acheter-spas\/swimspas-fr\/compact-pool\/\"]<\/div><div class=\"bw_si\">[vc_single_image image=\"12860\" img_size=\"full\" alignment=\"center\" onclick=\"custom_link\" link=\"https:\/\/www.cataloniaaqua.com\/fr\/acheter-spas\/swimspas-fr\/compact-pool\/\"]<\/div><\/div>[vc_column_text]<h3><a href=\"https:\/\/www.cataloniaaqua.com\/fr\/acheter-spas\/swimspas-fr\/compact-pool\/\">Swim Spa Compact Pool<\/a><\/h3>Le\u00a0<strong>Swimspa Compact Pool\u00a0<\/strong>est un spa et une piscine tout-en-un,\u00a0<strong>compacte et spacieuse<\/strong>. Il dispose d\u2019une zone d\u2019hydromassage et d\u2019une salle de bains.\r\n\r\nVous pouvez alterner les exercices de\u00a0<strong>fitness<\/strong>, d\u2019<strong>aquagym<\/strong>\u00a0ou de\u00a0<strong>nage \u00e0 contre-courant<\/strong>, avec l\u2019<strong>hydromassage vertical<\/strong>.\r\n\r\n<strong>SERVICE DANS TOUTE L\u2019ESPAGNE<\/strong>[\/vc_column_text][\/vc_column_inner][\/vc_row_inner][\/vc_column_text][\/vc_column][\/vc_row]\n<\/div>","protected":false},"excerpt":{"rendered":"<p>[vc_row][vc_column][vc_column_text css=\u00a0\u00bb\u00a0\u00bb] Swim Spa, mini piscines avec spa Les swim spas combinent les avantages d&rsquo;une piscine et d&rsquo;un spa en un seul espace, permettant de nager \u00e0 contre-courant et de profiter d&rsquo;hydromassage \u00e0 tout moment. Chez Aquagrup, nous proposons des mod\u00e8les de swim spa, qui se distinguent par leur design compact et leur fonctionnalit\u00e9 tant&hellip;<\/p>\n","protected":false},"author":3,"featured_media":7200,"parent":41,"menu_order":0,"comment_status":"closed","ping_status":"closed","template":"","meta":{"_acf_changed":false,"footnotes":""},"class_list":["post-702","page","type-page","status-publish","has-post-thumbnail","hentry","description-off"],"acf":[],"yoast_head":"<!-- This site is optimized with the Yoast SEO plugin v27.2 - https:\/\/yoast.com\/product\/yoast-seo-wordpress\/ -->\n<title>Vente \/ Achat Swim Spa : Spa et piscine pour nager \u00e0 contre-courant<\/title>\n<meta name=\"description\" content=\"Vous envisagez d&#039;acheter une mini piscine pour nager \u00e0 contre-courant ? Nous vous pr\u00e9sentons nos SwimSpas Aquavia Spas. d\u00e9couvrir!\" \/>\n<meta name=\"robots\" content=\"index, follow, max-snippet:-1, max-image-preview:large, max-video-preview:-1\" \/>\n<link rel=\"canonical\" href=\"https:\/\/www.cataloniaaqua.com\/fr\/acheter-spas\/swimspas\/\" \/>\n<meta property=\"og:locale\" content=\"fr_FR\" \/>\n<meta property=\"og:type\" content=\"article\" \/>\n<meta property=\"og:title\" content=\"Vente \/ Achat Swim Spa : Spa et piscine pour nager \u00e0 contre-courant\" \/>\n<meta property=\"og:description\" content=\"Vous envisagez d&#039;acheter une mini piscine pour nager \u00e0 contre-courant ? Nous vous pr\u00e9sentons nos SwimSpas Aquavia Spas. d\u00e9couvrir!\" \/>\n<meta property=\"og:url\" content=\"https:\/\/www.cataloniaaqua.com\/fr\/acheter-spas\/swimspas\/\" \/>\n<meta property=\"og:site_name\" content=\"Aquagrup Spas\" \/>\n<meta property=\"article:modified_time\" content=\"2024-12-12T12:30:58+00:00\" \/>\n<meta property=\"og:image\" content=\"https:\/\/www.cataloniaaqua.com\/wp-content\/uploads\/2018\/06\/comprar-spa-compact-pool.jpg\" \/>\n\t<meta property=\"og:image:width\" content=\"870\" \/>\n\t<meta property=\"og:image:height\" content=\"615\" \/>\n\t<meta property=\"og:image:type\" content=\"image\/jpeg\" \/>\n<meta name=\"twitter:label1\" content=\"Dur\u00e9e de lecture estim\u00e9e\" \/>\n\t<meta name=\"twitter:data1\" content=\"1 minute\" \/>\n<script type=\"application\/ld+json\" class=\"yoast-schema-graph\">{\"@context\":\"https:\/\/schema.org\",\"@graph\":[{\"@type\":\"WebPage\",\"@id\":\"https:\/\/www.cataloniaaqua.com\/fr\/acheter-spas\/swimspas\/\",\"url\":\"https:\/\/www.cataloniaaqua.com\/fr\/acheter-spas\/swimspas\/\",\"name\":\"Vente \/ Achat Swim Spa : Spa et piscine pour nager \u00e0 contre-courant\",\"isPartOf\":{\"@id\":\"https:\/\/www.cataloniaaqua.com\/fr\/#website\"},\"primaryImageOfPage\":{\"@id\":\"https:\/\/www.cataloniaaqua.com\/fr\/acheter-spas\/swimspas\/#primaryimage\"},\"image\":{\"@id\":\"https:\/\/www.cataloniaaqua.com\/fr\/acheter-spas\/swimspas\/#primaryimage\"},\"thumbnailUrl\":\"https:\/\/www.cataloniaaqua.com\/wp-content\/uploads\/2015\/05\/spa-contracorriente.jpg\",\"datePublished\":\"2015-04-16T10:45:45+00:00\",\"dateModified\":\"2024-12-12T12:30:58+00:00\",\"description\":\"Vous envisagez d'acheter une mini piscine pour nager \u00e0 contre-courant ? Nous vous pr\u00e9sentons nos SwimSpas Aquavia Spas. d\u00e9couvrir!\",\"breadcrumb\":{\"@id\":\"https:\/\/www.cataloniaaqua.com\/fr\/acheter-spas\/swimspas\/#breadcrumb\"},\"inLanguage\":\"fr-FR\",\"potentialAction\":[{\"@type\":\"ReadAction\",\"target\":[\"https:\/\/www.cataloniaaqua.com\/fr\/acheter-spas\/swimspas\/\"]}]},{\"@type\":\"ImageObject\",\"inLanguage\":\"fr-FR\",\"@id\":\"https:\/\/www.cataloniaaqua.com\/fr\/acheter-spas\/swimspas\/#primaryimage\",\"url\":\"https:\/\/www.cataloniaaqua.com\/wp-content\/uploads\/2015\/05\/spa-contracorriente.jpg\",\"contentUrl\":\"https:\/\/www.cataloniaaqua.com\/wp-content\/uploads\/2015\/05\/spa-contracorriente.jpg\",\"width\":738,\"height\":334},{\"@type\":\"BreadcrumbList\",\"@id\":\"https:\/\/www.cataloniaaqua.com\/fr\/acheter-spas\/swimspas\/#breadcrumb\",\"itemListElement\":[{\"@type\":\"ListItem\",\"position\":1,\"name\":\"Jacuzzi Spa y Cubierta de Piscina\",\"item\":\"https:\/\/www.cataloniaaqua.com\/fr\/\"},{\"@type\":\"ListItem\",\"position\":2,\"name\":\"Acheter des Spas Jacuzzi\u00ae et Aquavia Spa\u00ae\",\"item\":\"https:\/\/www.cataloniaaqua.com\/fr\/acheter-spas\/\"},{\"@type\":\"ListItem\",\"position\":3,\"name\":\"Swim Spa Aquavia Spa\u00ae\"}]},{\"@type\":\"WebSite\",\"@id\":\"https:\/\/www.cataloniaaqua.com\/fr\/#website\",\"url\":\"https:\/\/www.cataloniaaqua.com\/fr\/\",\"name\":\"Aquagrup Spas\",\"description\":\"Spas y Swim Spas Aquavia y Jacuzzi\",\"publisher\":{\"@id\":\"https:\/\/www.cataloniaaqua.com\/fr\/#organization\"},\"alternateName\":\"Aquagrup\",\"potentialAction\":[{\"@type\":\"SearchAction\",\"target\":{\"@type\":\"EntryPoint\",\"urlTemplate\":\"https:\/\/www.cataloniaaqua.com\/fr\/?s={search_term_string}\"},\"query-input\":{\"@type\":\"PropertyValueSpecification\",\"valueRequired\":true,\"valueName\":\"search_term_string\"}}],\"inLanguage\":\"fr-FR\"},{\"@type\":\"Organization\",\"@id\":\"https:\/\/www.cataloniaaqua.com\/fr\/#organization\",\"name\":\"Aquagrup Spas\",\"alternateName\":\"Aquagrup\",\"url\":\"https:\/\/www.cataloniaaqua.com\/fr\/\",\"logo\":{\"@type\":\"ImageObject\",\"inLanguage\":\"fr-FR\",\"@id\":\"https:\/\/www.cataloniaaqua.com\/fr\/#\/schema\/logo\/image\/\",\"url\":\"https:\/\/www.cataloniaaqua.com\/wp-content\/uploads\/2024\/01\/aquagrup-spas.jpg\",\"contentUrl\":\"https:\/\/www.cataloniaaqua.com\/wp-content\/uploads\/2024\/01\/aquagrup-spas.jpg\",\"width\":696,\"height\":693,\"caption\":\"Aquagrup Spas\"},\"image\":{\"@id\":\"https:\/\/www.cataloniaaqua.com\/fr\/#\/schema\/logo\/image\/\"}}]}<\/script>\n<!-- \/ Yoast SEO plugin. -->","yoast_head_json":{"title":"Vente \/ Achat Swim Spa : Spa et piscine pour nager \u00e0 contre-courant","description":"Vous envisagez d'acheter une mini piscine pour nager \u00e0 contre-courant ? Nous vous pr\u00e9sentons nos SwimSpas Aquavia Spas. d\u00e9couvrir!","robots":{"index":"index","follow":"follow","max-snippet":"max-snippet:-1","max-image-preview":"max-image-preview:large","max-video-preview":"max-video-preview:-1"},"canonical":"https:\/\/www.cataloniaaqua.com\/fr\/acheter-spas\/swimspas\/","og_locale":"fr_FR","og_type":"article","og_title":"Vente \/ Achat Swim Spa : Spa et piscine pour nager \u00e0 contre-courant","og_description":"Vous envisagez d'acheter une mini piscine pour nager \u00e0 contre-courant ? Nous vous pr\u00e9sentons nos SwimSpas Aquavia Spas. d\u00e9couvrir!","og_url":"https:\/\/www.cataloniaaqua.com\/fr\/acheter-spas\/swimspas\/","og_site_name":"Aquagrup Spas","article_modified_time":"2024-12-12T12:30:58+00:00","og_image":[{"width":870,"height":615,"url":"https:\/\/www.cataloniaaqua.com\/wp-content\/uploads\/2018\/06\/comprar-spa-compact-pool.jpg","type":"image\/jpeg"}],"twitter_misc":{"Dur\u00e9e de lecture estim\u00e9e":"1 minute"},"schema":{"@context":"https:\/\/schema.org","@graph":[{"@type":"WebPage","@id":"https:\/\/www.cataloniaaqua.com\/fr\/acheter-spas\/swimspas\/","url":"https:\/\/www.cataloniaaqua.com\/fr\/acheter-spas\/swimspas\/","name":"Vente \/ Achat Swim Spa : Spa et piscine pour nager \u00e0 contre-courant","isPartOf":{"@id":"https:\/\/www.cataloniaaqua.com\/fr\/#website"},"primaryImageOfPage":{"@id":"https:\/\/www.cataloniaaqua.com\/fr\/acheter-spas\/swimspas\/#primaryimage"},"image":{"@id":"https:\/\/www.cataloniaaqua.com\/fr\/acheter-spas\/swimspas\/#primaryimage"},"thumbnailUrl":"https:\/\/www.cataloniaaqua.com\/wp-content\/uploads\/2015\/05\/spa-contracorriente.jpg","datePublished":"2015-04-16T10:45:45+00:00","dateModified":"2024-12-12T12:30:58+00:00","description":"Vous envisagez d'acheter une mini piscine pour nager \u00e0 contre-courant ? Nous vous pr\u00e9sentons nos SwimSpas Aquavia Spas. d\u00e9couvrir!","breadcrumb":{"@id":"https:\/\/www.cataloniaaqua.com\/fr\/acheter-spas\/swimspas\/#breadcrumb"},"inLanguage":"fr-FR","potentialAction":[{"@type":"ReadAction","target":["https:\/\/www.cataloniaaqua.com\/fr\/acheter-spas\/swimspas\/"]}]},{"@type":"ImageObject","inLanguage":"fr-FR","@id":"https:\/\/www.cataloniaaqua.com\/fr\/acheter-spas\/swimspas\/#primaryimage","url":"https:\/\/www.cataloniaaqua.com\/wp-content\/uploads\/2015\/05\/spa-contracorriente.jpg","contentUrl":"https:\/\/www.cataloniaaqua.com\/wp-content\/uploads\/2015\/05\/spa-contracorriente.jpg","width":738,"height":334},{"@type":"BreadcrumbList","@id":"https:\/\/www.cataloniaaqua.com\/fr\/acheter-spas\/swimspas\/#breadcrumb","itemListElement":[{"@type":"ListItem","position":1,"name":"Jacuzzi Spa y Cubierta de Piscina","item":"https:\/\/www.cataloniaaqua.com\/fr\/"},{"@type":"ListItem","position":2,"name":"Acheter des Spas Jacuzzi\u00ae et Aquavia Spa\u00ae","item":"https:\/\/www.cataloniaaqua.com\/fr\/acheter-spas\/"},{"@type":"ListItem","position":3,"name":"Swim Spa Aquavia Spa\u00ae"}]},{"@type":"WebSite","@id":"https:\/\/www.cataloniaaqua.com\/fr\/#website","url":"https:\/\/www.cataloniaaqua.com\/fr\/","name":"Aquagrup Spas","description":"Spas y Swim Spas Aquavia y Jacuzzi","publisher":{"@id":"https:\/\/www.cataloniaaqua.com\/fr\/#organization"},"alternateName":"Aquagrup","potentialAction":[{"@type":"SearchAction","target":{"@type":"EntryPoint","urlTemplate":"https:\/\/www.cataloniaaqua.com\/fr\/?s={search_term_string}"},"query-input":{"@type":"PropertyValueSpecification","valueRequired":true,"valueName":"search_term_string"}}],"inLanguage":"fr-FR"},{"@type":"Organization","@id":"https:\/\/www.cataloniaaqua.com\/fr\/#organization","name":"Aquagrup Spas","alternateName":"Aquagrup","url":"https:\/\/www.cataloniaaqua.com\/fr\/","logo":{"@type":"ImageObject","inLanguage":"fr-FR","@id":"https:\/\/www.cataloniaaqua.com\/fr\/#\/schema\/logo\/image\/","url":"https:\/\/www.cataloniaaqua.com\/wp-content\/uploads\/2024\/01\/aquagrup-spas.jpg","contentUrl":"https:\/\/www.cataloniaaqua.com\/wp-content\/uploads\/2024\/01\/aquagrup-spas.jpg","width":696,"height":693,"caption":"Aquagrup Spas"},"image":{"@id":"https:\/\/www.cataloniaaqua.com\/fr\/#\/schema\/logo\/image\/"}}]}},"_links":{"self":[{"href":"https:\/\/www.cataloniaaqua.com\/fr\/wp-json\/wp\/v2\/pages\/702","targetHints":{"allow":["GET"]}}],"collection":[{"href":"https:\/\/www.cataloniaaqua.com\/fr\/wp-json\/wp\/v2\/pages"}],"about":[{"href":"https:\/\/www.cataloniaaqua.com\/fr\/wp-json\/wp\/v2\/types\/page"}],"author":[{"embeddable":true,"href":"https:\/\/www.cataloniaaqua.com\/fr\/wp-json\/wp\/v2\/users\/3"}],"replies":[{"embeddable":true,"href":"https:\/\/www.cataloniaaqua.com\/fr\/wp-json\/wp\/v2\/comments?post=702"}],"version-history":[{"count":0,"href":"https:\/\/www.cataloniaaqua.com\/fr\/wp-json\/wp\/v2\/pages\/702\/revisions"}],"up":[{"embeddable":true,"href":"https:\/\/www.cataloniaaqua.com\/fr\/wp-json\/wp\/v2\/pages\/41"}],"wp:featuredmedia":[{"embeddable":true,"href":"https:\/\/www.cataloniaaqua.com\/fr\/wp-json\/wp\/v2\/media\/7200"}],"wp:attachment":[{"href":"https:\/\/www.cataloniaaqua.com\/fr\/wp-json\/wp\/v2\/media?parent=702"}],"curies":[{"name":"wp","href":"https:\/\/api.w.org\/{rel}","templated":true}]}}